{"id":107,"date":"2023-07-15T11:38:38","date_gmt":"2023-07-15T09:38:38","guid":{"rendered":"https:\/\/bada.de\/?page_id=107"},"modified":"2024-08-08T16:53:13","modified_gmt":"2024-08-08T14:53:13","slug":"zertifikate","status":"publish","type":"page","link":"https:\/\/bada.de\/de\/zertifikate","title":{"rendered":"Zertifikate"},"content":{"rendered":"\n\t\t<div  class=\"block-f9d0d384-48d1-45ca-80da-a7f2d7dd4b2e areoi-element container\">\n\t\t\t\n\t\t\t\n\n\t\t<div  class=\"block-e23a330a-87a1-4fa7-b7fd-95f2565318b1 row areoi-element\">\n\t\t\t\n\n\t\t\t\n\n\t\t<div  class=\"block-955c45f8-5df2-4f78-a0a7-55095bb5af70 col areoi-element\">\n\t\t\t\n\t\t\t\n\n<p>Unsere Zertifikate sind der unabh\u00e4ngige Nachweis f\u00fcr unsere Qualit\u00e4t, Zuverl\u00e4ssigkeit und unser nachhaltiges Wirtschaften. Dabei wird unser integriertes Managementsystem jedes Jahr nicht nur von internen Auditoren \u00fcberpr\u00fcft, sondern auch von mehreren unabh\u00e4ngigen externen Auditoren. Bevor ein Managementsystem zertifiziert werden kann, muss man es erst einmal aufbauen und leben. Dabei entspricht es unserem Selbstverst\u00e4ndnis, dass wir uns ausgehend von stabilen Prozessen kontinuierlich weiterentwickeln, um so nachhaltigen Erfolg f\u00fcr uns und unsere Kunden zu gew\u00e4hrleisten. Auf dieser Basis bleibt Bada auch weiterhin ein zuverl\u00e4ssiger und flexibler Partner f\u00fcr h\u00f6chste Anspr\u00fcche.<\/p>\n\n \n\t\t\t\n\t\t<\/div>\n\t\n \n\t\t<\/div>\n\t\n \n\t\t<\/div>\n\t\n\n\n\t\t<div  class=\"block-f524da72-5fb2-4910-ae64-258c8e4aa77e areoi-element container m-0 p-0\">\n\t\t\t\n\t\t\t\n\n<hr class=\"wp-block-separator has-alpha-channel-opacity style1\"\/>\n\n \n\t\t<\/div>\n\t\n\n\n\t\t<div  class=\"block-f9d0d384-48d1-45ca-80da-a7f2d7dd4b2e areoi-element container\">\n\t\t\t\n\t\t\t\n\n\t\t<div  class=\"block-e23a330a-87a1-4fa7-b7fd-95f2565318b1 row areoi-element row-cols-1 row-cols-md-2\">\n\t\t\t\n\n\t\t\t\n\n\t\t<div  class=\"block-955c45f8-5df2-4f78-a0a7-55095bb5af70 col areoi-element\">\n\t\t\t\n\t\t\t\n\n<h2 class=\"wp-block-heading\">Qualit\u00e4tsmanagement ISO\/TS bzw. IATF 16949<\/h2>\n\n\n\n<p>Bereits seit 2004 ist Bada nach dem deutlich strengeren Qualit\u00e4tsmanagement-System-Standard der Automobilindustrie zertifiziert. Dabei begleitet Bada nicht nur die kontinuierliche Weiterentwicklung von der ersten Auflage bis zur aktuellen \u00dcberarbeitung als neuen Standard IATF 16949, sondern geh\u00f6ren die st\u00e4ndige Verbesserung unsere Prozesse und die Weiterentwicklung unserer Mitarbeiter zu unserem Grundverst\u00e4ndnis. Das erm\u00f6glicht nicht nur eine sichere Basis f\u00fcr sichere Qualit\u00e4t, sondern erlaubt uns flexibel auf Kundenw\u00fcnsche einzugehen und gemeinsam das beste Compound f\u00fcr die jeweilige Anwendung zu finden.<\/p>\n\n\n\n\t\t\t\t\n\t\t<a \n\t\t\t\n\t\t\tclass=\"block-c5a71521-ae72-459d-bb73-ffa11b0c90f7 btn areoi-has-url position-relative float-end btn-primary btn-lg\"\n\t href=\"https:\/\/bada.de\/app\/uploads\/IATF_16949_Bada_AG_deutsch.pdf\" rel=\"noreferrer noopener\" target=\"_blank\" >\n\t\t\t\t\t\n\t\t\t\t\tPDF \n\t\t\t\t\t\n\t\t\t\t\t \n\t\t\t\t<\/a>\n\t\t\t\n \n\t\t\t\n\t\t<\/div>\n\t\n\n\n\t\t<div  class=\"block-fd7b5ade-62ea-4aaf-a61b-b4a45edaa033 col areoi-element\">\n\t\t\t\n\t\t\t\n\n<figure class=\"wp-block-image size-full\"><img loading=\"lazy\" decoding=\"async\" width=\"700\" height=\"350\" src=\"https:\/\/bada.de\/app\/uploads\/s001.png\" alt=\"\" class=\"img-fluid wp-image-111\" srcset=\"https:\/\/bada.de\/app\/uploads\/s001.png 700w, https:\/\/bada.de\/app\/uploads\/s001-300x150.png 300w\" sizes=\"auto, (max-width: 700px) 100vw, 700px\">\n<\/figure>\n\n \n\t\t\t\n\t\t<\/div>\n\t\n \n\t\t<\/div>\n\t\n \n\t\t<\/div>\n\t\n\n\n\t\t<div  class=\"block-f524da72-5fb2-4910-ae64-258c8e4aa77e areoi-element container m-0 p-0\">\n\t\t\t\n\t\t\t\n\n<hr class=\"wp-block-separator has-alpha-channel-opacity style1\"\/>\n\n \n\t\t<\/div>\n\t\n\n\n\t\t<div  class=\"block-f9d0d384-48d1-45ca-80da-a7f2d7dd4b2e areoi-element container\">\n\t\t\t\n\t\t\t\n\n\t\t<div  class=\"block-e23a330a-87a1-4fa7-b7fd-95f2565318b1 row areoi-element row-cols-1 row-cols-md-2\">\n\t\t\t\n\n\t\t\t\n\n\t\t<div  class=\"block-955c45f8-5df2-4f78-a0a7-55095bb5af70 col areoi-element\">\n\t\t\t\n\t\t\t\n\n<figure class=\"wp-block-image size-full\"><img loading=\"lazy\" decoding=\"async\" width=\"700\" height=\"400\" src=\"https:\/\/bada.de\/app\/uploads\/s002.png\" alt=\"\" class=\"img-fluid wp-image-118\" srcset=\"https:\/\/bada.de\/app\/uploads\/s002.png 700w, https:\/\/bada.de\/app\/uploads\/s002-300x171.png 300w\" sizes=\"auto, (max-width: 700px) 100vw, 700px\">\n<\/figure>\n\n \n\t\t\t\n\t\t<\/div>\n\t\n\n\n\t\t<div  class=\"block-fd7b5ade-62ea-4aaf-a61b-b4a45edaa033 col areoi-element\">\n\t\t\t\n\t\t\t\n\n<h2 class=\"wp-block-heading\">Umweltmanagement ISO 14001<\/h2>\n\n\n\n<p><\/p>\n\n\n\n<p>Mit dem stetigen Wachstum und dem Unternehmenserfolg von Bada w\u00e4chst gleichzeitig unsere Verantwortung gegen\u00fcber unseren Mitarbeiter, unseren Nachbarn und der Gesellschaft. Wir \u00fcbernehmen diese Verantwortung gerne, denn wir wissen, dass der \u00f6konomische Erfolg unseres Unternehmens in gro\u00dfem Ma\u00dfe von unserer F\u00e4higkeit abh\u00e4ngt, auch nachhaltig mit den zur Verf\u00fcgung gestellten Ressourcen umzugehen. Ein nachhaltig ausgerichtetes Unternehmen, das sowohl Qualit\u00e4ts-, Umwelt- und Sozialstandards in seinen Grundwerten integriert, ist unserer Meinung nach in der Lage, auch in Zukunft am Markt dauerhaft \u00f6konomischen Erfolg zu generieren. Wir haben uns deswegen entschieden, neben der Qualit\u00e4t unserer Produkte auch den Schutz der Umwelt als Unternehmensziel in unserer Politik zu verankern. Um dieses Ziel nachhaltig im Unternehmen umsetzen zu k\u00f6nnen, ist es erforderlich, Leitlinien zu erarbeiten, die den nachhaltigen Umweltschutz realisierbar machen. Die in der Unternehmenspraxis erprobte und erfolgreiche Umweltnorm ISO14001 stellt hier f\u00fcr uns eine gute Basis dar, dieses Unternehmensziel zu erreichen.<\/p>\n\n\n\n\t\t\t\t\n\t\t<a \n\t\t\t\n\t\t\tclass=\"block-c5a71521-ae72-459d-bb73-ffa11b0c90f7 btn areoi-has-url position-relative float-end btn-primary btn-lg\"\n\t href=\"https:\/\/bada.de\/app\/uploads\/Zertifikat-BADA-14001-2023.pdf\" rel=\"noreferrer noopener\" target=\"_blank\" >\n\t\t\t\t\t\n\t\t\t\t\tPDF \n\t\t\t\t\t\n\t\t\t\t\t \n\t\t\t\t<\/a>\n\t\t\t\n \n\t\t\t\n\t\t<\/div>\n\t\n \n\t\t<\/div>\n\t\n \n\t\t<\/div>\n\t\n\n\n\t\t<div  class=\"block-f524da72-5fb2-4910-ae64-258c8e4aa77e areoi-element container m-0 p-0\">\n\t\t\t\n\t\t\t\n\n<hr class=\"wp-block-separator has-alpha-channel-opacity style1\"\/>\n\n \n\t\t<\/div>\n\t\n\n\n\t\t<div  class=\"block-f9d0d384-48d1-45ca-80da-a7f2d7dd4b2e areoi-element container\">\n\t\t\t\n\t\t\t\n\n\t\t<div  class=\"block-e23a330a-87a1-4fa7-b7fd-95f2565318b1 row areoi-element row-cols-1 row-cols-md-2\">\n\t\t\t\n\n\t\t\t\n\n\t\t<div  class=\"block-955c45f8-5df2-4f78-a0a7-55095bb5af70 col areoi-element\">\n\t\t\t\n\t\t\t\n\n<h2 class=\"wp-block-heading\">EMAS<\/h2>\n\n\n\n<p>Auf Grundlage der internationalen Umweltmanagementnorm ISO 14001 geht die Verordnung EMAS (Eco-Management and Audit Scheme) weit \u00fcber das gesetzlich geforderte Ma\u00df f\u00fcr einen systematischen betrieblichen Umweltschutz hinaus. Sie stellt damit eines der weltweit anspruchsvollsten Systeme f\u00fcr nachhaltiges Umweltmanagement dar. Dabei zeigt sich, dass eine kontinuierliche Verbesserung der Umweltleistung, ein offener Dialog mit allen interessierten Kreisen und die aktive Beteiligung aller Mitarbeiter nicht nur \u00f6kologisch sinnvoll sind. Bei der Bada AG gehen \u00f6konomisches und \u00f6kologisches Handeln Hand in Hand. Das sichert nachhaltigen Erfolg f\u00fcr uns und all unsere Partner \u2013 in der Vergangenheit und f\u00fcr die Zukunft.<\/p>\n\n\n\n\t\t\t\t\n\t\t<a \n\t\t\t\n\t\t\tclass=\"block-c5a71521-ae72-459d-bb73-ffa11b0c90f7 btn areoi-has-url position-relative float-end btn-primary btn-lg\"\n\t href=\"https:\/\/bada.de\/app\/uploads\/EMAS_Urkunde_Bada_AG_2024_DE.pdf\" rel=\"noreferrer noopener\" target=\"_blank\" >\n\t\t\t\t\t\n\t\t\t\t\tPDF \n\t\t\t\t\t\n\t\t\t\t\t \n\t\t\t\t<\/a>\n\t\t\t\n \n\t\t\t\n\t\t<\/div>\n\t\n\n\n\t\t<div  class=\"block-fd7b5ade-62ea-4aaf-a61b-b4a45edaa033 col areoi-element\">\n\t\t\t\n\t\t\t\n\n<figure class=\"wp-block-image size-full\"><img loading=\"lazy\" decoding=\"async\" width=\"700\" height=\"350\" src=\"https:\/\/bada.de\/app\/uploads\/s003.png\" alt=\"\" class=\"img-fluid wp-image-124\" srcset=\"https:\/\/bada.de\/app\/uploads\/s003.png 700w, https:\/\/bada.de\/app\/uploads\/s003-300x150.png 300w\" sizes=\"auto, (max-width: 700px) 100vw, 700px\">\n<\/figure>\n\n \n\t\t\t\n\t\t<\/div>\n\t\n \n\t\t<\/div>\n\t\n \n\t\t<\/div>\n\t\n\n\n\t\t<div  class=\"block-f524da72-5fb2-4910-ae64-258c8e4aa77e areoi-element container m-0 p-0\">\n\t\t\t\n\t\t\t\n\n<hr class=\"wp-block-separator has-alpha-channel-opacity style1\"\/>\n\n \n\t\t<\/div>\n\t\n\n\n\t\t<div  class=\"block-bb13f6f3-e8f6-49e1-9dae-18cb19813940 row areoi-element row-cols-1 row-cols-md-2\">\n\t\t\t\n\n\t\t\t\n\n\t\t<div  class=\"block-3ca20586-2c25-46d2-9228-9f11bb2ae645 col areoi-element\">\n\t\t\t\n\t\t\t\n<div class=\"wp-block-image\">\n<figure class=\"aligncenter size-full is-resized\"><img loading=\"lazy\" decoding=\"async\" width=\"1145\" height=\"715\" src=\"https:\/\/bada.de\/app\/uploads\/ISO-45001_Z.png\" alt=\"\" class=\"img-fluid wp-image-6941\" style=\"width:681px;height:auto\" srcset=\"https:\/\/bada.de\/app\/uploads\/ISO-45001_Z.png 1145w, https:\/\/bada.de\/app\/uploads\/ISO-45001_Z-300x187.png 300w, https:\/\/bada.de\/app\/uploads\/ISO-45001_Z-1024x639.png 1024w, https:\/\/bada.de\/app\/uploads\/ISO-45001_Z-768x480.png 768w\" sizes=\"auto, (max-width: 1145px) 100vw, 1145px\">\n<\/figure>\n<\/div>\n \n\t\t\t\n\t\t<\/div>\n\t\n\n\n\t\t<div  class=\"block-ab79631b-73c2-4231-b11f-91651a57a76b col areoi-element\">\n\t\t\t\n\t\t\t\n\n<h2 class=\"wp-block-heading\"><strong>Arbeits- und Gesundheitsschutzmanagement<\/strong><\/h2>\n\n\n\n<p><\/p>\n\n\n\n<p>Unsere Mitarbeiter sind das R\u00fcckgrat unseres Unternehmenserfolgs. Sie machen den Unterschied bei der t\u00e4glichen Arbeit und ihr dauerhaft hohes Engagement ist entscheidend bei der gemeinsamen Erreichung der vielf\u00e4ltigen Anforderungen, die an unser Unternehmen gestellt werden. Nur durch gesunde und motivierte Mitarbeiter k\u00f6nnen wir unsere ambitionierten Ziele Tag f\u00fcr Tag erreichen und unsere Unternehmensphilosophie vollst\u00e4ndig umsetzen. Daher war es stets wichtig, strukturiert potenzielle Gef\u00e4hrdungen zu identifizieren und diese proaktiv zu minimieren beziehungsweise zu beseitigen. Durch die Integration eines Arbeits- und Gesundheitsschutzmanagementsystems gem\u00e4\u00df ISO 45001 konnten wir diesen Ansatz strukturiert in unser bestehendes Managementsystem einbinden und somit die Sicherheit und das Wohlbefinden unserer Arbeitnehmer am Arbeitsplatz langfristig gew\u00e4hrleisten.<\/p>\n\n\n\n\t\t\t\t\n\t\t<a \n\t\t\t\n\t\t\tclass=\"block-c5a71521-ae72-459d-bb73-ffa11b0c90f7 btn areoi-has-url position-relative float-end btn-primary btn-lg\"\n\t href=\"https:\/\/bada.de\/app\/uploads\/Zertifikat-Bada-45001-2024.pdf\" rel=\"noreferrer noopener\" target=\"_blank\" >\n\t\t\t\t\t\n\t\t\t\t\tPDF \n\t\t\t\t\t\n\t\t\t\t\t \n\t\t\t\t<\/a>\n\t\t\t\n \n\t\t\t\n\t\t<\/div>\n\t\n \n\t\t<\/div>\n\t\n\n\n\t\t<div  class=\"block-f524da72-5fb2-4910-ae64-258c8e4aa77e areoi-element container m-0 p-0\">\n\t\t\t\n\t\t\t\n\n<hr class=\"wp-block-separator has-alpha-channel-opacity style1\"\/>\n\n \n\t\t<\/div>\n\t\n\n\n\t\t<div  class=\"block-420c1f31-48dc-41a7-8d75-5d2abb825daa row areoi-element row-cols-1 row-cols-md-2\">\n\t\t\t\n\n\t\t\t\n\n\t\t<div  class=\"block-27006c76-b608-4ee4-a49b-7ce23e25166f col areoi-element\">\n\t\t\t\n\t\t\t\n\n<h2 class=\"wp-block-heading\">Energiemanagement<\/h2>\n\n\n\n<p>Obwohl wir mit EMAS (Eco-Management and Audit Scheme) und der internationalen Umweltmanagementnorm ISO 14001 bereits alle Anforderungen weit \u00fcber das gesetzlich geforderte Ma\u00df hinaus erf\u00fcllen, ist es uns wichtig alle Elemente zur Verbesserung unseres Umwelteinflusses zu nutzen. Ein integriertes Energiemanagementsystem spielt dabei eine wichtige Rolle. Nur durch diesen ganzheitlichen Ansatz k\u00f6nnen alle Potenziale f\u00fcr nachhaltiges und wirtschaftliches Handeln im Umweltmanagement optimal genutzt werden. Das Energiemanagement tr\u00e4gt dazu bei, unsere Energieeffizienz und damit unsere Umweltleistung kontinuierlich zu verbessern und sichert uns langfristig somit nicht nur \u00f6kologische, sondern auch \u00f6konomische Vorteile. Eine echte Win-Win-Situation f\u00fcr alle Beteiligten!<\/p>\n\n\n\n\t\t\t\t\n\t\t<a \n\t\t\t\n\t\t\tclass=\"block-c5a71521-ae72-459d-bb73-ffa11b0c90f7 btn areoi-has-url position-relative float-end btn-primary btn-lg\"\n\t href=\"https:\/\/bada.de\/app\/uploads\/Zertifikat-Bada-50001-2024.pdf\" rel=\"noreferrer noopener\" target=\"_blank\" >\n\t\t\t\t\t\n\t\t\t\t\tPDF \n\t\t\t\t\t\n\t\t\t\t\t \n\t\t\t\t<\/a>\n\t\t\t\n \n\t\t\t\n\t\t<\/div>\n\t\n\n\n\t\t<div  class=\"block-5ef9e5f6-63c3-4b28-bb51-6f137d5a0123 col areoi-element\">\n\t\t\t\n\t\t\t\n\n<figure class=\"wp-block-image size-full is-resized\"><img loading=\"lazy\" decoding=\"async\" width=\"1123\" height=\"669\" src=\"https:\/\/bada.de\/app\/uploads\/ISO-50001_Z.png\" alt=\"\" class=\"img-fluid wp-image-6942\" style=\"width:641px;height:auto\" srcset=\"https:\/\/bada.de\/app\/uploads\/ISO-50001_Z.png 1123w, https:\/\/bada.de\/app\/uploads\/ISO-50001_Z-300x179.png 300w, https:\/\/bada.de\/app\/uploads\/ISO-50001_Z-1024x610.png 1024w, https:\/\/bada.de\/app\/uploads\/ISO-50001_Z-768x458.png 768w\" sizes=\"auto, (max-width: 1123px) 100vw, 1123px\">\n<\/figure>\n\n \n\t\t\t\n\t\t<\/div>\n\t\n \n\t\t<\/div>\n\t\n\n\n\t\t<div  class=\"block-8f7ff78b-e2b5-49ba-9b61-a2a8175e5d44 areoi-element container\">\n\t\t\t\n\t\t\t\n\n\t\t<div  class=\"block-715cd00e-37fc-47fd-803f-8e0650b5af18 row areoi-element\">\n\t\t\t\n\n\t\t\t\n\n\t\t<div  class=\"block-fb2e937f-98f0-425c-9e77-24e7c1bec170 col areoi-element border-right-light col-lg-6\">\n\t\t\t\n\t\t\t\n\n\t\t<div  class=\"block-0bcbdf4a-f223-47f5-9527-e38d4425ac5a areoi-element certificate-box\">\n\t\t\t\n\t\t\t\n\n\t\t<div  class=\"block-d17d2a8b-6a67-4ecd-94b5-ec51ca0814d8 row areoi-element\">\n\t\t\t\n\n\t\t\t\n\n\t\t<div  class=\"block-73e09e74-4ce9-4ada-8262-451b9267a978 col areoi-element col-12\">\n\t\t\t\n\t\t\t\n\n<h2 class=\"wp-block-heading\">Wir sind zertifiziert<\/h2>\n\n\n\n\t\t<div  class=\"block-49f19c81-bb48-494d-ab5a-bf8653287ccb row areoi-element\">\n\t\t\t\n\n\t\t\t\n\n\t\t<div  class=\"block-d38e6cdf-2aeb-4411-b616-9ad19f527a2a col areoi-element certificate-left col-sm-6\">\n\t\t\t\n\t\t\t\n\n<figure class=\"wp-block-image size-full is-style-default\"><img loading=\"lazy\" decoding=\"async\" width=\"189\" height=\"95\" src=\"https:\/\/bada.de\/app\/uploads\/certificates\/tuev.png\" alt=\"\" class=\"img-fluid wp-image-788\" style=\"object-fit:cover\">\n<\/figure>\n\n \n\t\t\t\n\t\t<\/div>\n\t\n\n\n\t\t<div  class=\"block-b7fcb93b-dc6b-4865-abe9-ec503079a405 col areoi-element certificate-middle col-sm-3\">\n\t\t\t\n\t\t\t\n\n<figure class=\"wp-block-image size-full\"><img loading=\"lazy\" decoding=\"async\" width=\"58\" height=\"96\" src=\"https:\/\/bada.de\/app\/uploads\/certificates\/emas.png\" alt=\"\" class=\"img-fluid wp-image-789\">\n<\/figure>\n\n \n\t\t\t\n\t\t<\/div>\n\t\n\n\n\t\t<div  class=\"block-938ac91a-13b5-4f51-aa96-acd329ac4ab4 col areoi-element certificate-right col-sm-3\">\n\t\t\t\n\t\t\t\n\n<figure class=\"wp-block-image size-full\"><img loading=\"lazy\" decoding=\"async\" width=\"105\" height=\"106\" src=\"https:\/\/bada.de\/app\/uploads\/certificates\/iso.png\" alt=\"\" class=\"img-fluid wp-image-787\">\n<\/figure>\n\n \n\t\t\t\n\t\t<\/div>\n\t\n \n\t\t<\/div>\n\t\n \n\t\t\t\n\t\t<\/div>\n\t\n \n\t\t<\/div>\n\t\n \n\t\t<\/div>\n\t\n \n\t\t\t\n\t\t<\/div>\n\t\n \n\t\t<\/div>\n\t\n \n\t\t<\/div>\n\t","protected":false},"excerpt":{"rendered":"","protected":false},"author":2,"featured_media":0,"parent":0,"menu_order":0,"comment_status":"closed","ping_status":"closed","template":"","meta":{"_acf_changed":false,"footnotes":""},"class_list":["post-107","page","type-page","status-publish","hentry"],"acf":[],"_links":{"self":[{"href":"https:\/\/bada.de\/de\/wp-json\/wp\/v2\/pages\/107","targetHints":{"allow":["GET"]}}],"collection":[{"href":"https:\/\/bada.de\/de\/wp-json\/wp\/v2\/pages"}],"about":[{"href":"https:\/\/bada.de\/de\/wp-json\/wp\/v2\/types\/page"}],"author":[{"embeddable":true,"href":"https:\/\/bada.de\/de\/wp-json\/wp\/v2\/users\/2"}],"replies":[{"embeddable":true,"href":"https:\/\/bada.de\/de\/wp-json\/wp\/v2\/comments?post=107"}],"version-history":[{"count":0,"href":"https:\/\/bada.de\/de\/wp-json\/wp\/v2\/pages\/107\/revisions"}],"wp:attachment":[{"href":"https:\/\/bada.de\/de\/wp-json\/wp\/v2\/media?parent=107"}],"curies":[{"name":"wp","href":"https:\/\/api.w.org\/{rel}","templated":true}]}}