{"id":11134,"date":"2026-03-09T16:42:00","date_gmt":"2026-03-09T15:42:00","guid":{"rendered":"https:\/\/bada.de\/?page_id=11134"},"modified":"2026-03-11T08:57:01","modified_gmt":"2026-03-11T07:57:01","slug":"videoueberwachung","status":"publish","type":"page","link":"https:\/\/bada.de\/de\/videoueberwachung","title":{"rendered":"Video\u00fcberwachung"},"content":{"rendered":"<div class=\"wp-block-image\">\n<figure class=\"aligncenter size-full\"><img loading=\"lazy\" decoding=\"async\" width=\"383\" height=\"264\" src=\"https:\/\/bada.de\/app\/uploads\/Kamera.png\" alt=\"\" class=\"img-fluid wp-image-11135\" srcset=\"https:\/\/bada.de\/app\/uploads\/Kamera.png 383w, https:\/\/bada.de\/app\/uploads\/Kamera-300x207.png 300w\" sizes=\"auto, (max-width: 383px) 100vw, 383px\">\n<\/figure>\n<\/div>\n\n\n<p><strong>F\u00fcr die \u00dcberwachung verantwortliche Stelle:<br><\/strong><br>BADA AG<\/p>\n\n\n\n<p>Untere Strut 1<\/p>\n\n\n\n<p>77815 B\u00fchl<strong><br><br><\/strong><\/p>\n\n\n\n<p>Telefon: +49 7223 94077-0<br>E-Mail: info@bada.de<\/p>\n\n\n\n<p><strong>Kontaktm\u00f6glichkeit des Datenschutzbeauftragten:<br><\/strong>E-Mail: dsb@bada.de<strong><\/strong><\/p>\n\n\n\n<p><strong>Verarbeitungszwecke:<br><\/strong>Schutz des Eigentums \/ Aufkl\u00e4rung von Diebst\u00e4hlen und sicherheitsrelevanten Vorf\u00e4llen \/ Verwendung von Aufzeichnungen als Beweismittel in gerichtlichen und au\u00dfergerichtlichen Verfahren etc.<\/p>\n\n\n\n<p><strong>Rechtsgrundlage:<br><\/strong>Art. 6 Abs. 1 lit. f EU-DSGVO (berechtigtes Interesse)<\/p>\n\n\n\n<p><strong>Speicherdauer oder Kriterien f\u00fcr die Festlegung:<\/strong><br>30 Tage <\/p>\n\n\n\n<p><strong>Empf\u00e4nger oder Kategorien von Empf\u00e4ngern der Daten (sofern Daten\u00fcbermittlung stattfinden):<\/strong><br>bei Absicht des Verantwortlichen, die personenbezogenen Daten an ein Drittland oder eine internationale Organisation zu \u00fcbermitteln: Informationen \u00fcber Angemessenheitsbeschluss der Kommission bzw. geeignete oder angemessene<\/p>\n\n\n\n<p><strong>Hinweise auf die Rechte der Betroffenen<\/strong><\/p>\n\n\n\n<p>Die betroffene Person hat das Recht, von dem Verantwortlichen eine Best\u00e4tigung dar\u00fcber zu verlangen, ob sie betreffende personenbezogene Daten verarbeitet werden; ist dies der Fall, so hat sie ein <strong>Recht auf Auskunft <\/strong>\u00fcber diese personenbezogenen Daten und auf die in Art. 15 DSGVO im einzelnen aufgef\u00fchrten Informationen.<\/p>\n\n\n\n<p>Die betroffene Person hat das Recht, von dem Verantwortlichen unverz\u00fcglich die <strong>Berichtigung <\/strong>sie betreffender unrichtiger personenbezogener Daten und ggf. die <strong>Vervollst\u00e4ndigung <\/strong>unvollst\u00e4ndiger personenbezogener Daten zu verlangen (Art. 16 DSGVO).<\/p>\n\n\n\n<p>Die betroffene Person hat das Recht, von dem Verantwortlichen zu verlangen, dass sie betreffende personenbezogene Daten unverz\u00fcglich gel\u00f6scht werden, sofern einer der in Art. 17 DSGVO im einzelnen aufgef\u00fchrten Gr\u00fcnde zutrifft, z. B. wenn die Daten f\u00fcr die verfolgten Zwecke nicht mehr ben\u00f6tigt werden (<strong>Recht auf L\u00f6schung<\/strong>).<\/p>\n\n\n\n<p>Die betroffene Person hat das Recht, von dem Verantwortlichen die <strong>Einschr\u00e4nkung der Verarbeitung <\/strong>zu verlangen, wenn eine der in Art. 18 DSGVO aufgef\u00fchrten Voraussetzungen gegeben ist, z. B. wenn die betroffene Person Widerspruch gegen die Verarbeitung eingelegt hat, f\u00fcr die Dauer der Pr\u00fcfung durch den Verantwortlichen.<\/p>\n\n\n\n<p>Die betroffene Person hat das Recht, aus Gr\u00fcnden, die sich aus ihrer besonderen Situation ergeben, jederzeit gegen die Verarbeitung sie betreffender personenbezogener Daten <strong>Widerspruch <\/strong>einzulegen. Der Verantwortliche verarbeitet die personenbezogenen Daten dann nicht mehr, es sei denn, er kann zwingende schutzw\u00fcrdige Gr\u00fcnde f\u00fcr die Verarbeitung nachweisen, die die Interessen, Rechte und Freiheiten der betroffenen Person \u00fcberwiegen, oder die Verarbeitung dient der Geltendmachung, Aus\u00fcbung oder Verteidigung von Rechtsanspr\u00fcchen (Art. 21 DSGVO).<\/p>\n\n\n\n<p style=\"font-size:16px\">Jede betroffene Person hat unbeschadet eines anderweitigen verwaltungsrechtlichen oder gerichtlichen Rechtsbehelfs das <strong>Recht auf Beschwerde<\/strong> bei einer Aufsichtsbeh\u00f6rde, wenn die betroffene Person der Ansicht ist, dass die Verarbeitung der sie betreffenden personenbezogenen Daten gegen die DSGVO verst\u00f6\u00dft (Art. 77 DSGVO).<br>Die betroffene Person kann dieses Recht bei einer Aufsichtsbeh\u00f6rde in dem Mitgliedstaat ihres Aufenthaltsorts, ihres Arbeitsplatzes oder des Orts des mutma\u00dflichen Versto\u00dfes geltend machen.<br>In Baden-W\u00fcrttemberg ist die zust\u00e4ndige Aufsichtsbeh\u00f6rde:<br><strong><br>Der Landesbeauftragte f\u00fcr Datenschutz<br>und Informationsfreiheit Baden-W\u00fcrttemberg<\/strong><br>Hausanschrift:<\/p>\n\n\n\n<p>Lautenschlagerstra\u00dfe 20<br>70173 Stuttgart<\/p>\n\n\n\n<h4 class=\"wp-block-heading\">Postanschrift:<\/h4>\n\n\n\n<p>Postfach 10 29 32<br>70025 Stuttgart<br>Tel.: 0711\/615541-0<br>FAX: 0711\/615541-15<br><a href=\"https:\/\/www.baden-wuerttemberg.datenschutz.de\/\" target=\"_blank\" rel=\"noopener noreferrer nofollow\">https:\/\/www.baden-wuerttemberg.datenschutz.de\/<\/a><br>E-Mail: <a href=\"mailto:poststelle@lfdi.bwl.de\">poststelle@lfdi.bwl.de<\/a> (<a href=\"https:\/\/www.baden-wuerttemberg.datenschutz.de\/pgp-schlussel\/\" target=\"_blank\" rel=\"noopener noreferrer nofollow\">\u00f6ffentlicher Schl\u00fcssel<\/a>)<\/p>\n\n\n\n<p><\/p>\n\n\n\n<p><\/p>\n\n\n\n<p><\/p>\n","protected":false},"excerpt":{"rendered":"<p>F\u00fcr die \u00dcberwachung verantwortliche Stelle:BADA AG Untere Strut 1 77815 B\u00fchl Telefon: +49 7223 94077-0E-Mail: info@bada.de Kontaktm\u00f6glichkeit des Datenschutzbeauftragten:E-Mail: dsb@bada.de Verarbeitungszwecke:Schutz des Eigentums \/ Aufkl\u00e4rung von Diebst\u00e4hlen und sicherheitsrelevanten Vorf\u00e4llen \/ Verwendung von Aufzeichnungen als Beweismittel in gerichtlichen und au\u00dfergerichtlichen Verfahren etc. Rechtsgrundlage:Art. 6 Abs. 1 lit. f EU-DSGVO (berechtigtes Interesse) Speicherdauer oder Kriterien f\u00fcr die Festlegung:30 Tage Empf\u00e4nger oder [&hellip;]<\/p>\n","protected":false},"author":4,"featured_media":0,"parent":0,"menu_order":0,"comment_status":"closed","ping_status":"closed","template":"","meta":{"_acf_changed":false,"footnotes":""},"class_list":["post-11134","page","type-page","status-publish","hentry"],"acf":[],"_links":{"self":[{"href":"https:\/\/bada.de\/de\/wp-json\/wp\/v2\/pages\/11134","targetHints":{"allow":["GET"]}}],"collection":[{"href":"https:\/\/bada.de\/de\/wp-json\/wp\/v2\/pages"}],"about":[{"href":"https:\/\/bada.de\/de\/wp-json\/wp\/v2\/types\/page"}],"author":[{"embeddable":true,"href":"https:\/\/bada.de\/de\/wp-json\/wp\/v2\/users\/4"}],"replies":[{"embeddable":true,"href":"https:\/\/bada.de\/de\/wp-json\/wp\/v2\/comments?post=11134"}],"version-history":[{"count":4,"href":"https:\/\/bada.de\/de\/wp-json\/wp\/v2\/pages\/11134\/revisions"}],"predecessor-version":[{"id":11141,"href":"https:\/\/bada.de\/de\/wp-json\/wp\/v2\/pages\/11134\/revisions\/11141"}],"wp:attachment":[{"href":"https:\/\/bada.de\/de\/wp-json\/wp\/v2\/media?parent=11134"}],"curies":[{"name":"wp","href":"https:\/\/api.w.org\/{rel}","templated":true}]}}