{"id":13,"date":"2023-07-09T21:44:01","date_gmt":"2023-07-09T19:44:01","guid":{"rendered":"https:\/\/bada.de\/?page_id=13"},"modified":"2025-08-28T12:24:06","modified_gmt":"2025-08-28T10:24:06","slug":"impressum","status":"publish","type":"page","link":"https:\/\/bada.de\/de\/impressum","title":{"rendered":"Impressum"},"content":{"rendered":"\n<p><strong>Verantwortlich f\u00fcr den Inhalt<\/strong><\/p>\n\n\n\n<div class=\"wp-block-group container\"><div class=\"wp-block-group__inner-container is-layout-constrained wp-block-group-is-layout-constrained\">\n<div class=\"wp-block-group row is-nowrap is-layout-flex wp-container-core-group-is-layout-ad2f72ca wp-block-group-is-layout-flex\">\n<div class=\"wp-block-group col-md-6\"><div class=\"wp-block-group__inner-container is-layout-constrained wp-block-group-is-layout-constrained\">\n<div class=\"wp-block-group address\"><div class=\"wp-block-group__inner-container is-layout-constrained wp-block-group-is-layout-constrained\">\n<p>\n\n\n\n        <strong>Bada AG<\/strong><br>\n        Untere Strut 1<br>\n        77815 B\u00fchl (Baden)<br><br><br>\n        <i class=\"fa-solid fa-phone\"><\/i> +49 (0)7223-94077-0<br>\n        <i class=\"fa-solid fa-fax\"><\/i> +49 (0)7223-94077-77<br>\n        <i class=\"fa-solid fa-envelope\"><\/i> info@bada.de<br>\n        <i class=\"fa-solid fa-truck-fast\"><\/i> bestellung@bada.de\n\n\n<\/p>\n<\/div><\/div>\n<\/div><\/div>\n\n\n\n<div class=\"wp-block-group col-md-6\"><div class=\"wp-block-group__inner-container is-layout-constrained wp-block-group-is-layout-constrained\">\n<div class=\"wp-block-group address\"><div class=\"wp-block-group__inner-container is-layout-constrained wp-block-group-is-layout-constrained\">\n<p>\n\n\n\n        <strong>Bada Hispanaplast S.A.<\/strong><br>\n        Poligono Industrial SEPES<br>\n        Ronda de la Industria, n<sup>o<\/sup>153<br>\n        22006 Huesca<br><br>\n        <i class=\"fa-solid fa-phone\"><\/i> +34 974-239774<br>\n        <i class=\"fa-solid fa-fax\"><\/i> +34 974-243969<br>\n        <i class=\"fa-solid fa-envelope\"><\/i> info@bada.com.es\n\n\n<\/p>\n<\/div><\/div>\n<\/div><\/div>\n<\/div>\n<\/div><\/div>\n\n\n\n<p><strong>Handelregister:<\/strong>&nbsp;Amtsgericht Mannheim HRB 211325<br><strong>Vorsitzender des Aufsichtsrates:<\/strong>&nbsp;Dipl. Betriebswirt (FH) Friedrich Sporys<br><strong>Vorstand:<\/strong>&nbsp;Dipl.-Betriebswirt (FH) Andreas Schettler<br><strong>Umsatzsteuer-Ident.-Nr.:<\/strong>&nbsp;DE812280937<\/p>\n\n\n\n<p>Konzeption, Gestaltung und Umsetzung:<\/p>\n\n\n\n<p>HEADFIRST MSP GmbH<\/p>\n\n\n\n<p>Chorstra\u00dfe 16a<br>77815 B\u00fchl<br>Tel. +49 7223 3009730<br><a href=\"https:\/\/headfirst.de\" target=\"_blank\" rel=\"noopener noreferrer nofollow\">headfirst.de<\/a><\/p>\n\n\n\n<p><\/p>\n\n\n\n<p>Warteschleifenmusik von&nbsp;<strong>Ronald Kah<\/strong>, Web:&nbsp;<a href=\"https:\/\/eu-central-1.protection.sophos.com\/?d=ronaldkah.de&amp;u=aHR0cHM6Ly9yb25hbGRrYWguZGUv&amp;i=NjEzOGIzZGE3M2Y4YjcwZWMwYmJmMTAw&amp;t=SVF5ZE4xTTZvQW83N0lGVCsvOFJkM0pQeDhGOHU1eE1BanduRDdINXpIZz0=&amp;h=7aeabdfff5b94d3dad1cea597cf604da\" target=\"_blank\" rel=\"noopener noreferrer nofollow\">https:\/\/ronaldkah.de\/<\/a><\/p>\n\n\n\n<p>Namentlich gekennzeichnete Beitr\u00e4ge geben nicht notwendigerweise die Auffassung der Bada AG wieder.<br>&nbsp;<\/p>\n\n\n\n<p>Copyright, Urheberrechte:<\/p>\n\n\n\n<p>Alle Texte, Bilder und Grafiken sind urheberrechtlich gesch\u00fctzt f\u00fcr: \u00a9 2017\u00a0Bada AG<br><br>Auf den Transport von Daten \u00fcber das Internet oder das WWW hat der Betreiber leider keinen Einfluss. Unabh\u00e4ngig von den grunds\u00e4tzlichen Sicherheitsbem\u00fchungen kann der Betreiber daher auch keine Gew\u00e4hr daf\u00fcr \u00fcbernehmen, dass verschickte Nachrichten den Empf\u00e4nger richtig oder sicher erreichen oder richtig angezeigt werden, soweit bei der Nachrichten\u00fcbermittlung au\u00dferhalb des genutzten Servers des Betreibers ein Fehler auftritt.<br><br><strong>Haftungshinweis:<\/strong><br>Trotz sorgf\u00e4ltiger Kontrolle \u00fcbernehmen wir keine Haftung f\u00fcr den Inhalt externer Links. F\u00fcr den Inhalt verlinkter Seiten auf unseren Seiten sind ausschlie\u00dflich deren Betreiber verantwortlich.<br><\/p>\n","protected":false},"excerpt":{"rendered":"<p>Verantwortlich f\u00fcr den Inhalt Bada AG Untere Strut 1 77815 B\u00fchl (Baden) +49 (0)7223-94077-0 +49 (0)7223-94077-77 info@bada.de bestellung@bada.de Bada Hispanaplast S.A. Poligono Industrial SEPES Ronda de la Industria, no153 22006 Huesca +34 974-239774 +34 974-243969 info@bada.com.es Handelregister:&nbsp;Amtsgericht Mannheim HRB 211325Vorsitzender des Aufsichtsrates:&nbsp;Dipl. Betriebswirt (FH) Friedrich SporysVorstand:&nbsp;Dipl.-Betriebswirt (FH) Andreas SchettlerUmsatzsteuer-Ident.-Nr.:&nbsp;DE812280937 Konzeption, Gestaltung und Umsetzung: HEADFIRST MSP GmbH Chorstra\u00dfe 16a77815 B\u00fchlTel. +49 [&hellip;]<\/p>\n","protected":false},"author":1,"featured_media":0,"parent":0,"menu_order":0,"comment_status":"closed","ping_status":"closed","template":"","meta":{"_acf_changed":false,"footnotes":""},"class_list":["post-13","page","type-page","status-publish","hentry"],"acf":[],"_links":{"self":[{"href":"https:\/\/bada.de\/de\/wp-json\/wp\/v2\/pages\/13","targetHints":{"allow":["GET"]}}],"collection":[{"href":"https:\/\/bada.de\/de\/wp-json\/wp\/v2\/pages"}],"about":[{"href":"https:\/\/bada.de\/de\/wp-json\/wp\/v2\/types\/page"}],"author":[{"embeddable":true,"href":"https:\/\/bada.de\/de\/wp-json\/wp\/v2\/users\/1"}],"replies":[{"embeddable":true,"href":"https:\/\/bada.de\/de\/wp-json\/wp\/v2\/comments?post=13"}],"version-history":[{"count":3,"href":"https:\/\/bada.de\/de\/wp-json\/wp\/v2\/pages\/13\/revisions"}],"predecessor-version":[{"id":10729,"href":"https:\/\/bada.de\/de\/wp-json\/wp\/v2\/pages\/13\/revisions\/10729"}],"wp:attachment":[{"href":"https:\/\/bada.de\/de\/wp-json\/wp\/v2\/media?parent=13"}],"curies":[{"name":"wp","href":"https:\/\/api.w.org\/{rel}","templated":true}]}}