{"id":1317,"date":"2023-09-26T23:14:52","date_gmt":"2023-09-26T21:14:52","guid":{"rendered":"https:\/\/bada.de\/?page_id=1317"},"modified":"2023-10-12T07:42:04","modified_gmt":"2023-10-12T05:42:04","slug":"farbnachstellung","status":"publish","type":"page","link":"https:\/\/bada.de\/de\/spezialitaeten\/farbnachstellung","title":{"rendered":"Farbnachstellung"},"content":{"rendered":"\n<p><\/p>\n\n\n\n\t\t<div  class=\"block-f9d0d384-48d1-45ca-80da-a7f2d7dd4b2e areoi-element container\">\n\t\t\t\n\t\t\t\n\n\t\t<div  class=\"block-e23a330a-87a1-4fa7-b7fd-95f2565318b1 row areoi-element\">\n\t\t\t\n\n\t\t\t\n\n\t\t<div  class=\"block-955c45f8-5df2-4f78-a0a7-55095bb5af70 col areoi-element col-12\">\n\t\t\t\n\t\t\t\n\n<h1 class=\"wp-block-heading\">Farbnachstellungen: langj\u00e4hriges Know-how f\u00fcr jede Nuance<\/h1>\n\n \n\t\t\t\n\t\t<\/div>\n\t\n\n\n\t\t<div  class=\"block-2649c227-8a52-4dd1-af4a-8c3de1f5439d col areoi-element col-12\">\n\t\t\t\n\t\t\t\n\n<p>Eine unserer besonderen St\u00e4rken ist das Einf\u00e4rben von Kunststoffen. Hier verf\u00fcgen wir \u00fcber langj\u00e4hriges Know-how und arbeiten in unserem erstklassig ausger\u00fcsteten Labor jede Farbnuance aus, die der Kunde w\u00fcnscht. Durch innovative Verfahren k\u00f6nnen wir bei der Farbnachstellung g\u00e4nzlich auf Standardfarben, Masterbatches oder fertige Pigmentmischungen verzichten. Stattdessen setzen wir jeden Farbton aus einzelnen Farbkomponenten zusammen und generieren so eine hohe Flexibilit\u00e4t bei der Farbeinstellung: Selbst bei Compounds, die farbver\u00e4ndernde Komponenten wie z.B. Flammschutzmittel, Glasfaser oder Schlagz\u00e4hmodifikatoren enthalten, garantieren wir absolute Farbtreue. Au\u00dferdem k\u00f6nnen wir auf diesem Weg selbst auf kleinste Einfl\u00fcsse wie z.B. schwankende Eigenfarben diverser Rohstoffe reagieren und eine hervorragende Farbkonstanz sowohl innerhalb einer Charge als auch zwischen verschiedenen Chargen garantieren.<\/p>\n\n\n\n<p>Bei Farbeinstellungen werden durch die Verwendung geeigneter Farbpigmente auch immer die Anforderungen an das Compound ber\u00fccksichtigt, wie z.B. Brillanz, UV-Best\u00e4ndigkeit, Temperaturbest\u00e4ndigkeit, Trinkwasserkontakt, Wechselwirkung mit anderen Inhaltsstoffen, aber auch Best\u00e4ndigkeiten gegen\u00fcber Chemikalien, denen das Fertigteil ausgesetzt ist. Farbeinstellungen werden immer anhand einer Farbvorlage durchgef\u00fchrt. Idealerweise sollte dies ein Granulat sein, aber auch Musterteile, Farbmusterplatten oder auch RAL-Farbt\u00f6ne dienen zur Vorlage.<\/p>\n\n\n\n<p>Wir wissen, dass \u201eschwarz nicht gleich schwarz\u201c ist. Bei Farben handelt es sich um ein sehr komplexes Thema. Schon alleine der Glanz der Fertigteile spielt eine sehr gro\u00dfe Rolle. Dieser Glanz kann bedingt sein durch das Polymer, aber auch durch die Werkzeugstruktur. Auch die Werkzeugauslegung beeinflusst das farbliche Ergebnis. Daher stehen wir bei der Ausarbeitung neuer Farben mit unseren Kunden stets in engem Kontakt, um durch das Zusammenspiel von Materialeigenschaften und Verarbeitung auf Spritzgussmaschine oder Extruder das gew\u00fcnschte Ergebnis zu erzielen.<\/p>\n\n\n\n<p>Sprechen Sie uns f\u00fcr Ihren speziellen Farbton direkt an. Unsere Farbspezialisten arbeiten mit Ihnen die gew\u00fcnschte Farbe individuell aus, und das schon in kleinen Losgr\u00f6\u00dfen. Fordern Sie uns und entdecken Sie die farbliche Vielfalt der Kunststoffwelt.<\/p>\n\n \n\t\t\t\n\t\t<\/div>\n\t\n \n\t\t<\/div>\n\t\n \n\t\t<\/div>\n\t\n\n\n\t\t<div  class=\"block-f524da72-5fb2-4910-ae64-258c8e4aa77e areoi-element container m-0 p-0\">\n\t\t\t\n\t\t\t\n\n<hr class=\"wp-block-separator has-alpha-channel-opacity style1\"\/>\n\n \n\t\t<\/div>\n\t\n\n\n\t\t<div  class=\"block-b3248381-95c3-4d31-9ca2-c1e52ef7a9b0 areoi-element container\">\n\t\t\t\n\t\t\t\n\n\t\t<div  class=\"block-daab04c7-eb3a-4639-b91b-61bea0be9e3c row areoi-element\">\n\t\t\t\n\n\t\t\t\n\n\t\t<div  class=\"block-955c45f8-5df2-4f78-a0a7-55095bb5af70 col areoi-element\">\n\t\t\t\n\t\t\t\n\n<h1 class=\"wp-block-heading\">Spezialanfertigung ben\u00f6tigt?<\/h1>\n\n\n\n\t\t<div  class=\"block-7283b13f-23d8-44b1-8ce3-d853403b7230 card align-text-bottom image\">\n\t\t\t\n\n<figure class=\"wp-block-image size-full card-img-top img-thumbnail img-fluid\"><img loading=\"lazy\" decoding=\"async\" width=\"2000\" height=\"301\" src=\"https:\/\/bada.de\/app\/uploads\/link-contact.jpg\" alt=\"\" class=\"img-fluid wp-image-3503\" srcset=\"https:\/\/bada.de\/app\/uploads\/link-contact.jpg 2000w, https:\/\/bada.de\/app\/uploads\/link-contact-300x45.jpg 300w, https:\/\/bada.de\/app\/uploads\/link-contact-1024x154.jpg 1024w, https:\/\/bada.de\/app\/uploads\/link-contact-768x116.jpg 768w, https:\/\/bada.de\/app\/uploads\/link-contact-1536x231.jpg 1536w\" sizes=\"auto, (max-width: 2000px) 100vw, 2000px\">\n<\/figure>\n\n\n\n\t\t<div  class=\"block-4a9336e9-91d1-4e5c-87a1-3904134adca9 card-body card-img-overlay d-flex align-items-end\">\n\t\t\t\n\n<h2 class=\"wp-block-heading card-title image-caption\"><a href=\"https:\/\/bada.de\/kontakt\" data-type=\"page\" data-id=\"10\" target=\"_blank\" rel=\"noopener noreferrer nofollow\">Hier finden Sie den richtigen Ansprechpartner!<\/a><\/h2>\n\n \n\t\t<\/div>\n\t\n \n\t\t<\/div>\n\t\n \n\t\t\t\n\t\t<\/div>\n\t\n \n\t\t<\/div>\n\t\n \n\t\t<\/div>\n\t\n\n\n\t\t<div  class=\"block-f524da72-5fb2-4910-ae64-258c8e4aa77e areoi-element container m-0 p-0\">\n\t\t\t\n\t\t\t\n\n<hr class=\"wp-block-separator has-alpha-channel-opacity style1\"\/>\n\n \n\t\t<\/div>\n\t\n\n\n\t\t<div  class=\"block-8f7ff78b-e2b5-49ba-9b61-a2a8175e5d44 areoi-element container\">\n\t\t\t\n\t\t\t\n\n\t\t<div  class=\"block-715cd00e-37fc-47fd-803f-8e0650b5af18 row areoi-element\">\n\t\t\t\n\n\t\t\t\n\n\t\t<div  class=\"block-fb2e937f-98f0-425c-9e77-24e7c1bec170 col areoi-element border-right-light col-lg-6\">\n\t\t\t\n\t\t\t\n\n\t\t<div  class=\"block-0bcbdf4a-f223-47f5-9527-e38d4425ac5a areoi-element certificate-box\">\n\t\t\t\n\t\t\t\n\n\t\t<div  class=\"block-d17d2a8b-6a67-4ecd-94b5-ec51ca0814d8 row areoi-element\">\n\t\t\t\n\n\t\t\t\n\n\t\t<div  class=\"block-73e09e74-4ce9-4ada-8262-451b9267a978 col areoi-element col-12\">\n\t\t\t\n\t\t\t\n\n<h2 class=\"wp-block-heading\">Wir sind zertifiziert<\/h2>\n\n\n\n\t\t<div  class=\"block-49f19c81-bb48-494d-ab5a-bf8653287ccb row areoi-element\">\n\t\t\t\n\n\t\t\t\n\n\t\t<div  class=\"block-d38e6cdf-2aeb-4411-b616-9ad19f527a2a col areoi-element certificate-left col-sm-6\">\n\t\t\t\n\t\t\t\n\n<figure class=\"wp-block-image size-full is-style-default\"><img loading=\"lazy\" decoding=\"async\" width=\"189\" height=\"95\" src=\"https:\/\/bada.de\/app\/uploads\/certificates\/tuev.png\" alt=\"\" class=\"img-fluid wp-image-788\" style=\"object-fit:cover\">\n<\/figure>\n\n \n\t\t\t\n\t\t<\/div>\n\t\n\n\n\t\t<div  class=\"block-b7fcb93b-dc6b-4865-abe9-ec503079a405 col areoi-element certificate-middle col-sm-3\">\n\t\t\t\n\t\t\t\n\n<figure class=\"wp-block-image size-full\"><img loading=\"lazy\" decoding=\"async\" width=\"58\" height=\"96\" src=\"https:\/\/bada.de\/app\/uploads\/certificates\/emas.png\" alt=\"\" class=\"img-fluid wp-image-789\">\n<\/figure>\n\n \n\t\t\t\n\t\t<\/div>\n\t\n\n\n\t\t<div  class=\"block-938ac91a-13b5-4f51-aa96-acd329ac4ab4 col areoi-element certificate-right col-sm-3\">\n\t\t\t\n\t\t\t\n\n<figure class=\"wp-block-image size-full\"><img loading=\"lazy\" decoding=\"async\" width=\"105\" height=\"106\" src=\"https:\/\/bada.de\/app\/uploads\/certificates\/iso.png\" alt=\"\" class=\"img-fluid wp-image-787\">\n<\/figure>\n\n \n\t\t\t\n\t\t<\/div>\n\t\n \n\t\t<\/div>\n\t\n \n\t\t\t\n\t\t<\/div>\n\t\n \n\t\t<\/div>\n\t\n \n\t\t<\/div>\n\t\n \n\t\t\t\n\t\t<\/div>\n\t\n \n\t\t<\/div>\n\t\n \n\t\t<\/div>\n\t","protected":false},"excerpt":{"rendered":"","protected":false},"author":2,"featured_media":0,"parent":3379,"menu_order":0,"comment_status":"closed","ping_status":"closed","template":"","meta":{"_acf_changed":false,"footnotes":""},"class_list":["post-1317","page","type-page","status-publish","hentry"],"acf":[],"_links":{"self":[{"href":"https:\/\/bada.de\/de\/wp-json\/wp\/v2\/pages\/1317","targetHints":{"allow":["GET"]}}],"collection":[{"href":"https:\/\/bada.de\/de\/wp-json\/wp\/v2\/pages"}],"about":[{"href":"https:\/\/bada.de\/de\/wp-json\/wp\/v2\/types\/page"}],"author":[{"embeddable":true,"href":"https:\/\/bada.de\/de\/wp-json\/wp\/v2\/users\/2"}],"replies":[{"embeddable":true,"href":"https:\/\/bada.de\/de\/wp-json\/wp\/v2\/comments?post=1317"}],"version-history":[{"count":0,"href":"https:\/\/bada.de\/de\/wp-json\/wp\/v2\/pages\/1317\/revisions"}],"up":[{"embeddable":true,"href":"https:\/\/bada.de\/de\/wp-json\/wp\/v2\/pages\/3379"}],"wp:attachment":[{"href":"https:\/\/bada.de\/de\/wp-json\/wp\/v2\/media?parent=1317"}],"curies":[{"name":"wp","href":"https:\/\/api.w.org\/{rel}","templated":true}]}}