{"id":197,"date":"2023-07-15T13:13:06","date_gmt":"2023-07-15T11:13:06","guid":{"rendered":"https:\/\/bada.de\/?page_id=197"},"modified":"2023-10-06T15:08:27","modified_gmt":"2023-10-06T13:08:27","slug":"haeufige-fragen-und-antworten","status":"publish","type":"page","link":"https:\/\/bada.de\/de\/haeufige-fragen-und-antworten","title":{"rendered":"H\u00e4ufig gestellte Fragen"},"content":{"rendered":"\n\t\t<div  class=\"block-d2e5adce-3d04-4ca5-919d-5343df35f6bd areoi-element container m-0 p-0\">\n\t\t\t\n\t\t\t\n\n\t\t<div id=\"faq1\" class=\"block-e8e07d5d-3946-4061-8509-24bb11bc6e79 areoi-element section dropdown-section collapsible hoverable\">\n\t\t\t\n\t\t\t\n\n\t\t<div  class=\"block-f8a145ec-e5a3-40b9-91ea-c7bb10ad9820 areoi-element section-header\">\n\t\t\t\n\t\t\t\n\n\t\t<div  class=\"block-1608754f-9768-4812-8373-7d8a7e0242c6 row areoi-element\">\n\t\t\t\n\n\t\t\t\n\n\t\t<div  class=\"block-51c00f09-7ad0-4121-80d8-40e18c3f94c7 col areoi-element\">\n\t\t\t\n\t\t\t\n\n<h2 class=\"wp-block-heading section-title\">Wo finde ich technische Literatur zu meinem Compound?<\/h2>\n\n \n\t\t\t\n\t\t<\/div>\n\t\n \n\t\t<\/div>\n\t\n \n\t\t<\/div>\n\t\n\n\n\t\t<div  class=\"block-ea839ae2-29e3-4ce5-9a2e-ad7de5688021 areoi-element section-aside\">\n\t\t\t\n\t\t\t\n\n<i class=\"fa-solid fa-angles-down\"><\/i>\n\n \n\t\t<\/div>\n\t\n\n\n\t\t<div  class=\"block-9a3a2a98-34ee-46d2-ab3e-37000ded22f9 areoi-element section-body section-divide\">\n\t\t\t\n\t\t\t\n\n\t\t<div  class=\"block-cacff272-c4ad-44d2-bf78-f7d523fb8db4 areoi-element section-content\">\n\t\t\t\n\t\t\t\n\n\t\t<div  class=\"block-f3554b8b-0fd3-409e-8640-c9ad4a4cdadf row areoi-element\">\n\t\t\t\n\n\t\t\t\n\n\t\t<div  class=\"block-f05dfcc0-2b71-4aa4-ae30-cb0b181cd46e col areoi-element section-content-left\">\n\t\t\t\n\t\t\t\n\n<p>F\u00fcr viele Produkte findet sich das technische Datenblatt in der Rubrik \u201eProdukte\u201c. Sollten Sie Ihr Compound hier nicht finden, kontaktieren Sie bitte unsere Anwendungstechnik, die Ihnen die gew\u00fcnschten Dokumente zur Verf\u00fcgung stellt.<\/p>\n\n \n\t\t\t\n\t\t<\/div>\n\t\n \n\t\t<\/div>\n\t\n \n\t\t<\/div>\n\t\n \n\t\t<\/div>\n\t\n \n\t\t<\/div>\n\t\n \n\t\t<\/div>\n\t\n\n\n\t\t<div  class=\"block-db8063b6-012f-406b-931a-836fd35f2fcd areoi-element container m-0 p-0\">\n\t\t\t\n\t\t\t\n\n\t\t<div id=\"faq2\" class=\"block-3c9a7401-c9de-4697-9973-524ec09e879a areoi-element section dropdown-section collapsible hoverable\">\n\t\t\t\n\t\t\t\n\n\t\t<div  class=\"block-f8a145ec-e5a3-40b9-91ea-c7bb10ad9820 areoi-element section-header\">\n\t\t\t\n\t\t\t\n\n\t\t<div  class=\"block-1608754f-9768-4812-8373-7d8a7e0242c6 row areoi-element\">\n\t\t\t\n\n\t\t\t\n\n\t\t<div  class=\"block-51c00f09-7ad0-4121-80d8-40e18c3f94c7 col areoi-element\">\n\t\t\t\n\t\t\t\n\n<h2 class=\"wp-block-heading section-title\">Die Produktion meines Artikels findet nicht in Europa statt. Kann Bada weltweit liefern?<\/h2>\n\n \n\t\t\t\n\t\t<\/div>\n\t\n \n\t\t<\/div>\n\t\n \n\t\t<\/div>\n\t\n\n\n\t\t<div  class=\"block-ea839ae2-29e3-4ce5-9a2e-ad7de5688021 areoi-element section-aside\">\n\t\t\t\n\t\t\t\n\n<i class=\"fa-solid fa-angles-down\"><\/i>\n\n \n\t\t<\/div>\n\t\n\n\n\t\t<div  class=\"block-9a3a2a98-34ee-46d2-ab3e-37000ded22f9 areoi-element section-body section-divide\">\n\t\t\t\n\t\t\t\n\n\t\t<div  class=\"block-cacff272-c4ad-44d2-bf78-f7d523fb8db4 areoi-element section-content\">\n\t\t\t\n\t\t\t\n\n\t\t<div  class=\"block-f3554b8b-0fd3-409e-8640-c9ad4a4cdadf row areoi-element\">\n\t\t\t\n\n\t\t\t\n\n\t\t<div  class=\"block-f05dfcc0-2b71-4aa4-ae30-cb0b181cd46e col areoi-element section-content-left\">\n\t\t\t\n\t\t\t\n\n<p>Die Bada AG liefert schon heute weltweit und hat einen Exportanteil von \u00fcber einem Drittel des Umsatzes. Gerne unterst\u00fctzen wir Sie in der Planung und Umsetzung. Hierzu k\u00f6nnen sie uns gerne ansprechen.<\/p>\n\n \n\t\t\t\n\t\t<\/div>\n\t\n \n\t\t<\/div>\n\t\n \n\t\t<\/div>\n\t\n \n\t\t<\/div>\n\t\n \n\t\t<\/div>\n\t\n \n\t\t<\/div>\n\t\n\n\n\t\t<div  class=\"block-96823d6c-e31a-4031-8592-7b167ada1d04 areoi-element container m-0 p-0\">\n\t\t\t\n\t\t\t\n\n\t\t<div id=\"faq3\" class=\"block-158cdf67-86e3-4d7c-a193-f7a58e7d7ec2 areoi-element section dropdown-section collapsible hoverable\">\n\t\t\t\n\t\t\t\n\n\t\t<div  class=\"block-f8a145ec-e5a3-40b9-91ea-c7bb10ad9820 areoi-element section-header\">\n\t\t\t\n\t\t\t\n\n\t\t<div  class=\"block-1608754f-9768-4812-8373-7d8a7e0242c6 row areoi-element\">\n\t\t\t\n\n\t\t\t\n\n\t\t<div  class=\"block-51c00f09-7ad0-4121-80d8-40e18c3f94c7 col areoi-element\">\n\t\t\t\n\t\t\t\n\n<h2 class=\"wp-block-heading section-title\">Ich finde mein gew\u00fcnschtes Compound nicht in der Produktliste. Produziert Bada auch kundenspezifische Produkte?<\/h2>\n\n \n\t\t\t\n\t\t<\/div>\n\t\n \n\t\t<\/div>\n\t\n \n\t\t<\/div>\n\t\n\n\n\t\t<div  class=\"block-ea839ae2-29e3-4ce5-9a2e-ad7de5688021 areoi-element section-aside\">\n\t\t\t\n\t\t\t\n\n<i class=\"fa-solid fa-angles-down\"><\/i>\n\n \n\t\t<\/div>\n\t\n\n\n\t\t<div  class=\"block-9a3a2a98-34ee-46d2-ab3e-37000ded22f9 areoi-element section-body section-divide\">\n\t\t\t\n\t\t\t\n\n\t\t<div  class=\"block-cacff272-c4ad-44d2-bf78-f7d523fb8db4 areoi-element section-content\">\n\t\t\t\n\t\t\t\n\n\t\t<div  class=\"block-f3554b8b-0fd3-409e-8640-c9ad4a4cdadf row areoi-element\">\n\t\t\t\n\n\t\t\t\n\n\t\t<div  class=\"block-f05dfcc0-2b71-4aa4-ae30-cb0b181cd46e col areoi-element section-content-left\">\n\t\t\t\n\t\t\t\n\n<p>Die Erstellung und Abwandlung von Rezepturen nach Kundenwunsch ist eine der Hauptkompetenzen von Bada. Praktisch unser gesamtes Portfolio l\u00e4sst sich nach Kundenwunsch modifizieren und anpassen. Kontaktieren Sie unsere Anwendungstechnik zur Realisierung Ihres ma\u00dfgeschneiderten Compounds.<\/p>\n\n \n\t\t\t\n\t\t<\/div>\n\t\n \n\t\t<\/div>\n\t\n \n\t\t<\/div>\n\t\n \n\t\t<\/div>\n\t\n \n\t\t<\/div>\n\t\n \n\t\t<\/div>\n\t\n\n\n\t\t<div  class=\"block-b60c634c-43fb-4e5a-9eaa-e04728e1a26c areoi-element container m-0 p-0\">\n\t\t\t\n\t\t\t\n\n\t\t<div id=\"faq4\" class=\"block-a09c27a6-25e1-41f6-b9a7-6ad851f80a10 areoi-element section dropdown-section collapsible hoverable\">\n\t\t\t\n\t\t\t\n\n\t\t<div  class=\"block-f8a145ec-e5a3-40b9-91ea-c7bb10ad9820 areoi-element section-header\">\n\t\t\t\n\t\t\t\n\n\t\t<div  class=\"block-1608754f-9768-4812-8373-7d8a7e0242c6 row areoi-element\">\n\t\t\t\n\n\t\t\t\n\n\t\t<div  class=\"block-51c00f09-7ad0-4121-80d8-40e18c3f94c7 col areoi-element\">\n\t\t\t\n\t\t\t\n\n<h2 class=\"wp-block-heading section-title\">Wir m\u00f6chten einen Artikel zuk\u00fcnftig in Kunststoff fertigen, kennen uns aber in dem Werkstoff nicht aus. K\u00f6nnen Sie uns in der Entwicklung unterst\u00fctzen?<\/h2>\n\n \n\t\t\t\n\t\t<\/div>\n\t\n \n\t\t<\/div>\n\t\n \n\t\t<\/div>\n\t\n\n\n\t\t<div  class=\"block-ea839ae2-29e3-4ce5-9a2e-ad7de5688021 areoi-element section-aside\">\n\t\t\t\n\t\t\t\n\n<i class=\"fa-solid fa-angles-down\"><\/i>\n\n \n\t\t<\/div>\n\t\n\n\n\t\t<div  class=\"block-9a3a2a98-34ee-46d2-ab3e-37000ded22f9 areoi-element section-body section-divide\">\n\t\t\t\n\t\t\t\n\n\t\t<div  class=\"block-cacff272-c4ad-44d2-bf78-f7d523fb8db4 areoi-element section-content\">\n\t\t\t\n\t\t\t\n\n\t\t<div  class=\"block-f3554b8b-0fd3-409e-8640-c9ad4a4cdadf row areoi-element\">\n\t\t\t\n\n\t\t\t\n\n\t\t<div  class=\"block-f05dfcc0-2b71-4aa4-ae30-cb0b181cd46e col areoi-element section-content-left\">\n\t\t\t\n\t\t\t\n\n<p>Die Bada AG hat hierf\u00fcr die Abteilung anwendungstechnische Marktentwicklung gegr\u00fcndet, die fr\u00fchzeitig vom Start des Projektes eng mit Ihrer Entwicklung zusammen arbeitet. Sprechen Sie uns an!<\/p>\n\n \n\t\t\t\n\t\t<\/div>\n\t\n \n\t\t<\/div>\n\t\n \n\t\t<\/div>\n\t\n \n\t\t<\/div>\n\t\n \n\t\t<\/div>\n\t\n \n\t\t<\/div>\n\t\n\n\n\t\t<div  class=\"block-a8db0b68-c159-4472-9d40-717f112d4563 areoi-element container m-0 p-0\">\n\t\t\t\n\t\t\t\n\n\t\t<div id=\"faq5\" class=\"block-7463f2c6-fae8-48b9-afb3-fc2476191ca3 areoi-element section dropdown-section collapsible hoverable\">\n\t\t\t\n\t\t\t\n\n\t\t<div  class=\"block-f8a145ec-e5a3-40b9-91ea-c7bb10ad9820 areoi-element section-header\">\n\t\t\t\n\t\t\t\n\n\t\t<div  class=\"block-1608754f-9768-4812-8373-7d8a7e0242c6 row areoi-element\">\n\t\t\t\n\n\t\t\t\n\n\t\t<div  class=\"block-51c00f09-7ad0-4121-80d8-40e18c3f94c7 col areoi-element\">\n\t\t\t\n\t\t\t\n\n<h2 class=\"wp-block-heading section-title\">Wo finde ich Angaben zur Schwindung meines Compounds?<\/h2>\n\n \n\t\t\t\n\t\t<\/div>\n\t\n \n\t\t<\/div>\n\t\n \n\t\t<\/div>\n\t\n\n\n\t\t<div  class=\"block-ea839ae2-29e3-4ce5-9a2e-ad7de5688021 areoi-element section-aside\">\n\t\t\t\n\t\t\t\n\n<i class=\"fa-solid fa-angles-down\"><\/i>\n\n \n\t\t<\/div>\n\t\n\n\n\t\t<div  class=\"block-9a3a2a98-34ee-46d2-ab3e-37000ded22f9 areoi-element section-body section-divide\">\n\t\t\t\n\t\t\t\n\n\t\t<div  class=\"block-cacff272-c4ad-44d2-bf78-f7d523fb8db4 areoi-element section-content\">\n\t\t\t\n\t\t\t\n\n\t\t<div  class=\"block-f3554b8b-0fd3-409e-8640-c9ad4a4cdadf row areoi-element\">\n\t\t\t\n\n\t\t\t\n\n\t\t<div  class=\"block-f05dfcc0-2b71-4aa4-ae30-cb0b181cd46e col areoi-element section-content-left\">\n\t\t\t\n\t\t\t\n\n<p>Bitte kontaktieren Sie uns direkt. Unsere Anwendungstechnik hilft Ihnen gerne weiter.<\/p>\n\n\n\n<p>Die Materialschwindung ist keine reine Werkstoffeigenschaft, sondern h\u00e4ngt auch von der Bauteilgeometrie, der Angussform und \u2013lage sowie den Verarbeitungsparametern ab. Dies ist auch der Grund, warum wir auf eine pauschale Schwindungsangabe auf unseren technischen Datenbl\u00e4ttern verzichten.<\/p>\n\n\n\n<p>Zur Orientierung k\u00f6nnen wir Ihnen einen Wertebereich nennen, den wir unter unseren Spritzgussbedingungen an Musterpl\u00e4ttchen (60x45x2 mm) ermittelt haben. Diese Werte stellen keine Garantie eines bestimmten Schwundverhaltens dar. Wir empfehlen Ihnen, eigene Versuche durchzuf\u00fchren, damit Sie die Schwindung unter Ihren Anwendungsbedingungen \u00fcberpr\u00fcfen k\u00f6nnen.<\/p>\n\n \n\t\t\t\n\t\t<\/div>\n\t\n \n\t\t<\/div>\n\t\n \n\t\t<\/div>\n\t\n \n\t\t<\/div>\n\t\n \n\t\t<\/div>\n\t\n \n\t\t<\/div>\n\t\n\n\n\t\t<div  class=\"block-e89a363b-91e2-40f5-8ca8-794dae78ea7a areoi-element container mt-5\">\n\t\t\t\n\t\t\t\n\n\t\t<div  class=\"block-b9a6320c-bff3-401c-b1d1-63915e6ca820 row areoi-element\">\n\t\t\t\n\n\t\t\t\n\n\t\t<div  class=\"block-1a256a05-a4dc-47a0-93d6-7e122920de6d col areoi-element\">\n\t\t\t\n\t\t\t\n\n<h1 class=\"wp-block-heading\">Ihre Frage war nicht dabei?<\/h1>\n\n\n\n\t\t<div  class=\"block-7283b13f-23d8-44b1-8ce3-d853403b7230 card align-text-bottom image\">\n\t\t\t\n\n<figure class=\"wp-block-image size-full card-img-top img-thumbnail img-fluid\"><img loading=\"lazy\" decoding=\"async\" width=\"1600\" height=\"400\" src=\"https:\/\/bada.de\/app\/uploads\/header-about-bada.jpg\" alt=\"\" class=\"img-fluid wp-image-2944\" srcset=\"https:\/\/bada.de\/app\/uploads\/header-about-bada.jpg 1600w, https:\/\/bada.de\/app\/uploads\/header-about-bada-300x75.jpg 300w, https:\/\/bada.de\/app\/uploads\/header-about-bada-1024x256.jpg 1024w, https:\/\/bada.de\/app\/uploads\/header-about-bada-768x192.jpg 768w, https:\/\/bada.de\/app\/uploads\/header-about-bada-1536x384.jpg 1536w\" sizes=\"auto, (max-width: 1600px) 100vw, 1600px\">\n<\/figure>\n\n\n\n\t\t<div  class=\"block-4a9336e9-91d1-4e5c-87a1-3904134adca9 card-body card-img-overlay d-flex align-items-end\">\n\t\t\t\n\n<h2 class=\"wp-block-heading card-title image-caption\"><a href=\"https:\/\/bada.de\/kontakt\" data-type=\"page\" data-id=\"10\" target=\"_blank\" rel=\"noopener noreferrer nofollow\">Hier finden Sie den richtigen Ansprechpartner!<\/a><\/h2>\n\n \n\t\t<\/div>\n\t\n \n\t\t<\/div>\n\t\n \n\t\t\t\n\t\t<\/div>\n\t\n \n\t\t<\/div>\n\t\n \n\t\t<\/div>\n\t","protected":false},"excerpt":{"rendered":"","protected":false},"author":1,"featured_media":0,"parent":0,"menu_order":0,"comment_status":"closed","ping_status":"closed","template":"","meta":{"_acf_changed":false,"footnotes":""},"class_list":["post-197","page","type-page","status-publish","hentry"],"acf":[],"_links":{"self":[{"href":"https:\/\/bada.de\/de\/wp-json\/wp\/v2\/pages\/197","targetHints":{"allow":["GET"]}}],"collection":[{"href":"https:\/\/bada.de\/de\/wp-json\/wp\/v2\/pages"}],"about":[{"href":"https:\/\/bada.de\/de\/wp-json\/wp\/v2\/types\/page"}],"author":[{"embeddable":true,"href":"https:\/\/bada.de\/de\/wp-json\/wp\/v2\/users\/1"}],"replies":[{"embeddable":true,"href":"https:\/\/bada.de\/de\/wp-json\/wp\/v2\/comments?post=197"}],"version-history":[{"count":0,"href":"https:\/\/bada.de\/de\/wp-json\/wp\/v2\/pages\/197\/revisions"}],"wp:attachment":[{"href":"https:\/\/bada.de\/de\/wp-json\/wp\/v2\/media?parent=197"}],"curies":[{"name":"wp","href":"https:\/\/api.w.org\/{rel}","templated":true}]}}