{"id":27,"date":"2023-07-12T16:18:07","date_gmt":"2023-07-12T14:18:07","guid":{"rendered":"https:\/\/bada.de\/?page_id=27"},"modified":"2024-06-25T15:17:29","modified_gmt":"2024-06-25T13:17:29","slug":"philosophie","status":"publish","type":"page","link":"https:\/\/bada.de\/de\/philosophie","title":{"rendered":"Philosophie"},"content":{"rendered":"\n\t\t<div  class=\"block-f9d0d384-48d1-45ca-80da-a7f2d7dd4b2e areoi-element container\">\n\t\t\t\n\t\t\t\n\n\t\t<div  class=\"block-e23a330a-87a1-4fa7-b7fd-95f2565318b1 row areoi-element row-cols-1 row-cols-md-2\">\n\t\t\t\n\n\t\t\t\n\n\t\t<div  class=\"block-955c45f8-5df2-4f78-a0a7-55095bb5af70 col areoi-element\">\n\t\t\t\n\t\t\t\n\n<h1 class=\"wp-block-heading\">Mit Innovation &amp; Flexibilit\u00e4t realisieren wir jede Kundenanforderung.<\/h1>\n\n\n\n<p>Seit 1998 fertigt die Bada AG hochwertige technische Thermoplaste und thermoplastische Elastomere f\u00fcr so unterschiedliche Branchen wie Automobil, Elektronik, Sport und Freizeit, Bau, M\u00f6belherstellung, Medizintechnik und Haushaltswaren. Dabei haben wir uns bei unseren internationalen Kunden als innovativer Spezialcompoundierer und flexibler Serviceanbieter etabliert:<\/p>\n\n\n\n<p>Mit modernster Produktionstechnologie in effizienten Abl\u00e4ufen entwickelt unser hoch qualifiziertes, dynamisches Team Compounds mit genau den Eigenschaften, die f\u00fcr die gew\u00fcnschte Kundenanwendung erforderlich und f\u00fcr ihre Funktion entscheidend sind. Unsere ma\u00dfgeschneiderten Kundenl\u00f6sungen liefern wir in konstant hochwertiger Qualit\u00e4t und dank unseres weit gestreckten Vertriebsnetzes auf k\u00fcrzesten Wegen in die ganze Welt.<\/p>\n\n\n\n\t\t\t\t\n\t\t<a \n\t\t\t\n\t\t\tclass=\"block-c5a71521-ae72-459d-bb73-ffa11b0c90f7 btn areoi-has-url position-relative float-end btn-primary btn-lg\"\n\t href=\"https:\/\/bada.de\/app\/uploads\/Unternehmenspolitik_Bada_2024.pdf\" rel=\"noreferrer noopener\" target=\"_blank\" >\n\t\t\t\t\t\n\t\t\t\t\tBada Unternehmenspolitik als PDF \n\t\t\t\t\t\n\t\t\t\t\t \n\t\t\t\t<\/a>\n\t\t\t\n \n\t\t\t\n\t\t<\/div>\n\t\n\n\n\t\t<div  class=\"block-fd7b5ade-62ea-4aaf-a61b-b4a45edaa033 col areoi-element\">\n\t\t\t\n\t\t\t\n\n<figure class=\"wp-block-image size-large img-thumbnail\"><img loading=\"lazy\" decoding=\"async\" width=\"1024\" height=\"683\" src=\"https:\/\/bada.de\/app\/uploads\/page\/philosophie-1024x683.jpeg\" alt=\"\" class=\"img-fluid wp-image-233\" srcset=\"https:\/\/bada.de\/app\/uploads\/page\/philosophie-1024x683.jpeg 1024w, https:\/\/bada.de\/app\/uploads\/page\/philosophie-300x200.jpeg 300w, https:\/\/bada.de\/app\/uploads\/page\/philosophie-768x512.jpeg 768w, https:\/\/bada.de\/app\/uploads\/page\/philosophie-1536x1024.jpeg 1536w, https:\/\/bada.de\/app\/uploads\/page\/philosophie-2048x1365.jpeg 2048w\" sizes=\"auto, (max-width: 1024px) 100vw, 1024px\">\n<\/figure>\n\n \n\t\t\t\n\t\t<\/div>\n\t\n \n\t\t<\/div>\n\t\n \n\t\t<\/div>\n\t\n\n\n\t\t<div  class=\"block-f524da72-5fb2-4910-ae64-258c8e4aa77e areoi-element container m-0 p-0\">\n\t\t\t\n\t\t\t\n\n<hr class=\"wp-block-separator has-alpha-channel-opacity style1\"\/>\n\n \n\t\t<\/div>\n\t\n\n\n\t\t<div  class=\"block-8f7ff78b-e2b5-49ba-9b61-a2a8175e5d44 areoi-element container\">\n\t\t\t\n\t\t\t\n\n\t\t<div  class=\"block-715cd00e-37fc-47fd-803f-8e0650b5af18 row areoi-element\">\n\t\t\t\n\n\t\t\t\n\n\t\t<div  class=\"block-fb2e937f-98f0-425c-9e77-24e7c1bec170 col areoi-element border-right-light col-lg-6\">\n\t\t\t\n\t\t\t\n\n\t\t<div  class=\"block-0bcbdf4a-f223-47f5-9527-e38d4425ac5a areoi-element certificate-box\">\n\t\t\t\n\t\t\t\n\n\t\t<div  class=\"block-d17d2a8b-6a67-4ecd-94b5-ec51ca0814d8 row areoi-element\">\n\t\t\t\n\n\t\t\t\n\n\t\t<div  class=\"block-73e09e74-4ce9-4ada-8262-451b9267a978 col areoi-element col-12\">\n\t\t\t\n\t\t\t\n\n<h2 class=\"wp-block-heading\">Wir sind zertifiziert<\/h2>\n\n\n\n\t\t<div  class=\"block-49f19c81-bb48-494d-ab5a-bf8653287ccb row areoi-element\">\n\t\t\t\n\n\t\t\t\n\n\t\t<div  class=\"block-d38e6cdf-2aeb-4411-b616-9ad19f527a2a col areoi-element certificate-left col-sm-6\">\n\t\t\t\n\t\t\t\n\n<figure class=\"wp-block-image size-full is-style-default\"><img loading=\"lazy\" decoding=\"async\" width=\"189\" height=\"95\" src=\"https:\/\/bada.de\/app\/uploads\/certificates\/tuev.png\" alt=\"\" class=\"img-fluid wp-image-788\" style=\"object-fit:cover\">\n<\/figure>\n\n \n\t\t\t\n\t\t<\/div>\n\t\n\n\n\t\t<div  class=\"block-b7fcb93b-dc6b-4865-abe9-ec503079a405 col areoi-element certificate-middle col-sm-3\">\n\t\t\t\n\t\t\t\n\n<figure class=\"wp-block-image size-full\"><img loading=\"lazy\" decoding=\"async\" width=\"58\" height=\"96\" src=\"https:\/\/bada.de\/app\/uploads\/certificates\/emas.png\" alt=\"\" class=\"img-fluid wp-image-789\">\n<\/figure>\n\n \n\t\t\t\n\t\t<\/div>\n\t\n\n\n\t\t<div  class=\"block-938ac91a-13b5-4f51-aa96-acd329ac4ab4 col areoi-element certificate-right col-sm-3\">\n\t\t\t\n\t\t\t\n\n<figure class=\"wp-block-image size-full\"><img loading=\"lazy\" decoding=\"async\" width=\"105\" height=\"106\" src=\"https:\/\/bada.de\/app\/uploads\/certificates\/iso.png\" alt=\"\" class=\"img-fluid wp-image-787\">\n<\/figure>\n\n \n\t\t\t\n\t\t<\/div>\n\t\n \n\t\t<\/div>\n\t\n \n\t\t\t\n\t\t<\/div>\n\t\n \n\t\t<\/div>\n\t\n \n\t\t<\/div>\n\t\n \n\t\t\t\n\t\t<\/div>\n\t\n \n\t\t<\/div>\n\t\n \n\t\t<\/div>\n\t","protected":false},"excerpt":{"rendered":"","protected":false},"author":1,"featured_media":0,"parent":0,"menu_order":0,"comment_status":"closed","ping_status":"closed","template":"","meta":{"_acf_changed":false,"footnotes":""},"class_list":["post-27","page","type-page","status-publish","hentry"],"acf":[],"_links":{"self":[{"href":"https:\/\/bada.de\/de\/wp-json\/wp\/v2\/pages\/27","targetHints":{"allow":["GET"]}}],"collection":[{"href":"https:\/\/bada.de\/de\/wp-json\/wp\/v2\/pages"}],"about":[{"href":"https:\/\/bada.de\/de\/wp-json\/wp\/v2\/types\/page"}],"author":[{"embeddable":true,"href":"https:\/\/bada.de\/de\/wp-json\/wp\/v2\/users\/1"}],"replies":[{"embeddable":true,"href":"https:\/\/bada.de\/de\/wp-json\/wp\/v2\/comments?post=27"}],"version-history":[{"count":0,"href":"https:\/\/bada.de\/de\/wp-json\/wp\/v2\/pages\/27\/revisions"}],"wp:attachment":[{"href":"https:\/\/bada.de\/de\/wp-json\/wp\/v2\/media?parent=27"}],"curies":[{"name":"wp","href":"https:\/\/api.w.org\/{rel}","templated":true}]}}