{"id":34,"date":"2023-07-14T14:22:52","date_gmt":"2023-07-14T12:22:52","guid":{"rendered":"https:\/\/bada.de\/?page_id=34"},"modified":"2023-10-03T17:49:35","modified_gmt":"2023-10-03T15:49:35","slug":"historie-und-standorte","status":"publish","type":"page","link":"https:\/\/bada.de\/de\/historie-und-standorte","title":{"rendered":"Historie und Standorte"},"content":{"rendered":"\n\t\t<div  class=\"block-f9d0d384-48d1-45ca-80da-a7f2d7dd4b2e areoi-element container\">\n\t\t\t\n\t\t\t\n\n\t\t<div  class=\"block-e23a330a-87a1-4fa7-b7fd-95f2565318b1 row areoi-element row-cols-1 row-cols-md-2\">\n\t\t\t\n\n\t\t\t\n\n\t\t<div  class=\"block-955c45f8-5df2-4f78-a0a7-55095bb5af70 col areoi-element\">\n\t\t\t\n\t\t\t\n\n<h1 class=\"wp-block-heading\">In Europa ans\u00e4ssig \u2013 weltweit f\u00fcr Sie da!<\/h1>\n\n\n\n<p>Die Bada Plast GmbH &amp; Co. KG wurde 1997 in B\u00fchl\/Baden gegr\u00fcndet und im Jahr 2003 in die&nbsp;<strong>Bada AG<\/strong>, eine Aktiengesellschaft in Privateigentum, umfirmiert. 2005 war ein Jahr, das den Erfolg unseres Unternehmens perfekt nach au\u00dfen widerspiegelte: F\u00fcr unser Stammwerk in B\u00fchl schufen wir einen modernen Neubau, und mit der&nbsp;<strong>Bada Hispanaplast S.A.<\/strong>&nbsp;wurde eine Niederlassung in Huesca, Spanien verwirklicht. Mit Huesca haben wir dabei einen Standort gew\u00e4hlt, der aufgrund seiner geografischen Lage perfekte Qualit\u00e4ten aufweist: Die Stadt liegt zwischen den gro\u00dfen industriellen Ballungsr\u00e4umen Spaniens wie Barcelona und Zaragoza, und ihre N\u00e4he zur franz\u00f6sischen Grenze bietet zus\u00e4tzlich wertvolle Vorteile f\u00fcr alle Exportgesch\u00e4fte.<\/p>\n\n\n\n<p>Im Oktober 2007 wurde Bada Hispanaplast S.A. mit einer Kapazit\u00e4t von 9.000 Jahrestonnen offiziell er\u00f6ffnet. F\u00fcr unsere Produktionsst\u00e4tte in Spanien gelten dabei die gleichen Ma\u00dfst\u00e4be wie f\u00fcr unseren deutschen Standort: Die Anlagen erf\u00fcllen h\u00f6chste technologische Anforderungen. Ein Labor, mit einem Equipment, das immer dem neuesten Stand entspricht, erm\u00f6glicht auch hier die flexible Umsetzung aller Kundenw\u00fcnsche.<\/p>\n\n\n\n<p>Die hochmoderne Produktion der Bada AG wurde eigens nach unserer zum Teil sehr individuellen Produktvielfalt errichtet und bietet unersch\u00f6pfliche Kapazit\u00e4ten f\u00fcr Innovationen und Flexibilit\u00e4t \u2013 unsere Spezialcompounds produzieren wir individuell nach Kundenanwendung. Entwicklung und Pr\u00fcfung erfolgt im unternehmenseigenen Hightechlabor. Auf diese Weise garantieren wir f\u00fcr h\u00f6chste Qualit\u00e4t beginnend bei der Umsetzung unserer zukunftsweisenden Spezialcompounds, bis hin zur Auslieferung an unsere Kunden &#8211; Dank unseres internationalen Vertriebsnetzes.<\/p>\n\n\n\n\t\t\t\t\n\t\t<a \n\t\t\t\n\t\t\tclass=\"block-c5a71521-ae72-459d-bb73-ffa11b0c90f7 btn areoi-has-url position-relative float-end btn-primary btn-lg\"\n\t >\n\t\t\t\t\t\n\t\t\t\t\t\u00dcber Bada \n\t\t\t\t\t\n\t\t\t\t\t \n\t\t\t\t<\/a>\n\t\t\t\n \n\t\t\t\n\t\t<\/div>\n\t\n\n\n\t\t<div  class=\"block-fd7b5ade-62ea-4aaf-a61b-b4a45edaa033 col areoi-element\">\n\t\t\t\n\t\t\t\n\n<figure class=\"wp-block-image size-full img-thumbnail mb-3\"><img loading=\"lazy\" decoding=\"async\" width=\"640\" height=\"332\" src=\"https:\/\/bada.de\/app\/uploads\/001.jpg\" alt=\"\" class=\"img-fluid wp-image-36\" srcset=\"https:\/\/bada.de\/app\/uploads\/001.jpg 640w, https:\/\/bada.de\/app\/uploads\/001-300x156.jpg 300w\" sizes=\"auto, (max-width: 640px) 100vw, 640px\">\n<\/figure>\n\n\n\n<figure class=\"wp-block-image size-full img-thumbnail\"><img loading=\"lazy\" decoding=\"async\" width=\"640\" height=\"367\" src=\"https:\/\/bada.de\/app\/uploads\/002.jpg\" alt=\"\" class=\"img-fluid wp-image-41\" srcset=\"https:\/\/bada.de\/app\/uploads\/002.jpg 640w, https:\/\/bada.de\/app\/uploads\/002-300x172.jpg 300w\" sizes=\"auto, (max-width: 640px) 100vw, 640px\">\n<\/figure>\n\n \n\t\t\t\n\t\t<\/div>\n\t\n \n\t\t<\/div>\n\t\n \n\t\t<\/div>\n\t\n\n\n\t\t<div  class=\"block-f524da72-5fb2-4910-ae64-258c8e4aa77e areoi-element container m-0 p-0\">\n\t\t\t\n\t\t\t\n\n<hr class=\"wp-block-separator has-alpha-channel-opacity style1\"\/>\n\n \n\t\t<\/div>\n\t\n\n\n\t\t<div  class=\"block-6675b24b-483a-4691-93e3-17acff05d4ba accordion accordion-flush badatron mb-3\">\n\t\t\t\n\n\t\t<div  class=\"block-8052189d-2019-40dd-b0b5-79ad37d9b215 accordion-item\">\n\n\t\t\t<h3\n\t\t\t\tclass=\"accordion-header\"\n\t\t\t\tid=\"block-8052189d-2019-40dd-b0b5-79ad37d9b215-header\"\n\t\t\t>\n\t\t\t\t<button\n\t\t\t\t\tclass=\"accordion-button collapsed\"\n\t\t\t\t\ttype=\"button\"\n\t\t\t\t\tdata-bs-toggle=\"collapse\"\n\t\t\t\t\tdata-bs-target=\"#block-8052189d-2019-40dd-b0b5-79ad37d9b215-collapse\"\n\t\t\t\t\taria-expanded=\"false\"\n\t\t\t\t\taria-controls=\"block-8052189d-2019-40dd-b0b5-79ad37d9b215-collapse\"\n\t\t\t\t>\n\t\t\t\t\tBada B\u00fchl\n\t\t\t\t<\/button>\n\t\t\t<\/h3>\n\n\t\t\t<div\n\t\t\t\tid=\"block-8052189d-2019-40dd-b0b5-79ad37d9b215-collapse\"\n\t\t\t\tclass=\"accordion-collapse collapse\"\n\t\t\t\taria-labelledby=\"block-8052189d-2019-40dd-b0b5-79ad37d9b215-header\"\n\t\t\t\tdata-bs-parent=\".block-6675b24b-483a-4691-93e3-17acff05d4ba\"\n\t\t\t>\n\t\t\t\t<div class=\"accordion-body\">\n\t\t\t\t\t\n\n\t\t<div  class=\"block-f9d0d384-48d1-45ca-80da-a7f2d7dd4b2e areoi-element container\">\n\t\t\t\n\t\t\t\n\n\t\t<div  class=\"block-e23a330a-87a1-4fa7-b7fd-95f2565318b1 row areoi-element row-cols-1 row-cols-md-2\">\n\t\t\t\n\n\t\t\t\n\n\t\t<div  class=\"block-955c45f8-5df2-4f78-a0a7-55095bb5af70 col areoi-element\">\n\t\t\t\n\t\t\t\n\n<p><strong>1997<\/strong><\/p>\n\n\n\n<p>Gr\u00fcndung der&nbsp;&#8222;Bada Plast GmbH &amp; Co.&#8220;<\/p>\n\n\n\n<p><strong>1998<\/strong><br>Start der Produktion am alten Standort<\/p>\n\n\n\n<p><strong>2003<\/strong><\/p>\n\n\n\n<p>Wechsel der Unternhmensform in Bada AG<\/p>\n\n\n\n<p><strong>2004<\/strong><\/p>\n\n\n\n<p>Erstmalige Zertifizierung nach der TS16949<\/p>\n\n\n\n<p><strong>2005<\/strong><\/p>\n\n\n\n<p>Planung des Werkneubaus<\/p>\n\n\n\n<p><strong>2007<\/strong><br>Lizenzvertrag mit der BASF<\/p>\n\n\n\n<p><strong>2008<\/strong><\/p>\n\n\n\n<p>Zertifizierung nach DIN ISO 14001 + EMAS<\/p>\n\n\n\n<p><strong>2009<\/strong><\/p>\n\n\n\n<p>Inbetriebnahme eines neuen Labor- und Entwicklungsextruders<\/p>\n\n\n\n<p><strong>2010<\/strong><\/p>\n\n\n\n<p>Erweiterung durch zus\u00e4tzliches Lager<\/p>\n\n\n\n<p><strong>2013<\/strong><\/p>\n\n\n\n<p>Erweiterung um je eine Extruder-linie an beiden Standorten<\/p>\n\n\n\n<p><strong>2014<\/strong><\/p>\n\n\n\n<p>Erweiterung der Silokapazit\u00e4ten<\/p>\n\n\n\n<p><strong>2016<\/strong><\/p>\n\n\n\n<p>Inbetriebnahme eines zus\u00e4tzlichen Labor- und Entwicklungsextruders<\/p>\n\n\n\n<p><strong>2018<\/strong><\/p>\n\n\n\n<p>Zertifizierung beider Standorte gem\u00e4\u00df IATF 16949<br><br><strong>2019<\/strong><\/p>\n\n\n\n<p>Inbetriebnahme einer zus\u00e4tzlichen Extruderlinie f\u00fcr&nbsp;&nbsp;&nbsp;&nbsp; &nbsp; &nbsp; &nbsp; &nbsp;&nbsp;&nbsp;&nbsp;&nbsp;&nbsp;&nbsp;&nbsp;&nbsp; Hochleistungskunststoffe in B\u00fchl<\/p>\n\n \n\t\t\t\n\t\t<\/div>\n\t\n\n\n\t\t<div  class=\"block-fd7b5ade-62ea-4aaf-a61b-b4a45edaa033 col areoi-element\">\n\t\t\t\n\t\t\t\n\n<figure class=\"wp-block-image size-large img-thumbnail\"><img loading=\"lazy\" decoding=\"async\" width=\"1024\" height=\"683\" src=\"https:\/\/bada.de\/app\/uploads\/page\/frontpage\/about-bada-1024x683.jpg\" alt=\"\" class=\"img-fluid wp-image-611\" srcset=\"https:\/\/bada.de\/app\/uploads\/page\/frontpage\/about-bada-1024x683.jpg 1024w, https:\/\/bada.de\/app\/uploads\/page\/frontpage\/about-bada-300x200.jpg 300w, https:\/\/bada.de\/app\/uploads\/page\/frontpage\/about-bada-768x512.jpg 768w, https:\/\/bada.de\/app\/uploads\/page\/frontpage\/about-bada-1536x1024.jpg 1536w, https:\/\/bada.de\/app\/uploads\/page\/frontpage\/about-bada-2048x1366.jpg 2048w\" sizes=\"auto, (max-width: 1024px) 100vw, 1024px\">\n<\/figure>\n\n \n\t\t\t\n\t\t<\/div>\n\t\n \n\t\t<\/div>\n\t\n \n\t\t<\/div>\n\t\n\n\t\t\t\t<\/div>\n\t\t\t<\/div>\n\t\t<\/div>\n\t\n \n\t\t<\/div>\n\t\n\n\n\t\t<div  class=\"block-d6fc9ae8-a501-4c13-a4c8-b9ae17e3583d accordion accordion-flush badatron\">\n\t\t\t\n\n\t\t<div  class=\"block-2ca2476e-f27e-4e66-be42-d36e7a9dea1d accordion-item\">\n\n\t\t\t<h3\n\t\t\t\tclass=\"accordion-header\"\n\t\t\t\tid=\"block-2ca2476e-f27e-4e66-be42-d36e7a9dea1d-header\"\n\t\t\t>\n\t\t\t\t<button\n\t\t\t\t\tclass=\"accordion-button collapsed\"\n\t\t\t\t\ttype=\"button\"\n\t\t\t\t\tdata-bs-toggle=\"collapse\"\n\t\t\t\t\tdata-bs-target=\"#block-2ca2476e-f27e-4e66-be42-d36e7a9dea1d-collapse\"\n\t\t\t\t\taria-expanded=\"false\"\n\t\t\t\t\taria-controls=\"block-2ca2476e-f27e-4e66-be42-d36e7a9dea1d-collapse\"\n\t\t\t\t>\n\t\t\t\t\tBada Hispanaplast\n\t\t\t\t<\/button>\n\t\t\t<\/h3>\n\n\t\t\t<div\n\t\t\t\tid=\"block-2ca2476e-f27e-4e66-be42-d36e7a9dea1d-collapse\"\n\t\t\t\tclass=\"accordion-collapse collapse\"\n\t\t\t\taria-labelledby=\"block-2ca2476e-f27e-4e66-be42-d36e7a9dea1d-header\"\n\t\t\t\tdata-bs-parent=\".block-d6fc9ae8-a501-4c13-a4c8-b9ae17e3583d\"\n\t\t\t>\n\t\t\t\t<div class=\"accordion-body\">\n\t\t\t\t\t\n\n\t\t<div  class=\"block-f9d0d384-48d1-45ca-80da-a7f2d7dd4b2e areoi-element container\">\n\t\t\t\n\t\t\t\n\n\t\t<div  class=\"block-e23a330a-87a1-4fa7-b7fd-95f2565318b1 row areoi-element row-cols-1 row-cols-md-2\">\n\t\t\t\n\n\t\t\t\n\n\t\t<div  class=\"block-955c45f8-5df2-4f78-a0a7-55095bb5af70 col areoi-element\">\n\t\t\t\n\t\t\t\n\n<p><strong>2005<\/strong><br>Gr\u00fcndung Bada Hispanaplast S.A. in Spanien<\/p>\n\n\n\n<p><strong>2007<\/strong><br>Produktionsstart im Neubau in B\u00fchl + Huesca<\/p>\n\n\n\n<p><strong>2013<\/strong><br>Zertifizierung ISO\/TS 16949 in Huesca<\/p>\n\n\n\n<p>Erweiterung um je eine Extruder-linie an beiden Standorten<\/p>\n\n\n\n<p><strong>2014<\/strong><br>Werkserweiterung in Spanien<\/p>\n\n\n\n<p><strong>2015<\/strong><br>Bau eines neuen Labors in Huesca<\/p>\n\n\n\n<p><strong>2017<\/strong><br>Inbetriebnahme einer zus\u00e4tzlichen Extruderlinie in Huesca<\/p>\n\n\n\n<p><strong>2018<\/strong><br>Inbetriebnahme eines zus\u00e4tzlichen Labor- und Entwicklungsextruders in Huesca<\/p>\n\n\n\n<p>Zertifizierung beider Standorte gem\u00e4\u00df IATF 16949<\/p>\n\n\n\n<p><strong>2019<\/strong><br>Erweiterung der Laborm\u00f6glichkeiten in Huesca<\/p>\n\n \n\t\t\t\n\t\t<\/div>\n\t\n\n\n\t\t<div  class=\"block-fd7b5ade-62ea-4aaf-a61b-b4a45edaa033 col areoi-element\">\n\t\t\t\n\t\t\t\n\n<figure class=\"wp-block-image size-full img-thumbnail\"><img loading=\"lazy\" decoding=\"async\" width=\"640\" height=\"367\" src=\"https:\/\/bada.de\/app\/uploads\/002.jpg\" alt=\"\" class=\"img-fluid wp-image-41\" srcset=\"https:\/\/bada.de\/app\/uploads\/002.jpg 640w, https:\/\/bada.de\/app\/uploads\/002-300x172.jpg 300w\" sizes=\"auto, (max-width: 640px) 100vw, 640px\">\n<\/figure>\n\n \n\t\t\t\n\t\t<\/div>\n\t\n \n\t\t<\/div>\n\t\n \n\t\t<\/div>\n\t\n\n\t\t\t\t<\/div>\n\t\t\t<\/div>\n\t\t<\/div>\n\t\n \n\t\t<\/div>\n\t\n\n\n\t\t<div  class=\"block-f524da72-5fb2-4910-ae64-258c8e4aa77e areoi-element container m-0 p-0\">\n\t\t\t\n\t\t\t\n\n<hr class=\"wp-block-separator has-alpha-channel-opacity style1\"\/>\n\n \n\t\t<\/div>\n\t\n\n\n\t\t<div  class=\"block-8f7ff78b-e2b5-49ba-9b61-a2a8175e5d44 areoi-element container\">\n\t\t\t\n\t\t\t\n\n\t\t<div  class=\"block-715cd00e-37fc-47fd-803f-8e0650b5af18 row areoi-element\">\n\t\t\t\n\n\t\t\t\n\n\t\t<div  class=\"block-fb2e937f-98f0-425c-9e77-24e7c1bec170 col areoi-element border-right-light col-lg-6\">\n\t\t\t\n\t\t\t\n\n\t\t<div  class=\"block-0bcbdf4a-f223-47f5-9527-e38d4425ac5a areoi-element certificate-box\">\n\t\t\t\n\t\t\t\n\n\t\t<div  class=\"block-d17d2a8b-6a67-4ecd-94b5-ec51ca0814d8 row areoi-element\">\n\t\t\t\n\n\t\t\t\n\n\t\t<div  class=\"block-73e09e74-4ce9-4ada-8262-451b9267a978 col areoi-element col-12\">\n\t\t\t\n\t\t\t\n\n<h2 class=\"wp-block-heading\">Wir sind zertifiziert<\/h2>\n\n\n\n\t\t<div  class=\"block-49f19c81-bb48-494d-ab5a-bf8653287ccb row areoi-element\">\n\t\t\t\n\n\t\t\t\n\n\t\t<div  class=\"block-d38e6cdf-2aeb-4411-b616-9ad19f527a2a col areoi-element certificate-left col-sm-6\">\n\t\t\t\n\t\t\t\n\n<figure class=\"wp-block-image size-full is-style-default\"><img loading=\"lazy\" decoding=\"async\" width=\"189\" height=\"95\" src=\"https:\/\/bada.de\/app\/uploads\/certificates\/tuev.png\" alt=\"\" class=\"img-fluid wp-image-788\" style=\"object-fit:cover\">\n<\/figure>\n\n \n\t\t\t\n\t\t<\/div>\n\t\n\n\n\t\t<div  class=\"block-b7fcb93b-dc6b-4865-abe9-ec503079a405 col areoi-element certificate-middle col-sm-3\">\n\t\t\t\n\t\t\t\n\n<figure class=\"wp-block-image size-full\"><img loading=\"lazy\" decoding=\"async\" width=\"58\" height=\"96\" src=\"https:\/\/bada.de\/app\/uploads\/certificates\/emas.png\" alt=\"\" class=\"img-fluid wp-image-789\">\n<\/figure>\n\n \n\t\t\t\n\t\t<\/div>\n\t\n\n\n\t\t<div  class=\"block-938ac91a-13b5-4f51-aa96-acd329ac4ab4 col areoi-element certificate-right col-sm-3\">\n\t\t\t\n\t\t\t\n\n<figure class=\"wp-block-image size-full\"><img loading=\"lazy\" decoding=\"async\" width=\"105\" height=\"106\" src=\"https:\/\/bada.de\/app\/uploads\/certificates\/iso.png\" alt=\"\" class=\"img-fluid wp-image-787\">\n<\/figure>\n\n \n\t\t\t\n\t\t<\/div>\n\t\n \n\t\t<\/div>\n\t\n \n\t\t\t\n\t\t<\/div>\n\t\n \n\t\t<\/div>\n\t\n \n\t\t<\/div>\n\t\n \n\t\t\t\n\t\t<\/div>\n\t\n \n\t\t<\/div>\n\t\n \n\t\t<\/div>\n\t","protected":false},"excerpt":{"rendered":"","protected":false},"author":1,"featured_media":0,"parent":0,"menu_order":0,"comment_status":"closed","ping_status":"closed","template":"","meta":{"_acf_changed":false,"footnotes":""},"class_list":["post-34","page","type-page","status-publish","hentry"],"acf":[],"_links":{"self":[{"href":"https:\/\/bada.de\/de\/wp-json\/wp\/v2\/pages\/34","targetHints":{"allow":["GET"]}}],"collection":[{"href":"https:\/\/bada.de\/de\/wp-json\/wp\/v2\/pages"}],"about":[{"href":"https:\/\/bada.de\/de\/wp-json\/wp\/v2\/types\/page"}],"author":[{"embeddable":true,"href":"https:\/\/bada.de\/de\/wp-json\/wp\/v2\/users\/1"}],"replies":[{"embeddable":true,"href":"https:\/\/bada.de\/de\/wp-json\/wp\/v2\/comments?post=34"}],"version-history":[{"count":0,"href":"https:\/\/bada.de\/de\/wp-json\/wp\/v2\/pages\/34\/revisions"}],"wp:attachment":[{"href":"https:\/\/bada.de\/de\/wp-json\/wp\/v2\/media?parent=34"}],"curies":[{"name":"wp","href":"https:\/\/api.w.org\/{rel}","templated":true}]}}