{"id":3581,"date":"2023-10-08T16:41:29","date_gmt":"2023-10-08T14:41:29","guid":{"rendered":"https:\/\/bada.de\/?page_id=3581"},"modified":"2025-08-18T13:22:03","modified_gmt":"2025-08-18T11:22:03","slug":"produktflyer","status":"publish","type":"page","link":"https:\/\/bada.de\/de\/produktflyer","title":{"rendered":"Produktflyer"},"content":{"rendered":"\n\t\t<div  class=\"block-97bc28bb-7208-4fe4-8e0e-e3c353cb06e5 areoi-element container\">\n\t\t\t\n\t\t\t\n\n\t\t<div  class=\"block-ab823612-d78a-4f04-ab36-27b4113b5e19 row areoi-element row-cols-1 row-cols-md-2\">\n\t\t\t\n\n\t\t\t\n\n\t\t<div  class=\"block-91f5a3aa-abf5-469c-a8a7-95ff30399aa0 col areoi-element\">\n\t\t\t\n\t\t\t\n<a href=\"https:\/\/bada.de\/app\/uploads\/PA9T_BADA_Produktflyer_old.pdf\" rel=\"noreferrer noopener\"   class=\"wp-block-tiptip-hyperlink-group-block\" target=\"_blank\">\n\t\t<div  class=\"block-7283b13f-23d8-44b1-8ce3-d853403b7230 card align-text-bottom image\">\n\t\t\t\n\n<figure class=\"wp-block-image size-full card-img-top img-thumbnail img-fluid\"><img decoding=\"async\" src=\"https:\/\/bada.de\/app\/uploads\/Motorraum_43-scaled-e1718713643517.jpeg\" alt=\"\" class=\"img-fluid wp-image-6754\">\n<\/figure>\n\n\n\n\t\t<div  class=\"block-4a9336e9-91d1-4e5c-87a1-3904134adca9 card-body card-img-overlay d-flex align-items-end\">\n\t\t\t\n\n<h2 class=\"wp-block-heading card-title image-caption\">PA9T &#8211; erstklassige Eigenschaften f\u00fcr universelle Einsatzm\u00f6glichkeiten<\/h2>\n\n \n\t\t<\/div>\n\t\n \n\t\t<\/div>\n\t<\/a>\n \n\t\t\t\n\t\t<\/div>\n\t\n\n\n\t\t<div  class=\"block-c704713e-8bd4-434b-b706-2917b84b07a0 col areoi-element\">\n\t\t\t\n\t\t\t\n<a href=\"https:\/\/bada.de\/app\/uploads\/BIOBASIERTE-COMPOUNDS_BADA_Produktflyer-1.pdf\" rel=\"noreferrer noopener\"   class=\"wp-block-tiptip-hyperlink-group-block\" target=\"_blank\">\n\t\t<div  class=\"block-7283b13f-23d8-44b1-8ce3-d853403b7230 card align-text-bottom image\">\n\t\t\t\n\n<figure class=\"wp-block-image size-full card-img-top img-thumbnail img-fluid\"><img decoding=\"async\" src=\"https:\/\/bada.de\/app\/uploads\/shutterstock_1940457124-scaled.jpg\" alt=\"\" class=\"img-fluid wp-image-6867\">\n<\/figure>\n\n\n\n\t\t<div  class=\"block-4a9336e9-91d1-4e5c-87a1-3904134adca9 card-body card-img-overlay d-flex align-items-end\">\n\t\t\t\n\n\n<h2 class=\"wp-block-heading card-title image-caption\"><span href=\"https:\/\/bada.de\/app\/uploads\/BIOBASIERTE-COMPOUNDS_BADA_Produktflyer-2.pdf\" target=\"_blank\" rel=\"noreferrer noopener\">Entdecke die nachhaltige Vielfalt mit UNSEREN \u201eBio-Kunststoffen\u201c auf Basis von Rizinus\u00f6l<\/span><\/h2>\n\n\n \n\t\t<\/div>\n\t\n \n\t\t<\/div>\n\t<\/a>\n \n\t\t\t\n\t\t<\/div>\n\t\n \n\t\t<\/div>\n\t\n \n\t\t<\/div>\n\t\n\n\n\t\t<div  class=\"block-bdb06dc8-0532-4d6e-9ae5-46c7e55090ea areoi-element container\">\n\t\t\t\n\t\t\t\n\n\t\t<div  class=\"block-383cc181-666b-43de-b6c7-063190ac1a72 row areoi-element row-cols-1 row-cols-md-4\">\n\t\t\t\n\n\t\t\t\n\n\t\t<div  class=\"block-97a90919-28b6-4bea-97ac-949fb127aa4d col areoi-element\">\n\t\t\t\n\t\t\t\n<a href=\"https:\/\/bada.de\/app\/uploads\/AUTOMOTIVE-INTERIEUR_BADA_Produktflyer.pdf\" rel=\"noreferrer noopener\"   class=\"wp-block-tiptip-hyperlink-group-block\" target=\"_blank\">\n\t\t<div  class=\"block-fb0b7655-6f4d-48aa-b1ef-9aa29e8e58de card align-text-bottom image\">\n\t\t\t\n\n<figure class=\"wp-block-image size-full card-img-top img-thumbnail img-fluid\"><img loading=\"lazy\" decoding=\"async\" width=\"359\" height=\"400\" src=\"https:\/\/bada.de\/app\/uploads\/BADA_Produktflyer_AUTOMOTIVE-INTERIEUR.webp\" alt=\"\" class=\"img-fluid wp-image-3620\" style=\"aspect-ratio:1;object-fit:cover\" srcset=\"https:\/\/bada.de\/app\/uploads\/BADA_Produktflyer_AUTOMOTIVE-INTERIEUR.webp 359w, https:\/\/bada.de\/app\/uploads\/BADA_Produktflyer_AUTOMOTIVE-INTERIEUR-269x300.webp 269w\" sizes=\"auto, (max-width: 359px) 100vw, 359px\">\n<\/figure>\n\n\n\n\t\t<div  class=\"block-4a9336e9-91d1-4e5c-87a1-3904134adca9 card-body card-img-overlay d-flex align-items-end\">\n\t\t\t\n\n<h2 class=\"wp-block-heading card-title image-caption\">Automotive Interieur<\/h2>\n\n \n\t\t<\/div>\n\t\n \n\t\t<\/div>\n\t<\/a>\n \n\t\t\t\n\t\t<\/div>\n\t\n\n\n\t\t<div  class=\"block-887590e4-8656-4933-978b-2113dbc69045 col areoi-element\">\n\t\t\t\n\t\t\t\n<a href=\"https:\/\/bada.de\/app\/uploads\/LANGKETTIGE-POLYAMIDE_BADA_Produktflyer.pdf\" rel=\"noreferrer noopener\"   class=\"wp-block-tiptip-hyperlink-group-block\" target=\"_blank\">\n\t\t<div  class=\"block-f67a8674-1571-4d34-a3d8-9d0bdd749254 card align-text-bottom image\">\n\t\t\t\n\n<figure class=\"wp-block-image size-full card-img-top img-thumbnail img-fluid\"><img loading=\"lazy\" decoding=\"async\" width=\"359\" height=\"400\" src=\"https:\/\/bada.de\/app\/uploads\/BADA_Produktflyer_BADAMID_PA12_PA612_PA610.webp\" alt=\"\" class=\"img-fluid wp-image-3621\" style=\"aspect-ratio:1;object-fit:cover\" srcset=\"https:\/\/bada.de\/app\/uploads\/BADA_Produktflyer_BADAMID_PA12_PA612_PA610.webp 359w, https:\/\/bada.de\/app\/uploads\/BADA_Produktflyer_BADAMID_PA12_PA612_PA610-269x300.webp 269w\" sizes=\"auto, (max-width: 359px) 100vw, 359px\">\n<\/figure>\n\n\n\n\t\t<div  class=\"block-4a9336e9-91d1-4e5c-87a1-3904134adca9 card-body card-img-overlay d-flex align-items-end\">\n\t\t\t\n\n<h2 class=\"wp-block-heading card-title image-caption\">BADA Spezial-Polyamide<\/h2>\n\n \n\t\t<\/div>\n\t\n \n\t\t<\/div>\n\t<\/a>\n \n\t\t\t\n\t\t<\/div>\n\t\n\n\n\t\t<div  class=\"block-fb782a5b-6bc5-4d99-8224-93d983f61f00 col areoi-element\">\n\t\t\t\n\t\t\t\n<a href=\"https:\/\/bada.de\/app\/uploads\/PPA_BADA_Produktflyer.pdf\" rel=\"noreferrer noopener\"   class=\"wp-block-tiptip-hyperlink-group-block\" target=\"_blank\">\n\t\t<div  class=\"block-7283b13f-23d8-44b1-8ce3-d853403b7230 card align-text-bottom image\">\n\t\t\t\n\n<figure class=\"wp-block-image size-full card-img-top img-thumbnail img-fluid\"><img loading=\"lazy\" decoding=\"async\" width=\"359\" height=\"400\" src=\"https:\/\/bada.de\/app\/uploads\/BADA_Produktflyer_BADAMID_PPA.webp\" alt=\"\" class=\"img-fluid wp-image-3622\" style=\"aspect-ratio:1;object-fit:cover\" srcset=\"https:\/\/bada.de\/app\/uploads\/BADA_Produktflyer_BADAMID_PPA.webp 359w, https:\/\/bada.de\/app\/uploads\/BADA_Produktflyer_BADAMID_PPA-269x300.webp 269w\" sizes=\"auto, (max-width: 359px) 100vw, 359px\">\n<\/figure>\n\n\n\n\t\t<div  class=\"block-4a9336e9-91d1-4e5c-87a1-3904134adca9 card-body card-img-overlay d-flex align-items-end\">\n\t\t\t\n\n<h2 class=\"wp-block-heading card-title image-caption\">Teilaromatische Polyamidcompounds<\/h2>\n\n \n\t\t<\/div>\n\t\n \n\t\t<\/div>\n\t<\/a>\n \n\t\t\t\n\t\t<\/div>\n\t\n\n\n\t\t<div  class=\"block-97a90919-28b6-4bea-97ac-949fb127aa4d col areoi-element\">\n\t\t\t\n\t\t\t\n<a href=\"https:\/\/bada.de\/app\/uploads\/FR-COMPOUNDS_BADA_Produktflyer.pdf\" rel=\"noreferrer noopener\"   class=\"wp-block-tiptip-hyperlink-group-block\" target=\"_blank\">\n\t\t<div  class=\"block-fb0b7655-6f4d-48aa-b1ef-9aa29e8e58de card align-text-bottom image\">\n\t\t\t\n\n<figure class=\"wp-block-image size-full card-img-top img-thumbnail img-fluid\"><img loading=\"lazy\" decoding=\"async\" width=\"359\" height=\"400\" src=\"https:\/\/bada.de\/app\/uploads\/BADA_Produktflyer_BADAMID_UL-A703GF20-35FRHF.webp\" alt=\"\" class=\"img-fluid wp-image-3623\" style=\"aspect-ratio:1;object-fit:cover\" srcset=\"https:\/\/bada.de\/app\/uploads\/BADA_Produktflyer_BADAMID_UL-A703GF20-35FRHF.webp 359w, https:\/\/bada.de\/app\/uploads\/BADA_Produktflyer_BADAMID_UL-A703GF20-35FRHF-269x300.webp 269w\" sizes=\"auto, (max-width: 359px) 100vw, 359px\">\n<\/figure>\n\n\n\n\t\t<div  class=\"block-4a9336e9-91d1-4e5c-87a1-3904134adca9 card-body card-img-overlay d-flex align-items-end\">\n\t\t\t\n\n<h2 class=\"wp-block-heading card-title image-caption\">UL-Listung erforderlich?<\/h2>\n\n \n\t\t<\/div>\n\t\n \n\t\t<\/div>\n\t<\/a>\n \n\t\t\t\n\t\t<\/div>\n\t\n\n\n\t\t<div  class=\"block-887590e4-8656-4933-978b-2113dbc69045 col areoi-element\">\n\t\t\t\n\t\t\t\n<a href=\"https:\/\/bada.de\/app\/uploads\/LEICHTBAU_BADA_Produktflyer.pdf\" rel=\"noreferrer noopener\"   class=\"wp-block-tiptip-hyperlink-group-block\" target=\"_blank\">\n\t\t<div  class=\"block-f67a8674-1571-4d34-a3d8-9d0bdd749254 card align-text-bottom image\">\n\t\t\t\n\n<figure class=\"wp-block-image size-full card-img-top img-thumbnail img-fluid\"><img loading=\"lazy\" decoding=\"async\" width=\"359\" height=\"400\" src=\"https:\/\/bada.de\/app\/uploads\/BADA_Produktflyer_LEICHTBAUANWENDUNGEN.webp\" alt=\"\" class=\"img-fluid wp-image-3628\" style=\"aspect-ratio:1;object-fit:cover\" srcset=\"https:\/\/bada.de\/app\/uploads\/BADA_Produktflyer_LEICHTBAUANWENDUNGEN.webp 359w, https:\/\/bada.de\/app\/uploads\/BADA_Produktflyer_LEICHTBAUANWENDUNGEN-269x300.webp 269w\" sizes=\"auto, (max-width: 359px) 100vw, 359px\">\n<\/figure>\n\n\n\n\t\t<div  class=\"block-4a9336e9-91d1-4e5c-87a1-3904134adca9 card-body card-img-overlay d-flex align-items-end\">\n\t\t\t\n\n<h2 class=\"wp-block-heading card-title image-caption\">Leichtbauanwendungen mit L\u00f6sungen von BADA.<\/h2>\n\n \n\t\t<\/div>\n\t\n \n\t\t<\/div>\n\t<\/a>\n \n\t\t\t\n\t\t<\/div>\n\t\n\n\n\t\t<div  class=\"block-1536452c-34d9-4926-8f32-efc24312070b col areoi-element\">\n\t\t\t\n\t\t\t\n<a href=\"https:\/\/bada.de\/app\/uploads\/BAHNANWENDUNGEN_BADA_Produktflyer.pdf\" rel=\"noreferrer noopener\"   class=\"wp-block-tiptip-hyperlink-group-block\" target=\"_blank\">\n\t\t<div  class=\"block-5b453155-41a7-4db9-955e-28098c4a6007 card align-text-bottom image\">\n\t\t\t\n\n\n<figure class=\"wp-block-image size-full card-img-top img-thumbnail img-fluid\"><span href=\"https:\/\/bada.de\/produktflyer\/attachment\/undefined-3\"><img loading=\"lazy\" decoding=\"async\" width=\"359\" height=\"400\" src=\"https:\/\/bada.de\/app\/uploads\/image-2.webp\" alt=\"Dieses Bild hat ein leeres Alt-Attribut. Der Dateiname ist BADA_Produktflyer_BAHNANWENDUNGEN.webp\" class=\"img-fluid wp-image-5030\" style=\"aspect-ratio:1;object-fit:cover\" srcset=\"https:\/\/bada.de\/app\/uploads\/image-2.webp 359w, https:\/\/bada.de\/app\/uploads\/image-2-269x300.webp 269w\" sizes=\"auto, (max-width: 359px) 100vw, 359px\">\n<\/span><\/figure>\n\n\n\n\n\t\t<div  class=\"block-4a9336e9-91d1-4e5c-87a1-3904134adca9 card-body card-img-overlay d-flex align-items-end\">\n\t\t\t\n\n\n<h2 class=\"wp-block-heading card-title image-caption\"><span href=\"https:\/\/bada.de\/app\/uploads\/BAHNANWENDUNGEN_BADA_Produktflyer_2025.pdf\" target=\"_blank\" rel=\"noreferrer noopener\">BADA-Compounds f\u00fcr Bahnanwendung<\/span><\/h2>\n\n\n \n\t\t<\/div>\n\t\n \n\t\t<\/div>\n\t<\/a>\n \n\t\t\t\n\t\t<\/div>\n\t\n\n\n\t\t<div  class=\"block-1d63c5f3-42aa-4642-84dd-e19395acca45 col areoi-element\">\n\t\t\t\n\t\t\t\n<a href=\"https:\/\/bada.de\/app\/uploads\/TRIBOLOGIE_BADA_Produktflyer.pdf\" rel=\"noreferrer noopener\"   class=\"wp-block-tiptip-hyperlink-group-block\" target=\"_blank\">\n\t\t<div  class=\"block-ccfdca59-25d0-4653-a2f2-da11be8aa9e8 card align-text-bottom image\">\n\t\t\t\n\n<figure class=\"wp-block-image size-full card-img-top img-thumbnail img-fluid\"><img loading=\"lazy\" decoding=\"async\" width=\"359\" height=\"400\" src=\"https:\/\/bada.de\/app\/uploads\/BADA_Produktflyer_BEWEGTE_SYSTEME.webp\" alt=\"\" class=\"img-fluid wp-image-3626\" style=\"aspect-ratio:1;object-fit:cover\" srcset=\"https:\/\/bada.de\/app\/uploads\/BADA_Produktflyer_BEWEGTE_SYSTEME.webp 359w, https:\/\/bada.de\/app\/uploads\/BADA_Produktflyer_BEWEGTE_SYSTEME-269x300.webp 269w\" sizes=\"auto, (max-width: 359px) 100vw, 359px\">\n<\/figure>\n\n\n\n\t\t<div  class=\"block-4a9336e9-91d1-4e5c-87a1-3904134adca9 card-body card-img-overlay d-flex align-items-end\">\n\t\t\t\n\n<h2 class=\"wp-block-heading card-title image-caption\">Gleit- und Verschleissoptimierte Compounds<\/h2>\n\n \n\t\t<\/div>\n\t\n \n\t\t<\/div>\n\t<\/a>\n \n\t\t\t\n\t\t<\/div>\n\t\n\n\n\t\t<div  class=\"block-b8872d9c-3e4b-4b28-8060-21bc44b5d2dd col areoi-element\">\n\t\t\t\n\t\t\t\n<a href=\"https:\/\/bada.de\/app\/uploads\/EXTRUSION_BADA_Produktflyer.pdf\" rel=\"noreferrer noopener\"   class=\"wp-block-tiptip-hyperlink-group-block\" target=\"_blank\">\n\t\t<div  class=\"block-850bf2d0-ba2c-483d-8e85-154987b7d128 card align-text-bottom image\">\n\t\t\t\n\n<figure class=\"wp-block-image size-full card-img-top img-thumbnail img-fluid\"><img loading=\"lazy\" decoding=\"async\" width=\"359\" height=\"400\" src=\"https:\/\/bada.de\/app\/uploads\/BADA_Produktflyer_EXTRUSIONSANWENDUNGEN.webp\" alt=\"\" class=\"img-fluid wp-image-3627\" style=\"aspect-ratio:1;object-fit:cover\" srcset=\"https:\/\/bada.de\/app\/uploads\/BADA_Produktflyer_EXTRUSIONSANWENDUNGEN.webp 359w, https:\/\/bada.de\/app\/uploads\/BADA_Produktflyer_EXTRUSIONSANWENDUNGEN-269x300.webp 269w\" sizes=\"auto, (max-width: 359px) 100vw, 359px\">\n<\/figure>\n\n\n\n\t\t<div  class=\"block-4a9336e9-91d1-4e5c-87a1-3904134adca9 card-body card-img-overlay d-flex align-items-end\">\n\t\t\t\n\n<h2 class=\"wp-block-heading card-title image-caption\">BADA-Compounds f\u00fcr Extrusions-Anwendungen.<\/h2>\n\n \n\t\t<\/div>\n\t\n \n\t\t<\/div>\n\t<\/a>\n \n\t\t\t\n\t\t<\/div>\n\t\n\n\n\t\t<div  class=\"block-887590e4-8656-4933-978b-2113dbc69045 col areoi-element\">\n\t\t\t\n\t\t\t\n<a href=\"https:\/\/bada.de\/app\/uploads\/COMPOUNDS-AUF-BASIS-POLYPHENYLENSULFID.pdf\" rel=\"noreferrer noopener\"   class=\"wp-block-tiptip-hyperlink-group-block\" target=\"_blank\">\n\t\t<div  class=\"block-f67a8674-1571-4d34-a3d8-9d0bdd749254 card align-text-bottom image\">\n\t\t\t\n\n<figure class=\"wp-block-image size-full card-img-top img-thumbnail img-fluid\"><img loading=\"lazy\" decoding=\"async\" width=\"359\" height=\"400\" src=\"https:\/\/bada.de\/app\/uploads\/BADA_Produktflyer_BADATRON_PPS.webp\" alt=\"\" class=\"img-fluid wp-image-3624\" style=\"aspect-ratio:1;object-fit:cover\" srcset=\"https:\/\/bada.de\/app\/uploads\/BADA_Produktflyer_BADATRON_PPS.webp 359w, https:\/\/bada.de\/app\/uploads\/BADA_Produktflyer_BADATRON_PPS-269x300.webp 269w\" sizes=\"auto, (max-width: 359px) 100vw, 359px\">\n<\/figure>\n\n\n\n\t\t<div  class=\"block-4a9336e9-91d1-4e5c-87a1-3904134adca9 card-body card-img-overlay d-flex align-items-end\">\n\t\t\t\n\n<h2 class=\"wp-block-heading card-title image-caption\">Compounds auf Basis Polyphenylensulfid<\/h2>\n\n \n\t\t<\/div>\n\t\n \n\t\t<\/div>\n\t<\/a>\n \n\t\t\t\n\t\t<\/div>\n\t\n\n\n\t\t<div  class=\"block-2e18f62c-0c2c-41b6-a430-0dc3eea5c5ad col areoi-element\">\n\t\t\t\n\t\t\t\n<a href=\"https:\/\/bada.de\/app\/uploads\/BLENDS_BADA_Produktflyer.pdf\" rel=\"noreferrer noopener\"   class=\"wp-block-tiptip-hyperlink-group-block\" target=\"_blank\">\n\t\t<div  class=\"block-ec0878d0-750e-4aff-982d-ae3e5073cf2d card align-text-bottom image\">\n\t\t\t\n\n<figure class=\"wp-block-image size-full card-img-top img-thumbnail img-fluid\"><img loading=\"lazy\" decoding=\"async\" width=\"359\" height=\"400\" src=\"https:\/\/bada.de\/app\/uploads\/BADA_Produktflyer_POLYMERBLENDS.webp\" alt=\"\" class=\"img-fluid wp-image-3629\" style=\"aspect-ratio:1;object-fit:cover\" srcset=\"https:\/\/bada.de\/app\/uploads\/BADA_Produktflyer_POLYMERBLENDS.webp 359w, https:\/\/bada.de\/app\/uploads\/BADA_Produktflyer_POLYMERBLENDS-269x300.webp 269w\" sizes=\"auto, (max-width: 359px) 100vw, 359px\">\n<\/figure>\n\n\n\n\t\t<div  class=\"block-4a9336e9-91d1-4e5c-87a1-3904134adca9 card-body card-img-overlay d-flex align-items-end\">\n\t\t\t\n\n<h2 class=\"wp-block-heading card-title image-caption\">Polymerblends \u2013 Kombination individueller St\u00e4rken.<\/h2>\n\n \n\t\t<\/div>\n\t\n \n\t\t<\/div>\n\t<\/a>\n \n\t\t\t\n\t\t<\/div>\n\t\n\n\n\t\t<div  class=\"block-1d63c5f3-42aa-4642-84dd-e19395acca45 col areoi-element\">\n\t\t\t\n\t\t\t\n<a href=\"https:\/\/bada.de\/app\/uploads\/THERMOPLASTISCHE-ELASTOMERE_BADA_Produktflyer.pdf\" rel=\"noreferrer noopener\"   class=\"wp-block-tiptip-hyperlink-group-block\" target=\"_blank\">\n\t\t<div  class=\"block-ccfdca59-25d0-4653-a2f2-da11be8aa9e8 card align-text-bottom image\">\n\t\t\t\n\n<figure class=\"wp-block-image size-full card-img-top img-thumbnail img-fluid\"><img loading=\"lazy\" decoding=\"async\" width=\"359\" height=\"400\" src=\"https:\/\/bada.de\/app\/uploads\/BADA_Produktflyer_TPE.webp\" alt=\"\" class=\"img-fluid wp-image-3630\" style=\"aspect-ratio:1;object-fit:cover\" srcset=\"https:\/\/bada.de\/app\/uploads\/BADA_Produktflyer_TPE.webp 359w, https:\/\/bada.de\/app\/uploads\/BADA_Produktflyer_TPE-269x300.webp 269w\" sizes=\"auto, (max-width: 359px) 100vw, 359px\">\n<\/figure>\n\n\n\n\t\t<div  class=\"block-4a9336e9-91d1-4e5c-87a1-3904134adca9 card-body card-img-overlay d-flex align-items-end\">\n\t\t\t\n\n<h2 class=\"wp-block-heading card-title image-caption\">Thermoplastische Elastomer-Compounds.<\/h2>\n\n \n\t\t<\/div>\n\t\n \n\t\t<\/div>\n\t<\/a>\n \n\t\t\t\n\t\t<\/div>\n\t\n\n\n\t\t<div  class=\"block-b8872d9c-3e4b-4b28-8060-21bc44b5d2dd col areoi-element\">\n\t\t\t\n\t\t\t\n<a href=\"https:\/\/bada.de\/app\/uploads\/WAeRMELEITFAeHIGKEIT_BADA_Produktflyer.pdf\" rel=\"noreferrer noopener\"   class=\"wp-block-tiptip-hyperlink-group-block\" target=\"_blank\">\n\t\t<div  class=\"block-850bf2d0-ba2c-483d-8e85-154987b7d128 card align-text-bottom image\">\n\t\t\t\n\n<figure class=\"wp-block-image size-full card-img-top img-thumbnail img-fluid\"><img loading=\"lazy\" decoding=\"async\" width=\"359\" height=\"400\" src=\"https:\/\/bada.de\/app\/uploads\/BADA_Produktflyer_WAeRMELEITFAeHIGKEIT.webp\" alt=\"\" class=\"img-fluid wp-image-3631\" style=\"aspect-ratio:1;object-fit:cover\" srcset=\"https:\/\/bada.de\/app\/uploads\/BADA_Produktflyer_WAeRMELEITFAeHIGKEIT.webp 359w, https:\/\/bada.de\/app\/uploads\/BADA_Produktflyer_WAeRMELEITFAeHIGKEIT-269x300.webp 269w\" sizes=\"auto, (max-width: 359px) 100vw, 359px\">\n<\/figure>\n\n\n\n\t\t<div  class=\"block-4a9336e9-91d1-4e5c-87a1-3904134adca9 card-body card-img-overlay d-flex align-items-end\">\n\t\t\t\n\n<h2 class=\"wp-block-heading card-title image-caption\">W\u00e4rmeleitf\u00e4hige L\u00f6sungen von BADA.<\/h2>\n\n \n\t\t<\/div>\n\t\n \n\t\t<\/div>\n\t<\/a>\n \n\t\t\t\n\t\t<\/div>\n\t\n \n\t\t<\/div>\n\t\n \n\t\t<\/div>\n\t\n\n\n\t\t<div  class=\"block-f524da72-5fb2-4910-ae64-258c8e4aa77e areoi-element container m-0 p-0\">\n\t\t\t\n\t\t\t\n\n<hr class=\"wp-block-separator has-alpha-channel-opacity style1\"\/>\n\n \n\t\t<\/div>\n\t\n\n\n\t\t<div  class=\"block-8f7ff78b-e2b5-49ba-9b61-a2a8175e5d44 areoi-element container\">\n\t\t\t\n\t\t\t\n\n\t\t<div  class=\"block-715cd00e-37fc-47fd-803f-8e0650b5af18 row areoi-element\">\n\t\t\t\n\n\t\t\t\n\n\t\t<div  class=\"block-fb2e937f-98f0-425c-9e77-24e7c1bec170 col areoi-element border-right-light col-lg-6\">\n\t\t\t\n\t\t\t\n\n\t\t<div  class=\"block-0bcbdf4a-f223-47f5-9527-e38d4425ac5a areoi-element certificate-box\">\n\t\t\t\n\t\t\t\n\n\t\t<div  class=\"block-d17d2a8b-6a67-4ecd-94b5-ec51ca0814d8 row areoi-element\">\n\t\t\t\n\n\t\t\t\n\n\t\t<div  class=\"block-73e09e74-4ce9-4ada-8262-451b9267a978 col areoi-element col-12\">\n\t\t\t\n\t\t\t\n\n<h2 class=\"wp-block-heading\">Wir sind zertifiziert<\/h2>\n\n\n\n\t\t<div  class=\"block-49f19c81-bb48-494d-ab5a-bf8653287ccb row areoi-element\">\n\t\t\t\n\n\t\t\t\n\n\t\t<div  class=\"block-d38e6cdf-2aeb-4411-b616-9ad19f527a2a col areoi-element certificate-left col-sm-6\">\n\t\t\t\n\t\t\t\n\n<figure class=\"wp-block-image size-full is-style-default\"><img loading=\"lazy\" decoding=\"async\" width=\"189\" height=\"95\" src=\"https:\/\/bada.de\/app\/uploads\/certificates\/tuev.png\" alt=\"\" class=\"img-fluid wp-image-788\" style=\"object-fit:cover\">\n<\/figure>\n\n \n\t\t\t\n\t\t<\/div>\n\t\n\n\n\t\t<div  class=\"block-b7fcb93b-dc6b-4865-abe9-ec503079a405 col areoi-element certificate-middle col-sm-3\">\n\t\t\t\n\t\t\t\n\n<figure class=\"wp-block-image size-full\"><img loading=\"lazy\" decoding=\"async\" width=\"58\" height=\"96\" src=\"https:\/\/bada.de\/app\/uploads\/certificates\/emas.png\" alt=\"\" class=\"img-fluid wp-image-789\">\n<\/figure>\n\n \n\t\t\t\n\t\t<\/div>\n\t\n\n\n\t\t<div  class=\"block-938ac91a-13b5-4f51-aa96-acd329ac4ab4 col areoi-element certificate-right col-sm-3\">\n\t\t\t\n\t\t\t\n\n<figure class=\"wp-block-image size-full\"><img loading=\"lazy\" decoding=\"async\" width=\"105\" height=\"106\" src=\"https:\/\/bada.de\/app\/uploads\/certificates\/iso.png\" alt=\"\" class=\"img-fluid wp-image-787\">\n<\/figure>\n\n \n\t\t\t\n\t\t<\/div>\n\t\n \n\t\t<\/div>\n\t\n \n\t\t\t\n\t\t<\/div>\n\t\n \n\t\t<\/div>\n\t\n \n\t\t<\/div>\n\t\n \n\t\t\t\n\t\t<\/div>\n\t\n \n\t\t<\/div>\n\t\n \n\t\t<\/div>\n\t","protected":false},"excerpt":{"rendered":"","protected":false},"author":1,"featured_media":0,"parent":0,"menu_order":0,"comment_status":"closed","ping_status":"closed","template":"","meta":{"_acf_changed":false,"footnotes":""},"class_list":["post-3581","page","type-page","status-publish","hentry"],"acf":[],"_links":{"self":[{"href":"https:\/\/bada.de\/de\/wp-json\/wp\/v2\/pages\/3581","targetHints":{"allow":["GET"]}}],"collection":[{"href":"https:\/\/bada.de\/de\/wp-json\/wp\/v2\/pages"}],"about":[{"href":"https:\/\/bada.de\/de\/wp-json\/wp\/v2\/types\/page"}],"author":[{"embeddable":true,"href":"https:\/\/bada.de\/de\/wp-json\/wp\/v2\/users\/1"}],"replies":[{"embeddable":true,"href":"https:\/\/bada.de\/de\/wp-json\/wp\/v2\/comments?post=3581"}],"version-history":[{"count":10,"href":"https:\/\/bada.de\/de\/wp-json\/wp\/v2\/pages\/3581\/revisions"}],"predecessor-version":[{"id":10685,"href":"https:\/\/bada.de\/de\/wp-json\/wp\/v2\/pages\/3581\/revisions\/10685"}],"wp:attachment":[{"href":"https:\/\/bada.de\/de\/wp-json\/wp\/v2\/media?parent=3581"}],"curies":[{"name":"wp","href":"https:\/\/api.w.org\/{rel}","templated":true}]}}