{"id":46,"date":"2023-07-15T09:23:05","date_gmt":"2023-07-15T07:23:05","guid":{"rendered":"https:\/\/bada.de\/?page_id=46"},"modified":"2023-10-05T12:35:43","modified_gmt":"2023-10-05T10:35:43","slug":"technologie","status":"publish","type":"page","link":"https:\/\/bada.de\/de\/technologie","title":{"rendered":"Unsere Technologie: Flexibel und erweiterbar f\u00fcr die Zukunft"},"content":{"rendered":"\n\t\t<div  class=\"block-f9d0d384-48d1-45ca-80da-a7f2d7dd4b2e areoi-element container\">\n\t\t\t\n\t\t\t\n\n\t\t<div  class=\"block-e23a330a-87a1-4fa7-b7fd-95f2565318b1 row areoi-element row-cols-1 row-cols-md-2\">\n\t\t\t\n\n\t\t\t\n\n\t\t<div  class=\"block-955c45f8-5df2-4f78-a0a7-55095bb5af70 col areoi-element\">\n\t\t\t\n\t\t\t\n\n<p>Die Optimierung und Effizienzsteigerung unserer Entwicklungs- und Produktionsprozesse waren die Triebfedern f\u00fcr den Neubau unseres Werkes am Standort B\u00fchl. Als Hersteller von anwendungsspezifischen Compounds auf der Basis technischer Kunststoffe produzieren wir auf 14 Doppelschnecken-Extruder, mit Nominalkapazit\u00e4t von ca. 35.000 t\/Jahr. Die durchschnittliche Chargengr\u00f6\u00dfe liegt zwischen 2.000 und 4.000 kg, was h\u00e4ufige Rezepturwechsel \u2013 bis zu 12-mal am Tag \u2013 erfordert. Unsere neue, hochmoderne Produktion entspricht genau den Anforderungen, die unsere gro\u00dfe, z. T. sehr spezifische Produktvielfalt an uns stellt: Die gute Selbstreinigung der Anlagen reduziert den Reinigungsaufwand bei der h\u00e4ufigen Produktumstellung erheblich und sichert so eine durchgehend wirtschaftliche Produktion.<\/p>\n\n\n\n<p><br>Materialengp\u00e4sse werden durch die hohe Anlagenverf\u00fcgbarkeit bei der Beschickung der Extrusionslinien vermieden. Drehmomentstarke Compoundierextruder sorgen f\u00fcr qualitativ einwandfreie Produkte, die vorgeschaltete gravimetrische Dosierung garantiert die hohe Rezeptur- und Farbtreue, auf die wir bei allen unseren Compounds gr\u00f6\u00dften Wert legen. F\u00fcr eine vollautomatische Zuf\u00fchrung der wichtigsten polymeren Rohstoffe haben wir Silos mit einer Gesamtlagerkapazit\u00e4t von ca. 800t.<\/p>\n\n\n\n<p>Doch vor allem hinsichtlich der Zukunft sind wir auf Prozesssicherheit und Flexibilit\u00e4t ausgerichtet: Die universelle Technik unserer Anlage ist modular erweiterbar f\u00fcr alle zuk\u00fcnftigen Innovationen der Bada AG.<\/p>\n\n\n\n<p><strong>Unser Farblabor: Farbmessung und -beurteilung auf h\u00f6chstem Niveau<\/strong><\/p>\n\n\n\n<p>Dass Innovationskraft und Flexibilit\u00e4t die tragenden S\u00e4ulen unseres unternehmerischen Geistes sind, zeigen wir besonders bei der Farbmessung und -beurteilung unserer Compounds: In unserem hervorragend ausgestatteten Farblabor k\u00f6nnen wir auf modernstes Equipment zur\u00fcckgreifen wie:<\/p>\n\n\n\n<ul class=\"wp-block-list\">\n<li>Zwei Labor-und Entwicklungsextruder, f\u00fcr Neuentwicklungen und Farbnachstellungen<\/li>\n\n\n\n<li>1 Homogenisiersilo mit einer Kapazit\u00e4t von 5t f\u00fcr optimale Farbkonstanz der Fertigprodukte<\/li>\n\n\n\n<li>8 Spritzgussmaschinen zur Produktionskontrolle und Herstellung von Pr\u00fcfk\u00f6rpern aller Art<\/li>\n\n\n\n<li>1 kleine Extrusionsanlage zur Herstellung und zus\u00e4tzlichen Qualit\u00e4tskontrolle von Flachfolien<\/li>\n<\/ul>\n\n\n\n<p>Hier verbindet sich State-of-the-Art-Technologie mit der Pr\u00e4zision und Erfahrung unserer Mitarbeiter zu innovativen Verfahren f\u00fcr Farbergebnisse auf h\u00f6chstem Niveau.<br><br><strong>Farbnachstellung: langj\u00e4hriges Know-how f\u00fcr jede Nuance<\/strong><br>Eine unserer besonderen St\u00e4rken ist das Einf\u00e4rben von Kunststoffen. Hier verf\u00fcgen wir \u00fcber langj\u00e4hriges Know-how und arbeiten in unserem erstklassig ausger\u00fcsteten Labor jede Farbnuance aus, die der Kunde w\u00fcnscht. Durch innovative Verfahren k\u00f6nnen wir bei der Farbnachstellung g\u00e4nzlich auf Standardfarben oder fertige Pigmentmischungen verzichten. Stattdessen setzen wir jeden Farbton aus einzelnen Farbkomponenten zusammen und generieren so eine hohe Flexibilit\u00e4t bei der Farbeinstellung: Selbst bei Compounds, die farbver\u00e4ndernde Komponenten wie z.B. Flammschutzmittel, Glasfaser oder Modifier enthalten, garantieren wir absolute Farbtreue. Au\u00dferdem k\u00f6nnen wir auf diesem Weg selbst auf kleinste Einfl\u00fcsse wie z.B. die Eigenschwankungen der diversen Rohstoffe reagieren und eine hervorragende Farbkonstanz innerhalb einer Charge ebenso wie zwischen den verschiedenen Chargen garantieren.<\/p>\n\n \n\t\t\t\n\t\t<\/div>\n\t\n\n\n\t\t<div  class=\"block-fd7b5ade-62ea-4aaf-a61b-b4a45edaa033 col areoi-element\">\n\t\t\t\n\t\t\t\n\n<figure class=\"wp-block-image size-full img-thumbnail\"><img loading=\"lazy\" decoding=\"async\" width=\"640\" height=\"300\" src=\"https:\/\/bada.de\/app\/uploads\/003.jpg\" alt=\"\" class=\"img-fluid wp-image-47\" srcset=\"https:\/\/bada.de\/app\/uploads\/003.jpg 640w, https:\/\/bada.de\/app\/uploads\/003-300x141.jpg 300w\" sizes=\"auto, (max-width: 640px) 100vw, 640px\">\n<\/figure>\n\n \n\t\t\t\n\t\t<\/div>\n\t\n \n\t\t<\/div>\n\t\n \n\t\t<\/div>\n\t","protected":false},"excerpt":{"rendered":"","protected":false},"author":1,"featured_media":0,"parent":0,"menu_order":0,"comment_status":"closed","ping_status":"closed","template":"","meta":{"_acf_changed":false,"footnotes":""},"class_list":["post-46","page","type-page","status-publish","hentry"],"acf":[],"_links":{"self":[{"href":"https:\/\/bada.de\/de\/wp-json\/wp\/v2\/pages\/46","targetHints":{"allow":["GET"]}}],"collection":[{"href":"https:\/\/bada.de\/de\/wp-json\/wp\/v2\/pages"}],"about":[{"href":"https:\/\/bada.de\/de\/wp-json\/wp\/v2\/types\/page"}],"author":[{"embeddable":true,"href":"https:\/\/bada.de\/de\/wp-json\/wp\/v2\/users\/1"}],"replies":[{"embeddable":true,"href":"https:\/\/bada.de\/de\/wp-json\/wp\/v2\/comments?post=46"}],"version-history":[{"count":0,"href":"https:\/\/bada.de\/de\/wp-json\/wp\/v2\/pages\/46\/revisions"}],"wp:attachment":[{"href":"https:\/\/bada.de\/de\/wp-json\/wp\/v2\/media?parent=46"}],"curies":[{"name":"wp","href":"https:\/\/api.w.org\/{rel}","templated":true}]}}