{"id":4601,"date":"2023-10-13T14:47:33","date_gmt":"2023-10-13T12:47:33","guid":{"rendered":"https:\/\/bada.de\/?page_id=4601"},"modified":"2023-10-13T14:47:39","modified_gmt":"2023-10-13T12:47:39","slug":"datenschutzhinweis","status":"publish","type":"page","link":"https:\/\/bada.de\/de\/datenschutzhinweis","title":{"rendered":"DATENSCHUTZHINWEIS"},"content":{"rendered":"\n<p>F\u00dcR KUNDEN\/INTERESSENTEN\/LIEFERANTEN<\/p>\n\n\n\n<div class=\"wp-block-group container\"><div class=\"wp-block-group__inner-container is-layout-constrained wp-block-group-is-layout-constrained\">\n<div class=\"wp-block-group row\"><div class=\"wp-block-group__inner-container is-layout-constrained wp-block-group-is-layout-constrained\">\n<div class=\"wp-block-group col-md-12\"><div class=\"wp-block-group__inner-container is-layout-constrained wp-block-group-is-layout-constrained\">\n<p><\/p>\n\n\n\n<p><strong>1. Einleitung<\/strong><\/p>\n\n\n\n<p>Der vorliegende Datenschutzhinweis (\u201e<strong>Hinweis<\/strong>\u201c) legt dar, wie Bada AG (<strong>\u201ewir\u201c \u201euns\u201c, \u201eunsere\u201c etc.<\/strong>) als Datenverantwortlicher Ihre personenbezogenen Daten verarbeitet und mit welchen Ma\u00dfnahmen und Verfahren wir Ihre personenbezogenen Daten sch\u00fctzen. Die Erteilung dieser Informationen ist verpflichtend laut EU-Datenschutz-Grundverordnung 2016\/679 (<strong>\u201eDSGVO\u201c<\/strong>).<br><br>Der vorliegende Hinweis stellt keine vertragliche Vereinbarung zwischen Ihnen und uns dar und kann bei Bedarf von uns ge\u00e4ndert werden.<\/p>\n\n\n\n<p><strong>2. Rechtm\u00e4\u00dfige Verarbeitung<\/strong><\/p>\n\n\n\n<p>Wir verarbeiten Ihre personenbezogenen Daten ausschlie\u00dflich in folgenden F\u00e4llen:<\/p>\n\n\n\n<p>(a) wenn Sie uns eine Einwilligung erteilt haben gem\u00e4\u00df Art. 6 Abs. 1 Lit. a DSGVO<\/p>\n\n\n\n<p>(b) um die Erf\u00fcllung unseres Vertrages durchzuf\u00fchren oder zur Durchf\u00fchrung vorvertraglicher Ma\u00dfnahmen (Beantwortung von Anfragen, Angeboten, Kalkulationen)<br>gem\u00e4\u00df Art. 6 Abs. 1 Lit. b DSGVO<\/p>\n\n\n\n<p>(c) zur Aufrechterhaltung der Gesch\u00e4ftsbeziehung (Betreuung der Bestandskunden) zu Ihnen oder Ihrem Arbeitgeber gem\u00e4\u00df Art. 6 Abs. 1 Lit. f<\/p>\n\n\n\n<p>(d) um unseren gesetzlichen und regulatorischen Pflichten gem\u00e4\u00df Art. 6 Abs. 1 Lit. c nachzukommen<\/p>\n\n\n\n<p>Trifft Buchstabe (a) zu, k\u00f6nnen Sie Ihre Zustimmung jederzeit zur\u00fcckziehen, indem Sie einen Antrag gem\u00e4\u00df Abschnitt 12 stellen.<\/p>\n\n\n\n<p><strong>3. Welche personenbezogenen Daten wir erheben<\/strong><\/p>\n\n\n\n<p>3.1 Wir verarbeiten folgende personenbezogene Daten \u00fcber Sie:<\/p>\n\n\n\n<p>(a) Name, E-Mail-Adresse und andere Kontaktdaten;<\/p>\n\n\n\n<p>(b) Angaben zu Ihrer beruflichen Rolle, Position und\/oder Ihrem Posten;<\/p>\n\n\n\n<p>(c) Einzelheiten zu Ihren Pr\u00e4ferenzen f\u00fcr Marketing-Events oder Marketingmaterial;<\/p>\n\n\n\n<p>(d) Daten zu Ihrem Zugang zu unserem Betriebsgel\u00e4nde sowie zum Zugriff auf unsere Systeme und Websites; und<\/p>\n\n\n\n<p>(e) Ihre Nachrichten, Ihr Feedback oder Ihre Teilnahme an Studien und Umfragen.<\/p>\n\n\n\n<p>In manchen F\u00e4llen ben\u00f6tigen wir Ihre personenbezogenen Daten aus gesch\u00e4ftlichen oder betrieblichen Gr\u00fcnden, zum Aufrechterhalten der Gesch\u00e4ftsbeziehung zu Ihnen\/Ihrem Arbeitgeber, zur Bereitstellung unserer Produkte oder Dienstleistungen gegen\u00fcber Ihnen\/Ihrem Arbeitgeber oder zur Einhaltung unserer gesetzlichen und regulatorischen Pflichten. Wenn Sie uns Ihre personenbezogenen Daten nicht zur Verf\u00fcgung stellen, sind wir unter Umst\u00e4nden nicht in der Lage, unsere Gesch\u00e4ftsbeziehung zu Ihnen\/Ihrem Arbeitgeber aufrechtzuerhalten oder Ihnen\/Ihrem Arbeitgeber unsere Produkte oder Dienstleistungen bereitzustellen.<\/p>\n\n\n\n<p>3.2 Wir unternehmen s\u00e4mtliche Anstrengungen, um die Korrektheit und Vollst\u00e4ndigkeit der von uns gespeicherten personenbezogenen Daten sicherzustellen und daf\u00fcr zu sorgen, dass Ihre personenbezogenen Daten stets aktuell sind. Sie k\u00f6nnen hierzu einen wichtigen Beitrag leisten, indem Sie uns umgehend verst\u00e4ndigen, wenn sich Ihre personenbezogenen Daten \u00e4ndern oder Sie feststellen, dass uns fehlerhafte personenbezogene Daten zu Ihnen vorliegen (siehe Abschnitt&nbsp;9). Wir sind nicht verantwortlich f\u00fcr Verluste, die aus fehlerhaften, unechten, mangelhaften oder unvollst\u00e4ndigen personenbezogenen Daten resultieren, die Sie uns \u00fcbermittelt haben.<\/p>\n\n\n\n<p><strong>4. So erheben wir personenbezogene Daten<\/strong><\/p>\n\n\n\n<p>Wir erheben Ihre personenbezogenen Daten f\u00fcr gew\u00f6hnlich anhand der Informationen, die Sie\/Ihr Arbeitgeber im Rahmen unserer Gesch\u00e4ftsbeziehung zu Ihnen\/Ihrem Arbeitgeber \u00fcbermitteln. Dies geschieht in der Regel in folgenden F\u00e4llen: Sie\/Ihr Arbeitgeber senden uns E-Mails und andere Korrespondenz, Visitenkarten, Formulare und Dokumente, die Sie\/Ihr Arbeitgeber f\u00fcr ein Abonnement unserer Marketing- oder Marktdaten-Newsletter oder im Rahmen Ihrer Ernennung als Vertretungsberechtigter Ihres Arbeitgebers verwenden; Sie\/Ihr Arbeitgeber \u00fcbermitteln uns Anmeldedaten, mit denen Sie\/Ihr Arbeitgeber in Ihrem Namen oder im Namen Ihres Arbeitgebers auf unsere Produkte oder Dienstleistungen zugreifen.<\/p>\n\n\n\n<p>Unter Umst\u00e4nden erheben wir personenbezogene Daten auch aus anderen Quellen, etwa von Schwestergesellschaften, Auskunfteien und Organisationen zur Betrugspr\u00e4vention sowie aus beh\u00f6rdlichen Akten.<\/p>\n\n\n\n<p><strong>5. So verwenden wir personenbezogene Daten<\/strong><\/p>\n\n\n\n<p>Im Rahmen unserer Gesch\u00e4ftsbeziehung zu Ihnen\/Ihrem Arbeitgeber sowie zur Bereitstellung unserer Produkte und Dienstleistungen an Sie\/Ihren Arbeitgeber verarbeiten wir Ihre personenbezogenen Daten zu folgenden Zwecken:<\/p>\n\n\n\n<p>(a) Bereitstellung ben\u00f6tigter Produkte oder Dienstleistungen gegen\u00fcber Ihnen\/Ihrem Arbeitgeber;<\/p>\n\n\n\n<p>(b) Beantwortung von Nachrichten oder Posts von Ihnen\/Ihrem Arbeitgeber;<\/p>\n\n\n\n<p>(c) Bereitstellung von Werbe- und Marketingmaterial zu unseren Produkten und Dienstleistungen, die f\u00fcr Sie\/Ihren Arbeitgeber von Interesse sein k\u00f6nnten;<\/p>\n\n\n\n<p>(d) Verwaltung, Weiterentwicklung und Verbesserung unserer Produkte, Dienstleistungen, Verkaufsstellen, IT-Systeme und Websites;<\/p>\n\n\n\n<p>(e) Kontrolle und Pr\u00fcfung der Einhaltung gesetzlicher Auflagen sowie eigener Richtlinien und Standards;<\/p>\n\n\n\n<p>(f) Einhaltung unserer gesetzlichen und regulatorischen Pflichten und damit zusammenh\u00e4ngender Antr\u00e4ge auf globaler Ebene, einschlie\u00dflich Audits und Meldepflichten gegen\u00fcber&nbsp;&nbsp;&nbsp;&nbsp;&nbsp; staatlichen und internationalen Aufsichtsbeh\u00f6rden;<\/p>\n\n\n\n<p>(g) Aufdeckung von Geldw\u00e4scheaktivit\u00e4ten, Finanz- und Kreditpr\u00fcfungen sowie Pr\u00e4vention und Aufdeckung von Betrugsversuchen und Straftaten;<\/p>\n\n\n\n<p>(h) Administrative Zwecke im Hinblick auf Sicherheit und den Zugang zu unseren Systemen, unserem Betriebsgel\u00e4nde sowie unseren Plattformen, Websites und Anwendungen;<\/p>\n\n\n\n<p>(i) Durchsetzung von Gerichtsentscheidungen und Aus\u00fcbung und\/oder Verteidigung unserer Rechte;<\/p>\n\n\n\n<p>(j) Sonstige rechtm\u00e4\u00dfige Gesch\u00e4ftszwecke;<\/p>\n\n\n\n<p>(k) Sonstige Zwecke, die nach geltendem Recht zul\u00e4ssig oder verpflichtend sind.<\/p>\n\n\n\n<p><strong>6. \u00dcbermittlung personenbezogener Daten ins Ausland<\/strong><\/p>\n\n\n\n<p>Ihre personenbezogenen Daten k\u00f6nnen in ein Land oder Gebiet au\u00dferhalb des Europ\u00e4ischen Wirtschaftsraums (\u201e<strong>EWR<\/strong>\u201c) \u00fcbermittelt und anschlie\u00dfend dort gespeichert und abgerufen werden. Wir stellen sicher, dass bei der \u00dcbermittlung personenbezogener Daten ins Ausland angemessene Sicherheitsvorkehrungen gem\u00e4\u00df DSGVO getroffen werden. Sie k\u00f6nnen eine Kopie der betreffenden Sicherheitsdokumente anfordern, indem Sie einen entsprechenden Antrag gem\u00e4\u00df Abschnitt 12 stellen.<strong><em><\/em><\/strong><\/p>\n\n\n\n<p><strong>7. Offenlegung personenbezogener Daten<\/strong><\/p>\n\n\n\n<p>Unter keinen Umst\u00e4nden werden wir Ihre personenbezogenen Daten verkaufen, verleihen oder Handel damit treiben. Wir legen Ihre personenbezogenen Daten nur gegen\u00fcber folgenden Empf\u00e4ngern offen:<\/p>\n\n\n\n<p>(a) unseren Schwestergesellschaften;<\/p>\n\n\n\n<p>(b) Unternehmen, die von Ihnen genehmigt oder bestimmt wurden;<\/p>\n\n\n\n<p>(c) Drittparteien, die Ihre personenbezogenen Daten in unserem Namen verarbeiten (z.&nbsp;B. unsere Systemanbieter inklusive Cloudanbietern);<\/p>\n\n\n\n<p>(d) Drittparteien, die Ihre personenbezogenen Daten in eigenem Namen verarbeiten, um gegen\u00fcber Ihnen oder Ihrem Arbeitgeber in unserem Namen eine Dienstleistung zu erbringen (z.&nbsp;B. unsere Lieferanten);<\/p>\n\n\n\n<p>(e) Unternehmen, die Dienstleistungen zur Aufdeckung von Geldw\u00e4schegesch\u00e4ften, zur Minderung von Kreditrisiken, zur Pr\u00e4vention von Betrugsversuchen und Straftaten oder zu \u00e4hnlichen Zwecken anbieten, darunter Finanzinstitute, Auskunfteien und Aufsichtsbeh\u00f6rden, an die derartige Informationen weitergegeben werden;<\/p>\n\n\n\n<p>(f) Drittparteien, an die wir unsere Rechte oder Pflichten \u00fcbertragen oder abtreten;<\/p>\n\n\n\n<p>(g) Potenzielle K\u00e4ufer, an die wir einen Teil unseres Unternehmens oder Verm\u00f6genswerte verkaufen; und<\/p>\n\n\n\n<p>(h) Regierungen, Aufsichtsbeh\u00f6rden, Strafverfolgungsbeh\u00f6rden, B\u00f6rsenaufsichten oder Gerichte, falls wir nach geltendem Recht dazu verpflichtet sind oder dazu aufgefordert werden.<\/p>\n\n\n\n<p><strong>8. So sch\u00fctzen wir Ihre personenbezogenen Daten<\/strong><\/p>\n\n\n\n<p>Wir verpflichten uns zur sicheren Aufbewahrung und zum Schutz Ihrer personenbezogenen Daten. Hierf\u00fcr ergreifen wir geeignete technische und organisatorische Vorkehrungen, um Ihre personenbezogenen Daten wirksam vor versehentlicher oder unbefugter Vernichtung, Verlust, \u00c4nderungen, Offenlegung oder Zugang zu sch\u00fctzen.<\/p>\n\n\n\n<p><strong>9. Ihre Rechte in Bezug auf von uns erhobene personenbezogene Daten<\/strong><\/p>\n\n\n\n<p>9.1 Wenn Sie:<\/p>\n\n\n\n<p>(a) Ihre personenbezogenen Daten aktualisieren, anpassen oder l\u00f6schen oder eine Kopie Ihrer von uns aufbewahrten personenbezogenen Daten erhalten m\u00f6chten; oder<\/p>\n\n\n\n<p>(b) unsere Nutzung Ihrer von uns aufbewahrten personenbezogenen Daten einschr\u00e4nken oder beenden m\u00f6chten, k\u00f6nnen Sie uns wie in Abschnitt 12 dargelegt kontaktieren und einen entsprechenden Antrag stellen.&nbsp;<\/p>\n\n\n\n<p>9.2 In den oben aufgef\u00fchrten Situationen werden wir unter Umst\u00e4nden einen Identit\u00e4tsnachweis von Ihnen verlangen. Senden Sie uns hierf\u00fcr die Kopie eines g\u00fcltigen Ausweisdokuments zu, damit wir unsere Sicherheitspflichten einhalten und eine unbefugte Offenlegung von Daten verhindern k\u00f6nnen.<\/p>\n\n\n\n<p><strong>10. Aufbewahrungsdauer Ihrer personenbezogenen Daten<\/strong><\/p>\n\n\n\n<p>Wir bewahren Ihre personenbezogenen Daten nur so lange auf, wie es zur Erf\u00fcllung des Zwecks notwendig ist, f\u00fcr den sie erhoben wurden, oder um gesetzliche oder regulatorische Auflagen oder interne Richtlinien einzuhalten.<\/p>\n\n\n\n<p><strong>11. Aktualisierung oder \u00c4nderung des vorliegenden Datenschutzhinweises<\/strong><\/p>\n\n\n\n<p>Unter Umst\u00e4nden \u00e4ndern oder aktualisieren wir Teile dieses Hinweises, um geltendes Recht einzuhalten oder \u00fcberarbeitete interne Praktiken zu ber\u00fccksichtigen. \u00dcber eine solche \u00c4nderung werden Sie nicht zwangsl\u00e4ufig unmittelbar benachrichtigt. Stellen Sie deshalb sicher, dass Sie regelm\u00e4\u00dfig den vorliegenden Hinweis pr\u00fcfen, um \u00fcber eventuelle \u00c4nderungen oder Aktualisierungen informiert zu sein.<\/p>\n\n\n\n<p><strong>12. Wie Sie eine Beschwerde bei dem Datenschutzbeauftragen einleiten<\/strong><\/p>\n\n\n\n<p>Sie haben das Recht, eine Beschwerde bei den Landesdatenschutzbeauftragten \/ Aufsichtsbeh\u00f6rden einzuleiten, wenn Sie glauben, dass wir gegen Ihr Datenschutzrecht versto\u00dfen haben.<\/p>\n\n\n\n<p>Eine Liste und Kontaktdaten des\/der f\u00fcr Ihr Land zust\u00e4ndigen Datenschutzbeauftragen\/Datenschutzbeh\u00f6rde finden Sie hier:<br><a href=\"https:\/\/www.bfdi.bund.de\/DE\/Infothek\/Anschriften_Links\/anschriften_links-node.html;jsessionid=F5C94220BA1C4602A7387C0E76D2FF49.1_cid354\" target=\"_blank\" rel=\"noopener noreferrer nofollow\">https:\/\/www.bfdi.bund.de\/DE\/Infothek\/Anschriften_Links\/anschriften_links-node.html;jsessionid=F5C94220BA1C4602A7387C0E76D2FF49.1_cid354<\/a><\/p>\n\n\n\n<p>Sollten Sie Fragen haben, k\u00f6nnen Sie sich gerne an uns wenden. Bitte richten Sie hierzu Ihre Anfragen an<\/p>\n\n\n\n<p>an die Datenschutzbeauftragte der Bada AG.<\/p>\n\n\n\n<p>Simone Klumpp<br>Informationstechnik KLUMPP GmbH<br>Theodor Kaufmann Strasse 31<br>77933 Lahr<\/p>\n\n\n\n<p>Fon +49 7821 99666-50<br>Fax +49 7821 99666-66<br>E-Mail:&nbsp;<a href=\"mailto:dsb@bada.de\">dsb@bada.de<\/a><\/p>\n\n\n\n<p><\/p>\n\n\n\n<p><\/p>\n<\/div><\/div>\n<\/div><\/div>\n<\/div><\/div>\n","protected":false},"excerpt":{"rendered":"<p>F\u00dcR KUNDEN\/INTERESSENTEN\/LIEFERANTEN 1. Einleitung Der vorliegende Datenschutzhinweis (\u201eHinweis\u201c) legt dar, wie Bada AG (\u201ewir\u201c \u201euns\u201c, \u201eunsere\u201c etc.) als Datenverantwortlicher Ihre personenbezogenen Daten verarbeitet und mit welchen Ma\u00dfnahmen und Verfahren wir Ihre personenbezogenen Daten sch\u00fctzen. Die Erteilung dieser Informationen ist verpflichtend laut EU-Datenschutz-Grundverordnung 2016\/679 (\u201eDSGVO\u201c). Der vorliegende Hinweis stellt keine vertragliche Vereinbarung zwischen Ihnen und uns dar und kann bei Bedarf [&hellip;]<\/p>\n","protected":false},"author":4,"featured_media":0,"parent":0,"menu_order":0,"comment_status":"closed","ping_status":"closed","template":"","meta":{"_acf_changed":false,"footnotes":""},"class_list":["post-4601","page","type-page","status-publish","hentry"],"acf":[],"_links":{"self":[{"href":"https:\/\/bada.de\/de\/wp-json\/wp\/v2\/pages\/4601","targetHints":{"allow":["GET"]}}],"collection":[{"href":"https:\/\/bada.de\/de\/wp-json\/wp\/v2\/pages"}],"about":[{"href":"https:\/\/bada.de\/de\/wp-json\/wp\/v2\/types\/page"}],"author":[{"embeddable":true,"href":"https:\/\/bada.de\/de\/wp-json\/wp\/v2\/users\/4"}],"replies":[{"embeddable":true,"href":"https:\/\/bada.de\/de\/wp-json\/wp\/v2\/comments?post=4601"}],"version-history":[{"count":0,"href":"https:\/\/bada.de\/de\/wp-json\/wp\/v2\/pages\/4601\/revisions"}],"wp:attachment":[{"href":"https:\/\/bada.de\/de\/wp-json\/wp\/v2\/media?parent=4601"}],"curies":[{"name":"wp","href":"https:\/\/api.w.org\/{rel}","templated":true}]}}