{"id":53,"date":"2023-07-15T09:34:05","date_gmt":"2023-07-15T07:34:05","guid":{"rendered":"https:\/\/bada.de\/?page_id=53"},"modified":"2024-03-26T10:55:39","modified_gmt":"2024-03-26T09:55:39","slug":"qualitatsmanagement","status":"publish","type":"page","link":"https:\/\/bada.de\/de\/qualitatsmanagement","title":{"rendered":"Bada &#8211; Unser Name ist Synonym f\u00fcr kompromisslose Qualit\u00e4t"},"content":{"rendered":"\n\t\t<div  class=\"block-f9d0d384-48d1-45ca-80da-a7f2d7dd4b2e areoi-element container\">\n\t\t\t\n\t\t\t\n\n\t\t<div  class=\"block-e23a330a-87a1-4fa7-b7fd-95f2565318b1 row areoi-element\">\n\t\t\t\n\n\t\t\t\n\n\t\t<div  class=\"block-955c45f8-5df2-4f78-a0a7-55095bb5af70 col areoi-element\">\n\t\t\t\n\t\t\t\n\n<p>Die h\u00f6chsten qualitativen Anspr\u00fcche stellen wir selbst an uns. &nbsp;Im Hinblick auf unsere Produkte und bei jedem Einzelnen unserer Arbeitsschritte. Die logische Konsequenz unseres ausgepr\u00e4gten Qualit\u00e4tsgedankens ist die Zertifizierung nach der ISO\/TS 16949 bzw. der neuen IATF 16949. Diese Zertifizierung f\u00fcr die Automobilindustrie geht in Teilbereichen weit \u00fcber ISO 9001 (die Basisnorm des Qualit\u00e4tswesens) hinaus, indem sie s\u00e4mtliche zusammenwirkenden Prozesse unseres Unternehmens abbildet. Durch diese Art des effizienten Qualit\u00e4tsmanagements sind wir in der Lage, Fehler im Produktionsprozess nicht einfach nur zu beheben, sondern sie von vornherein zu vermeiden. Das steigert unsere Leistung in den beiden Qualit\u00e4ts-Zielen, die f\u00fcr uns die wichtigsten sind: der Realisierung aller kundenspezifischen Forderungen und der langfristigen Steigerung der Zufriedenheit unserer Kunden<\/p>\n\n \n\t\t\t\n\t\t<\/div>\n\t\n \n\t\t<\/div>\n\t\n \n\t\t<\/div>\n\t\n\n\n\t\t<div  class=\"block-f524da72-5fb2-4910-ae64-258c8e4aa77e areoi-element container m-0 p-0\">\n\t\t\t\n\t\t\t\n\n<hr class=\"wp-block-separator has-alpha-channel-opacity style1\"\/>\n\n \n\t\t<\/div>\n\t\n\n\n\t\t<div  class=\"block-f9d0d384-48d1-45ca-80da-a7f2d7dd4b2e areoi-element container\">\n\t\t\t\n\t\t\t\n\n\t\t<div  class=\"block-e23a330a-87a1-4fa7-b7fd-95f2565318b1 row areoi-element row-cols-1 row-cols-md-2\">\n\t\t\t\n\n\t\t\t\n\n\t\t<div  class=\"block-955c45f8-5df2-4f78-a0a7-55095bb5af70 col areoi-element\">\n\t\t\t\n\t\t\t\n\n<h2 class=\"wp-block-heading\">Effiziente Prozesse schonen wertvolle Ressourcen, sch\u00fctzen die Umwelt und sichern Erfolg<\/h2>\n\n\n\n<p>Als weltweit operierendes Unternehmen haben wir die Verantwortung, wichtige Ressourcen zu schonen und im Sinne der Nachhaltigkeit f\u00fcr nachfolgende Generationen zu bewahren. Zu dieser Verantwortung stehen wir und dies \u00fcber die weltweite Standardnorm ISO 14001 hinaus: Gem\u00e4\u00df den EMAS-Forderungen (Eco Management and Audit Scheme) der Europ\u00e4ischen Union haben wir eine Umwelterkl\u00e4rung erstellt, die unsere umweltrelevanten T\u00e4tigkeiten wie Energieverbrauch, Emissionen, Abf\u00e4lle etc. detailliert dokumentiert und der \u00d6ffentlichkeit transparent darstellt. Diese Umwelterkl\u00e4rung wird j\u00e4hrlich von unabh\u00e4ngigen Umweltgutachtern \u00fcberpr\u00fcft und t\u00e4glich von allen Mitarbeitern der Bada AG in s\u00e4mtlichen Produktionsprozessen aktiv umgesetzt. Neue, immer wirksamere M\u00f6glichkeiten f\u00fcr umfassenden Umweltschutz zu finden, diese zu nutzen und unsere Umweltleistung konsequent zu verbessern, sind ebenso feste wie selbstverst\u00e4ndliche Bestandteile unseres zukunfts- und qualit\u00e4tsorientierten Handelns. Das beweisen auch regelm\u00e4\u00dfig die guten Ergebnisse im Rahmen von Responsible Care.<\/p>\n\n\n\n<p>Doch Nachhaltigkeit bedeutet f\u00fcr uns Verantwortung f\u00fcr unsere Mitarbeiter, unsere Partner und unsere Umgebung. Wir f\u00f6rdern und entwickeln unsere Mitarbeiter und stellen dabei h\u00f6chste Anforderungen an Arbeitsschutz, Gesundheitsschutz und Sicherheit. Wir unterst\u00fctzen unsere Lieferanten bei Ihrer Entwicklung und nutzen gleichzeitig Ihre Erfahrung f\u00fcr unsere kontinuierliche Verbesserung. Genauso engagieren wir uns in der Region bei der Unterst\u00fctzung sozialer, kultureller und sportlicher Projekte und Veranstaltungen. Wir versuchen einfach jeden Tag ein wenig besser zu werden!<\/p>\n\n\n\n<p>Mit diesem Selbstverst\u00e4ndnis, verbunden mit unserem t\u00e4glichen Einsatz daf\u00fcr, unterst\u00fctzen wir unsere Kunden bestm\u00f6glich. Denn wir sichern so langfristigen Erfolg f\u00fcr alle: unsere Mitarbeiter, unsere Lieferanten, unser Unternehmen, unseren Standort und damit f\u00fcr unsere Kunden.<\/p>\n\n\n\n<p>Unser aktuelles Umweltzertifikat und unsere EMAS-Urkunde finden Sie hier.<\/p>\n\n\n\n\t\t\t\t\n\t\t<a \n\t\t\t\n\t\t\tclass=\"block-c5a71521-ae72-459d-bb73-ffa11b0c90f7 btn areoi-has-url position-relative float-end btn-primary btn-lg\"\n\t href=\"https:\/\/bada.de\/zertifikate\" rel=\"noreferrer noopener\" target=\"_blank\" >\n\t\t\t\t\t\n\t\t\t\t\tZertifikate \n\t\t\t\t\t\n\t\t\t\t\t \n\t\t\t\t<\/a>\n\t\t\t\n \n\t\t\t\n\t\t<\/div>\n\t\n\n\n\t\t<div  class=\"block-fd7b5ade-62ea-4aaf-a61b-b4a45edaa033 col areoi-element\">\n\t\t\t\n\t\t\t\n\n<figure class=\"wp-block-image size-full img-thumbnail mb-3\"><img loading=\"lazy\" decoding=\"async\" width=\"640\" height=\"378\" src=\"https:\/\/bada.de\/app\/uploads\/004.jpg\" alt=\"\" class=\"img-fluid wp-image-54\" srcset=\"https:\/\/bada.de\/app\/uploads\/004.jpg 640w, https:\/\/bada.de\/app\/uploads\/004-300x177.jpg 300w\" sizes=\"auto, (max-width: 640px) 100vw, 640px\">\n<\/figure>\n\n\n\n<figure class=\"wp-block-image size-full img-thumbnail\"><img loading=\"lazy\" decoding=\"async\" width=\"640\" height=\"361\" src=\"https:\/\/bada.de\/app\/uploads\/005.jpg\" alt=\"\" class=\"img-fluid wp-image-59\" srcset=\"https:\/\/bada.de\/app\/uploads\/005.jpg 640w, https:\/\/bada.de\/app\/uploads\/005-300x169.jpg 300w\" sizes=\"auto, (max-width: 640px) 100vw, 640px\">\n<\/figure>\n\n \n\t\t\t\n\t\t<\/div>\n\t\n \n\t\t<\/div>\n\t\n \n\t\t<\/div>\n\t\n\n\n\t\t<div  class=\"block-f524da72-5fb2-4910-ae64-258c8e4aa77e areoi-element container m-0 p-0\">\n\t\t\t\n\t\t\t\n\n<hr class=\"wp-block-separator has-alpha-channel-opacity style1\"\/>\n\n \n\t\t<\/div>\n\t\n\n\n\t\t<div  class=\"block-373e7820-5ec1-4e95-8798-b68428b5183b areoi-element container\">\n\t\t\t\n\t\t\t\n\n\t\t<div  class=\"block-01ca55d6-daed-4ebb-a488-8655e6f1ffef row areoi-element row-cols-1 row-cols-md-2\">\n\t\t\t\n\n\t\t\t\n\n\t\t<div  class=\"block-fd7b5ade-62ea-4aaf-a61b-b4a45edaa033 col areoi-element\">\n\t\t\t\n\t\t\t\n\n<figure class=\"wp-block-image size-full img-thumbnail\"><img loading=\"lazy\" decoding=\"async\" width=\"640\" height=\"543\" src=\"https:\/\/bada.de\/app\/uploads\/b004.jpg\" alt=\"\" class=\"img-fluid wp-image-432\" srcset=\"https:\/\/bada.de\/app\/uploads\/b004.jpg 640w, https:\/\/bada.de\/app\/uploads\/b004-300x255.jpg 300w\" sizes=\"auto, (max-width: 640px) 100vw, 640px\">\n<\/figure>\n\n \n\t\t\t\n\t\t<\/div>\n\t\n\n\n\t\t<div  class=\"block-955c45f8-5df2-4f78-a0a7-55095bb5af70 col areoi-element\">\n\t\t\t\n\t\t\t\n\n<h2 class=\"wp-block-heading\">BADA &#8211; Labor- und Pr\u00fcfm\u00f6glichkeiten<\/h2>\n\n\n\n<p>Unser Labor bietet eine gro\u00dfe Vielfalt von Pr\u00fcf- und Analysem\u00f6glichkeiten zur Sicherstellung unserer Qualit\u00e4t. Sprechen Sie uns an:<\/p>\n\n\n\n<ul class=\"wp-block-list\">\n<li>Zug- und Biegefestigkeit&nbsp;&nbsp; auch f\u00fcr Mikropr\u00fcfk\u00f6rper<\/li>\n\n\n\n<li>Schlagz\u00e4higkeit<\/li>\n\n\n\n<li>HDT\/Vicat<\/li>\n\n\n\n<li>Rheometrie<\/li>\n\n\n\n<li>TGA\/DSC<\/li>\n\n\n\n<li>FTIR (Infrarotspektroskopie)<\/li>\n\n\n\n<li>VDE (Glow Wire Test)&nbsp;<\/li>\n\n\n\n<li>Elektr. Durchgangs- und OF-Widerstand<\/li>\n\n\n\n<li>UL Flammpr\u00fcfung<\/li>\n\n\n\n<li>Dichte<\/li>\n\n\n\n<li>Feuchte<\/li>\n\n\n\n<li>Gl\u00fchr\u00fcckstand<\/li>\n\n\n\n<li>Druckverformungsrest (DVR)<\/li>\n\n\n\n<li>Farbe<\/li>\n\n\n\n<li>Shore-H\u00e4rte (A+D)<\/li>\n\n\n\n<li>Kriechstromfestigkeit (CTI)<\/li>\n<\/ul>\n\n\n\n<p>Erg\u00e4nzt durch:<\/p>\n\n\n\n<ul class=\"wp-block-list\">\n<li>Technische Pr\u00fcfinstitute\/Hochschulen<\/li>\n\n\n\n<li>Verbundene Labors und andere Polymerproduzenten<\/li>\n<\/ul>\n\n \n\t\t\t\n\t\t<\/div>\n\t\n \n\t\t<\/div>\n\t\n \n\t\t<\/div>\n\t\n\n\n\t\t<div  class=\"block-f524da72-5fb2-4910-ae64-258c8e4aa77e areoi-element container m-0 p-0\">\n\t\t\t\n\t\t\t\n\n<hr class=\"wp-block-separator has-alpha-channel-opacity style1\"\/>\n\n \n\t\t<\/div>\n\t\n\n\n\t\t<div  class=\"block-8f7ff78b-e2b5-49ba-9b61-a2a8175e5d44 areoi-element container\">\n\t\t\t\n\t\t\t\n\n\t\t<div  class=\"block-715cd00e-37fc-47fd-803f-8e0650b5af18 row areoi-element\">\n\t\t\t\n\n\t\t\t\n\n\t\t<div  class=\"block-fb2e937f-98f0-425c-9e77-24e7c1bec170 col areoi-element border-right-light col-lg-6\">\n\t\t\t\n\t\t\t\n\n\t\t<div  class=\"block-0bcbdf4a-f223-47f5-9527-e38d4425ac5a areoi-element certificate-box\">\n\t\t\t\n\t\t\t\n\n\t\t<div  class=\"block-d17d2a8b-6a67-4ecd-94b5-ec51ca0814d8 row areoi-element\">\n\t\t\t\n\n\t\t\t\n\n\t\t<div  class=\"block-73e09e74-4ce9-4ada-8262-451b9267a978 col areoi-element col-12\">\n\t\t\t\n\t\t\t\n\n<h2 class=\"wp-block-heading\">Wir sind zertifiziert<\/h2>\n\n\n\n\t\t<div  class=\"block-49f19c81-bb48-494d-ab5a-bf8653287ccb row areoi-element\">\n\t\t\t\n\n\t\t\t\n\n\t\t<div  class=\"block-d38e6cdf-2aeb-4411-b616-9ad19f527a2a col areoi-element certificate-left col-sm-6\">\n\t\t\t\n\t\t\t\n\n<figure class=\"wp-block-image size-full is-style-default\"><img loading=\"lazy\" decoding=\"async\" width=\"189\" height=\"95\" src=\"https:\/\/bada.de\/app\/uploads\/certificates\/tuev.png\" alt=\"\" class=\"img-fluid wp-image-788\" style=\"object-fit:cover\">\n<\/figure>\n\n \n\t\t\t\n\t\t<\/div>\n\t\n\n\n\t\t<div  class=\"block-b7fcb93b-dc6b-4865-abe9-ec503079a405 col areoi-element certificate-middle col-sm-3\">\n\t\t\t\n\t\t\t\n\n<figure class=\"wp-block-image size-full\"><img loading=\"lazy\" decoding=\"async\" width=\"58\" height=\"96\" src=\"https:\/\/bada.de\/app\/uploads\/certificates\/emas.png\" alt=\"\" class=\"img-fluid wp-image-789\">\n<\/figure>\n\n \n\t\t\t\n\t\t<\/div>\n\t\n\n\n\t\t<div  class=\"block-938ac91a-13b5-4f51-aa96-acd329ac4ab4 col areoi-element certificate-right col-sm-3\">\n\t\t\t\n\t\t\t\n\n<figure class=\"wp-block-image size-full\"><img loading=\"lazy\" decoding=\"async\" width=\"105\" height=\"106\" src=\"https:\/\/bada.de\/app\/uploads\/certificates\/iso.png\" alt=\"\" class=\"img-fluid wp-image-787\">\n<\/figure>\n\n \n\t\t\t\n\t\t<\/div>\n\t\n \n\t\t<\/div>\n\t\n \n\t\t\t\n\t\t<\/div>\n\t\n \n\t\t<\/div>\n\t\n \n\t\t<\/div>\n\t\n \n\t\t\t\n\t\t<\/div>\n\t\n \n\t\t<\/div>\n\t\n \n\t\t<\/div>\n\t","protected":false},"excerpt":{"rendered":"","protected":false},"author":1,"featured_media":0,"parent":0,"menu_order":0,"comment_status":"closed","ping_status":"closed","template":"","meta":{"_acf_changed":false,"footnotes":""},"class_list":["post-53","page","type-page","status-publish","hentry"],"acf":[],"_links":{"self":[{"href":"https:\/\/bada.de\/de\/wp-json\/wp\/v2\/pages\/53","targetHints":{"allow":["GET"]}}],"collection":[{"href":"https:\/\/bada.de\/de\/wp-json\/wp\/v2\/pages"}],"about":[{"href":"https:\/\/bada.de\/de\/wp-json\/wp\/v2\/types\/page"}],"author":[{"embeddable":true,"href":"https:\/\/bada.de\/de\/wp-json\/wp\/v2\/users\/1"}],"replies":[{"embeddable":true,"href":"https:\/\/bada.de\/de\/wp-json\/wp\/v2\/comments?post=53"}],"version-history":[{"count":0,"href":"https:\/\/bada.de\/de\/wp-json\/wp\/v2\/pages\/53\/revisions"}],"wp:attachment":[{"href":"https:\/\/bada.de\/de\/wp-json\/wp\/v2\/media?parent=53"}],"curies":[{"name":"wp","href":"https:\/\/api.w.org\/{rel}","templated":true}]}}