{"id":9,"date":"2023-07-09T17:28:55","date_gmt":"2023-07-09T15:28:55","guid":{"rendered":"https:\/\/bada.de\/?page_id=9"},"modified":"2023-10-06T15:11:13","modified_gmt":"2023-10-06T13:11:13","slug":"ueber-uns","status":"publish","type":"page","link":"https:\/\/bada.de\/de\/ueber-uns","title":{"rendered":"Wir Sind Die Spezialisten F\u00fcr technische Thermoplaste &#038; Elastomer"},"content":{"rendered":"\n\t\t<div  class=\"block-f09607cb-b2d2-4bcb-a010-761ac4292151 areoi-element container\">\n\t\t\t\n\t\t\t\n\n\t\t<div  class=\"block-c095d0f2-82ca-4bac-9949-12361b7c8286 row areoi-element\">\n\t\t\t\n\n\t\t\t\n\n\t\t<div  class=\"block-fb782a5b-6bc5-4d99-8224-93d983f61f00 col areoi-element col-12\">\n\t\t\t\n\t\t\t\n\n<p>Seit 1998 fertigt die Bada AG hochwertige technische Thermoplaste und thermoplastische Elastomere f\u00fcr so unterschiedliche Branchen wie Automobil, Elektronik, Sport und Freizeit, Bau, M\u00f6belherstellung, Medizintechnik und Haushaltswaren. <\/p>\n\n\n\n<p>Dabei haben wir uns bei unseren internationalen Kunden als innovativer Spezialcompoundierer und flexibler Serviceanbieter etabliert: Mit modernster Produktionstechnologie in effizienten Abl\u00e4ufen entwickelt unser hoch qualifiziertes, dynamisches Team Compounds mit genau den Eigenschaften, die f\u00fcr die gew\u00fcnschte Kundenanwendung erforderlich und f\u00fcr ihre Funktion entscheidend sind. <\/p>\n\n\n\n<p>Unsere ma\u00dfgeschneiderten Kundenl\u00f6sungen liefern wir in konstant hochwertiger Qualit\u00e4t und dank unseres weit gestreckten Vertriebsnetzes auf k\u00fcrzesten Wegen in die ganze Welt.<\/p>\n\n \n\t\t\t\n\t\t<\/div>\n\t\n \n\t\t<\/div>\n\t\n \n\t\t<\/div>\n\t\n\n\n\t\t<div  class=\"block-f524da72-5fb2-4910-ae64-258c8e4aa77e areoi-element container m-0 p-0\">\n\t\t\t\n\t\t\t\n\n<hr class=\"wp-block-separator has-alpha-channel-opacity style1\"\/>\n\n \n\t\t<\/div>\n\t\n\n\n\t\t<div  class=\"block-97bc28bb-7208-4fe4-8e0e-e3c353cb06e5 areoi-element container\">\n\t\t\t\n\t\t\t\n\n\t\t<div  class=\"block-06eb97a5-de3b-4110-9d62-5a68af4585ed row areoi-element row-cols-1 row-cols-md-3\">\n\t\t\t\n\n\t\t\t\n\n\t\t<div  class=\"block-fb782a5b-6bc5-4d99-8224-93d983f61f00 col areoi-element\">\n\t\t\t\n\t\t\t\n\n\t\t<div  class=\"block-7283b13f-23d8-44b1-8ce3-d853403b7230 card align-text-bottom image\">\n\t\t\t\n\n<figure class=\"wp-block-image size-full card-img-top img-thumbnail img-fluid\"><img loading=\"lazy\" decoding=\"async\" width=\"450\" height=\"416\" src=\"https:\/\/bada.de\/app\/uploads\/about-cont-1.jpeg\" alt=\"\" class=\"img-fluid wp-image-614\" style=\"aspect-ratio:1;object-fit:cover\" srcset=\"https:\/\/bada.de\/app\/uploads\/about-cont-1.jpeg 450w, https:\/\/bada.de\/app\/uploads\/about-cont-1-300x277.jpeg 300w\" sizes=\"auto, (max-width: 450px) 100vw, 450px\">\n<\/figure>\n\n\n\n\t\t<div  class=\"block-4a9336e9-91d1-4e5c-87a1-3904134adca9 card-body card-img-overlay d-flex align-items-end\">\n\t\t\t\n\n<h2 class=\"wp-block-heading card-title image-caption\"><a href=\"https:\/\/bada.de\/philosophie\" data-type=\"page\" data-id=\"27\" target=\"_blank\" rel=\"noopener noreferrer nofollow\">Philosophie<\/a><\/h2>\n\n \n\t\t<\/div>\n\t\n \n\t\t<\/div>\n\t\n \n\t\t\t\n\t\t<\/div>\n\t\n\n\n\t\t<div  class=\"block-97a90919-28b6-4bea-97ac-949fb127aa4d col areoi-element\">\n\t\t\t\n\t\t\t\n\n\t\t<div  class=\"block-fb0b7655-6f4d-48aa-b1ef-9aa29e8e58de card align-text-bottom image\">\n\t\t\t\n\n<figure class=\"wp-block-image size-full card-img-top img-thumbnail img-fluid\"><img loading=\"lazy\" decoding=\"async\" width=\"450\" height=\"416\" src=\"https:\/\/bada.de\/app\/uploads\/about-cont-2.jpeg\" alt=\"\" class=\"img-fluid wp-image-615\" style=\"aspect-ratio:1;object-fit:cover\" srcset=\"https:\/\/bada.de\/app\/uploads\/about-cont-2.jpeg 450w, https:\/\/bada.de\/app\/uploads\/about-cont-2-300x277.jpeg 300w\" sizes=\"auto, (max-width: 450px) 100vw, 450px\">\n<\/figure>\n\n\n\n\t\t<div  class=\"block-4a9336e9-91d1-4e5c-87a1-3904134adca9 card-body card-img-overlay d-flex align-items-end\">\n\t\t\t\n\n<h2 class=\"wp-block-heading card-title image-caption\"><a href=\"https:\/\/bada.de\/historie-und-standorte\" data-type=\"page\" data-id=\"34\" target=\"_blank\" rel=\"noopener noreferrer nofollow\">Historie &amp; Standort<\/a><\/h2>\n\n \n\t\t<\/div>\n\t\n \n\t\t<\/div>\n\t\n \n\t\t\t\n\t\t<\/div>\n\t\n\n\n\t\t<div  class=\"block-887590e4-8656-4933-978b-2113dbc69045 col areoi-element\">\n\t\t\t\n\t\t\t\n\n\t\t<div  class=\"block-f67a8674-1571-4d34-a3d8-9d0bdd749254 card align-text-bottom image\">\n\t\t\t\n\n<figure class=\"wp-block-image size-full card-img-top img-thumbnail img-fluid\"><img loading=\"lazy\" decoding=\"async\" width=\"450\" height=\"416\" src=\"https:\/\/bada.de\/app\/uploads\/about-cont-3.jpeg\" alt=\"\" class=\"img-fluid wp-image-616\" style=\"aspect-ratio:1;object-fit:cover\" srcset=\"https:\/\/bada.de\/app\/uploads\/about-cont-3.jpeg 450w, https:\/\/bada.de\/app\/uploads\/about-cont-3-300x277.jpeg 300w\" sizes=\"auto, (max-width: 450px) 100vw, 450px\">\n<\/figure>\n\n\n\n\t\t<div  class=\"block-4a9336e9-91d1-4e5c-87a1-3904134adca9 card-body card-img-overlay d-flex align-items-end\">\n\t\t\t\n\n<h2 class=\"wp-block-heading card-title image-caption\"><a href=\"https:\/\/bada.de\/technologie\" data-type=\"page\" data-id=\"46\" target=\"_blank\" rel=\"noopener noreferrer nofollow\">Technologie<\/a><\/h2>\n\n \n\t\t<\/div>\n\t\n \n\t\t<\/div>\n\t\n \n\t\t\t\n\t\t<\/div>\n\t\n\n\n\t\t<div  class=\"block-fb782a5b-6bc5-4d99-8224-93d983f61f00 col areoi-element\">\n\t\t\t\n\t\t\t\n\n\t\t<div  class=\"block-7283b13f-23d8-44b1-8ce3-d853403b7230 card align-text-bottom image\">\n\t\t\t\n\n<figure class=\"wp-block-image size-full card-img-top img-thumbnail img-fluid\"><img loading=\"lazy\" decoding=\"async\" width=\"450\" height=\"416\" src=\"https:\/\/bada.de\/app\/uploads\/about-cont-4.jpeg\" alt=\"\" class=\"img-fluid wp-image-617\" style=\"aspect-ratio:1;object-fit:cover\" srcset=\"https:\/\/bada.de\/app\/uploads\/about-cont-4.jpeg 450w, https:\/\/bada.de\/app\/uploads\/about-cont-4-300x277.jpeg 300w\" sizes=\"auto, (max-width: 450px) 100vw, 450px\">\n<\/figure>\n\n\n\n\t\t<div  class=\"block-4a9336e9-91d1-4e5c-87a1-3904134adca9 card-body card-img-overlay d-flex align-items-end\">\n\t\t\t\n\n<h2 class=\"wp-block-heading card-title image-caption\"><a href=\"https:\/\/bada.de\/qualitatsmanagement\" data-type=\"page\" data-id=\"53\" target=\"_blank\" rel=\"noopener noreferrer nofollow\">Qualit\u00e4tsmanagement.<\/a><\/h2>\n\n \n\t\t<\/div>\n\t\n \n\t\t<\/div>\n\t\n \n\t\t\t\n\t\t<\/div>\n\t\n\n\n\t\t<div  class=\"block-97a90919-28b6-4bea-97ac-949fb127aa4d col areoi-element\">\n\t\t\t\n\t\t\t\n\n\t\t<div  class=\"block-fb0b7655-6f4d-48aa-b1ef-9aa29e8e58de card align-text-bottom image\">\n\t\t\t\n\n<figure class=\"wp-block-image size-full card-img-top img-thumbnail img-fluid\"><img loading=\"lazy\" decoding=\"async\" width=\"450\" height=\"416\" src=\"https:\/\/bada.de\/app\/uploads\/about-cont-5.jpeg\" alt=\"\" class=\"img-fluid wp-image-618\" style=\"aspect-ratio:1;object-fit:cover\" srcset=\"https:\/\/bada.de\/app\/uploads\/about-cont-5.jpeg 450w, https:\/\/bada.de\/app\/uploads\/about-cont-5-300x277.jpeg 300w\" sizes=\"auto, (max-width: 450px) 100vw, 450px\">\n<\/figure>\n\n\n\n\t\t<div  class=\"block-4a9336e9-91d1-4e5c-87a1-3904134adca9 card-body card-img-overlay d-flex align-items-end\">\n\t\t\t\n\n<h2 class=\"wp-block-heading card-title image-caption\"><a href=\"https:\/\/bada.de\/export-logistik\" data-type=\"page\" data-id=\"65\" target=\"_blank\" rel=\"noopener noreferrer nofollow\">Export &amp; Logistik<\/a><\/h2>\n\n \n\t\t<\/div>\n\t\n \n\t\t<\/div>\n\t\n \n\t\t\t\n\t\t<\/div>\n\t\n\n\n\t\t<div  class=\"block-887590e4-8656-4933-978b-2113dbc69045 col areoi-element\">\n\t\t\t\n\t\t\t\n\n\t\t<div  class=\"block-f67a8674-1571-4d34-a3d8-9d0bdd749254 card align-text-bottom image\">\n\t\t\t\n\n<figure class=\"wp-block-image size-full card-img-top img-thumbnail img-fluid\"><img loading=\"lazy\" decoding=\"async\" width=\"450\" height=\"416\" src=\"https:\/\/bada.de\/app\/uploads\/about-cont-6.jpeg\" alt=\"\" class=\"img-fluid wp-image-619\" style=\"aspect-ratio:1;object-fit:cover\" srcset=\"https:\/\/bada.de\/app\/uploads\/about-cont-6.jpeg 450w, https:\/\/bada.de\/app\/uploads\/about-cont-6-300x277.jpeg 300w\" sizes=\"auto, (max-width: 450px) 100vw, 450px\">\n<\/figure>\n\n\n\n\t\t<div  class=\"block-4a9336e9-91d1-4e5c-87a1-3904134adca9 card-body card-img-overlay d-flex align-items-end\">\n\t\t\t\n\n<h2 class=\"wp-block-heading card-title image-caption\"><a href=\"https:\/\/bada.de\/arbeiten-bei-bada\" data-type=\"page\" data-id=\"79\" target=\"_blank\" rel=\"noopener noreferrer nofollow\">Arbeiten bei BADA.<\/a><\/h2>\n\n \n\t\t<\/div>\n\t\n \n\t\t<\/div>\n\t\n \n\t\t\t\n\t\t<\/div>\n\t\n \n\t\t<\/div>\n\t\n \n\t\t<\/div>\n\t\n\n\n\t\t<div  class=\"block-f524da72-5fb2-4910-ae64-258c8e4aa77e areoi-element container m-0 p-0\">\n\t\t\t\n\t\t\t\n\n<hr class=\"wp-block-separator has-alpha-channel-opacity style1\"\/>\n\n \n\t\t<\/div>\n\t\n\n\n\t\t<div  class=\"block-97bc28bb-7208-4fe4-8e0e-e3c353cb06e5 areoi-element container\">\n\t\t\t\n\t\t\t\n\n\t\t<div  class=\"block-623d8a50-f623-41a3-9f44-ca34d2924989 row areoi-element row-cols-1 row-cols-md-2\">\n\t\t\t\n\n\t\t\t\n\n\t\t<div  class=\"block-fb782a5b-6bc5-4d99-8224-93d983f61f00 col areoi-element\">\n\t\t\t\n\t\t\t\n\n<h2 class=\"wp-block-heading\">News<\/h2>\n\n\n<div class=\"container m-0 p-0 badatron-news-container\">\n            <div class=\"row m-0 p-0 align-self-stretch\">\n            \n                <div class=\"col col-12 col-md-6 m-0 p-0 news-left pe-md-2 pb-3 pb-md-2\">\n\n                    <div id=\"badatron-news-11042\" class=\"news\">\n                        <div class=\"news-header\">\n\n                                                            <a href=\"https:\/\/bada.de\/de\/news\/du-arbeitest-strukturiert-denkst-mit-und-behaeltst-auch-bei-vielen-parallelen-aufgaben-den-ueberblick\" class=\"news-link\">\n                                    <div class=\"news-image\">\n                                        <img loading=\"lazy\" decoding=\"async\" width=\"370\" height=\"180\" src=\"https:\/\/bada.de\/app\/uploads\/Assistenz-GL-370x180.jpg\" class=\"img-fluid news-image image-fluid img-thumbnail wp-post-image\" alt=\"\">\n                                    <\/div>\n                                    <!-- \/.news-image -->\n\n                                    <span class=\"news-date\">19.02.2026<\/span>\n                                    <!-- \/.news-date -->\n                                <\/a>\n                                <!-- \/.news-link -->\n\n                                <h2 class=\"news-headline text-break\">\n                                    Du arbeitest strukturiert, denkst mit und beh\u00e4ltst auch bei vielen parallelen Aufgaben den \u00dcberblick?                                <\/h2>\n                                <!-- \/.news-headline text-break -->\n                                                    <\/div>\n                        <!-- \/.news-header -->\n\n\n                        <div class=\"news-body\">\n                            Dann unterst\u00fctze unsere Gesch\u00e4ftsleitung in Teilzeit am Standort B\u00fchl. Als Assistenz der Gesch\u00e4ftsleitung bist du die zentrale Schnittstelle zwischen Vorstand, Mitarbeiter im Innen- und Au\u00dfendienst. Du organisierst, koordinierst und gestaltest aktiv mit.\ud83d\udcdd Deine Aufgaben:\u2212 Reiseplanung                        <\/div>\n                        <!-- \/.news-body -->\n\n                        <div class=\"news-footer\">\n                            <a class=\"float-end\" href=\"<https:\/\/bada.de\/de\/news\/du-arbeitest-strukturiert-denkst-mit-und-behaeltst-auch-bei-vielen-parallelen-aufgaben-den-ueberblick\">\n                                <button class=\"btn btn-info news-more\" type=\"button\">\n                                    Mehr lesen                                <\/button>\n                            <\/a>\n                        <\/div>\n                        <!-- \/.news-footer -->\n\n                    <\/div>\n                    <!-- \/#badatron-news-11042.news -->\n\n                <\/div>\n                <!-- \/.col col-12 col-md-6 -->\n                \n                <div class=\"col col-12 col-md-6 m-0 p-0 news-right ps-md-2 pb-3 pb-md-2\">\n\n                    <div id=\"badatron-news-11055\" class=\"news\">\n                        <div class=\"news-header\">\n\n                                                            <a href=\"https:\/\/bada.de\/de\/news\/heute-ist-schmutziger-donnerstag-und-das-feiern-wir-auch-bei-bada-%f0%9f%a5%b3\" class=\"news-link\">\n                                    <div class=\"news-image\">\n                                        <img loading=\"lazy\" decoding=\"async\" width=\"370\" height=\"180\" src=\"https:\/\/bada.de\/app\/uploads\/Schmutziger-Donnerstag-370x180.jpg\" class=\"img-fluid news-image image-fluid img-thumbnail wp-post-image\" alt=\"\">\n                                    <\/div>\n                                    <!-- \/.news-image -->\n\n                                    <span class=\"news-date\">12.02.2026<\/span>\n                                    <!-- \/.news-date -->\n                                <\/a>\n                                <!-- \/.news-link -->\n\n                                <h2 class=\"news-headline text-break\">\n                                    Heute ist Schmutziger Donnerstag und das feiern wir auch bei Bada. \ud83e\udd73                                <\/h2>\n                                <!-- \/.news-headline text-break -->\n                                                    <\/div>\n                        <!-- \/.news-header -->\n\n\n                        <div class=\"news-body\">\n                            Mit leckerem Essen, guter Stimmung und kreativen Verkleidungen bringen wir die Fastnacht in den Arbeitsalltag. F\u00fcr uns ist das mehr als nur eine Tradition. Es ist ein sch\u00f6nes Beispiel daf\u00fcr, wie Gemeinschaft und Zusammenhalt bei                        <\/div>\n                        <!-- \/.news-body -->\n\n                        <div class=\"news-footer\">\n                            <a class=\"float-end\" href=\"<https:\/\/bada.de\/de\/news\/heute-ist-schmutziger-donnerstag-und-das-feiern-wir-auch-bei-bada-%f0%9f%a5%b3\">\n                                <button class=\"btn btn-info news-more\" type=\"button\">\n                                    Mehr lesen                                <\/button>\n                            <\/a>\n                        <\/div>\n                        <!-- \/.news-footer -->\n\n                    <\/div>\n                    <!-- \/#badatron-news-11055.news -->\n\n                <\/div>\n                <!-- \/.col col-12 col-md-6 -->\n                \n                <div class=\"col col-12 col-md-6 m-0 p-0 news-left pe-md-2 pb-3 pb-md-0\">\n\n                    <div id=\"badatron-news-11053\" class=\"news\">\n                        <div class=\"news-header\">\n\n                                                            <a href=\"https:\/\/bada.de\/de\/news\/bada-auf-der-kpa-in-ulm-3\" class=\"news-link\">\n                                    <div class=\"news-image\">\n                                        <img loading=\"lazy\" decoding=\"async\" width=\"370\" height=\"180\" src=\"https:\/\/bada.de\/app\/uploads\/KPA-Ulm-370x180.jpg\" class=\"img-fluid news-image image-fluid img-thumbnail wp-post-image\" alt=\"\">\n                                    <\/div>\n                                    <!-- \/.news-image -->\n\n                                    <span class=\"news-date\">09.02.2026<\/span>\n                                    <!-- \/.news-date -->\n                                <\/a>\n                                <!-- \/.news-link -->\n\n                                <h2 class=\"news-headline text-break\">\n                                    Bada auf der KPA in Ulm                                <\/h2>\n                                <!-- \/.news-headline text-break -->\n                                                    <\/div>\n                        <!-- \/.news-header -->\n\n\n                        <div class=\"news-body\">\n                            Save the date: Am 25. und 26. Februar sind wir auf der KPA 2026 in Ulm vertreten. Die KPA ist der Treffpunkt f\u00fcr praxisnahe Kunststoffl\u00f6sungen und innovative Anwendungen. Genau der richtige Rahmen, um \u00fcber hochwertige                        <\/div>\n                        <!-- \/.news-body -->\n\n                        <div class=\"news-footer\">\n                            <a class=\"float-end\" href=\"<https:\/\/bada.de\/de\/news\/bada-auf-der-kpa-in-ulm-3\">\n                                <button class=\"btn btn-info news-more\" type=\"button\">\n                                    Mehr lesen                                <\/button>\n                            <\/a>\n                        <\/div>\n                        <!-- \/.news-footer -->\n\n                    <\/div>\n                    <!-- \/#badatron-news-11053.news -->\n\n                <\/div>\n                <!-- \/.col col-12 col-md-6 -->\n                \n                <div class=\"col col-12 col-md-6 m-0 p-0 news-right ps-md-2 pb-3 pb-md-0\">\n\n                    <div id=\"badatron-news-11066\" class=\"news\">\n                        <div class=\"news-header\">\n\n                                                            <a href=\"https:\/\/bada.de\/de\/news\/get-the-difference\" class=\"news-link\">\n                                    <div class=\"news-image\">\n                                        <img loading=\"lazy\" decoding=\"async\" width=\"370\" height=\"180\" src=\"https:\/\/bada.de\/app\/uploads\/GetTheDifference-370x180.jpg\" class=\"img-fluid news-image image-fluid img-thumbnail wp-post-image\" alt=\"\">\n                                    <\/div>\n                                    <!-- \/.news-image -->\n\n                                    <span class=\"news-date\">30.01.2026<\/span>\n                                    <!-- \/.news-date -->\n                                <\/a>\n                                <!-- \/.news-link -->\n\n                                <h2 class=\"news-headline text-break\">\n                                    \u201eGet the Difference\u201c                                <\/h2>\n                                <!-- \/.news-headline text-break -->\n                                                    <\/div>\n                        <!-- \/.news-header -->\n\n\n                        <div class=\"news-body\">\n                            \u201eGet the Difference\u201c ist f\u00fcr uns bei Bada weit mehr als nur ein Claim. Es beschreibt, wie wir arbeiten. Wir h\u00f6ren zu, bevor wir beraten. Wir entwickeln L\u00f6sungen, bevor wir verkaufen. Wir begleiten Kunden technisch                        <\/div>\n                        <!-- \/.news-body -->\n\n                        <div class=\"news-footer\">\n                            <a class=\"float-end\" href=\"<https:\/\/bada.de\/de\/news\/get-the-difference\">\n                                <button class=\"btn btn-info news-more\" type=\"button\">\n                                    Mehr lesen                                <\/button>\n                            <\/a>\n                        <\/div>\n                        <!-- \/.news-footer -->\n\n                    <\/div>\n                    <!-- \/#badatron-news-11066.news -->\n\n                <\/div>\n                <!-- \/.col col-12 col-md-6 -->\n                        <\/div>\n        <!-- \/.row -->\n    <\/div>\n<!-- \/.container badatron-recent-posts-container -->\n\n<!-- INFO: resources\/templates\/shortcodes\/badatron-recent-posts\/mini-4-cols.tpl.php rendered in 0.014813 seconds. Memory usage: 441 KB -->\n\n\n \n\t\t\t\n\t\t<\/div>\n\t\n\n\n\t\t<div  class=\"block-97a90919-28b6-4bea-97ac-949fb127aa4d col areoi-element\">\n\t\t\t\n\t\t\t\n\n<h2 class=\"wp-block-heading\">H\u00e4ufig gestellte Fragen<\/h2>\n\n\n\n\t\t<div  class=\"block-9403f121-1daf-4d43-88af-02187d6bc58a list-group questions\">\n\t\t\t\n\n\t\t\t<a \n\t\t\t\thref=\"https:\/\/bada.de\/haeufige-fragen-und-antworten#faq1\" \n\t\t\t\trel=\"\" \n\t\t\t\ttarget=\"\" \n\t\t\t\tid=\"block-e6a39832-2775-427a-bbde-fd4515dc4a46\" \n\t\t\t\tclass=\"list-group-item\"\n\t\t\t target=\"_blank\">\n\t\t\t\tWo finde ich technische Literatur zu meinem Compound? \n\t\t\t<\/a>\n\t\t\n\n\n\t\t\t<a \n\t\t\t\thref=\"https:\/\/bada.de\/haeufige-fragen-und-antworten#faq2\" \n\t\t\t\trel=\"\" \n\t\t\t\ttarget=\"\" \n\t\t\t\tid=\"block-1cab6716-2dc4-49bf-a943-f1d1149baf1c\" \n\t\t\t\tclass=\"list-group-item\"\n\t\t\t target=\"_blank\">\n\t\t\t\tDie Produktion meines Artikels findet nicht in Europa statt. Kann Bada weltweit liefern? \n\t\t\t<\/a>\n\t\t\n\n\n\t\t\t<a \n\t\t\t\thref=\"https:\/\/bada.de\/haeufige-fragen-und-antworten#faq3\" \n\t\t\t\trel=\"\" \n\t\t\t\ttarget=\"\" \n\t\t\t\tid=\"block-1107ed96-6de1-4beb-b5c7-19c0cac57daa\" \n\t\t\t\tclass=\"list-group-item\"\n\t\t\t target=\"_blank\">\n\t\t\t\tIch finde mein gew\u00fcnschtes Compound nicht in der Produktliste. Produziert Bada auch kundenspezifische Produkte? \n\t\t\t<\/a>\n\t\t\n\n\n\t\t\t<a \n\t\t\t\thref=\"https:\/\/bada.de\/haeufige-fragen-und-antworten#faq4\" \n\t\t\t\trel=\"\" \n\t\t\t\ttarget=\"\" \n\t\t\t\tid=\"block-1489896f-516f-4f01-b5c8-92accbb66495\" \n\t\t\t\tclass=\"list-group-item\"\n\t\t\t target=\"_blank\">\n\t\t\t\tWir m\u00f6chten einen Artikel zuk\u00fcnftig in Kunststoff fertigen, kennen uns aber in dem Werkstoff nicht aus. K\u00f6nnen Sie uns in der Entwicklung unterst\u00fctzen? \n\t\t\t<\/a>\n\t\t\n\n\n\t\t\t<a \n\t\t\t\thref=\"https:\/\/bada.de\/haeufige-fragen-und-antworten#faq5\" \n\t\t\t\trel=\"\" \n\t\t\t\ttarget=\"\" \n\t\t\t\tid=\"block-412ddaf6-5604-4c0c-8f84-51ee9b573a8d\" \n\t\t\t\tclass=\"list-group-item\"\n\t\t\t target=\"_blank\">\n\t\t\t\tWo finde ich Angaben zur Schwindung meines Compounds? \n\t\t\t<\/a>\n\t\t\n \n\t\t<\/div>\n\t\n\n\n\t\t\t\t\n\t\t<a \n\t\t\t\n\t\t\tclass=\"block-c5a71521-ae72-459d-bb73-ffa11b0c90f7 btn areoi-has-url position-relative float-end btn-primary btn-lg\"\n\t href=\"https:\/\/bada.de\/haeufige-fragen-und-antworten\"  target=\"_blank\" rel=\"noopener noreferrer nofollow\">\n\t\t\t\t\t\n\t\t\t\t\tAlle Fragen ansehen \n\t\t\t\t\t\n\t\t\t\t\t \n\t\t\t\t<\/a>\n\t\t\t\n \n\t\t\t\n\t\t<\/div>\n\t\n \n\t\t<\/div>\n\t\n \n\t\t<\/div>\n\t\n\n\n\t\t<div  class=\"block-fa3c19cc-49e8-4e98-9d81-64a88d577790 areoi-element container\">\n\t\t\t\n\t\t\t\n\n\t\t<div  class=\"block-33a6347b-ff7b-4436-be81-3c00d907e2f8 row areoi-element\">\n\t\t\t\n\n\t\t\t\n\n\t\t<div  class=\"block-a1b15a1b-ad6b-4dbd-a6db-7d532f826ae4 col areoi-element\">\n\t\t\t\n\t\t\t \n\t\t\t\n\t\t<\/div>\n\t\n \n\t\t<\/div>\n\t\n \n\t\t<\/div>\n\t\n\n\n\t\t<div  class=\"block-f524da72-5fb2-4910-ae64-258c8e4aa77e areoi-element container m-0 p-0\">\n\t\t\t\n\t\t\t\n\n<hr class=\"wp-block-separator has-alpha-channel-opacity style1\"\/>\n\n \n\t\t<\/div>\n\t\n\n\n\t\t<div  class=\"block-8f7ff78b-e2b5-49ba-9b61-a2a8175e5d44 areoi-element container\">\n\t\t\t\n\t\t\t\n\n\t\t<div  class=\"block-715cd00e-37fc-47fd-803f-8e0650b5af18 row areoi-element\">\n\t\t\t\n\n\t\t\t\n\n\t\t<div  class=\"block-fb2e937f-98f0-425c-9e77-24e7c1bec170 col areoi-element border-right-light col-lg-6\">\n\t\t\t\n\t\t\t\n\n\t\t<div  class=\"block-0bcbdf4a-f223-47f5-9527-e38d4425ac5a areoi-element certificate-box\">\n\t\t\t\n\t\t\t\n\n\t\t<div  class=\"block-d17d2a8b-6a67-4ecd-94b5-ec51ca0814d8 row areoi-element\">\n\t\t\t\n\n\t\t\t\n\n\t\t<div  class=\"block-73e09e74-4ce9-4ada-8262-451b9267a978 col areoi-element col-12\">\n\t\t\t\n\t\t\t\n\n<h2 class=\"wp-block-heading\">Wir sind zertifiziert<\/h2>\n\n\n\n\t\t<div  class=\"block-49f19c81-bb48-494d-ab5a-bf8653287ccb row areoi-element\">\n\t\t\t\n\n\t\t\t\n\n\t\t<div  class=\"block-d38e6cdf-2aeb-4411-b616-9ad19f527a2a col areoi-element certificate-left col-sm-6\">\n\t\t\t\n\t\t\t\n\n<figure class=\"wp-block-image size-full is-style-default\"><img loading=\"lazy\" decoding=\"async\" width=\"189\" height=\"95\" src=\"https:\/\/bada.de\/app\/uploads\/certificates\/tuev.png\" alt=\"\" class=\"img-fluid wp-image-788\" style=\"object-fit:cover\">\n<\/figure>\n\n \n\t\t\t\n\t\t<\/div>\n\t\n\n\n\t\t<div  class=\"block-b7fcb93b-dc6b-4865-abe9-ec503079a405 col areoi-element certificate-middle col-sm-3\">\n\t\t\t\n\t\t\t\n\n<figure class=\"wp-block-image size-full\"><img loading=\"lazy\" decoding=\"async\" width=\"58\" height=\"96\" src=\"https:\/\/bada.de\/app\/uploads\/certificates\/emas.png\" alt=\"\" class=\"img-fluid wp-image-789\">\n<\/figure>\n\n \n\t\t\t\n\t\t<\/div>\n\t\n\n\n\t\t<div  class=\"block-938ac91a-13b5-4f51-aa96-acd329ac4ab4 col areoi-element certificate-right col-sm-3\">\n\t\t\t\n\t\t\t\n\n<figure class=\"wp-block-image size-full\"><img loading=\"lazy\" decoding=\"async\" width=\"105\" height=\"106\" src=\"https:\/\/bada.de\/app\/uploads\/certificates\/iso.png\" alt=\"\" class=\"img-fluid wp-image-787\">\n<\/figure>\n\n \n\t\t\t\n\t\t<\/div>\n\t\n \n\t\t<\/div>\n\t\n \n\t\t\t\n\t\t<\/div>\n\t\n \n\t\t<\/div>\n\t\n \n\t\t<\/div>\n\t\n \n\t\t\t\n\t\t<\/div>\n\t\n \n\t\t<\/div>\n\t\n \n\t\t<\/div>\n\t","protected":false},"excerpt":{"rendered":"","protected":false},"author":2,"featured_media":0,"parent":0,"menu_order":0,"comment_status":"closed","ping_status":"closed","template":"","meta":{"_acf_changed":false,"footnotes":""},"class_list":["post-9","page","type-page","status-publish","hentry"],"acf":[],"_links":{"self":[{"href":"https:\/\/bada.de\/de\/wp-json\/wp\/v2\/pages\/9","targetHints":{"allow":["GET"]}}],"collection":[{"href":"https:\/\/bada.de\/de\/wp-json\/wp\/v2\/pages"}],"about":[{"href":"https:\/\/bada.de\/de\/wp-json\/wp\/v2\/types\/page"}],"author":[{"embeddable":true,"href":"https:\/\/bada.de\/de\/wp-json\/wp\/v2\/users\/2"}],"replies":[{"embeddable":true,"href":"https:\/\/bada.de\/de\/wp-json\/wp\/v2\/comments?post=9"}],"version-history":[{"count":0,"href":"https:\/\/bada.de\/de\/wp-json\/wp\/v2\/pages\/9\/revisions"}],"wp:attachment":[{"href":"https:\/\/bada.de\/de\/wp-json\/wp\/v2\/media?parent=9"}],"curies":[{"name":"wp","href":"https:\/\/api.w.org\/{rel}","templated":true}]}}