{"id":1742,"date":"2023-09-18T17:47:16","date_gmt":"2023-09-18T15:47:16","guid":{"rendered":"https:\/\/bada.de\/grupos-de-productos"},"modified":"2023-09-28T14:45:57","modified_gmt":"2023-09-28T12:45:57","slug":"grupos-de-productos","status":"publish","type":"page","link":"https:\/\/bada.de\/es\/grupos-de-productos","title":{"rendered":"Grupos de productos"},"content":{"rendered":"\n<p><\/p>\n\n\n\n<div class=\"container p-0 mb-5\">\n    <div class=\"widget badatron-product-finder\"><form    class=\"omnisearch-form\"\n    role=\"search\"\n    method=\"get\"\n    action=\"https:\/\/bada.de\/es\">\n    <div class=\"form-group\">\n        <span class=\"screen-reader-text\">\n                    <\/span>\n        <div class=\"input-group input-group-merge input-group-flush\">\n            <input class=\"form-control\"\n                   type=\"search\"\n                   placeholder=\"Nombre del producto, p. ej.\"\n                   name=\"s\"\n                   value=\"\">\n            <!-- \/.form-control -->\n\n            <div class=\"input-group-text input-group-prepend\">\n                <button type=\"submit\" class=\"input-group-text\">\n                    <i class=\"fas fa-search\"><\/i>\n                <\/button>\n                <!-- \/.input-group-text -->\n            <\/div>\n            <!-- \/.input-group-text input-group-prepend -->\n        <\/div>\n        <!-- \/.input-group input-group-merge input-group-flush -->\n\n    <\/div>\n    <!-- \/.form-group -->\n<\/form>\n\n<!-- INFO: resources\/templates\/widgets\/badatron-product-finder.tpl.php rendered in 0.000073 seconds. Memory usage: 568 B -->\n<\/div><\/div>\n\n<div class=\"container p-0 m-0\">\n    <div class=\"row\">\n                        <div class=\"col-12 col-sm-6 col-lg-3\">\n                    <div class=\"section narrow product  product-badadur\">\n\n                        <a href=\"https:\/\/bada.de\/es\/products\/badadur-es\"\n                           title=\"Badadur\u00ae\">\n                            <div class=\"section-header\">\n                                <h2 class=\"section-title\">\n\n                            <span class=\"product product-badadur-es\">\n\n                                    \n                                <img loading=\"lazy\" decoding=\"async\" src=\"https:\/\/bada.de\/app\/uploads\/product-logos\/badadur.png\" title=\"Badadur&Acirc;&reg;\" alt=\"Badadur&Acirc;&reg;\" width=\"174\" height=\"20\" class=\"img-fluid\">\n\n                            <\/span>\n                                    <!-- \/.product-logo -->\n\n                                    <span class=\"product-type\">\n                                                                                PBT, Blends                                <\/span>\n                                    <!-- \/.product-type -->\n\n                                <\/h2>\n                                <!-- \/.section-title -->\n                                <div class=\"section-ctab\">\n                                <span>\n                                        M\u00e1s                                <\/span>\n                                <\/div>\n                                <!-- \/.section-ctab -->\n                            <\/div>\n                            <!-- \/.product-header -->\n\n                            <div class=\"section-body\">\n                                <div class=\"section-content\">\n                                    <p>\n                                        Adem\u00e1s de sus excelentes propiedades mec\u00e1nicas, la gama de productos Badadur (PBT) presenta resistencias extremadamente altas, por ejemplo una excelente resistencia a la deformaci\u00f3n por calor y a los ...                                    <\/p>\n                                <\/div>\n                                <!-- \/.product-content -->\n                            <\/div>\n                            <!-- \/.product-body -->\n                        <\/a>\n                    <\/div>\n                    <!-- \/.product-section product product -->\n                <\/div>\n                <!-- \/.col-12 col-sm-6 col-lg-3 -->\n                            <div class=\"col-12 col-sm-6 col-lg-3\">\n                    <div class=\"section narrow product  product-badaflex\">\n\n                        <a href=\"https:\/\/bada.de\/es\/products\/badaflex-es\"\n                           title=\"Badaflex\u00ae\">\n                            <div class=\"section-header\">\n                                <h2 class=\"section-title\">\n\n                            <span class=\"product product-badaflex-es\">\n\n                                    \n                                <img loading=\"lazy\" decoding=\"async\" src=\"https:\/\/bada.de\/app\/uploads\/badaflex.png\" title=\"Badaflex&Acirc;&reg;\" alt=\"Badaflex&Acirc;&reg;\" width=\"174\" height=\"20\" class=\"img-fluid\">\n\n                            <\/span>\n                                    <!-- \/.product-logo -->\n\n                                    <span class=\"product-type\">\n                                                                                TPE-S, TPU, TPE-E                                <\/span>\n                                    <!-- \/.product-type -->\n\n                                <\/h2>\n                                <!-- \/.section-title -->\n                                <div class=\"section-ctab\">\n                                <span>\n                                        M\u00e1s                                <\/span>\n                                <\/div>\n                                <!-- \/.section-ctab -->\n                            <\/div>\n                            <!-- \/.product-header -->\n\n                            <div class=\"section-body\">\n                                <div class=\"section-content\">\n                                    <p>\n                                        Badaflex TPE-S son elast\u00f3meros termopl\u00e1sticos a base de copol\u00edmeros en bloque de estireno. Combinan las excelentes ventajas para el procesamiento de los termopl\u00e1sticos con las propiedades elastom\u00e9rica...                                    <\/p>\n                                <\/div>\n                                <!-- \/.product-content -->\n                            <\/div>\n                            <!-- \/.product-body -->\n                        <\/a>\n                    <\/div>\n                    <!-- \/.product-section product product -->\n                <\/div>\n                <!-- \/.col-12 col-sm-6 col-lg-3 -->\n                            <div class=\"col-12 col-sm-6 col-lg-3\">\n                    <div class=\"section narrow product  product-badagreen\">\n\n                        <a href=\"https:\/\/bada.de\/es\/products\/badagreen-es\"\n                           title=\"Badagreen\">\n                            <div class=\"section-header\">\n                                <h2 class=\"section-title\">\n\n                            <span class=\"product product-badagreen-es\">\n\n                                    \n                                <img loading=\"lazy\" decoding=\"async\" src=\"https:\/\/bada.de\/app\/uploads\/badagreen.png\" title=\"Badagreen\" alt=\"Badagreen\" width=\"174\" height=\"20\" class=\"img-fluid\">\n\n                            <\/span>\n                                    <!-- \/.product-logo -->\n\n                                    <span class=\"product-type\">\n                                                                                                                <\/span>\n                                    <!-- \/.product-type -->\n\n                                <\/h2>\n                                <!-- \/.section-title -->\n                                <div class=\"section-ctab\">\n                                <span>\n                                        M\u00e1s                                <\/span>\n                                <\/div>\n                                <!-- \/.section-ctab -->\n                            <\/div>\n                            <!-- \/.product-header -->\n\n                            <div class=\"section-body\">\n                                <div class=\"section-content\">\n                                    <p>\n                                        BADAGREEN incluye compuestos pl\u00e1sticos de Bada basados en pol\u00edmeros de origen sostenible. La proporci\u00f3n m\u00ednima de pol\u00edmero \u00abverde\u00bb es del 25% y puede conseguirse de varias maneras. La base de materia ...                                    <\/p>\n                                <\/div>\n                                <!-- \/.product-content -->\n                            <\/div>\n                            <!-- \/.product-body -->\n                        <\/a>\n                    <\/div>\n                    <!-- \/.product-section product product -->\n                <\/div>\n                <!-- \/.col-12 col-sm-6 col-lg-3 -->\n                            <div class=\"col-12 col-sm-6 col-lg-3\">\n                    <div class=\"section narrow product  product-badalac\">\n\n                        <a href=\"https:\/\/bada.de\/es\/products\/badalac-es\"\n                           title=\"Badalac\u00ae\">\n                            <div class=\"section-header\">\n                                <h2 class=\"section-title\">\n\n                            <span class=\"product product-badalac-es\">\n\n                                    \n                                <img loading=\"lazy\" decoding=\"async\" src=\"https:\/\/bada.de\/app\/uploads\/badalac.png\" title=\"Badalac&Acirc;&reg;\" alt=\"Badalac&Acirc;&reg;\" width=\"174\" height=\"20\" class=\"img-fluid\">\n\n                            <\/span>\n                                    <!-- \/.product-logo -->\n\n                                    <span class=\"product-type\">\n                                                                                ABS SPECIALTIES, Blends                                <\/span>\n                                    <!-- \/.product-type -->\n\n                                <\/h2>\n                                <!-- \/.section-title -->\n                                <div class=\"section-ctab\">\n                                <span>\n                                        M\u00e1s                                <\/span>\n                                <\/div>\n                                <!-- \/.section-ctab -->\n                            <\/div>\n                            <!-- \/.product-header -->\n\n                            <div class=\"section-body\">\n                                <div class=\"section-content\">\n                                    <p>\n                                        Hemos introducido con \u00e9xito en el mercado la gama de productos Badalac ABS con numerosas variaciones. Se trata de productos especiales, por ejemplo resistentes al calor con una mayor temperatura de re...                                    <\/p>\n                                <\/div>\n                                <!-- \/.product-content -->\n                            <\/div>\n                            <!-- \/.product-body -->\n                        <\/a>\n                    <\/div>\n                    <!-- \/.product-section product product -->\n                <\/div>\n                <!-- \/.col-12 col-sm-6 col-lg-3 -->\n                            <div class=\"col-12 col-sm-6 col-lg-3\">\n                    <div class=\"section narrow product  product-badalon\">\n\n                        <a href=\"https:\/\/bada.de\/es\/products\/badalon-es\"\n                           title=\"Badalon\u00ae\">\n                            <div class=\"section-header\">\n                                <h2 class=\"section-title\">\n\n                            <span class=\"product product-badalon-es\">\n\n                                    \n                                <img loading=\"lazy\" decoding=\"async\" src=\"https:\/\/bada.de\/app\/uploads\/badalon.png\" title=\"Badalon&Acirc;&reg;\" alt=\"Badalon&Acirc;&reg;\" width=\"174\" height=\"20\" class=\"img-fluid\">\n\n                            <\/span>\n                                    <!-- \/.product-logo -->\n\n                                    <span class=\"product-type\">\n                                                                                PC                                <\/span>\n                                    <!-- \/.product-type -->\n\n                                <\/h2>\n                                <!-- \/.section-title -->\n                                <div class=\"section-ctab\">\n                                <span>\n                                        M\u00e1s                                <\/span>\n                                <\/div>\n                                <!-- \/.section-ctab -->\n                            <\/div>\n                            <!-- \/.product-header -->\n\n                            <div class=\"section-body\">\n                                <div class=\"section-content\">\n                                    <p>\n                                        La l\u00ednea de productos Badalon consiste en termopl\u00e1sticos basados en policarbonato. El Badalon se destaca por su casi transparencia cristalina en combinaci\u00f3n con una alta resistencia al impacto. Debido...                                    <\/p>\n                                <\/div>\n                                <!-- \/.product-content -->\n                            <\/div>\n                            <!-- \/.product-body -->\n                        <\/a>\n                    <\/div>\n                    <!-- \/.product-section product product -->\n                <\/div>\n                <!-- \/.col-12 col-sm-6 col-lg-3 -->\n                            <div class=\"col-12 col-sm-6 col-lg-3\">\n                    <div class=\"section narrow product  product-badamid\">\n\n                        <a href=\"https:\/\/bada.de\/es\/products\/badamid-es\"\n                           title=\"Badamid\u00ae\">\n                            <div class=\"section-header\">\n                                <h2 class=\"section-title\">\n\n                            <span class=\"product product-badamid-es\">\n\n                                    \n                                <img loading=\"lazy\" decoding=\"async\" src=\"https:\/\/bada.de\/app\/uploads\/badamid.png\" title=\"Badamid&Acirc;&reg;\" alt=\"Badamid&Acirc;&reg;\" width=\"174\" height=\"20\" class=\"img-fluid\">\n\n                            <\/span>\n                                    <!-- \/.product-logo -->\n\n                                    <span class=\"product-type\">\n                                                                                                                <\/span>\n                                    <!-- \/.product-type -->\n\n                                <\/h2>\n                                <!-- \/.section-title -->\n                                <div class=\"section-ctab\">\n                                <span>\n                                        M\u00e1s                                <\/span>\n                                <\/div>\n                                <!-- \/.section-ctab -->\n                            <\/div>\n                            <!-- \/.product-header -->\n\n                            <div class=\"section-body\">\n                                <div class=\"section-content\">\n                                    <p>\n                                        Badamid es un grupo de termopl\u00e1sticos a base de poliamidas (PA6, PA66, PA66\/6, PA6\/6T, PPA, PA9T, PA610, PA612, PA12) con excelentes y variadas propiedades. Las poliamidas ofrecen, a parte de un excel...                                    <\/p>\n                                <\/div>\n                                <!-- \/.product-content -->\n                            <\/div>\n                            <!-- \/.product-body -->\n                        <\/a>\n                    <\/div>\n                    <!-- \/.product-section product product -->\n                <\/div>\n                <!-- \/.col-12 col-sm-6 col-lg-3 -->\n                            <div class=\"col-12 col-sm-6 col-lg-3\">\n                    <div class=\"section narrow product  product-badaprene\">\n\n                        <a href=\"https:\/\/bada.de\/es\/products\/badaprene-es\"\n                           title=\"Badaprene\u00ae\">\n                            <div class=\"section-header\">\n                                <h2 class=\"section-title\">\n\n                            <span class=\"product product-badaprene-es\">\n\n                                    \n                                <img loading=\"lazy\" decoding=\"async\" src=\"https:\/\/bada.de\/app\/uploads\/Badaprene.png\" title=\"Badaprene&Acirc;&reg;\" alt=\"Badaprene&Acirc;&reg;\" width=\"174\" height=\"20\" class=\"img-fluid\">\n\n                            <\/span>\n                                    <!-- \/.product-logo -->\n\n                                    <span class=\"product-type\">\n                                                                                TPV (EPDM\/PP)                                <\/span>\n                                    <!-- \/.product-type -->\n\n                                <\/h2>\n                                <!-- \/.section-title -->\n                                <div class=\"section-ctab\">\n                                <span>\n                                        M\u00e1s                                <\/span>\n                                <\/div>\n                                <!-- \/.section-ctab -->\n                            <\/div>\n                            <!-- \/.product-header -->\n\n                            <div class=\"section-body\">\n                                <div class=\"section-content\">\n                                    <p>\n                                        Completamos nuestra oferta de elast\u00f3meros termopl\u00e1sticos con una amplia gama de EPDM\/PP parcialmente reticulados. Badaprene TPV ofrece excelentes propiedades, como resistencia qu\u00edmica, a la intemperie...                                    <\/p>\n                                <\/div>\n                                <!-- \/.product-content -->\n                            <\/div>\n                            <!-- \/.product-body -->\n                        <\/a>\n                    <\/div>\n                    <!-- \/.product-section product product -->\n                <\/div>\n                <!-- \/.col-12 col-sm-6 col-lg-3 -->\n                            <div class=\"col-12 col-sm-6 col-lg-3\">\n                    <div class=\"section narrow product  product-badaprop\">\n\n                        <a href=\"https:\/\/bada.de\/es\/products\/badaprop-es\"\n                           title=\"Badaprop\u00ae\">\n                            <div class=\"section-header\">\n                                <h2 class=\"section-title\">\n\n                            <span class=\"product product-badaprop-es\">\n\n                                    \n                                <img loading=\"lazy\" decoding=\"async\" src=\"https:\/\/bada.de\/app\/uploads\/badaprop.png\" title=\"Badaprop&Acirc;&reg;\" alt=\"Badaprop&Acirc;&reg;\" width=\"174\" height=\"20\" class=\"img-fluid\">\n\n                            <\/span>\n                                    <!-- \/.product-logo -->\n\n                                    <span class=\"product-type\">\n                                                                                PP                                <\/span>\n                                    <!-- \/.product-type -->\n\n                                <\/h2>\n                                <!-- \/.section-title -->\n                                <div class=\"section-ctab\">\n                                <span>\n                                        M\u00e1s                                <\/span>\n                                <\/div>\n                                <!-- \/.section-ctab -->\n                            <\/div>\n                            <!-- \/.product-header -->\n\n                            <div class=\"section-body\">\n                                <div class=\"section-content\">\n                                    <p>\n                                        Hoy en d\u00eda el polipropileno es un material imprescindible. Sin embargo sus campos de aplicaci\u00f3n tan vers\u00e1tiles hacen que sea un pl\u00e1stico muy demandado.\r\n\r\nLa l\u00ednea de productos Badaprop ofrece el PP m...                                    <\/p>\n                                <\/div>\n                                <!-- \/.product-content -->\n                            <\/div>\n                            <!-- \/.product-body -->\n                        <\/a>\n                    <\/div>\n                    <!-- \/.product-section product product -->\n                <\/div>\n                <!-- \/.col-12 col-sm-6 col-lg-3 -->\n                            <div class=\"col-12 col-sm-6 col-lg-3\">\n                    <div class=\"section narrow product  product-badatech-ht\">\n\n                        <a href=\"https:\/\/bada.de\/es\/products\/badatech-ht-es\"\n                           title=\"Badatech HT\">\n                            <div class=\"section-header\">\n                                <h2 class=\"section-title\">\n\n                            <span class=\"product product-badatech-ht-es\">\n\n                                    \n                                <img loading=\"lazy\" decoding=\"async\" src=\"https:\/\/bada.de\/app\/uploads\/badatech-ht.png\" title=\"Badatech HT\" alt=\"Badatech HT\" width=\"174\" height=\"20\" class=\"img-fluid\">\n\n                            <\/span>\n                                    <!-- \/.product-logo -->\n\n                                    <span class=\"product-type\">\n                                                                                                                <\/span>\n                                    <!-- \/.product-type -->\n\n                                <\/h2>\n                                <!-- \/.section-title -->\n                                <div class=\"section-ctab\">\n                                <span>\n                                        M\u00e1s                                <\/span>\n                                <\/div>\n                                <!-- \/.section-ctab -->\n                            <\/div>\n                            <!-- \/.product-header -->\n\n                            <div class=\"section-body\">\n                                <div class=\"section-content\">\n                                    <p>\n                                        La gama de productos Badatech HT representa la c\u00faspide de la pir\u00e1mide de los pl\u00e1sticos y unifica todos los pol\u00edmeros del mercado resistentes a altas temperaturas en un \u00fanico grupo, incluyendo los PEEK...                                    <\/p>\n                                <\/div>\n                                <!-- \/.product-content -->\n                            <\/div>\n                            <!-- \/.product-body -->\n                        <\/a>\n                    <\/div>\n                    <!-- \/.product-section product product -->\n                <\/div>\n                <!-- \/.col-12 col-sm-6 col-lg-3 -->\n                            <div class=\"col-12 col-sm-6 col-lg-3\">\n                    <div class=\"section narrow product  product-badatron\">\n\n                        <a href=\"https:\/\/bada.de\/es\/products\/badatron-es\"\n                           title=\"Badatron\u00ae\">\n                            <div class=\"section-header\">\n                                <h2 class=\"section-title\">\n\n                            <span class=\"product product-badatron-es\">\n\n                                    \n                                <img loading=\"lazy\" decoding=\"async\" src=\"https:\/\/bada.de\/app\/uploads\/badatron.png\" title=\"Badatron&Acirc;&reg;\" alt=\"Badatron&Acirc;&reg;\" width=\"174\" height=\"20\" class=\"img-fluid\">\n\n                            <\/span>\n                                    <!-- \/.product-logo -->\n\n                                    <span class=\"product-type\">\n                                                                                PPS                                <\/span>\n                                    <!-- \/.product-type -->\n\n                                <\/h2>\n                                <!-- \/.section-title -->\n                                <div class=\"section-ctab\">\n                                <span>\n                                        M\u00e1s                                <\/span>\n                                <\/div>\n                                <!-- \/.section-ctab -->\n                            <\/div>\n                            <!-- \/.product-header -->\n\n                            <div class=\"section-body\">\n                                <div class=\"section-content\">\n                                    <p>\n                                        La l\u00ednea de productos Badatron PPS consiste en compounds de altas prestaciones basados en polisulfuro de fenileno.\r\n\r\nLos Badatron PPS reforzados con fibra de vidrio son muy adecuados para piezas expu...                                    <\/p>\n                                <\/div>\n                                <!-- \/.product-content -->\n                            <\/div>\n                            <!-- \/.product-body -->\n                        <\/a>\n                    <\/div>\n                    <!-- \/.product-section product product -->\n                <\/div>\n                <!-- \/.col-12 col-sm-6 col-lg-3 -->\n                <\/div>\n    <!-- \/.row -->\n<\/div>\n<!-- \/.container -->\n\n<!-- INFO: resources\/templates\/shortcodes\/bada_portfolio_terms\/productgroups.tpl.php rendered in 0.001743 seconds. Memory usage:  -->\n\n","protected":false},"excerpt":{"rendered":"","protected":false},"author":2,"featured_media":0,"parent":0,"menu_order":0,"comment_status":"closed","ping_status":"closed","template":"productgroups.php","meta":{"_acf_changed":false,"footnotes":""},"class_list":["post-1742","page","type-page","status-publish","hentry"],"acf":[],"_links":{"self":[{"href":"https:\/\/bada.de\/es\/wp-json\/wp\/v2\/pages\/1742","targetHints":{"allow":["GET"]}}],"collection":[{"href":"https:\/\/bada.de\/es\/wp-json\/wp\/v2\/pages"}],"about":[{"href":"https:\/\/bada.de\/es\/wp-json\/wp\/v2\/types\/page"}],"author":[{"embeddable":true,"href":"https:\/\/bada.de\/es\/wp-json\/wp\/v2\/users\/2"}],"replies":[{"embeddable":true,"href":"https:\/\/bada.de\/es\/wp-json\/wp\/v2\/comments?post=1742"}],"version-history":[{"count":0,"href":"https:\/\/bada.de\/es\/wp-json\/wp\/v2\/pages\/1742\/revisions"}],"wp:attachment":[{"href":"https:\/\/bada.de\/es\/wp-json\/wp\/v2\/media?parent=1742"}],"curies":[{"name":"wp","href":"https:\/\/api.w.org\/{rel}","templated":true}]}}