{"id":2933,"date":"2023-07-15T09:23:05","date_gmt":"2023-07-15T07:23:05","guid":{"rendered":"https:\/\/bada.de\/nuestra-tecnologia-flexible-y-abierta-al-futuro"},"modified":"2023-11-20T10:41:10","modified_gmt":"2023-11-20T09:41:10","slug":"nuestra-tecnologia-flexible-y-abierta-al-futuro","status":"publish","type":"page","link":"https:\/\/bada.de\/es\/nuestra-tecnologia-flexible-y-abierta-al-futuro","title":{"rendered":"Nuestra tecnolog\u00eda: flexible y abierta al futuro"},"content":{"rendered":"\n\t\t<div  class=\"block-f9d0d384-48d1-45ca-80da-a7f2d7dd4b2e areoi-element container\">\n\t\t\t\n\t\t\t\n\n\t\t<div  class=\"block-e23a330a-87a1-4fa7-b7fd-95f2565318b1 row areoi-element row-cols-1 row-cols-md-2\">\n\t\t\t\n\n\t\t\t\n\n\t\t<div  class=\"block-955c45f8-5df2-4f78-a0a7-55095bb5af70 col areoi-element\">\n\t\t\t\n\t\t\t\n\n<p>La optimizaci\u00f3n y la racionalizaci\u00f3n de los procesos de desarrollo y producci\u00f3n fueron los motores que impulsaron la construcci\u00f3n de nuestra nueva planta en B\u00fchl. Nos definimos como un fabricante de compuestos pl\u00e1sticos t\u00e9cnicos, espec\u00edficos para cada aplicaci\u00f3n, con una capacidad de producci\u00f3n aproximada de 35.000 t\/a\u00f1o gracias a 14 l\u00edneas extrusoras de doble husillo. El tama\u00f1o medio de los lotes oscila entre 2.000 y 4.000 kg, lo que requiere cambios frecuentes de material, hasta 12 veces al d\u00eda. Nuestras modernas instalaciones satisfacen perfectamente todos los requisitos necesarios para fabricar nuestra gran variedad de productos.<\/p>\n\n\n\n<p><br\/>Nuestros sistemas y procedimientos de autolimpieza reducen considerablemente el esfuerzo y tiempo necesarios para los frecuentes cambios de producto, garantizando una producci\u00f3n eficiente. Las extrusoras de compounding de par alto garantizan productos de alta calidad y la dosificaci\u00f3n gravim\u00e9trica previa asegura la alta fiabilidad en la formulaci\u00f3n y color, caracter\u00edsticas imprescindibles en todos nuestros compounds. Para la alimentaci\u00f3n totalmente autom\u00e1tica de las materias primas base polim\u00e9ricas m\u00e1s utilizadas disponemos de silos con una capacidad de almacenamiento de 800 t.<\/p>\n\n\n\n<p>Pero por encima de todo, nos centramos en la fiabilidad y flexibilidad de nuestros procesos. Las tecnolog\u00edas de nuestras plantas est\u00e1n perfectamente dise\u00f1adas para adaptarse a las innovaciones y materiales del futuro.<\/p>\n\n\n\n<p><strong>Nuestro laboratorio de color: medici\u00f3n y evaluaci\u00f3n del color al m\u00e1s alto nivel<\/strong><\/p>\n\n\n\n<p>El hecho de que la fuerza innovadora y la flexibilidad sean los pilares de nuestro esp\u00edritu empresarial se pone especialmente de manifiesto en la medici\u00f3n y evaluaci\u00f3n del color de nuestros compuestos: en nuestro laboratorio de color, excelentemente equipado, disponemos de equipos de \u00faltima generaci\u00f3n como:<\/p>\n\n\n\n<ul class=\"wp-block-list\">\n<li>Dos extrusoras de laboratorio y desarrollo, para nuevos desarrollos y ajustes de color<\/li>\n\n\n\n<li>1 silo de homogeneizaci\u00f3n con una capacidad de 5 t para una consistencia \u00f3ptima del color de los productos acabados<\/li>\n\n\n\n<li>8 m\u00e1quinas de moldeo por inyecci\u00f3n para el control de la producci\u00f3n y la fabricaci\u00f3n de todo tipo de probetas<\/li>\n\n\n\n<li>1 peque\u00f1a l\u00ednea de extrusi\u00f3n para la producci\u00f3n y el control de calidad adicional de pel\u00edculas planas<\/li>\n<\/ul>\n\n\n\n<p>Aqu\u00ed, la tecnolog\u00eda m\u00e1s avanzada se combina con la precisi\u00f3n y la experiencia de nuestros empleados para crear procesos innovadores y obtener resultados de color al m\u00e1s alto nivel.<br\/><br\/><strong>Ajuste de color: muchos a\u00f1os de experiencia en cada matiz<\/strong><br\/>Uno de nuestros puntos fuertes es la coloraci\u00f3n de pl\u00e1sticos. Tenemos muchos a\u00f1os de experiencia en este campo y podemos elaborar cualquier tono de color que desee el cliente en nuestro laboratorio equipado de primera clase. Gracias a procesos innovadores, podemos prescindir por completo de los colores est\u00e1ndar o de las mezclas de pigmentos ya preparadas para la igualaci\u00f3n de colores. En su lugar, componemos cada tono a partir de componentes crom\u00e1ticos individuales y generamos as\u00ed un alto grado de flexibilidad en el ajuste del color: incluso con compuestos que contienen componentes que cambian el color, como retardantes de llama, fibra de vidrio o modificadores, garantizamos una fidelidad crom\u00e1tica absoluta. Adem\u00e1s, de esta forma podemos reaccionar incluso a las influencias m\u00e1s peque\u00f1as, como las fluctuaciones inherentes a las distintas materias primas, y garantizar una excelente consistencia del color dentro de un mismo lote, as\u00ed como entre los distintos lotes.<\/p>\n\n \n\t\t\t\n\t\t<\/div>\n\t\n\n\n\t\t<div  class=\"block-fd7b5ade-62ea-4aaf-a61b-b4a45edaa033 col areoi-element\">\n\t\t\t\n\t\t\t\n\n<figure class=\"wp-block-image size-full img-thumbnail\"><img loading=\"lazy\" decoding=\"async\" width=\"640\" height=\"300\" src=\"https:\/\/bada.de\/app\/uploads\/003.jpg\" alt=\"\" class=\"img-fluid wp-image-47\" srcset=\"https:\/\/bada.de\/app\/uploads\/003.jpg 640w, https:\/\/bada.de\/app\/uploads\/003-300x141.jpg 300w\" sizes=\"auto, (max-width: 640px) 100vw, 640px\">\n<\/figure>\n\n \n\t\t\t\n\t\t<\/div>\n\t\n \n\t\t<\/div>\n\t\n \n\t\t<\/div>\n\t","protected":false},"excerpt":{"rendered":"","protected":false},"author":1,"featured_media":0,"parent":0,"menu_order":0,"comment_status":"closed","ping_status":"closed","template":"","meta":{"_acf_changed":false,"footnotes":""},"class_list":["post-2933","page","type-page","status-publish","hentry"],"acf":[],"_links":{"self":[{"href":"https:\/\/bada.de\/es\/wp-json\/wp\/v2\/pages\/2933","targetHints":{"allow":["GET"]}}],"collection":[{"href":"https:\/\/bada.de\/es\/wp-json\/wp\/v2\/pages"}],"about":[{"href":"https:\/\/bada.de\/es\/wp-json\/wp\/v2\/types\/page"}],"author":[{"embeddable":true,"href":"https:\/\/bada.de\/es\/wp-json\/wp\/v2\/users\/1"}],"replies":[{"embeddable":true,"href":"https:\/\/bada.de\/es\/wp-json\/wp\/v2\/comments?post=2933"}],"version-history":[{"count":0,"href":"https:\/\/bada.de\/es\/wp-json\/wp\/v2\/pages\/2933\/revisions"}],"wp:attachment":[{"href":"https:\/\/bada.de\/es\/wp-json\/wp\/v2\/media?parent=2933"}],"curies":[{"name":"wp","href":"https:\/\/api.w.org\/{rel}","templated":true}]}}