{"id":2934,"date":"2023-07-15T09:34:05","date_gmt":"2023-07-15T07:34:05","guid":{"rendered":"https:\/\/bada.de\/bada-nuestro-nombre-es-sinonimo-de-calidad-sin-excepciones"},"modified":"2024-04-23T09:29:50","modified_gmt":"2024-04-23T07:29:50","slug":"bada-nuestro-nombre-es-sinonimo-de-calidad-sin-excepciones","status":"publish","type":"page","link":"https:\/\/bada.de\/es\/bada-nuestro-nombre-es-sinonimo-de-calidad-sin-excepciones","title":{"rendered":"BADA \u2013 Nuestro nombre es sin\u00f3nimo de calidad sin excepciones"},"content":{"rendered":"\n<hr class=\"wp-block-separator has-alpha-channel-opacity\"\/>\n\n\n\n\t\t<div  class=\"block-f9d0d384-48d1-45ca-80da-a7f2d7dd4b2e areoi-element container\">\n\t\t\t\n\t\t\t\n\n\t\t<div  class=\"block-e23a330a-87a1-4fa7-b7fd-95f2565318b1 row areoi-element\">\n\t\t\t\n\n\t\t\t\n\n\t\t<div  class=\"block-955c45f8-5df2-4f78-a0a7-55095bb5af70 col areoi-element\">\n\t\t\t\n\t\t\t\n\n<p>Nos imponemos las mayores exigencias cualitativas, no s\u00f3lo de cara a nuestros productos, sino en cada aspecto de nuestro trabajo. La consecuencia l\u00f3gica de nuestro \u00e9nfasis en la calidad es la certificaci\u00f3n ISO\/TS 16949:2009. Esta certificaci\u00f3n para la industria automotriz supera con creces a la ISO 9001, la norma b\u00e1sica de calidad, en algunos aspectos en los que refleja todos los procesos que concurren en nuestra empresa. Mediante este eficiente tipo de gesti\u00f3n de la calidad somos capaces no s\u00f3lo de solucionar fallos en el proceso de producci\u00f3n, sino de evitarlos de antemano. Esto aumenta la calidad constante y sin excepciones que obtenemos en nuestras dos metas principales: el cumplimiento de todas las exigencias espec\u00edficas del cliente y el incremento a largo plazo de la satisfacci\u00f3n del cliente.<\/p>\n\n \n\t\t\t\n\t\t<\/div>\n\t\n \n\t\t<\/div>\n\t\n \n\t\t<\/div>\n\t\n\n\n\t\t<div  class=\"block-f524da72-5fb2-4910-ae64-258c8e4aa77e areoi-element container m-0 p-0\">\n\t\t\t\n\t\t\t\n\n<hr class=\"wp-block-separator has-alpha-channel-opacity style1\"\/>\n\n \n\t\t<\/div>\n\t\n\n\n\t\t<div  class=\"block-f9d0d384-48d1-45ca-80da-a7f2d7dd4b2e areoi-element container\">\n\t\t\t\n\t\t\t\n\n\t\t<div  class=\"block-e23a330a-87a1-4fa7-b7fd-95f2565318b1 row areoi-element row-cols-1 row-cols-md-2\">\n\t\t\t\n\n\t\t\t\n\n\t\t<div  class=\"block-955c45f8-5df2-4f78-a0a7-55095bb5af70 col areoi-element\">\n\t\t\t\n\t\t\t\n\n<h2 class=\"wp-block-heading\">Los procesos eficientes optimizan los recursos, salvaguardando el medioambiente y asegurando el \u00e9xito<\/h2>\n\n\n\n<p>Como empresa que opera en todo el mundo, consideramos nuestra responsabilidad la preservaci\u00f3n de recursos importantes y su conservaci\u00f3n para generaciones venideras dentro del marco de la sostenibilidad. Asumimos esta responsabilidad con plena convicci\u00f3n y m\u00e1s all\u00e1 de la norma mundial ISO 14001. De acuerdo con las exigencias del EMAS (Eco Management and Audit Scheme o Sistema Comunitario de Gesti\u00f3n y Auditor\u00eda Medioambientales) de la Uni\u00f3n Europea, hemos redactado una declaraci\u00f3n medioambiental que describe, de forma detallada y transparente para el p\u00fablico, nuestras actividades relevantes para el medio ambiente, como el consumo de energ\u00eda, emisiones, residuos, etc. Esta declaraci\u00f3n medioambiental es revisada cada a\u00f1o por peritos medioambientales independientes y aplicada a diario por todos los empleados de Bada AG en todos los procesos de producci\u00f3n. La b\u00fasqueda y el uso de nuevas y cada vez m\u00e1s efectivas posibilidades para proteger el medio ambiente y la mejora constante de nuestro rendimiento medioambiental son tambi\u00e9n componentes intr\u00ednsecos de nuestro trabajo orientado al futuro y a la calidad.<\/p>\n\n\n\n<p>Esto resalta nuestros buenos resultados en Conducta Responsable. Sin embargo, para nosotros la sostenibilidad significa mucho m\u00e1s. Adem\u00e1s de nuestro compromiso con los est\u00e1ndares de calidad y nuestro compromiso de protecci\u00f3n del medioambiente, extendemos este mismo compromiso con nuestros empleados, aliados y vecinos. Formamos y desarrollamos a nuestros empleados con exigentes criterios de salud y seguridad en el trabajo. Apoyamos a nuestros proveedores en su desarrollo y, al mismo tiempo, nos beneficiamos de su experiencia para proseguir con nuestra mejora continua.<\/p>\n\n\n\n<p>Adem\u00e1s, damos apoyo a eventos y proyectos sociales, culturales y de deporte de nuestra regi\u00f3n. Y, por supuesto, intentamos mejorar cada d\u00eda.<\/p>\n\n\n\n<p>Con estas premisas y gracias al esfuerzo diario conseguimos: Respaldar a nuestros clientes con toda nuestra experiencia y as\u00ed asegurar el \u00e9xito a largo plazo para todos nosotros \u2013 nuestros empleados, nuestros proveedores, nuestra empresa, nuestro entorno y por encima de todo: el \u00e9xito a largo plazo de nuestros clientes.<\/p>\n\n\n\n\t\t\t\t\n\t\t<a \n\t\t\t\n\t\t\tclass=\"block-c5a71521-ae72-459d-bb73-ffa11b0c90f7 btn areoi-has-url position-relative float-end btn-primary btn-lg\"\n\t href=\"https:\/\/bada.de\/es\/certificados\"  target=\"_blank\" rel=\"noopener noreferrer nofollow\">\n\t\t\t\t\t\n\t\t\t\t\tCertificados \n\t\t\t\t\t\n\t\t\t\t\t \n\t\t\t\t<\/a>\n\t\t\t\n \n\t\t\t\n\t\t<\/div>\n\t\n\n\n\t\t<div  class=\"block-fd7b5ade-62ea-4aaf-a61b-b4a45edaa033 col areoi-element\">\n\t\t\t\n\t\t\t\n\n<figure class=\"wp-block-image size-full img-thumbnail mb-3\"><img loading=\"lazy\" decoding=\"async\" width=\"640\" height=\"378\" src=\"https:\/\/bada.de\/app\/uploads\/004.jpg\" alt=\"\" class=\"img-fluid wp-image-54\" srcset=\"https:\/\/bada.de\/app\/uploads\/004.jpg 640w, https:\/\/bada.de\/app\/uploads\/004-300x177.jpg 300w\" sizes=\"auto, (max-width: 640px) 100vw, 640px\">\n<\/figure>\n\n\n\n<figure class=\"wp-block-image size-full img-thumbnail\"><img loading=\"lazy\" decoding=\"async\" width=\"640\" height=\"361\" src=\"https:\/\/bada.de\/app\/uploads\/005.jpg\" alt=\"\" class=\"img-fluid wp-image-59\" srcset=\"https:\/\/bada.de\/app\/uploads\/005.jpg 640w, https:\/\/bada.de\/app\/uploads\/005-300x169.jpg 300w\" sizes=\"auto, (max-width: 640px) 100vw, 640px\">\n<\/figure>\n\n \n\t\t\t\n\t\t<\/div>\n\t\n \n\t\t<\/div>\n\t\n \n\t\t<\/div>\n\t\n\n\n\t\t<div  class=\"block-f524da72-5fb2-4910-ae64-258c8e4aa77e areoi-element container m-0 p-0\">\n\t\t\t\n\t\t\t\n\n<hr class=\"wp-block-separator has-alpha-channel-opacity style1\"\/>\n\n \n\t\t<\/div>\n\t\n\n\n\t\t<div  class=\"block-373e7820-5ec1-4e95-8798-b68428b5183b areoi-element container\">\n\t\t\t\n\t\t\t\n\n\t\t<div  class=\"block-01ca55d6-daed-4ebb-a488-8655e6f1ffef row areoi-element row-cols-1 row-cols-md-2\">\n\t\t\t\n\n\t\t\t\n\n\t\t<div  class=\"block-fd7b5ade-62ea-4aaf-a61b-b4a45edaa033 col areoi-element\">\n\t\t\t\n\t\t\t\n\n<figure class=\"wp-block-image size-full img-thumbnail\"><img loading=\"lazy\" decoding=\"async\" width=\"640\" height=\"543\" src=\"https:\/\/bada.de\/app\/uploads\/b004.jpg\" alt=\"\" class=\"img-fluid wp-image-432\" srcset=\"https:\/\/bada.de\/app\/uploads\/b004.jpg 640w, https:\/\/bada.de\/app\/uploads\/b004-300x255.jpg 300w\" sizes=\"auto, (max-width: 640px) 100vw, 640px\">\n<\/figure>\n\n \n\t\t\t\n\t\t<\/div>\n\t\n\n\n\t\t<div  class=\"block-955c45f8-5df2-4f78-a0a7-55095bb5af70 col areoi-element\">\n\t\t\t\n\t\t\t\n\n<h2 class=\"wp-block-heading\">BADA \u2013 Laboratorio de ensayos<\/h2>\n\n\n\n<p>En nuestro laboratorio tenemos m\u00faltiples opciones de ensayo y an\u00e1lisis de material para garantizar una alta calidad \u2013 para su \u00e9xito. Por favor, no dude en contactar con nosotros:<\/p>\n\n\n\n<ul class=\"wp-block-list\">\n<li>Resistencia a tracci\u00f3n y flexi\u00f3n, tambi\u00e9n para micro-probetas<\/li>\n\n\n\n<li>Resistencia al impacto<\/li>\n\n\n\n<li>HDT\/Vicat<\/li>\n\n\n\n<li>Reometr\u00eda<\/li>\n\n\n\n<li>TGA\/DSC<\/li>\n\n\n\n<li>FTIR (Espectroscop\u00eda de infrarrojos)<\/li>\n\n\n\n<li>VDE (Ensayo de hilo caliente) <\/li>\n\n\n\n<li>Resistividad volum\u00e9trica y superficial<\/li>\n\n\n\n<li>Ensayo de inflamabilidad UL<\/li>\n\n\n\n<li>Densidad<\/li>\n\n\n\n<li>Humedad<\/li>\n\n\n\n<li>Calcinaci\u00f3n<\/li>\n\n\n\n<li>Set de compresi\u00f3n<\/li>\n\n\n\n<li>Color<\/li>\n\n\n\n<li>Dureza Shore (A+D)<\/li>\n\n\n\n<li>Comparative tracking index (CTI)<\/li>\n<\/ul>\n\n\n\n<p>Tambi\u00e9n colaboramos con:<\/p>\n\n\n\n<ul class=\"wp-block-list\">\n<li>Universidades y Centros Tecnol\u00f3gicos<\/li>\n\n\n\n<li>Laboratorios asociados y otros fabricantes de pol\u00edmeros<\/li>\n<\/ul>\n\n \n\t\t\t\n\t\t<\/div>\n\t\n \n\t\t<\/div>\n\t\n \n\t\t<\/div>\n\t\n\n\n\t\t<div  class=\"block-f524da72-5fb2-4910-ae64-258c8e4aa77e areoi-element container m-0 p-0\">\n\t\t\t\n\t\t\t\n\n<hr class=\"wp-block-separator has-alpha-channel-opacity style1\"\/>\n\n \n\t\t<\/div>\n\t\n\n\n\t\t<div  class=\"block-8f7ff78b-e2b5-49ba-9b61-a2a8175e5d44 areoi-element container\">\n\t\t\t\n\t\t\t\n\n\t\t<div  class=\"block-715cd00e-37fc-47fd-803f-8e0650b5af18 row areoi-element\">\n\t\t\t\n\n\t\t\t\n\n\t\t<div  class=\"block-fb2e937f-98f0-425c-9e77-24e7c1bec170 col areoi-element border-right-light col-lg-6\">\n\t\t\t\n\t\t\t\n\n\t\t<div  class=\"block-0bcbdf4a-f223-47f5-9527-e38d4425ac5a areoi-element certificate-box\">\n\t\t\t\n\t\t\t\n\n\t\t<div  class=\"block-d17d2a8b-6a67-4ecd-94b5-ec51ca0814d8 row areoi-element\">\n\t\t\t\n\n\t\t\t\n\n\t\t<div  class=\"block-73e09e74-4ce9-4ada-8262-451b9267a978 col areoi-element col-12\">\n\t\t\t\n\t\t\t\n\n<h2 class=\"wp-block-heading\">Estamos certificados<\/h2>\n\n\n\n\t\t<div  class=\"block-49f19c81-bb48-494d-ab5a-bf8653287ccb row areoi-element\">\n\t\t\t\n\n\t\t\t\n\n\t\t<div  class=\"block-d38e6cdf-2aeb-4411-b616-9ad19f527a2a col areoi-element certificate-left col-sm-6\">\n\t\t\t\n\t\t\t\n\n<figure class=\"wp-block-image size-full is-style-default\"><img loading=\"lazy\" decoding=\"async\" width=\"189\" height=\"95\" src=\"https:\/\/bada.de\/app\/uploads\/certificates\/tuev.png\" alt=\"\" class=\"img-fluid wp-image-788\" style=\"object-fit:cover\">\n<\/figure>\n\n \n\t\t\t\n\t\t<\/div>\n\t\n\n\n\t\t<div  class=\"block-b7fcb93b-dc6b-4865-abe9-ec503079a405 col areoi-element certificate-middle col-sm-3\">\n\t\t\t\n\t\t\t\n\n<figure class=\"wp-block-image size-full\"><img loading=\"lazy\" decoding=\"async\" width=\"58\" height=\"96\" src=\"https:\/\/bada.de\/app\/uploads\/certificates\/emas.png\" alt=\"\" class=\"img-fluid wp-image-789\">\n<\/figure>\n\n \n\t\t\t\n\t\t<\/div>\n\t\n\n\n\t\t<div  class=\"block-938ac91a-13b5-4f51-aa96-acd329ac4ab4 col areoi-element certificate-right col-sm-3\">\n\t\t\t\n\t\t\t\n\n<figure class=\"wp-block-image size-full\"><img loading=\"lazy\" decoding=\"async\" width=\"105\" height=\"106\" src=\"https:\/\/bada.de\/app\/uploads\/certificates\/iso.png\" alt=\"\" class=\"img-fluid wp-image-787\">\n<\/figure>\n\n \n\t\t\t\n\t\t<\/div>\n\t\n \n\t\t<\/div>\n\t\n \n\t\t\t\n\t\t<\/div>\n\t\n \n\t\t<\/div>\n\t\n \n\t\t<\/div>\n\t\n \n\t\t\t\n\t\t<\/div>\n\t\n \n\t\t<\/div>\n\t\n \n\t\t<\/div>\n\t","protected":false},"excerpt":{"rendered":"","protected":false},"author":1,"featured_media":0,"parent":0,"menu_order":0,"comment_status":"closed","ping_status":"closed","template":"","meta":{"_acf_changed":false,"footnotes":""},"class_list":["post-2934","page","type-page","status-publish","hentry"],"acf":[],"_links":{"self":[{"href":"https:\/\/bada.de\/es\/wp-json\/wp\/v2\/pages\/2934","targetHints":{"allow":["GET"]}}],"collection":[{"href":"https:\/\/bada.de\/es\/wp-json\/wp\/v2\/pages"}],"about":[{"href":"https:\/\/bada.de\/es\/wp-json\/wp\/v2\/types\/page"}],"author":[{"embeddable":true,"href":"https:\/\/bada.de\/es\/wp-json\/wp\/v2\/users\/1"}],"replies":[{"embeddable":true,"href":"https:\/\/bada.de\/es\/wp-json\/wp\/v2\/comments?post=2934"}],"version-history":[{"count":0,"href":"https:\/\/bada.de\/es\/wp-json\/wp\/v2\/pages\/2934\/revisions"}],"wp:attachment":[{"href":"https:\/\/bada.de\/es\/wp-json\/wp\/v2\/media?parent=2934"}],"curies":[{"name":"wp","href":"https:\/\/api.w.org\/{rel}","templated":true}]}}