{"id":2952,"date":"2023-09-26T23:14:52","date_gmt":"2023-09-26T21:14:52","guid":{"rendered":"https:\/\/bada.de\/ajustes-de-color-anos-de-experiencia-para-cada-detalle"},"modified":"2023-10-07T16:47:10","modified_gmt":"2023-10-07T14:47:10","slug":"ajustes-de-color-anos-de-experiencia-para-cada-detalle","status":"publish","type":"page","link":"https:\/\/bada.de\/es\/somos-especialistas-en-termoplasticos-tecnicos-y-elastomeros-2\/ajustes-de-color-anos-de-experiencia-para-cada-detalle","title":{"rendered":"Ajustes de color"},"content":{"rendered":"\n<p><\/p>\n\n\t\t<div  class=\"block-f9d0d384-48d1-45ca-80da-a7f2d7dd4b2e areoi-element container\">\n\t\t\t\n\t\t\t\n\n\t\t<div  class=\"block-e23a330a-87a1-4fa7-b7fd-95f2565318b1 row areoi-element\">\n\t\t\t\n\n\t\t\t\n\n\t\t<div  class=\"block-955c45f8-5df2-4f78-a0a7-55095bb5af70 col areoi-element col-12\">\n\t\t\t\n\t\t\t\n\n<h1 class=\"wp-block-heading\">AJUSTES DE COLOR: A\u00d1OS DE EXPERIENCIA PARA CADA DETALLE<\/h1>\n\n \n\t\t\t\n\t\t<\/div>\n\t\n\n\n\t\t<div  class=\"block-2649c227-8a52-4dd1-af4a-8c3de1f5439d col areoi-element col-12\">\n\t\t\t\n\t\t\t\n\n<p>Uno de nuestros puntos fuertes es la coloraci\u00f3n de pl\u00e1sticos. Tenemos muchos a\u00f1os de experiencia en este campo y podemos elaborar cualquier tono de color que desee el cliente en nuestro laboratorio equipado de primera clase. Nuestros innovadores m\u00e9todos nos permiten prescindir de colores est\u00e1ndar o de mezclas de pigmentos prefabricadas en nuestros ajustes de color. En su lugar, obtenemos cada tonalidad crom\u00e1tica a partir de agentes crom\u00f3genos, lo cual aporta una gran flexibilidad a la hora de ajustar el color. Garantizamos una fidelidad crom\u00e1tica absoluta incluso en los compuestos que contienen agentes que modifican el color, como los agentes ign\u00edfugos, la fibra de vidrio o los agentes modificadores. Adem\u00e1s, de este modo podemos tener en cuenta la m\u00e1s m\u00ednima influencia, por ejemplo las oscilaciones propias de las diversas materias primas, y garantizar una constancia de color excelente tanto dentro de un lote como entre los diferentes lotes.<\/p>\n\n\n\n<p>En los ajustes de color podemos, adem\u00e1s, tener en cuenta las siguientes aplicaciones: por ejemplo, brillo, resistencia a los rayos UV, resistencia a la temperatura durante el procesamiento, interacci\u00f3n con otras materias primas o tambi\u00e9n resistencia a los productos de limpieza que se utilizar\u00e1n posteriormente para limpiar las piezas prefabricadas. Los ajustes de color se realizan mediante una referencia. Lo ideal es que sea un granulado, pero tambi\u00e9n se utilizan como modelo muestras, muestrarios de colores o colores RAL.<\/p>\n\n\n\n<p>Sabemos que no todos los negros son iguales. Los colores son un tema muy complejo. El brillo de las piezas prefabricadas desempe\u00f1a tambien un papel muy importante. Este brillo puede derivarse del pol\u00edmero, pero tambi\u00e9n de la estructura de la herramienta. Incluso las dimensiones de la herramienta influyen en el resultado. Por ello mantenemos un contacto cercano con nuestros clientes durante el desarrollo de nuevos colores para conseguir el resultado deseado combinando las propiedades del material y el procesado mediante inyecci\u00f3n o extrusi\u00f3n.<\/p>\n\n\n\n<p>Por favor, cont\u00e1ctenos para poder ajustarle la tonalidad de color deseada. Nuestros expertos en color, estar\u00e1n felices de conseguir su color deseado, incluso para tama\u00f1os de lote peque\u00f1os. Desaf\u00edenos y descubra la variedad de colores e el mundo de los pl\u00e1sticos!<\/p>\n\n \n\t\t\t\n\t\t<\/div>\n\t\n \n\t\t<\/div>\n\t\n \n\t\t<\/div>\n\t\n\t\t<div  class=\"block-f524da72-5fb2-4910-ae64-258c8e4aa77e areoi-element container m-0 p-0\">\n\t\t\t\n\t\t\t\n\n<hr class=\"wp-block-separator has-alpha-channel-opacity style1\"\/>\n\n \n\t\t<\/div>\n\t\n\t\t<div  class=\"block-b3248381-95c3-4d31-9ca2-c1e52ef7a9b0 areoi-element container\">\n\t\t\t\n\t\t\t\n\n\t\t<div  class=\"block-daab04c7-eb3a-4639-b91b-61bea0be9e3c row areoi-element\">\n\t\t\t\n\n\t\t\t\n\n\t\t<div  class=\"block-955c45f8-5df2-4f78-a0a7-55095bb5af70 col areoi-element\">\n\t\t\t\n\t\t\t\n\n<h1 class=\"wp-block-heading\">\u00bfNECESITA PERSONALIZACI\u00d3N?<\/h1>\n\n\n\n\t\t<div  class=\"block-7283b13f-23d8-44b1-8ce3-d853403b7230 card align-text-bottom image\">\n\t\t\t\n\n<figure class=\"wp-block-image size-full card-img-top img-thumbnail img-fluid\"><img loading=\"lazy\" decoding=\"async\" width=\"2000\" height=\"301\" src=\"https:\/\/bada.de\/app\/uploads\/link-contact.jpg\" alt=\"\" class=\"img-fluid wp-image-3503\" srcset=\"https:\/\/bada.de\/app\/uploads\/link-contact.jpg 2000w, https:\/\/bada.de\/app\/uploads\/link-contact-300x45.jpg 300w, https:\/\/bada.de\/app\/uploads\/link-contact-1024x154.jpg 1024w, https:\/\/bada.de\/app\/uploads\/link-contact-768x116.jpg 768w, https:\/\/bada.de\/app\/uploads\/link-contact-1536x231.jpg 1536w\" sizes=\"auto, (max-width: 2000px) 100vw, 2000px\">\n<\/figure>\n\n\n\n\t\t<div  class=\"block-4a9336e9-91d1-4e5c-87a1-3904134adca9 card-body card-img-overlay d-flex align-items-end\">\n\t\t\t\n\n<h2 class=\"wp-block-heading card-title image-caption\"><a href=\"https:\/\/bada.de\/es\/contactos-internacionales\" data-type=\"page\" data-id=\"10\" target=\"_blank\" rel=\"noopener noreferrer nofollow\">Hier finden Sie den richtigen Ansprechpartner!<\/a><\/h2>\n\n \n\t\t<\/div>\n\t\n \n\t\t<\/div>\n\t\n \n\t\t\t\n\t\t<\/div>\n\t\n \n\t\t<\/div>\n\t\n \n\t\t<\/div>\n\t\n\t\t<div  class=\"block-f524da72-5fb2-4910-ae64-258c8e4aa77e areoi-element container m-0 p-0\">\n\t\t\t\n\t\t\t\n\n<hr class=\"wp-block-separator has-alpha-channel-opacity style1\"\/>\n\n \n\t\t<\/div>\n\t\n\t\t<div  class=\"block-8f7ff78b-e2b5-49ba-9b61-a2a8175e5d44 areoi-element container\">\n\t\t\t\n\t\t\t\n\n\t\t<div  class=\"block-715cd00e-37fc-47fd-803f-8e0650b5af18 row areoi-element\">\n\t\t\t\n\n\t\t\t\n\n\t\t<div  class=\"block-fb2e937f-98f0-425c-9e77-24e7c1bec170 col areoi-element border-right-light col-lg-6\">\n\t\t\t\n\t\t\t\n\n\t\t<div  class=\"block-0bcbdf4a-f223-47f5-9527-e38d4425ac5a areoi-element certificate-box\">\n\t\t\t\n\t\t\t\n\n\t\t<div  class=\"block-d17d2a8b-6a67-4ecd-94b5-ec51ca0814d8 row areoi-element\">\n\t\t\t\n\n\t\t\t\n\n\t\t<div  class=\"block-73e09e74-4ce9-4ada-8262-451b9267a978 col areoi-element col-12\">\n\t\t\t\n\t\t\t\n\n<h2 class=\"wp-block-heading\">Estamos certificados<\/h2>\n\n\n\n\t\t<div  class=\"block-49f19c81-bb48-494d-ab5a-bf8653287ccb row areoi-element\">\n\t\t\t\n\n\t\t\t\n\n\t\t<div  class=\"block-d38e6cdf-2aeb-4411-b616-9ad19f527a2a col areoi-element certificate-left col-sm-6\">\n\t\t\t\n\t\t\t\n\n<figure class=\"wp-block-image size-full is-style-default\"><img loading=\"lazy\" decoding=\"async\" width=\"189\" height=\"95\" src=\"https:\/\/bada.de\/app\/uploads\/certificates\/tuev.png\" alt=\"\" class=\"img-fluid wp-image-788\" style=\"object-fit:cover\">\n<\/figure>\n\n \n\t\t\t\n\t\t<\/div>\n\t\n\n\n\t\t<div  class=\"block-b7fcb93b-dc6b-4865-abe9-ec503079a405 col areoi-element certificate-middle col-sm-3\">\n\t\t\t\n\t\t\t\n\n<figure class=\"wp-block-image size-full\"><img loading=\"lazy\" decoding=\"async\" width=\"58\" height=\"96\" src=\"https:\/\/bada.de\/app\/uploads\/certificates\/emas.png\" alt=\"\" class=\"img-fluid wp-image-789\">\n<\/figure>\n\n \n\t\t\t\n\t\t<\/div>\n\t\n\n\n\t\t<div  class=\"block-938ac91a-13b5-4f51-aa96-acd329ac4ab4 col areoi-element certificate-right col-sm-3\">\n\t\t\t\n\t\t\t\n\n<figure class=\"wp-block-image size-full\"><img loading=\"lazy\" decoding=\"async\" width=\"105\" height=\"106\" src=\"https:\/\/bada.de\/app\/uploads\/certificates\/iso.png\" alt=\"\" class=\"img-fluid wp-image-787\">\n<\/figure>\n\n \n\t\t\t\n\t\t<\/div>\n\t\n \n\t\t<\/div>\n\t\n \n\t\t\t\n\t\t<\/div>\n\t\n \n\t\t<\/div>\n\t\n \n\t\t<\/div>\n\t\n \n\t\t\t\n\t\t<\/div>\n\t\n \n\t\t<\/div>\n\t\n \n\t\t<\/div>\n\t","protected":false},"excerpt":{"rendered":"","protected":false},"author":2,"featured_media":0,"parent":3383,"menu_order":0,"comment_status":"closed","ping_status":"closed","template":"","meta":{"_acf_changed":false,"footnotes":""},"class_list":["post-2952","page","type-page","status-publish","hentry"],"acf":[],"_links":{"self":[{"href":"https:\/\/bada.de\/es\/wp-json\/wp\/v2\/pages\/2952","targetHints":{"allow":["GET"]}}],"collection":[{"href":"https:\/\/bada.de\/es\/wp-json\/wp\/v2\/pages"}],"about":[{"href":"https:\/\/bada.de\/es\/wp-json\/wp\/v2\/types\/page"}],"author":[{"embeddable":true,"href":"https:\/\/bada.de\/es\/wp-json\/wp\/v2\/users\/2"}],"replies":[{"embeddable":true,"href":"https:\/\/bada.de\/es\/wp-json\/wp\/v2\/comments?post=2952"}],"version-history":[{"count":0,"href":"https:\/\/bada.de\/es\/wp-json\/wp\/v2\/pages\/2952\/revisions"}],"up":[{"embeddable":true,"href":"https:\/\/bada.de\/es\/wp-json\/wp\/v2\/pages\/3383"}],"wp:attachment":[{"href":"https:\/\/bada.de\/es\/wp-json\/wp\/v2\/media?parent=2952"}],"curies":[{"name":"wp","href":"https:\/\/api.w.org\/{rel}","templated":true}]}}