{"id":2977,"date":"2023-07-15T11:38:38","date_gmt":"2023-07-15T09:38:38","guid":{"rendered":"https:\/\/bada.de\/certificados"},"modified":"2025-01-16T16:27:16","modified_gmt":"2025-01-16T15:27:16","slug":"certificados","status":"publish","type":"page","link":"https:\/\/bada.de\/es\/certificados","title":{"rendered":"CERTIFICADOS"},"content":{"rendered":"\n\t\t<div  class=\"block-f9d0d384-48d1-45ca-80da-a7f2d7dd4b2e areoi-element container\">\n\t\t\t\n\t\t\t\n\n\t\t<div  class=\"block-e23a330a-87a1-4fa7-b7fd-95f2565318b1 row areoi-element\">\n\t\t\t\n\n\t\t\t\n\n\t\t<div  class=\"block-955c45f8-5df2-4f78-a0a7-55095bb5af70 col areoi-element\">\n\t\t\t\n\t\t\t\n\n<p>Nuestros certificados son una evidencia independiente de la calidad, fiabilidad y sostenibilidad de nuestra actividad econ\u00f3mica. Nuestro sistema de gesti\u00f3n integrado se audita todos los a\u00f1os tanto de manera interna como por diferentes entidades auditoras externas. Sin embargo, mucho antes de que un sistema de gesti\u00f3n est\u00e9 listo para ser certificado se debe desarrollar e integrar en la rutina de trabajo diaria. Nos regimos por la filosof\u00eda de mejora continua instaurada sobre procesos estables para asegurar el \u00e9xito sostenible tanto nuestro como de nuestros clientes. Con estos fundamentos, Bada seguir\u00e1 siendo un aliado fiable y flexible con las expectativas m\u00e1s elevadas.<\/p>\n\n \n\t\t\t\n\t\t<\/div>\n\t\n \n\t\t<\/div>\n\t\n \n\t\t<\/div>\n\t\n\n\n\t\t<div  class=\"block-f524da72-5fb2-4910-ae64-258c8e4aa77e areoi-element container m-0 p-0\">\n\t\t\t\n\t\t\t\n\n<hr class=\"wp-block-separator has-alpha-channel-opacity style1\"\/>\n\n \n\t\t<\/div>\n\t\n\n\n\t\t<div  class=\"block-f9d0d384-48d1-45ca-80da-a7f2d7dd4b2e areoi-element container\">\n\t\t\t\n\t\t\t\n\n\t\t<div  class=\"block-e23a330a-87a1-4fa7-b7fd-95f2565318b1 row areoi-element row-cols-1 row-cols-md-2\">\n\t\t\t\n\n\t\t\t\n\n\t\t<div  class=\"block-955c45f8-5df2-4f78-a0a7-55095bb5af70 col areoi-element\">\n\t\t\t\n\t\t\t\n\n<h2 class=\"wp-block-heading\">GESTI\u00d3N DE LA CALIDAD SEG\u00daN IATF 16949<\/h2>\n\n\n\n<p>Bada est\u00e1 certificado seg\u00fan los est\u00e1ndares de sistemas de gesti\u00f3n de calidad m\u00e1s estrictos y exigentes de la industria automovil\u00edstica alemana desde 2004. Bada no solo ha conseguido este desarrollo continuo desde la primera hasta la presente versi\u00f3n en vigor de la norma IATF 16949, sino que es el proceso de mejora continua y desarrollo personal el que refleja la base de nuestro entendimiento para la sostenibilidad de la actividad econ\u00f3mica. No se trata solo de una base s\u00f3lida para una calidad s\u00f3lida; nos permite reaccionar de manera flexible frente a los requisitos de nuestros clientes y as\u00ed encontrar conjuntamente el mejor compound para cada aplicaci\u00f3n.<\/p>\n\n\n\n\t\t\t\t\n\t\t<a \n\t\t\t\n\t\t\tclass=\"block-c5a71521-ae72-459d-bb73-ffa11b0c90f7 btn areoi-has-url position-relative float-end btn-primary btn-lg\"\n\t href=\"https:\/\/bada.de\/app\/uploads\/BADA-HISPANAPLAST-IATF-16949-ESP-.pdf\" rel=\"noreferrer noopener\" target=\"_blank\" >\n\t\t\t\t\t\n\t\t\t\t\tPDF \n\t\t\t\t\t\n\t\t\t\t\t \n\t\t\t\t<\/a>\n\t\t\t\n \n\t\t\t\n\t\t<\/div>\n\t\n\n\n\t\t<div  class=\"block-fd7b5ade-62ea-4aaf-a61b-b4a45edaa033 col areoi-element\">\n\t\t\t\n\t\t\t\n\n<figure class=\"wp-block-image size-full\"><img loading=\"lazy\" decoding=\"async\" width=\"700\" height=\"350\" src=\"https:\/\/bada.de\/app\/uploads\/s001.png\" alt=\"\" class=\"img-fluid wp-image-111\" srcset=\"https:\/\/bada.de\/app\/uploads\/s001.png 700w, https:\/\/bada.de\/app\/uploads\/s001-300x150.png 300w\" sizes=\"auto, (max-width: 700px) 100vw, 700px\">\n<\/figure>\n\n \n\t\t\t\n\t\t<\/div>\n\t\n \n\t\t<\/div>\n\t\n \n\t\t<\/div>\n\t\n\n\n\t\t<div  class=\"block-f524da72-5fb2-4910-ae64-258c8e4aa77e areoi-element container m-0 p-0\">\n\t\t\t\n\t\t\t\n\n<hr class=\"wp-block-separator has-alpha-channel-opacity style1\"\/>\n\n \n\t\t<\/div>\n\t\n\n\n\t\t<div  class=\"block-f9d0d384-48d1-45ca-80da-a7f2d7dd4b2e areoi-element container\">\n\t\t\t\n\t\t\t\n\n\t\t<div  class=\"block-e23a330a-87a1-4fa7-b7fd-95f2565318b1 row areoi-element row-cols-1 row-cols-md-2\">\n\t\t\t\n\n\t\t\t\n\n\t\t<div  class=\"block-955c45f8-5df2-4f78-a0a7-55095bb5af70 col areoi-element\">\n\t\t\t\n\t\t\t\n\n<figure class=\"wp-block-image size-full\"><img loading=\"lazy\" decoding=\"async\" width=\"700\" height=\"400\" src=\"https:\/\/bada.de\/app\/uploads\/s002.png\" alt=\"\" class=\"img-fluid wp-image-118\" srcset=\"https:\/\/bada.de\/app\/uploads\/s002.png 700w, https:\/\/bada.de\/app\/uploads\/s002-300x171.png 300w\" sizes=\"auto, (max-width: 700px) 100vw, 700px\">\n<\/figure>\n\n \n\t\t\t\n\t\t<\/div>\n\t\n\n\n\t\t<div  class=\"block-fd7b5ade-62ea-4aaf-a61b-b4a45edaa033 col areoi-element\">\n\t\t\t\n\t\t\t\n\n<h2 class=\"wp-block-heading\">EST\u00c1NDAR EN GESTI\u00d3N AMBIENTAL ISO 14001<\/h2>\n\n\n\n<p><\/p>\n\n\n\n<p>La responsabilidad de Bada para con nuestros empleados, vecinos y sociedad crece de la mano de nuestro crecimiento continuo y \u00e9xito corporativo. Nos complace asumir esta responsabilidad porque somos conscientes de que el \u00e9xito econ\u00f3mico de nuestra empresa est\u00e1 estrechamente ligado a nuestra capacidad de gestionar los recursos disponibles. Nuestra visi\u00f3n es que una empresa fundamentada en la sostenibilidad, cuyos valores base comprendan la calidad, el medio ambiente y la conciencia social, estar\u00e1 en posici\u00f3n de mantener su trayectoria de \u00e9xito econ\u00f3mico en el futuro. Por ello, nos hemos comprometido a integrar la protecci\u00f3n del medio ambiente como un objetivo de negocio dentro de nuestra pol\u00edtica, adem\u00e1s de la m\u00e1s alta calidad de producto. Esto implica el desarrollo de directrices para implementar de manera efectiva este objetivo en nuestra empresa y as\u00ed lograr una protecci\u00f3n del medio ambiente sostenible. El est\u00e1ndar ambiental ISO14001, el cual ha sido implementado de manera satisfactoria en nuestra pr\u00e1ctica de gesti\u00f3n, es una buena base para alcanzar este objetivo de negocio.<\/p>\n\n\n\n\t\t\t\t\n\t\t<a \n\t\t\t\n\t\t\tclass=\"block-c5a71521-ae72-459d-bb73-ffa11b0c90f7 btn areoi-has-url position-relative float-end btn-primary btn-lg\"\n\t href=\"https:\/\/bada.de\/app\/uploads\/BADA-HISPANAPLAST-ISO-9001-ESP-.pdf\" rel=\"noreferrer noopener\" target=\"_blank\" >\n\t\t\t\t\t\n\t\t\t\t\tPDF \n\t\t\t\t\t\n\t\t\t\t\t \n\t\t\t\t<\/a>\n\t\t\t\n \n\t\t\t\n\t\t<\/div>\n\t\n \n\t\t<\/div>\n\t\n \n\t\t<\/div>\n\t\n\n\n\t\t<div  class=\"block-f524da72-5fb2-4910-ae64-258c8e4aa77e areoi-element container m-0 p-0\">\n\t\t\t\n\t\t\t\n\n<hr class=\"wp-block-separator has-alpha-channel-opacity style1\"\/>\n\n \n\t\t<\/div>\n\t\n\n\n\t\t<div  class=\"block-f9d0d384-48d1-45ca-80da-a7f2d7dd4b2e areoi-element container\">\n\t\t\t\n\t\t\t\n\n\t\t<div  class=\"block-e23a330a-87a1-4fa7-b7fd-95f2565318b1 row areoi-element row-cols-1 row-cols-md-2\">\n\t\t\t\n\n\t\t\t\n\n\t\t<div  class=\"block-955c45f8-5df2-4f78-a0a7-55095bb5af70 col areoi-element\">\n\t\t\t\n\t\t\t\n\n<h2 class=\"wp-block-heading\">EMAS<\/h2>\n\n\n\n<p>Considerando el est\u00e1ndar internacional de protecci\u00f3n del medio ambiente ISO 14001, el reglamento EMAS (Eco-Management and Audit Scheme) supera considerablemente los requerimientos establecidos para los sistemas de protecci\u00f3n del medio ambiente. Por consiguiente, se constituye como uno de los sistemas m\u00e1s exigentes a nivel mundial para la gesti\u00f3n sostenible del medio ambiente. El di\u00e1logo con todas las partes implicadas y la participaci\u00f3n activa de todos los empleados conjuntamente con una actuaci\u00f3n de mejora continua en materia de medio ambiente nos conducen al beneficio directo del entorno. En Bada AG, la actividad econ\u00f3mica y un comportamiento responsable con el medio ambiente van de la mano \u2013 una convicci\u00f3n que ha preservado el \u00e9xito sostenible de nuestra empresa y el de todos nuestros aliados y lo seguir\u00e1 haciendo en el futuro.<\/p>\n\n\n\n\t\t\t\t\n\t\t<a \n\t\t\t\n\t\t\tclass=\"block-c5a71521-ae72-459d-bb73-ffa11b0c90f7 btn areoi-has-url position-relative float-end btn-primary btn-lg\"\n\t href=\"https:\/\/bada.de\/app\/uploads\/EMAS_Urkunde_Bada_AG_2024_DE.pdf\" rel=\"noreferrer noopener\" target=\"_blank\" >\n\t\t\t\t\t\n\t\t\t\t\tPDF \n\t\t\t\t\t\n\t\t\t\t\t \n\t\t\t\t<\/a>\n\t\t\t\n \n\t\t\t\n\t\t<\/div>\n\t\n\n\n\t\t<div  class=\"block-fd7b5ade-62ea-4aaf-a61b-b4a45edaa033 col areoi-element\">\n\t\t\t\n\t\t\t\n\n<figure class=\"wp-block-image size-full\"><img loading=\"lazy\" decoding=\"async\" width=\"700\" height=\"350\" src=\"https:\/\/bada.de\/app\/uploads\/s003.png\" alt=\"\" class=\"img-fluid wp-image-124\" srcset=\"https:\/\/bada.de\/app\/uploads\/s003.png 700w, https:\/\/bada.de\/app\/uploads\/s003-300x150.png 300w\" sizes=\"auto, (max-width: 700px) 100vw, 700px\">\n<\/figure>\n\n \n\t\t\t\n\t\t<\/div>\n\t\n \n\t\t<\/div>\n\t\n \n\t\t<\/div>\n\t\n\n\n\t\t<div  class=\"block-f524da72-5fb2-4910-ae64-258c8e4aa77e areoi-element container m-0 p-0\">\n\t\t\t\n\t\t\t\n\n<hr class=\"wp-block-separator has-alpha-channel-opacity style1\"\/>\n\n \n\t\t<\/div>\n\t\n\n\n\t\t<div  class=\"block-bb13f6f3-e8f6-49e1-9dae-18cb19813940 row areoi-element row-cols-1 row-cols-md-2\">\n\t\t\t\n\n\t\t\t\n\n\t\t<div  class=\"block-3ca20586-2c25-46d2-9228-9f11bb2ae645 col areoi-element\">\n\t\t\t\n\t\t\t\n<div class=\"wp-block-image\">\n<figure class=\"aligncenter size-full is-resized\"><img loading=\"lazy\" decoding=\"async\" width=\"1145\" height=\"715\" src=\"https:\/\/bada.de\/app\/uploads\/ISO-45001_Z.png\" alt=\"\" class=\"img-fluid wp-image-6941\" style=\"width:681px;height:auto\" srcset=\"https:\/\/bada.de\/app\/uploads\/ISO-45001_Z.png 1145w, https:\/\/bada.de\/app\/uploads\/ISO-45001_Z-300x187.png 300w, https:\/\/bada.de\/app\/uploads\/ISO-45001_Z-1024x639.png 1024w, https:\/\/bada.de\/app\/uploads\/ISO-45001_Z-768x480.png 768w\" sizes=\"auto, (max-width: 1145px) 100vw, 1145px\">\n<\/figure>\n<\/div>\n \n\t\t\t\n\t\t<\/div>\n\t\n\n\n\t\t<div  class=\"block-ab79631b-73c2-4231-b11f-91651a57a76b col areoi-element\">\n\t\t\t\n\t\t\t\n\n<h2 class=\"wp-block-heading\"><strong>Gesti\u00f3n de la salud y la seguridad en el trabajo<\/strong><\/h2>\n\n\n\n<p><\/p>\n\n\n\n<p>Nuestros empleados son la columna vertebral del \u00e9xito de nuestra empresa. Marcan la diferencia en nuestro trabajo diario y su alto nivel de compromiso constante es crucial para lograr conjuntamente las diversas exigencias que se plantean a nuestra empresa. S\u00f3lo con empleados sanos y motivados podemos alcanzar d\u00eda a d\u00eda nuestros ambiciosos objetivos y realizar plenamente nuestra filosof\u00eda corporativa. Por tanto, siempre fue importante identificar los peligros potenciales de forma estructurada y minimizarlos o eliminarlos de forma proactiva. Al integrar un sistema de gesti\u00f3n de la salud y la seguridad en el trabajo conforme a la norma ISO 45001, pudimos incorporar este enfoque a nuestro sistema de gesti\u00f3n existente de forma estructurada, garantizando as\u00ed la seguridad y el bienestar a largo plazo de nuestros empleados en el lugar de trabajo.<\/p>\n\n\n\n\t\t\t\t\n\t\t<a \n\t\t\t\n\t\t\tclass=\"block-c5a71521-ae72-459d-bb73-ffa11b0c90f7 btn areoi-has-url position-relative float-end btn-primary btn-lg\"\n\t href=\"https:\/\/bada.de\/app\/uploads\/Zertifikat-Bada-45001-2024.pdf\" rel=\"noreferrer noopener\" target=\"_blank\" >\n\t\t\t\t\t\n\t\t\t\t\tPDF \n\t\t\t\t\t\n\t\t\t\t\t \n\t\t\t\t<\/a>\n\t\t\t\n \n\t\t\t\n\t\t<\/div>\n\t\n \n\t\t<\/div>\n\t\n\n\n\t\t<div  class=\"block-f524da72-5fb2-4910-ae64-258c8e4aa77e areoi-element container m-0 p-0\">\n\t\t\t\n\t\t\t\n\n<hr class=\"wp-block-separator has-alpha-channel-opacity style1\"\/>\n\n \n\t\t<\/div>\n\t\n\n\n\t\t<div  class=\"block-420c1f31-48dc-41a7-8d75-5d2abb825daa row areoi-element row-cols-1 row-cols-md-2\">\n\t\t\t\n\n\t\t\t\n\n\t\t<div  class=\"block-27006c76-b608-4ee4-a49b-7ce23e25166f col areoi-element\">\n\t\t\t\n\t\t\t\n\n<h2 class=\"wp-block-heading\">Gesti\u00f3n de la energ\u00eda<\/h2>\n\n\n\n<p>Aunque ya cumplimos todos los requisitos del EMAS (Sistema Comunitario de Ecogesti\u00f3n y Ecoauditor\u00eda) y de la norma internacional de gesti\u00f3n medioambiental ISO 14001 mucho m\u00e1s all\u00e1 del nivel legalmente exigido, para nosotros es importante utilizar todos los elementos para mejorar nuestro impacto medioambiental. Un sistema integrado de gesti\u00f3n de la energ\u00eda desempe\u00f1a aqu\u00ed un papel importante. S\u00f3lo mediante este enfoque hol\u00edstico puede aprovecharse de forma \u00f3ptima todo el potencial de acci\u00f3n sostenible y econ\u00f3mica en la gesti\u00f3n medioambiental. La gesti\u00f3n de la energ\u00eda nos ayuda a mejorar continuamente nuestra eficiencia energ\u00e9tica y, por tanto, nuestro comportamiento medioambiental, garantizando as\u00ed no s\u00f3lo beneficios ecol\u00f3gicos sino tambi\u00e9n econ\u00f3micos a largo plazo. Una situaci\u00f3n en la que todos salen ganando.<\/p>\n\n\n\n\t\t\t\t\n\t\t<a \n\t\t\t\n\t\t\tclass=\"block-c5a71521-ae72-459d-bb73-ffa11b0c90f7 btn areoi-has-url position-relative float-end btn-primary btn-lg\"\n\t href=\"https:\/\/bada.de\/app\/uploads\/Zertifikat-Bada-50001-2024.pdf\" rel=\"noreferrer noopener\" target=\"_blank\" >\n\t\t\t\t\t\n\t\t\t\t\tPDF \n\t\t\t\t\t\n\t\t\t\t\t \n\t\t\t\t<\/a>\n\t\t\t\n \n\t\t\t\n\t\t<\/div>\n\t\n\n\n\t\t<div  class=\"block-5ef9e5f6-63c3-4b28-bb51-6f137d5a0123 col areoi-element\">\n\t\t\t\n\t\t\t\n\n<figure class=\"wp-block-image size-full is-resized\"><img loading=\"lazy\" decoding=\"async\" width=\"1123\" height=\"669\" src=\"https:\/\/bada.de\/app\/uploads\/ISO-50001_Z.png\" alt=\"\" class=\"img-fluid wp-image-6942\" style=\"width:641px;height:auto\" srcset=\"https:\/\/bada.de\/app\/uploads\/ISO-50001_Z.png 1123w, https:\/\/bada.de\/app\/uploads\/ISO-50001_Z-300x179.png 300w, https:\/\/bada.de\/app\/uploads\/ISO-50001_Z-1024x610.png 1024w, https:\/\/bada.de\/app\/uploads\/ISO-50001_Z-768x458.png 768w\" sizes=\"auto, (max-width: 1123px) 100vw, 1123px\">\n<\/figure>\n\n \n\t\t\t\n\t\t<\/div>\n\t\n \n\t\t<\/div>\n\t\n\n\n\t\t<div  class=\"block-8f7ff78b-e2b5-49ba-9b61-a2a8175e5d44 areoi-element container\">\n\t\t\t\n\t\t\t\n\n\t\t<div  class=\"block-715cd00e-37fc-47fd-803f-8e0650b5af18 row areoi-element\">\n\t\t\t\n\n\t\t\t\n\n\t\t<div  class=\"block-fb2e937f-98f0-425c-9e77-24e7c1bec170 col areoi-element border-right-light col-lg-6\">\n\t\t\t\n\t\t\t\n\n\t\t<div  class=\"block-0bcbdf4a-f223-47f5-9527-e38d4425ac5a areoi-element certificate-box\">\n\t\t\t\n\t\t\t\n\n\t\t<div  class=\"block-d17d2a8b-6a67-4ecd-94b5-ec51ca0814d8 row areoi-element\">\n\t\t\t\n\n\t\t\t\n\n\t\t<div  class=\"block-73e09e74-4ce9-4ada-8262-451b9267a978 col areoi-element col-12\">\n\t\t\t\n\t\t\t\n\n<h2 class=\"wp-block-heading\">Estamos certificados<\/h2>\n\n\n\n\t\t<div  class=\"block-49f19c81-bb48-494d-ab5a-bf8653287ccb row areoi-element\">\n\t\t\t\n\n\t\t\t\n\n\t\t<div  class=\"block-d38e6cdf-2aeb-4411-b616-9ad19f527a2a col areoi-element certificate-left col-sm-6\">\n\t\t\t\n\t\t\t\n\n<figure class=\"wp-block-image size-full is-style-default\"><img loading=\"lazy\" decoding=\"async\" width=\"189\" height=\"95\" src=\"https:\/\/bada.de\/app\/uploads\/certificates\/tuev.png\" alt=\"\" class=\"img-fluid wp-image-788\" style=\"object-fit:cover\">\n<\/figure>\n\n \n\t\t\t\n\t\t<\/div>\n\t\n\n\n\t\t<div  class=\"block-b7fcb93b-dc6b-4865-abe9-ec503079a405 col areoi-element certificate-middle col-sm-3\">\n\t\t\t\n\t\t\t\n\n<figure class=\"wp-block-image size-full\"><img loading=\"lazy\" decoding=\"async\" width=\"58\" height=\"96\" src=\"https:\/\/bada.de\/app\/uploads\/certificates\/emas.png\" alt=\"\" class=\"img-fluid wp-image-789\">\n<\/figure>\n\n \n\t\t\t\n\t\t<\/div>\n\t\n\n\n\t\t<div  class=\"block-938ac91a-13b5-4f51-aa96-acd329ac4ab4 col areoi-element certificate-right col-sm-3\">\n\t\t\t\n\t\t\t\n\n<figure class=\"wp-block-image size-full\"><img loading=\"lazy\" decoding=\"async\" width=\"105\" height=\"106\" src=\"https:\/\/bada.de\/app\/uploads\/certificates\/iso.png\" alt=\"\" class=\"img-fluid wp-image-787\">\n<\/figure>\n\n \n\t\t\t\n\t\t<\/div>\n\t\n \n\t\t<\/div>\n\t\n \n\t\t\t\n\t\t<\/div>\n\t\n \n\t\t<\/div>\n\t\n \n\t\t<\/div>\n\t\n \n\t\t\t\n\t\t<\/div>\n\t\n \n\t\t<\/div>\n\t\n \n\t\t<\/div>\n\t","protected":false},"excerpt":{"rendered":"","protected":false},"author":2,"featured_media":0,"parent":0,"menu_order":0,"comment_status":"closed","ping_status":"closed","template":"","meta":{"_acf_changed":false,"footnotes":""},"class_list":["post-2977","page","type-page","status-publish","hentry"],"acf":[],"_links":{"self":[{"href":"https:\/\/bada.de\/es\/wp-json\/wp\/v2\/pages\/2977","targetHints":{"allow":["GET"]}}],"collection":[{"href":"https:\/\/bada.de\/es\/wp-json\/wp\/v2\/pages"}],"about":[{"href":"https:\/\/bada.de\/es\/wp-json\/wp\/v2\/types\/page"}],"author":[{"embeddable":true,"href":"https:\/\/bada.de\/es\/wp-json\/wp\/v2\/users\/2"}],"replies":[{"embeddable":true,"href":"https:\/\/bada.de\/es\/wp-json\/wp\/v2\/comments?post=2977"}],"version-history":[{"count":3,"href":"https:\/\/bada.de\/es\/wp-json\/wp\/v2\/pages\/2977\/revisions"}],"predecessor-version":[{"id":8228,"href":"https:\/\/bada.de\/es\/wp-json\/wp\/v2\/pages\/2977\/revisions\/8228"}],"wp:attachment":[{"href":"https:\/\/bada.de\/es\/wp-json\/wp\/v2\/media?parent=2977"}],"curies":[{"name":"wp","href":"https:\/\/api.w.org\/{rel}","templated":true}]}}