{"id":2992,"date":"2023-09-26T21:13:54","date_gmt":"2023-09-26T19:13:54","guid":{"rendered":"https:\/\/bada.de\/construccion-ligera"},"modified":"2023-10-08T16:02:12","modified_gmt":"2023-10-08T14:02:12","slug":"construccion-ligera","status":"publish","type":"page","link":"https:\/\/bada.de\/es\/requerimientos\/construccion-ligera","title":{"rendered":"Construcci\u00f3n ligera"},"content":{"rendered":"\n\t\t<div  class=\"block-8ef90671-2e3b-4dce-8063-84053a9483df areoi-element container m-0 p-0\">\n\t\t\t\n\t\t\t\n\n\t\t<div  class=\"block-5fd433cb-2bca-4c35-9bee-38e5ad062b4d row areoi-element\">\n\t\t\t\n\n\t\t\t\n\n\t\t<div  class=\"block-f8dd9f7b-f88a-4e1a-a5e7-84b4a18343c9 col areoi-element\">\n\t\t\t\n\t\t\t\n\n<p>La construcci\u00f3n ligera es un requisito imprescindible en el campo de la movilidad \u2013 esencial tanto para la ingenier\u00eda automovil\u00edstica cl\u00e1sica, el creciente sector de la electromovilidad as\u00ed como en la aeron\u00e1utica. La reducci\u00f3n de peso en los diferentes componentes permite reducir notablemente el peso total y, de esta manera, desarrollar una movilidad sostenible de bajo consumo energ\u00e9tico.<\/p>\n\n\n\n<p>Las soluciones implementadas en los compounds pl\u00e1sticos de Bada le ayudar\u00e1n a seguir avanzando en los retos tecnol\u00f3gicos del futuro, tanto si est\u00e1 interesado en substituir una pieza met\u00e1lica por una de pl\u00e1stico como si pretende reducir el peso de un componente que ya fabrica en pl\u00e1stico. <\/p>\n\n \n\t\t\t\n\t\t<\/div>\n\t\n \n\t\t<\/div>\n\t\n \n\t\t<\/div>\n\t\n\t\t<div  class=\"block-f524da72-5fb2-4910-ae64-258c8e4aa77e areoi-element container m-0 p-0\">\n\t\t\t\n\t\t\t\n\n<hr class=\"wp-block-separator has-alpha-channel-opacity style1\"\/>\n\n \n\t\t<\/div>\n\t\n\t\t<div  class=\"block-6d9c9ba5-d828-4fb8-901a-79d10f60e466 areoi-element container m-0 p-0\">\n\t\t\t\n\t\t\t\n\n\t\t<div  class=\"block-bccf913f-0bc8-482b-9b06-0f72f7a31c0c row areoi-element\">\n\t\t\t\n\n\t\t\t\n\n\t\t<div  class=\"block-f8dd9f7b-f88a-4e1a-a5e7-84b4a18343c9 col areoi-element\">\n\t\t\t\n\t\t\t\n<section id=\"2432\"\n         class=\"section dropdown-section collapsible hoverable product  product-badamid\">\n\n    <header class=\"section-header\">\n        <div class=\"row\">\n            <div class=\"col-md-7\">\n                <h2 class=\"section-title\">\n                                            <span class=\"product  product-badamid\">\n                                <img decoding=\"async\" src=\"https:\/\/bada.de\/app\/uploads\/badamid.png\" title=\"Badamid&Acirc;&reg;\" alt=\"Badamid&Acirc;&reg;\" class=\"img-fluid\">\n\n                            <\/span>\n                        <!-- \/.product  product-badamid -->\n                    \n                                            <span class=\"product-name\">\n                                    B70 CF35 S1                            <\/span>\n                        <!-- \/.product-name -->\n                                    <\/h2>\n                <!-- \/.section-title -->\n            <\/div>\n            <!-- \/.col-md-7 -->\n\n            <div class=\"section-action col-md-5 d-none d-lg-block\">\n                <div class=\"container-fluid\">\n                    <div class=\"float-end\">\n                                                    <a href=\"https:\/\/bada.de\/de\/kontakt \"\n                               title=\"Cont\u00e1ctenos\">\n                                        <span class=\"section-subtitle\">\n                                            <i class=\"fa-solid fa-envelope-open-text\"><\/i>\n                                        <\/span>\n                                <!-- \/.section-subtitle -->\n                            <\/a>\n                                            <\/div>\n                    <!-- \/.float-end -->\n                <\/div>\n                <!-- \/.container-fluid -->\n            <\/div>\n            <!-- \/.col-md-5 visible-md visible-lg section-action -->\n        <\/div>\n        <!-- \/.row -->\n    <\/header>\n    <!-- \/.section-header -->\n\n    <aside class=\"section-aside\">\n        <i class=\"fa-solid fa-angles-down\"><\/i>\n    <\/aside>\n    <!-- \/.section-aside -->\n\n    <div class=\"section-body section-divide section-divide-right\">\n        <div class=\"section-content\">\n            <div class=\"row\">\n                <div class=\"col-md-7 section-content-left\">\n                    Polyamide 6 injection moulding grade with 30% carbon fibre reinforcement, for technical parts with high strength                <\/div>\n                <!-- \/.col-md-7 section-content-left -->\n\n                <div class=\"col-md-5 section-content-right\">\n                    <div class=\"section-content-actions\">\n                                                    <h3 class=\"section-content-header\">\n                                Contacto                            <\/h3>\n                            <!-- \/.section-content-header -->\n\n                            <a href=\"https:\/\/bada.de\/de\/kontakt \"\n                               title=\"Cont\u00e1ctenos\">\n                                            <span class=\"section-content-action\">\n                                                  <i class=\"fa-solid fa-share-from-square\"><\/i>\n                                                <span>\n                                                Pide consejo                                                <\/span>\n                                            <\/span>\n                                <!-- \/.section-content-action -->\n                            <\/a>\n                                            <\/div>\n                    <!-- \/.section-content-actions -->\n\n                    <div class=\"downloads\">\n                        <h3 class=\"downloads-header\">\n                            Descargas                        <\/h3>\n                        <!-- \/.downloads-header -->\n\n                                                    <ul class=\"downloads-list\">\n                                                                        <li>\n                                            <a href=\"https:\/\/bada.de\/app\/uploads\/pdf\/datasheets\/en-badamid-b-b70-cf35-s1.pdf\"\n                                               title=\"Ficha t\u00e9cnica\"\n                                            target=\"_blank\">\n                                                Ficha t\u00e9cnica                                            <\/a>\n                                            <ul class=\"downloads-links\">\n                                                <li>\n                                                    <a href=\"https:\/\/bada.de\/app\/uploads\/pdf\/datasheets\/en-badamid-b-b70-cf35-s1.pdf\"\n                                                       title=\"Ficha t\u00e9cnica\">\n                                                        PDF                                                    <\/a>\n                                                <\/li>\n                                            <\/ul>\n                                            <!-- \/.downloads-links -->\n                                        <\/li>\n                                                                <\/ul>\n                            <!-- \/.downloads-lists -->\n                        \n                    <\/div>\n                    <!-- \/.downloads -->\n\n                <\/div>\n                <!-- \/.col-md-5 section-content-right -->\n            <\/div>\n            <!-- \/.row -->\n        <\/div>\n        <!-- \/.section-content -->\n    <\/div>\n    <!-- \/.section-body section-divide section-divide-right -->\n<\/section>\n\n<!-- INFO: resources\/templates\/shortcodes\/badatron-product\/default.tpl.php rendered in 0.000127 seconds. Memory usage: 2 KB -->\n\n<section id=\"1972\"\n         class=\"section dropdown-section collapsible hoverable product  product-badamid\">\n\n    <header class=\"section-header\">\n        <div class=\"row\">\n            <div class=\"col-md-7\">\n                <h2 class=\"section-title\">\n                                            <span class=\"product  product-badamid\">\n                                <img decoding=\"async\" src=\"https:\/\/bada.de\/app\/uploads\/badamid.png\" title=\"Badamid&Acirc;&reg;\" alt=\"Badamid&Acirc;&reg;\" class=\"img-fluid\">\n\n                            <\/span>\n                        <!-- \/.product  product-badamid -->\n                    \n                                            <span class=\"product-name\">\n                                    T70 CF30                            <\/span>\n                        <!-- \/.product-name -->\n                                    <\/h2>\n                <!-- \/.section-title -->\n            <\/div>\n            <!-- \/.col-md-7 -->\n\n            <div class=\"section-action col-md-5 d-none d-lg-block\">\n                <div class=\"container-fluid\">\n                    <div class=\"float-end\">\n                                                    <a href=\"https:\/\/bada.de\/de\/kontakt \"\n                               title=\"Cont\u00e1ctenos\">\n                                        <span class=\"section-subtitle\">\n                                            <i class=\"fa-solid fa-envelope-open-text\"><\/i>\n                                        <\/span>\n                                <!-- \/.section-subtitle -->\n                            <\/a>\n                                            <\/div>\n                    <!-- \/.float-end -->\n                <\/div>\n                <!-- \/.container-fluid -->\n            <\/div>\n            <!-- \/.col-md-5 visible-md visible-lg section-action -->\n        <\/div>\n        <!-- \/.row -->\n    <\/header>\n    <!-- \/.section-header -->\n\n    <aside class=\"section-aside\">\n        <i class=\"fa-solid fa-angles-down\"><\/i>\n    <\/aside>\n    <!-- \/.section-aside -->\n\n    <div class=\"section-body section-divide section-divide-right\">\n        <div class=\"section-content\">\n            <div class=\"row\">\n                <div class=\"col-md-7 section-content-left\">\n                    30% carbon fibre reinforced injection moulding grade with superior mechanical properties                <\/div>\n                <!-- \/.col-md-7 section-content-left -->\n\n                <div class=\"col-md-5 section-content-right\">\n                    <div class=\"section-content-actions\">\n                                                    <h3 class=\"section-content-header\">\n                                Contacto                            <\/h3>\n                            <!-- \/.section-content-header -->\n\n                            <a href=\"https:\/\/bada.de\/de\/kontakt \"\n                               title=\"Cont\u00e1ctenos\">\n                                            <span class=\"section-content-action\">\n                                                  <i class=\"fa-solid fa-share-from-square\"><\/i>\n                                                <span>\n                                                Pide consejo                                                <\/span>\n                                            <\/span>\n                                <!-- \/.section-content-action -->\n                            <\/a>\n                                            <\/div>\n                    <!-- \/.section-content-actions -->\n\n                    <div class=\"downloads\">\n                        <h3 class=\"downloads-header\">\n                            Descargas                        <\/h3>\n                        <!-- \/.downloads-header -->\n\n                                                    <ul class=\"downloads-list\">\n                                                                        <li>\n                                            <a href=\"https:\/\/bada.de\/app\/uploads\/01300101E_ES_Safety-data-sheet_Badamid-T70-CF30.pdf\"\n                                               title=\"Ficha de datos de seguridad\"\n                                            target=\"_blank\">\n                                                Ficha de datos de seguridad                                            <\/a>\n                                            <ul class=\"downloads-links\">\n                                                <li>\n                                                    <a href=\"https:\/\/bada.de\/app\/uploads\/01300101E_ES_Safety-data-sheet_Badamid-T70-CF30.pdf\"\n                                                       title=\"Ficha de datos de seguridad\">\n                                                        PDF                                                    <\/a>\n                                                <\/li>\n                                            <\/ul>\n                                            <!-- \/.downloads-links -->\n                                        <\/li>\n                                                                            <li>\n                                            <a href=\"https:\/\/bada.de\/app\/uploads\/pdf\/datasheets\/en-badamid-t-t70-cf30.pdf\"\n                                               title=\"Ficha t\u00e9cnica\"\n                                            target=\"_blank\">\n                                                Ficha t\u00e9cnica                                            <\/a>\n                                            <ul class=\"downloads-links\">\n                                                <li>\n                                                    <a href=\"https:\/\/bada.de\/app\/uploads\/pdf\/datasheets\/en-badamid-t-t70-cf30.pdf\"\n                                                       title=\"Ficha t\u00e9cnica\">\n                                                        PDF                                                    <\/a>\n                                                <\/li>\n                                            <\/ul>\n                                            <!-- \/.downloads-links -->\n                                        <\/li>\n                                                                <\/ul>\n                            <!-- \/.downloads-lists -->\n                        \n                    <\/div>\n                    <!-- \/.downloads -->\n\n                <\/div>\n                <!-- \/.col-md-5 section-content-right -->\n            <\/div>\n            <!-- \/.row -->\n        <\/div>\n        <!-- \/.section-content -->\n    <\/div>\n    <!-- \/.section-body section-divide section-divide-right -->\n<\/section>\n\n<!-- INFO: resources\/templates\/shortcodes\/badatron-product\/default.tpl.php rendered in 0.000094 seconds. Memory usage: 376 B -->\n\n<section id=\"1545\"\n         class=\"section dropdown-section collapsible hoverable product  product-badaflex\">\n\n    <header class=\"section-header\">\n        <div class=\"row\">\n            <div class=\"col-md-7\">\n                <h2 class=\"section-title\">\n                                            <span class=\"product  product-badaflex\">\n                                <img decoding=\"async\" src=\"https:\/\/bada.de\/app\/uploads\/badaflex.png\" title=\"Badaflex&Acirc;&reg;\" alt=\"Badaflex&Acirc;&reg;\" class=\"img-fluid\">\n\n                            <\/span>\n                        <!-- \/.product  product-badaflex -->\n                    \n                                            <span class=\"product-name\">\n                                    TPU 80A 8049 GK20 S1                            <\/span>\n                        <!-- \/.product-name -->\n                                    <\/h2>\n                <!-- \/.section-title -->\n            <\/div>\n            <!-- \/.col-md-7 -->\n\n            <div class=\"section-action col-md-5 d-none d-lg-block\">\n                <div class=\"container-fluid\">\n                    <div class=\"float-end\">\n                                                    <a href=\"https:\/\/bada.de\/de\/kontakt \"\n                               title=\"Cont\u00e1ctenos\">\n                                        <span class=\"section-subtitle\">\n                                            <i class=\"fa-solid fa-envelope-open-text\"><\/i>\n                                        <\/span>\n                                <!-- \/.section-subtitle -->\n                            <\/a>\n                                            <\/div>\n                    <!-- \/.float-end -->\n                <\/div>\n                <!-- \/.container-fluid -->\n            <\/div>\n            <!-- \/.col-md-5 visible-md visible-lg section-action -->\n        <\/div>\n        <!-- \/.row -->\n    <\/header>\n    <!-- \/.section-header -->\n\n    <aside class=\"section-aside\">\n        <i class=\"fa-solid fa-angles-down\"><\/i>\n    <\/aside>\n    <!-- \/.section-aside -->\n\n    <div class=\"section-body section-divide section-divide-right\">\n        <div class=\"section-content\">\n            <div class=\"row\">\n                <div class=\"col-md-7 section-content-left\">\n                    Thermoplastic Elastomer based on Polyester-Polyurethane; 20% glass beads filled injection molding grade                <\/div>\n                <!-- \/.col-md-7 section-content-left -->\n\n                <div class=\"col-md-5 section-content-right\">\n                    <div class=\"section-content-actions\">\n                                                    <h3 class=\"section-content-header\">\n                                Contacto                            <\/h3>\n                            <!-- \/.section-content-header -->\n\n                            <a href=\"https:\/\/bada.de\/de\/kontakt \"\n                               title=\"Cont\u00e1ctenos\">\n                                            <span class=\"section-content-action\">\n                                                  <i class=\"fa-solid fa-share-from-square\"><\/i>\n                                                <span>\n                                                Pide consejo                                                <\/span>\n                                            <\/span>\n                                <!-- \/.section-content-action -->\n                            <\/a>\n                                            <\/div>\n                    <!-- \/.section-content-actions -->\n\n                    <div class=\"downloads\">\n                        <h3 class=\"downloads-header\">\n                            Descargas                        <\/h3>\n                        <!-- \/.downloads-header -->\n\n                                                    <ul class=\"downloads-list\">\n                                                                        <li>\n                                            <a href=\"https:\/\/bada.de\/app\/uploads\/pdf\/datasheets\/en-badaflex-tpu-80a-8049-gk20-s1.pdf\"\n                                               title=\"Ficha t\u00e9cnica\"\n                                            target=\"_blank\">\n                                                Ficha t\u00e9cnica                                            <\/a>\n                                            <ul class=\"downloads-links\">\n                                                <li>\n                                                    <a href=\"https:\/\/bada.de\/app\/uploads\/pdf\/datasheets\/en-badaflex-tpu-80a-8049-gk20-s1.pdf\"\n                                                       title=\"Ficha t\u00e9cnica\">\n                                                        PDF                                                    <\/a>\n                                                <\/li>\n                                            <\/ul>\n                                            <!-- \/.downloads-links -->\n                                        <\/li>\n                                                                <\/ul>\n                            <!-- \/.downloads-lists -->\n                        \n                    <\/div>\n                    <!-- \/.downloads -->\n\n                <\/div>\n                <!-- \/.col-md-5 section-content-right -->\n            <\/div>\n            <!-- \/.row -->\n        <\/div>\n        <!-- \/.section-content -->\n    <\/div>\n    <!-- \/.section-body section-divide section-divide-right -->\n<\/section>\n\n<!-- INFO: resources\/templates\/shortcodes\/badatron-product\/default.tpl.php rendered in 0.000087 seconds. Memory usage: 376 B -->\n\n\n \n\t\t\t\n\t\t<\/div>\n\t\n \n\t\t<\/div>\n\t\n \n\t\t<\/div>\n\t\n\t\t<div  class=\"block-f524da72-5fb2-4910-ae64-258c8e4aa77e areoi-element container m-0 p-0\">\n\t\t\t\n\t\t\t\n\n<hr class=\"wp-block-separator has-alpha-channel-opacity style1\"\/>\n\n \n\t\t<\/div>\n\t\n\t\t<div  class=\"block-b3248381-95c3-4d31-9ca2-c1e52ef7a9b0 areoi-element container\">\n\t\t\t\n\t\t\t\n\n\t\t<div  class=\"block-daab04c7-eb3a-4639-b91b-61bea0be9e3c row areoi-element\">\n\t\t\t\n\n\t\t\t\n\n\t\t<div  class=\"block-955c45f8-5df2-4f78-a0a7-55095bb5af70 col areoi-element\">\n\t\t\t\n\t\t\t\n\n<h1 class=\"wp-block-heading text-break\">\u00bfBusca un producto para su sector espec\u00edfico?<\/h1>\n\n\n\n\t\t<div  class=\"block-7283b13f-23d8-44b1-8ce3-d853403b7230 card align-text-bottom image\">\n\t\t\t\n\n<figure class=\"wp-block-image size-full card-img-top img-thumbnail img-fluid\"><img loading=\"lazy\" decoding=\"async\" width=\"1600\" height=\"400\" src=\"https:\/\/bada.de\/app\/uploads\/page\/header-markets.webp\" alt=\"\" class=\"img-fluid wp-image-3403\" srcset=\"https:\/\/bada.de\/app\/uploads\/page\/header-markets.webp 1600w, https:\/\/bada.de\/app\/uploads\/page\/header-markets-300x75.webp 300w, https:\/\/bada.de\/app\/uploads\/page\/header-markets-1024x256.webp 1024w, https:\/\/bada.de\/app\/uploads\/page\/header-markets-768x192.webp 768w, https:\/\/bada.de\/app\/uploads\/page\/header-markets-1536x384.webp 1536w\" sizes=\"auto, (max-width: 1600px) 100vw, 1600px\">\n<\/figure>\n\n\n\n\t\t<div  class=\"block-4a9336e9-91d1-4e5c-87a1-3904134adca9 card-body card-img-overlay d-flex align-items-end\">\n\t\t\t\n\n<h2 class=\"wp-block-heading card-title image-caption\"><a href=\"https:\/\/bada.de\/maerkte\" data-type=\"page\" data-id=\"3397\" target=\"_blank\" rel=\"noopener noreferrer nofollow\">Zu unseren M\u00e4rkten<\/a><\/h2>\n\n \n\t\t<\/div>\n\t\n \n\t\t<\/div>\n\t\n \n\t\t\t\n\t\t<\/div>\n\t\n \n\t\t<\/div>\n\t\n \n\t\t<\/div>\n\t\n\t\t<div  class=\"block-f524da72-5fb2-4910-ae64-258c8e4aa77e areoi-element container m-0 p-0\">\n\t\t\t\n\t\t\t\n\n<hr class=\"wp-block-separator has-alpha-channel-opacity style1\"\/>\n\n \n\t\t<\/div>\n\t\n\t\t<div  class=\"block-8f7ff78b-e2b5-49ba-9b61-a2a8175e5d44 areoi-element container\">\n\t\t\t\n\t\t\t\n\n\t\t<div  class=\"block-715cd00e-37fc-47fd-803f-8e0650b5af18 row areoi-element\">\n\t\t\t\n\n\t\t\t\n\n\t\t<div  class=\"block-fb2e937f-98f0-425c-9e77-24e7c1bec170 col areoi-element border-right-light col-lg-6\">\n\t\t\t\n\t\t\t\n\n\t\t<div  class=\"block-0bcbdf4a-f223-47f5-9527-e38d4425ac5a areoi-element certificate-box\">\n\t\t\t\n\t\t\t\n\n\t\t<div  class=\"block-d17d2a8b-6a67-4ecd-94b5-ec51ca0814d8 row areoi-element\">\n\t\t\t\n\n\t\t\t\n\n\t\t<div  class=\"block-73e09e74-4ce9-4ada-8262-451b9267a978 col areoi-element col-12\">\n\t\t\t\n\t\t\t\n\n<h2 class=\"wp-block-heading\">Estamos certificados<\/h2>\n\n\n\n\t\t<div  class=\"block-49f19c81-bb48-494d-ab5a-bf8653287ccb row areoi-element\">\n\t\t\t\n\n\t\t\t\n\n\t\t<div  class=\"block-d38e6cdf-2aeb-4411-b616-9ad19f527a2a col areoi-element certificate-left col-sm-6\">\n\t\t\t\n\t\t\t\n\n<figure class=\"wp-block-image size-full is-style-default\"><img loading=\"lazy\" decoding=\"async\" width=\"189\" height=\"95\" src=\"https:\/\/bada.de\/app\/uploads\/certificates\/tuev.png\" alt=\"\" class=\"img-fluid wp-image-788\" style=\"object-fit:cover\">\n<\/figure>\n\n \n\t\t\t\n\t\t<\/div>\n\t\n\n\n\t\t<div  class=\"block-b7fcb93b-dc6b-4865-abe9-ec503079a405 col areoi-element certificate-middle col-sm-3\">\n\t\t\t\n\t\t\t\n\n<figure class=\"wp-block-image size-full\"><img loading=\"lazy\" decoding=\"async\" width=\"58\" height=\"96\" src=\"https:\/\/bada.de\/app\/uploads\/certificates\/emas.png\" alt=\"\" class=\"img-fluid wp-image-789\">\n<\/figure>\n\n \n\t\t\t\n\t\t<\/div>\n\t\n\n\n\t\t<div  class=\"block-938ac91a-13b5-4f51-aa96-acd329ac4ab4 col areoi-element certificate-right col-sm-3\">\n\t\t\t\n\t\t\t\n\n<figure class=\"wp-block-image size-full\"><img loading=\"lazy\" decoding=\"async\" width=\"105\" height=\"106\" src=\"https:\/\/bada.de\/app\/uploads\/certificates\/iso.png\" alt=\"\" class=\"img-fluid wp-image-787\">\n<\/figure>\n\n \n\t\t\t\n\t\t<\/div>\n\t\n \n\t\t<\/div>\n\t\n \n\t\t\t\n\t\t<\/div>\n\t\n \n\t\t<\/div>\n\t\n \n\t\t<\/div>\n\t\n \n\t\t\t\n\t\t<\/div>\n\t\n \n\t\t<\/div>\n\t\n \n\t\t<\/div>\n\t","protected":false},"excerpt":{"rendered":"","protected":false},"author":2,"featured_media":0,"parent":3025,"menu_order":0,"comment_status":"closed","ping_status":"closed","template":"","meta":{"_acf_changed":false,"footnotes":""},"class_list":["post-2992","page","type-page","status-publish","hentry"],"acf":[],"_links":{"self":[{"href":"https:\/\/bada.de\/es\/wp-json\/wp\/v2\/pages\/2992","targetHints":{"allow":["GET"]}}],"collection":[{"href":"https:\/\/bada.de\/es\/wp-json\/wp\/v2\/pages"}],"about":[{"href":"https:\/\/bada.de\/es\/wp-json\/wp\/v2\/types\/page"}],"author":[{"embeddable":true,"href":"https:\/\/bada.de\/es\/wp-json\/wp\/v2\/users\/2"}],"replies":[{"embeddable":true,"href":"https:\/\/bada.de\/es\/wp-json\/wp\/v2\/comments?post=2992"}],"version-history":[{"count":0,"href":"https:\/\/bada.de\/es\/wp-json\/wp\/v2\/pages\/2992\/revisions"}],"up":[{"embeddable":true,"href":"https:\/\/bada.de\/es\/wp-json\/wp\/v2\/pages\/3025"}],"wp:attachment":[{"href":"https:\/\/bada.de\/es\/wp-json\/wp\/v2\/media?parent=2992"}],"curies":[{"name":"wp","href":"https:\/\/api.w.org\/{rel}","templated":true}]}}