{"id":3018,"date":"2023-07-09T21:43:25","date_gmt":"2023-07-09T19:43:25","guid":{"rendered":"https:\/\/bada.de\/declaracion-sobre-la-proteccion-de-datos"},"modified":"2025-01-16T16:23:53","modified_gmt":"2025-01-16T15:23:53","slug":"privacy-policy","status":"publish","type":"page","link":"https:\/\/bada.de\/es\/privacy-policy","title":{"rendered":"Privacy Policy"},"content":{"rendered":"\n\t\t<div  class=\"block-32526783-6d1e-403f-8681-2f47a4f1b95d areoi-element container\">\n\t\t\t\n\t\t\t\n\n\t\t<div  class=\"block-dd5321b9-a30e-4a3b-af17-242bfacc8d7f row areoi-element\">\n\t\t\t\n\n\t\t\t\n\n\t\t<div  class=\"block-b33ede7e-2e78-4cb3-b686-fa160c2f9fae col areoi-element\">\n\t\t\t\n\t\t\t\n\n<p><strong>Pol\u00edtica de privacidad<\/strong><\/p>\n\n\n\n<p>Con la finalidad de compatibilizar la transparencia de la informaci\u00f3n, con una f\u00e1cil comprensi\u00f3n en la forma de presentarla a los usuarios, <strong>BADA HISPANAPLAST S.A. <\/strong>presenta la pol\u00edtica de privacidad en dos fases (representaci\u00f3n multinivel o a <strong>doble capa<\/strong>). Mediante este sistema ofrecemos a nuestros visitantes y usuarios, informaci\u00f3n sobre el tratamiento de sus datos mediante una informaci\u00f3n m\u00e1s resumida y concisa como primera capa de informaci\u00f3n. En caso, de requerir informaci\u00f3n m\u00e1s detallada, dispone de una segunda capa de informaci\u00f3n m\u00e1s extensa y detallada a trav\u00e9s del enlace: <strong>\u201c+ Informaci\u00f3n\u201d<\/strong>. En ella se identifican los diferentes aspectos del tratamiento realizado por <strong>BADA HISPANAPLAST S.A.<\/strong><\/p>\n\n\n\n<p><\/p>\n\n\n\n<p><strong>Responsable del tratamiento<\/strong><\/p>\n\n\n\n<figure class=\"wp-block-table\"><table class=\"has-fixed-layout\"><tbody><tr><td>Los datos tratados son los estrictamente necesarios, adecuados y pertinentes para cada finalidad. <strong>BADA HISPANAPLAST S.A. <\/strong>es el responsable de los tratamientos de datos personales. \u00a0<\/td><\/tr><\/tbody><\/table><\/figure>\n\n\n\n<p><\/p>\n\n\n\n<p><strong>Finalidad<\/strong><\/p>\n\n\n\n<p>La finalidad de los tratamientos de datos que se realicen estar\u00e1 de acuerdo con las actividades propias de los Departamentos de <strong>BADA HISPANAPLAST S.A.<\/strong>, destacando principalmente: Prestar servicios de&nbsp;FABRICACI\u00d3N, SUMINSITRO Y DISTRIBUCI\u00d3N DE TERMOPL\u00c1STICOS T\u00c9CNICOS Y ELAST\u00d3MEROS.<\/p>\n\n\n\n<p><\/p>\n\n\n\n<p><strong>Legitimaci\u00f3n<\/strong><\/p>\n\n\n\n<p>El tratamiento de datos est\u00e1 basado en los supuestos recogidos en el art\u00edculo 6 del RGPD. En el caso de <strong>BADA HISPANAPLAST S.A.<\/strong> es habitual que dicho tratamiento se efect\u00fae cuando el interesado haya dado su consentimiento para el tratamiento de sus datos personales para uno o varios fines espec\u00edficos.<\/p>\n\n\n\n<p><\/p>\n\n\n\n<p><strong>Conservaci\u00f3n de datos<\/strong><\/p>\n\n\n\n<p>Los datos personales proporcionados se conservar\u00e1n durante el tiempo necesario para cumplir con la finalidad para la que se recaban y para determinar las posibles responsabilidades que se pudieran derivar de la finalidad, adem\u00e1s de los per\u00edodos de conservaci\u00f3n legales que exigen su conservaci\u00f3n (Ej: Obligaciones tributarias)<\/p>\n\n\n\n<p><\/p>\n\n\n\n<p><strong>Comunicaci\u00f3n de datos<\/strong><\/p>\n\n\n\n<p>Con car\u00e1cter general no se comunicar\u00e1n los datos personales a terceros, salvo obligaci\u00f3n legal:<\/p>\n\n\n\n<ul class=\"wp-block-list\">\n<li>Administraci\u00f3n publica competente<\/li>\n\n\n\n<li>Bancos\/Entidades financieras<\/li>\n<\/ul>\n\n\n\n<p><\/p>\n\n\n\n<p><strong>Derechos de las partes interesadas<\/strong><\/p>\n\n\n\n<p>Reconocemos a nuestros visitantes y usuarios ejercer sus derechos de acceso, rectificaci\u00f3n, supresi\u00f3n y portabilidad de sus datos, de limitaci\u00f3n y oposici\u00f3n a su tratamiento, as\u00ed como a no ser objeto de decisiones basadas \u00fanicamente en el tratamiento automatizado de sus datos, cuando proceda, ante la <a href=\"https:\/\/www.aepd.es\/es\" target=\"_blank\" rel=\"noopener noreferrer nofollow\"><strong>Agencia Espa\u00f1ola de Protecci\u00f3n de Datos<\/strong><\/a><\/p>\n\n\n\n<p><\/p>\n\n\n\n<p><\/p>\n\n\n\n<p><strong>POL\u00cdT\u00cdCA DE PRIVACIDAD<\/strong><\/p>\n\n\n\n<h5 class=\"wp-block-heading\"><a id=\"_Responsable_del_tratamiento\"><\/a>Responsable del tratamiento<\/h5>\n\n\n\n<ul class=\"wp-block-list\">\n<li>Responsable: BADA HISPANAPLAST S.A.<\/li>\n\n\n\n<li>CIF: A99078982<\/li>\n\n\n\n<li>Direcci\u00f3n: PGNO. IND. SEPES RONDA DE LA INDUSTRIA 153. 22006, HUESCA.<\/li>\n\n\n\n<li>Tel\u00e9fono\/M\u00f3vil:\u00a0 974 23 97 74<\/li>\n\n\n\n<li>Mail: <a href=\"mailto:abometon@bada.com.es\">abometon@bada.com.es<\/a><\/li>\n<\/ul>\n\n\n\n<h5 class=\"wp-block-heading\">Finalidad<\/h5>\n\n\n\n<p>a. <strong>Prestaci\u00f3n de servicios a clientes actuales y\/o potenciales<\/strong><\/p>\n\n\n\n<ol style=\"list-style-type:lower-alpha\" class=\"wp-block-list\"><\/ol>\n\n\n\n<p>Prestar servicios de&nbsp;FABRICACI\u00d3N, SUMINSITRO Y DISTRIBUCI\u00d3N DE TERMOPL\u00c1STICOS T\u00c9CNICOS Y ELAST\u00d3MEROS.<\/p>\n\n\n\n<p>Env\u00edo de informaci\u00f3n comercial de nuestros productos y\/o servicios.<\/p>\n\n\n\n<p>    b. <strong>Proveedores y terceros<\/strong><\/p>\n\n\n\n<p>Externalizaci\u00f3n de servicios a terceros (Sociedades, aut\u00f3nomos, fundaciones, asociaciones\u2026)<\/p>\n\n\n\n<h5 class=\"wp-block-heading\"><a id=\"_Base_jur\u00eddica_del\"><\/a>Base jur\u00eddica del tratamiento<\/h5>\n\n\n\n<ul class=\"wp-block-list\">\n<li>RGPD: 6.1.a) el interesado dio su consentimiento para el tratamiento de sus datos personales para uno o varios fines espec\u00edficos;<\/li>\n\n\n\n<li>RGPD: 6.1.b) Tratamiento necesario para la ejecuci\u00f3n de un contrato en el que el interesado es parte o para la aplicaci\u00f3n a petici\u00f3n de \u00e9ste de medidas precontractuales;<\/li>\n\n\n\n<li>RGPD: 6.1. c) el tratamiento es necesario para el cumplimiento de una obligaci\u00f3n legal aplicable al responsable del tratamiento;<\/li>\n\n\n\n<li>Reglamento General de Protecci\u00f3n de Datos.<\/li>\n\n\n\n<li>Ley org\u00e1nica 3\/2018, de 5 de diciembre, de Protecci\u00f3n de Datos Personales y garant\u00eda de los derechos digitales.<\/li>\n\n\n\n<li>Ley 34\/2002, de 11 de julio, de servicios de la sociedad de la informaci\u00f3n y de comercio electr\u00f3nico (Aplicable en mensajer\u00eda, rrss, y ventas online)<\/li>\n<\/ul>\n\n\n\n<p><strong>*<\/strong> \u201cVd. tiene derecho a retirar el consentimiento prestado\u201d<\/p>\n\n\n\n<h5 class=\"wp-block-heading\">Colectivos<\/h5>\n\n\n\n<ol style=\"list-style-type:lower-alpha\" class=\"wp-block-list\">\n<li>Clientes y usuario actuales y potenciales<\/li>\n\n\n\n<li>Profesionales y colaboradores<\/li>\n\n\n\n<li>Trabajadores y potenciales candidatos<\/li>\n\n\n\n<li>Personas f\u00edsicas que transitan en las instalaciones de la Entidad<\/li>\n<\/ol>\n\n\n\n<h5 class=\"wp-block-heading\">Categor\u00edas de datos personales\u00a0<\/h5>\n\n\n\n<p><strong>Identificativos<\/strong> (nombre, apellidos, NIF, direcci\u00f3n postal, tel\u00e9fono, direcci\u00f3n de correo electr\u00f3nico, p\u00e1gina web)<br><strong>Otros datos personales <\/strong>(estado civil, fecha y lugar de nacimiento, edad, nacionalidad, etc.)<br><strong>Datos bancarios<\/strong><br><strong>Informaci\u00f3n Comercial<\/strong><br><strong>Compraventa de bienes o de servicios<\/strong><\/p>\n\n\n\n<p><\/p>\n\n\n\n<h5 class=\"wp-block-heading\"><a id=\"_Categor\u00edas_de_destinatarios\"><\/a>Categor\u00edas de destinatarios<\/h5>\n\n\n\n<h6 class=\"wp-block-heading\">\u00a0Los datos personales de los clientes ser\u00e1n comunicados a los siguientes destinatarios:<\/h6>\n\n\n\n<ul class=\"wp-block-list\">\n<li>Administraciones p\u00fablicas (Ej. Agencia Tributaria; seguridad social)<\/li>\n\n\n\n<li>Organismos judiciales \u201cEn su caso\u201d (Tribunales)<\/li>\n\n\n\n<li>Entidades financieras (Bancos)<\/li>\n\n\n\n<li>Entidades colaboradoras<\/li>\n<\/ul>\n\n\n\n<h5 class=\"wp-block-heading\">Transferencias internacionales<\/h5>\n\n\n\n<h6 class=\"wp-block-heading\">No est\u00e1n previstas transferencias internacionales de datos.<\/h6>\n\n\n\n<h5 class=\"wp-block-heading\"><a id=\"_Plazo_de_conservaci\u00f3n\"><\/a>Plazo de conservaci\u00f3n de los datos<\/h5>\n\n\n\n<p>Se conservar\u00e1n durante el tiempo necesario para cumplir con la finalidad para la que se recabaron y para determinar las posibles responsabilidades que se pudieran derivar de dicha finalidad y del tratamiento de los datos.&nbsp;<\/p>\n\n\n\n<h5 class=\"wp-block-heading\">Medidas de seguridad<\/h5>\n\n\n\n<h6 class=\"wp-block-heading\"><\/h6>\n\n\n\n<p>En cumplimiento con lo dispuesto en el art\u00edculo 32 del RGPD, <strong>BADA HISPANAPLAST S.A.<\/strong> garantizar\u00e1 la confidencialidad, integridad, disponibilidad y resiliencia permanentes de los sistemas y servicios de tratamiento. El nivel de seguridad ser\u00e1 proporcional al riesgo en el tratamiento de cada tipo de datos personales.<\/p>\n\n\n\n<h5 class=\"wp-block-heading\"><a id=\"_Ejercer_derechos_de\"><\/a>Ejercer derechos de control sobre sus datos<\/h5>\n\n\n\n<h6 class=\"wp-block-heading\"><\/h6>\n\n\n\n<p>Reconocemos a nuestros visitantes y usuarios sus derechos de acceso, rectificaci\u00f3n, supresi\u00f3n y portabilidad de sus datos, y la limitaci\u00f3n u oposici\u00f3n a su tratamiento, que pueden ejercitar en la forma legalmente prevista en las direcciones arriba indicada<\/p>\n\n\n\n<p>Para m\u00e1s informaci\u00f3n sobre como ejercer sus derechos, la autoridad de control espa\u00f1ola, la Agencia Espa\u00f1ola de Protecci\u00f3n de Datos, le facilita el siguiente enlace con su descripci\u00f3n y formulario para enviarnos la solicitud a nosotros: <a href=\"https:\/\/www.aepd.es\/es\/derechos-y-deberes\/conoce-tus-derechos\" target=\"_blank\" rel=\"noopener noreferrer nofollow\"><strong>Ejercer derechos<\/strong><\/a><strong><\/strong><\/p>\n\n\n\n<p>Para cualquier informaci\u00f3n o dudas que necesite resolver sobre el tratamiento de sus datos por parte de <strong>BADA HISPANAPLAST S.A.<\/strong>, puede ponerse en contacto mediante el correo electr\u00f3nico facilitado: <a href=\"mailto:abometon@bada.com.es\">abometon@bada.com.es<\/a> <strong><\/strong><\/p>\n\n\n\n<p><strong>Reclamaci\u00f3n (queja) a la AEPD<\/strong><\/p>\n\n\n\n<p>Si usted siente, despu\u00e9s de contactarnos, considera que sus derechos a sus datos no est\u00e1n siendo respetados, puede hacer una queja a la <a href=\"https:\/\/www.aepd.es\/\" target=\"_blank\" rel=\"noopener noreferrer nofollow\">AEPD<\/a>.<\/p>\n\n\n\n<p><strong>\u00a9<\/strong> <strong>BADA HISPANAPLAST S.A.;<\/strong> <strong>PGNO. IND. SEPES RONDA DE LA INDUSTRIA 153. 22006, HUESCA. V.1.0.0.<\/strong> <strong>(Espa\u00f1a)<\/strong><\/p>\n\n \n\t\t\t\n\t\t<\/div>\n\t\n \n\t\t<\/div>\n\t\n \n\t\t<\/div>\n\t","protected":false},"excerpt":{"rendered":"","protected":false},"author":1,"featured_media":0,"parent":0,"menu_order":0,"comment_status":"closed","ping_status":"closed","template":"","meta":{"_acf_changed":false,"footnotes":""},"class_list":["post-3018","page","type-page","status-publish","hentry"],"acf":[],"_links":{"self":[{"href":"https:\/\/bada.de\/es\/wp-json\/wp\/v2\/pages\/3018","targetHints":{"allow":["GET"]}}],"collection":[{"href":"https:\/\/bada.de\/es\/wp-json\/wp\/v2\/pages"}],"about":[{"href":"https:\/\/bada.de\/es\/wp-json\/wp\/v2\/types\/page"}],"author":[{"embeddable":true,"href":"https:\/\/bada.de\/es\/wp-json\/wp\/v2\/users\/1"}],"replies":[{"embeddable":true,"href":"https:\/\/bada.de\/es\/wp-json\/wp\/v2\/comments?post=3018"}],"version-history":[{"count":8,"href":"https:\/\/bada.de\/es\/wp-json\/wp\/v2\/pages\/3018\/revisions"}],"predecessor-version":[{"id":8223,"href":"https:\/\/bada.de\/es\/wp-json\/wp\/v2\/pages\/3018\/revisions\/8223"}],"wp:attachment":[{"href":"https:\/\/bada.de\/es\/wp-json\/wp\/v2\/media?parent=3018"}],"curies":[{"name":"wp","href":"https:\/\/api.w.org\/{rel}","templated":true}]}}