{"id":3025,"date":"2023-09-18T18:20:09","date_gmt":"2023-09-18T16:20:09","guid":{"rendered":"https:\/\/bada.de\/requerimientos"},"modified":"2024-06-20T10:52:52","modified_gmt":"2024-06-20T08:52:52","slug":"requerimientos","status":"publish","type":"page","link":"https:\/\/bada.de\/es\/requerimientos","title":{"rendered":"Requerimientos"},"content":{"rendered":"\n<h2 class=\"wp-block-heading\">\u00bfSU PRODUCTO DEBE CUMPLIR EST\u00c1NDARES EXIGENTES? \u00a1TENEMOS LA SOLUCI\u00d3N!<\/h2>\n\n<p>En colaboraci\u00f3n con sus clientes, Bada AG encontrar\u00e1 una soluci\u00f3n espec\u00edfica, sin importar la necesidad de compounds de diferentes colores o compounds con baja densidad, resistencia y tenacidad elevadas, conductividad el\u00e9ctrica o t\u00e9rmica, coeficiente de fricci\u00f3n mejorado o resistencia al desgaste. Adem\u00e1s, Bada AG fabrica compounds sujetos a diversos reglamentos como requisitos de inflamabilidad seg\u00fan UL, conformidad con KTW (Agencia Ambiental Alemana para pl\u00e1sticos en contacto con agua potable) y con las regulaciones de contacto alimentario de la FDA.<\/p>\n\n<p><a href=\"https:\/\/www.bada.de\/metallsubstitution\" target=\"_blank\" rel=\"noopener noreferrer nofollow\"><\/a><\/p>\n\n<p><a href=\"https:\/\/www.bada.de\/metallsubstitution\" target=\"_blank\" rel=\"noopener noreferrer nofollow\">Substituci\u00f3n del metal<\/a><\/p>\n\n<p><a href=\"https:\/\/www.bada.de\/tribologie\" target=\"_blank\" rel=\"noopener noreferrer nofollow\"><\/a><\/p>\n\n<p><a href=\"https:\/\/www.bada.de\/tribologie\" target=\"_blank\" rel=\"noopener noreferrer nofollow\">Tribolog\u00eda<\/a><\/p>\n\n<p><a href=\"https:\/\/www.bada.de\/leichtbau\" target=\"_blank\" rel=\"noopener noreferrer nofollow\"><\/a><\/p>\n","protected":false},"excerpt":{"rendered":"<p>\u00bfSU PRODUCTO DEBE CUMPLIR EST\u00c1NDARES EXIGENTES? \u00a1TENEMOS LA SOLUCI\u00d3N! En colaboraci\u00f3n con sus clientes, Bada AG encontrar\u00e1 una soluci\u00f3n espec\u00edfica, sin importar la necesidad de compounds de diferentes colores o compounds con baja densidad, resistencia y tenacidad elevadas, conductividad el\u00e9ctrica o t\u00e9rmica, coeficiente de fricci\u00f3n mejorado o resistencia al desgaste. Adem\u00e1s, Bada AG fabrica compounds sujetos a diversos reglamentos como [&hellip;]<\/p>\n","protected":false},"author":2,"featured_media":0,"parent":0,"menu_order":0,"comment_status":"closed","ping_status":"closed","template":"requirements.php","meta":{"_acf_changed":false,"footnotes":""},"class_list":["post-3025","page","type-page","status-publish","hentry"],"acf":[],"_links":{"self":[{"href":"https:\/\/bada.de\/es\/wp-json\/wp\/v2\/pages\/3025","targetHints":{"allow":["GET"]}}],"collection":[{"href":"https:\/\/bada.de\/es\/wp-json\/wp\/v2\/pages"}],"about":[{"href":"https:\/\/bada.de\/es\/wp-json\/wp\/v2\/types\/page"}],"author":[{"embeddable":true,"href":"https:\/\/bada.de\/es\/wp-json\/wp\/v2\/users\/2"}],"replies":[{"embeddable":true,"href":"https:\/\/bada.de\/es\/wp-json\/wp\/v2\/comments?post=3025"}],"version-history":[{"count":0,"href":"https:\/\/bada.de\/es\/wp-json\/wp\/v2\/pages\/3025\/revisions"}],"wp:attachment":[{"href":"https:\/\/bada.de\/es\/wp-json\/wp\/v2\/media?parent=3025"}],"curies":[{"name":"wp","href":"https:\/\/api.w.org\/{rel}","templated":true}]}}