{"id":3027,"date":"2023-07-09T21:44:01","date_gmt":"2023-07-09T19:44:01","guid":{"rendered":"https:\/\/bada.de\/pie-de-imprenta"},"modified":"2025-08-28T12:26:22","modified_gmt":"2025-08-28T10:26:22","slug":"pie-de-imprenta","status":"publish","type":"page","link":"https:\/\/bada.de\/es\/pie-de-imprenta","title":{"rendered":"PIE DE IMPRENTA"},"content":{"rendered":"\n<p><strong>Responsables del contenido:<\/strong><\/p>\n\n\n\n<p><\/p>\n\n\n\n<div class=\"wp-block-group container\"><div class=\"wp-block-group__inner-container is-layout-constrained wp-block-group-is-layout-constrained\">\n<div class=\"wp-block-group row is-nowrap is-layout-flex wp-container-core-group-is-layout-ad2f72ca wp-block-group-is-layout-flex\">\n<div class=\"wp-block-group col-md-6\"><div class=\"wp-block-group__inner-container is-layout-constrained wp-block-group-is-layout-constrained\">\n<div class=\"wp-block-group address\"><div class=\"wp-block-group__inner-container is-layout-constrained wp-block-group-is-layout-constrained\">\n<p>\n\n\n\n        <strong>Bada AG<\/strong><br>\n Untere Strut 1<br>\n 77815 B\u00fchl (Baden)<br><br><br>\n        <i class=\"fa-solid fa-phone\"><\/i>  +49 (0)7223-94077-0<br>\n        <i class=\"fa-solid fa-fax\"><\/i>  +49 (0)7223-94077-77<br>\n        <i class=\"fa-solid fa-envelope\"><\/i> info@bada.de<br>\n        <i class=\"fa-solid fa-truck-fast\"><\/i> bestellung@bada.de\n\n\n<\/p>\n<\/div><\/div>\n<\/div><\/div>\n\n\n\n<div class=\"wp-block-group col-md-6\"><div class=\"wp-block-group__inner-container is-layout-constrained wp-block-group-is-layout-constrained\">\n<div class=\"wp-block-group address\"><div class=\"wp-block-group__inner-container is-layout-constrained wp-block-group-is-layout-constrained\">\n<p>\n\n\n\n        <strong>Bada Hispanaplast S.A.<\/strong><br>\n Poligono Industrial SEPES<br>\n Ronda de la Industria, n<sup>o<\/sup>153<br>\n 22006 Huesca<br><br>\n        <i class=\"fa-solid fa-phone\"><\/i>  +34 974-239774<br>\n        <i class=\"fa-solid fa-fax\"><\/i>  +34 974-243969<br>\n        <i class=\"fa-solid fa-envelope\"><\/i> info@bada.com.es\n\n\n<\/p>\n<\/div><\/div>\n<\/div><\/div>\n<\/div>\n<\/div><\/div>\n\n\n\n<p><strong>Registro comercial:<\/strong> Amtsgericht Mannheim HRB 211325<br><strong>Presidente del Consejo de Supervisi\u00f3n:<\/strong> Friedrich Sporys, dipl. en Ciencia Empresariales<br><strong>Directiva:<\/strong> Andreas Schettler, dipl. en Ciencia Empresariales<br><strong>N\u00ba de IVA:<\/strong> DE812280937<\/p>\n\n\n\n<p>Concepci\u00f3n, dise\u00f1o y programaci\u00f3n:<\/p>\n\n\n\n<p>HEADFIRST MSP GmbH<\/p>\n\n\n\n<p>Chorstra\u00dfe 16a<br>77815 B\u00fchl<br>Fon. +49 (0)7223-300-97-30 +49 7223 3009730<br><a href=\"https:\/\/headfirst.de\" target=\"_blank\" rel=\"noopener noreferrer nofollow\">headfirst.de<\/a><\/p>\n\n\n\n<p><\/p>\n\n\n\n<p>M\u00fasica en espera de <strong>Ronald Kah<\/strong>, <a href=\"https:\/\/eu-central-1.protection.sophos.com\/?d=ronaldkah.de&amp;u=aHR0cHM6Ly9yb25hbGRrYWguZGUv&amp;i=NjEzOGIzZGE3M2Y4YjcwZWMwYmJmMTAw&amp;t=SVF5ZE4xTTZvQW83N0lGVCsvOFJkM0pQeDhGOHU1eE1BanduRDdINXpIZz0=&amp;h=7aeabdfff5b94d3dad1cea597cf604da\" target=\"_blank\" rel=\"noopener noreferrer nofollow\">Web: https:\/\/ronaldkah.de\/<\/a><\/p>\n\n\n\n<p>Las aportaciones de terceros no reflejan necesariamente la opini\u00f3n de Bada AG.<br> <\/p>\n\n\n\n<p>Derechos de propiedad intelectual, derechos de autor:<\/p>\n\n\n\n<p>Todos los textos, fotograf\u00edas y gr\u00e1ficos est\u00e1n protegidos por los derechos de autor de: \u00a9 2008 Bada AG<br><br>Por desgracia, el propietario no tiene ning\u00fan control sobre el transporte de datos en la Internet o WWW. Independientemente de las medidas generales de seguridad, el propietario no puede, por lo tanto, hacerse responsable de que los mensajes enviados lleguen correctamente o con seguridad al destinatario o de que sean mostrados correctamente cuando se produce un fallo en la transmisi\u00f3n del mensaje fuera del servidor del propietario utilizado.<br><br><strong>Descargo de responsabilidad:<\/strong><br>A pesar de realizar un control exhaustivo, no nos hacemos responsables del contenido de enlaces externos. Los \u00fanicos responsables del contenido de las p\u00e1ginas vinculadas a las nuestras son sus propietarios.<br><br><\/p>\n\n\n\n<p><\/p>\n","protected":false},"excerpt":{"rendered":"<p>Responsables del contenido: Bada AG Untere Strut 1 77815 B\u00fchl (Baden) +49 (0)7223-94077-0 +49 (0)7223-94077-77 info@bada.de bestellung@bada.de Bada Hispanaplast S.A. Poligono Industrial SEPES Ronda de la Industria, no153 22006 Huesca +34 974-239774 +34 974-243969 info@bada.com.es Registro comercial: Amtsgericht Mannheim HRB 211325Presidente del Consejo de Supervisi\u00f3n: Friedrich Sporys, dipl. en Ciencia EmpresarialesDirectiva: Andreas Schettler, dipl. en Ciencia EmpresarialesN\u00ba de IVA: DE812280937 [&hellip;]<\/p>\n","protected":false},"author":1,"featured_media":0,"parent":0,"menu_order":0,"comment_status":"closed","ping_status":"closed","template":"","meta":{"_acf_changed":false,"footnotes":""},"class_list":["post-3027","page","type-page","status-publish","hentry"],"acf":[],"_links":{"self":[{"href":"https:\/\/bada.de\/es\/wp-json\/wp\/v2\/pages\/3027","targetHints":{"allow":["GET"]}}],"collection":[{"href":"https:\/\/bada.de\/es\/wp-json\/wp\/v2\/pages"}],"about":[{"href":"https:\/\/bada.de\/es\/wp-json\/wp\/v2\/types\/page"}],"author":[{"embeddable":true,"href":"https:\/\/bada.de\/es\/wp-json\/wp\/v2\/users\/1"}],"replies":[{"embeddable":true,"href":"https:\/\/bada.de\/es\/wp-json\/wp\/v2\/comments?post=3027"}],"version-history":[{"count":2,"href":"https:\/\/bada.de\/es\/wp-json\/wp\/v2\/pages\/3027\/revisions"}],"predecessor-version":[{"id":10732,"href":"https:\/\/bada.de\/es\/wp-json\/wp\/v2\/pages\/3027\/revisions\/10732"}],"wp:attachment":[{"href":"https:\/\/bada.de\/es\/wp-json\/wp\/v2\/media?parent=3027"}],"curies":[{"name":"wp","href":"https:\/\/api.w.org\/{rel}","templated":true}]}}