{"id":3401,"date":"2023-10-03T18:50:37","date_gmt":"2023-10-03T16:50:37","guid":{"rendered":"https:\/\/bada.de\/?page_id=3401"},"modified":"2023-10-08T11:28:08","modified_gmt":"2023-10-08T09:28:08","slug":"somos-especialistas-en-termoplasticos-tecnicos-y-elastomeros-3","status":"publish","type":"page","link":"https:\/\/bada.de\/es\/somos-especialistas-en-termoplasticos-tecnicos-y-elastomeros-3","title":{"rendered":"Mercados"},"content":{"rendered":"\n\t\t<div  class=\"block-f09607cb-b2d2-4bcb-a010-761ac4292151 areoi-element container\">\n\t\t\t\n\t\t\t\n\n\t\t<div  class=\"block-c095d0f2-82ca-4bac-9949-12361b7c8286 row areoi-element\">\n\t\t\t\n\n\t\t\t\n\n\t\t<div  class=\"block-fb782a5b-6bc5-4d99-8224-93d983f61f00 col areoi-element col-12\">\n\t\t\t\n\t\t\t\n\n<h1 class=\"wp-block-heading\">SATISFACEMOS TODAS LAS EXIGENCIAS DE SU MERCADO<\/h1>\n\n \n\t\t\t\n\t\t<\/div>\n\t\n\n\n\t\t<div  class=\"block-cfa47501-cae5-438e-8202-274083c01326 col areoi-element col-12\">\n\t\t\t\n\t\t\t\n\n<p>\u00a1Cada mercado y cada aplicaci\u00f3n concreta tiene unas caracter\u00edsticas espec\u00edficas! Podemos ayudarle a encontrar el pl\u00e1stico m\u00e1s adecuado gracias a nuestra experiencia en mercados completamente distintos con todos sus requerimientos especiales que van desde los electrodom\u00e9sticos, construcci\u00f3n y mobiliario, el\u00e9ctrico y electr\u00f3nica, ingenier\u00eda mec\u00e1nica y automoci\u00f3n, a dispositivos m\u00e9dicos y sanitarios, e industria aeroespacial.<\/p>\n\n\n\n<p>Nos apoyamos en las sinergias que surgen de nuestra presencia en proyectos de mercados diversos para encontrar soluciones a medida para usted, sin importar lo desafiantes que puedan ser. Las soluciones innovadoras requieren pl\u00e1sticos especiales. Estamos deseando afrontar el reto. \u00a1P\u00f3nganos a prueba!<\/p>\n\n \n\t\t\t\n\t\t<\/div>\n\t\n \n\t\t<\/div>\n\t\n \n\t\t<\/div>\n\t\n\t\t<div  class=\"block-f524da72-5fb2-4910-ae64-258c8e4aa77e areoi-element container m-0 p-0\">\n\t\t\t\n\t\t\t\n\n<hr class=\"wp-block-separator has-alpha-channel-opacity style1\"\/>\n\n \n\t\t<\/div>\n\t\n\t\t<div  class=\"block-97bc28bb-7208-4fe4-8e0e-e3c353cb06e5 areoi-element container\">\n\t\t\t\n\t\t\t\n\n\t\t<div  class=\"block-06eb97a5-de3b-4110-9d62-5a68af4585ed row areoi-element row-cols-1 row-cols-md-3\">\n\t\t\t\n\n\t\t\t\n\n\t\t<div  class=\"block-fb782a5b-6bc5-4d99-8224-93d983f61f00 col areoi-element\">\n\t\t\t\n\t\t\t\n\n\t\t<div  class=\"block-7283b13f-23d8-44b1-8ce3-d853403b7230 card align-text-bottom image\">\n\t\t\t\n\n<figure class=\"wp-block-image size-full card-img-top img-thumbnail img-fluid\"><img loading=\"lazy\" decoding=\"async\" width=\"940\" height=\"450\" src=\"https:\/\/bada.de\/app\/uploads\/interieur.webp\" alt=\"\" class=\"img-fluid wp-image-638\" style=\"aspect-ratio:1;object-fit:cover\" srcset=\"https:\/\/bada.de\/app\/uploads\/interieur.webp 940w, https:\/\/bada.de\/app\/uploads\/interieur-300x144.webp 300w, https:\/\/bada.de\/app\/uploads\/interieur-768x368.webp 768w\" sizes=\"auto, (max-width: 940px) 100vw, 940px\">\n<\/figure>\n\n\n\n\t\t<div  class=\"block-4a9336e9-91d1-4e5c-87a1-3904134adca9 card-body card-img-overlay d-flex align-items-end\">\n\t\t\t\n\n<h2 class=\"wp-block-heading card-title image-caption\"><a href=\"https:\/\/bada.de\/es\/somos-especialistas-en-termoplasticos-tecnicos-y-elastomeros-3\/automocion\" data-type=\"page\" data-id=\"27\" target=\"_blank\" rel=\"noopener noreferrer nofollow\">Autom\u00f3vil<\/a><\/h2>\n\n \n\t\t<\/div>\n\t\n \n\t\t<\/div>\n\t\n \n\t\t\t\n\t\t<\/div>\n\t\n\n\n\t\t<div  class=\"block-97a90919-28b6-4bea-97ac-949fb127aa4d col areoi-element\">\n\t\t\t\n\t\t\t\n\n\t\t<div  class=\"block-fb0b7655-6f4d-48aa-b1ef-9aa29e8e58de card align-text-bottom image\">\n\t\t\t\n\n<figure class=\"wp-block-image size-full card-img-top img-thumbnail img-fluid\"><img loading=\"lazy\" decoding=\"async\" width=\"940\" height=\"450\" src=\"https:\/\/bada.de\/app\/uploads\/fahrzeugtechnik.webp\" alt=\"\" class=\"img-fluid wp-image-633\" style=\"aspect-ratio:1;object-fit:cover\" srcset=\"https:\/\/bada.de\/app\/uploads\/fahrzeugtechnik.webp 940w, https:\/\/bada.de\/app\/uploads\/fahrzeugtechnik-300x144.webp 300w, https:\/\/bada.de\/app\/uploads\/fahrzeugtechnik-768x368.webp 768w\" sizes=\"auto, (max-width: 940px) 100vw, 940px\">\n<\/figure>\n\n\n\n\t\t<div  class=\"block-4a9336e9-91d1-4e5c-87a1-3904134adca9 card-body card-img-overlay d-flex align-items-end\">\n\t\t\t\n\n<h2 class=\"wp-block-heading card-title image-caption\"><a href=\"https:\/\/bada.de\/es\/somos-especialistas-en-termoplasticos-tecnicos-y-elastomeros-3\/ingenieria-de-automocion\" data-type=\"page\" data-id=\"34\" target=\"_blank\" rel=\"noopener noreferrer nofollow\">Ingenier\u00eda del Autom\u00f3vil<\/a><\/h2>\n\n \n\t\t<\/div>\n\t\n \n\t\t<\/div>\n\t\n \n\t\t\t\n\t\t<\/div>\n\t\n\n\n\t\t<div  class=\"block-887590e4-8656-4933-978b-2113dbc69045 col areoi-element\">\n\t\t\t\n\t\t\t\n\n\t\t<div  class=\"block-f67a8674-1571-4d34-a3d8-9d0bdd749254 card align-text-bottom image\">\n\t\t\t\n\n<figure class=\"wp-block-image size-full card-img-top img-thumbnail img-fluid\"><img loading=\"lazy\" decoding=\"async\" width=\"940\" height=\"450\" src=\"https:\/\/bada.de\/app\/uploads\/fahrzeugelektrik.webp\" alt=\"\" class=\"img-fluid wp-image-635\" style=\"aspect-ratio:1;object-fit:cover\" srcset=\"https:\/\/bada.de\/app\/uploads\/fahrzeugelektrik.webp 940w, https:\/\/bada.de\/app\/uploads\/fahrzeugelektrik-300x144.webp 300w, https:\/\/bada.de\/app\/uploads\/fahrzeugelektrik-768x368.webp 768w\" sizes=\"auto, (max-width: 940px) 100vw, 940px\">\n<\/figure>\n\n\n\n\t\t<div  class=\"block-4a9336e9-91d1-4e5c-87a1-3904134adca9 card-body card-img-overlay d-flex align-items-end\">\n\t\t\t\n\n<h2 class=\"wp-block-heading card-title image-caption\"><a href=\"https:\/\/bada.de\/es\/somos-especialistas-en-termoplasticos-tecnicos-y-elastomeros-3\/vehiculos-electricos-electronicos\" data-type=\"page\" data-id=\"46\" target=\"_blank\" rel=\"noopener noreferrer nofollow\">Electricidad \/ electr\u00f3nica del veh\u00edculo<\/a><\/h2>\n\n \n\t\t<\/div>\n\t\n \n\t\t<\/div>\n\t\n \n\t\t\t\n\t\t<\/div>\n\t\n\n\n\t\t<div  class=\"block-fb782a5b-6bc5-4d99-8224-93d983f61f00 col areoi-element\">\n\t\t\t\n\t\t\t\n\n\t\t<div  class=\"block-7283b13f-23d8-44b1-8ce3-d853403b7230 card align-text-bottom image\">\n\t\t\t\n\n<figure class=\"wp-block-image size-full card-img-top img-thumbnail img-fluid\"><img loading=\"lazy\" decoding=\"async\" width=\"940\" height=\"450\" src=\"https:\/\/bada.de\/app\/uploads\/elektrik.webp\" alt=\"\" class=\"img-fluid wp-image-650\" style=\"aspect-ratio:1;object-fit:cover\" srcset=\"https:\/\/bada.de\/app\/uploads\/elektrik.webp 940w, https:\/\/bada.de\/app\/uploads\/elektrik-300x144.webp 300w, https:\/\/bada.de\/app\/uploads\/elektrik-768x368.webp 768w\" sizes=\"auto, (max-width: 940px) 100vw, 940px\">\n<\/figure>\n\n\n\n\t\t<div  class=\"block-4a9336e9-91d1-4e5c-87a1-3904134adca9 card-body card-img-overlay d-flex align-items-end\">\n\t\t\t\n\n<h2 class=\"wp-block-heading card-title image-caption\"><a href=\"https:\/\/bada.de\/es\/somos-especialistas-en-termoplasticos-tecnicos-y-elastomeros-3\/electricidad-electronica\" data-type=\"page\" data-id=\"53\" target=\"_blank\" rel=\"noopener noreferrer nofollow\">Electricidad y Electr\u00f3nica<\/a><\/h2>\n\n \n\t\t<\/div>\n\t\n \n\t\t<\/div>\n\t\n \n\t\t\t\n\t\t<\/div>\n\t\n\n\n\t\t<div  class=\"block-97a90919-28b6-4bea-97ac-949fb127aa4d col areoi-element\">\n\t\t\t\n\t\t\t\n\n\t\t<div  class=\"block-fb0b7655-6f4d-48aa-b1ef-9aa29e8e58de card align-text-bottom image\">\n\t\t\t\n\n<figure class=\"wp-block-image size-full card-img-top img-thumbnail img-fluid\"><img loading=\"lazy\" decoding=\"async\" width=\"940\" height=\"450\" src=\"https:\/\/bada.de\/app\/uploads\/maschinenbau.webp\" alt=\"\" class=\"img-fluid wp-image-641\" style=\"aspect-ratio:1;object-fit:cover\" srcset=\"https:\/\/bada.de\/app\/uploads\/maschinenbau.webp 940w, https:\/\/bada.de\/app\/uploads\/maschinenbau-300x144.webp 300w, https:\/\/bada.de\/app\/uploads\/maschinenbau-768x368.webp 768w\" sizes=\"auto, (max-width: 940px) 100vw, 940px\">\n<\/figure>\n\n\n\n\t\t<div  class=\"block-4a9336e9-91d1-4e5c-87a1-3904134adca9 card-body card-img-overlay d-flex align-items-end\">\n\t\t\t\n\n<h2 class=\"wp-block-heading card-title image-caption\"><a href=\"https:\/\/bada.de\/es\/somos-especialistas-en-termoplasticos-tecnicos-y-elastomeros-3\/ingenieria-mecanica\" data-type=\"page\" data-id=\"65\" target=\"_blank\" rel=\"noopener noreferrer nofollow\">Ingenier\u00eda Mec\u00e1nica<\/a><\/h2>\n\n \n\t\t<\/div>\n\t\n \n\t\t<\/div>\n\t\n \n\t\t\t\n\t\t<\/div>\n\t\n\n\n\t\t<div  class=\"block-887590e4-8656-4933-978b-2113dbc69045 col areoi-element\">\n\t\t\t\n\t\t\t\n\n\t\t<div  class=\"block-f67a8674-1571-4d34-a3d8-9d0bdd749254 card align-text-bottom image\">\n\t\t\t\n\n<figure class=\"wp-block-image size-full card-img-top img-thumbnail img-fluid\"><img loading=\"lazy\" decoding=\"async\" width=\"940\" height=\"450\" src=\"https:\/\/bada.de\/app\/uploads\/medizintechnik.webp\" alt=\"\" class=\"img-fluid wp-image-652\" style=\"aspect-ratio:1;object-fit:cover\" srcset=\"https:\/\/bada.de\/app\/uploads\/medizintechnik.webp 940w, https:\/\/bada.de\/app\/uploads\/medizintechnik-300x144.webp 300w, https:\/\/bada.de\/app\/uploads\/medizintechnik-768x368.webp 768w\" sizes=\"auto, (max-width: 940px) 100vw, 940px\">\n<\/figure>\n\n\n\n\t\t<div  class=\"block-4a9336e9-91d1-4e5c-87a1-3904134adca9 card-body card-img-overlay d-flex align-items-end\">\n\t\t\t\n\n<h2 class=\"wp-block-heading card-title image-caption\"><a href=\"https:\/\/bada.de\/es\/somos-especialistas-en-termoplasticos-tecnicos-y-elastomeros-3\/medicina-e-higiene\" data-type=\"page\" data-id=\"79\" target=\"_blank\" rel=\"noopener noreferrer nofollow\">M\u00e9dico<\/a><\/h2>\n\n \n\t\t<\/div>\n\t\n \n\t\t<\/div>\n\t\n \n\t\t\t\n\t\t<\/div>\n\t\n\n\n\t\t<div  class=\"block-887590e4-8656-4933-978b-2113dbc69045 col areoi-element\">\n\t\t\t\n\t\t\t\n\n\t\t<div  class=\"block-f67a8674-1571-4d34-a3d8-9d0bdd749254 card align-text-bottom image\">\n\t\t\t\n\n<figure class=\"wp-block-image size-full card-img-top img-thumbnail img-fluid\"><img loading=\"lazy\" decoding=\"async\" width=\"940\" height=\"450\" src=\"https:\/\/bada.de\/app\/uploads\/haushalt.webp\" alt=\"\" class=\"img-fluid wp-image-636\" style=\"aspect-ratio:1;object-fit:cover\" srcset=\"https:\/\/bada.de\/app\/uploads\/haushalt.webp 940w, https:\/\/bada.de\/app\/uploads\/haushalt-300x144.webp 300w, https:\/\/bada.de\/app\/uploads\/haushalt-768x368.webp 768w\" sizes=\"auto, (max-width: 940px) 100vw, 940px\">\n<\/figure>\n\n\n\n\t\t<div  class=\"block-4a9336e9-91d1-4e5c-87a1-3904134adca9 card-body card-img-overlay d-flex align-items-end\">\n\t\t\t\n\n<h2 class=\"wp-block-heading card-title image-caption\"><a href=\"https:\/\/bada.de\/es\/somos-especialistas-en-termoplasticos-tecnicos-y-elastomeros-3\/presupuesto\" data-type=\"page\" data-id=\"79\" target=\"_blank\" rel=\"noopener noreferrer nofollow\">Aplicaciones dom\u00e9sticas<\/a><\/h2>\n\n \n\t\t<\/div>\n\t\n \n\t\t<\/div>\n\t\n \n\t\t\t\n\t\t<\/div>\n\t\n\n\n\t\t<div  class=\"block-887590e4-8656-4933-978b-2113dbc69045 col areoi-element\">\n\t\t\t\n\t\t\t\n\n\t\t<div  class=\"block-f67a8674-1571-4d34-a3d8-9d0bdd749254 card align-text-bottom image\">\n\t\t\t\n\n<figure class=\"wp-block-image size-full card-img-top img-thumbnail img-fluid\"><img loading=\"lazy\" decoding=\"async\" width=\"940\" height=\"450\" src=\"https:\/\/bada.de\/app\/uploads\/bau.webp\" alt=\"\" class=\"img-fluid wp-image-656\" style=\"aspect-ratio:1;object-fit:cover\" srcset=\"https:\/\/bada.de\/app\/uploads\/bau.webp 940w, https:\/\/bada.de\/app\/uploads\/bau-300x144.webp 300w, https:\/\/bada.de\/app\/uploads\/bau-768x368.webp 768w\" sizes=\"auto, (max-width: 940px) 100vw, 940px\">\n<\/figure>\n\n\n\n\t\t<div  class=\"block-4a9336e9-91d1-4e5c-87a1-3904134adca9 card-body card-img-overlay d-flex align-items-end\">\n\t\t\t\n\n<h2 class=\"wp-block-heading card-title image-caption\"><a href=\"https:\/\/bada.de\/es\/somos-especialistas-en-termoplasticos-tecnicos-y-elastomeros-3\/construccion\" data-type=\"page\" data-id=\"79\" target=\"_blank\" rel=\"noopener noreferrer nofollow\">Construcci\u00f3n<\/a><\/h2>\n\n \n\t\t<\/div>\n\t\n \n\t\t<\/div>\n\t\n \n\t\t\t\n\t\t<\/div>\n\t\n\n\n\t\t<div  class=\"block-b8872d9c-3e4b-4b28-8060-21bc44b5d2dd col areoi-element\">\n\t\t\t\n\t\t\t\n\n\t\t<div  class=\"block-850bf2d0-ba2c-483d-8e85-154987b7d128 card align-text-bottom image\">\n\t\t\t\n\n<figure class=\"wp-block-image size-full card-img-top img-thumbnail img-fluid\"><img loading=\"lazy\" decoding=\"async\" width=\"940\" height=\"450\" src=\"https:\/\/bada.de\/app\/uploads\/moebel.webp\" alt=\"\" class=\"img-fluid wp-image-640\" style=\"aspect-ratio:1;object-fit:cover\" srcset=\"https:\/\/bada.de\/app\/uploads\/moebel.webp 940w, https:\/\/bada.de\/app\/uploads\/moebel-300x144.webp 300w, https:\/\/bada.de\/app\/uploads\/moebel-768x368.webp 768w\" sizes=\"auto, (max-width: 940px) 100vw, 940px\">\n<\/figure>\n\n\n\n\t\t<div  class=\"block-4a9336e9-91d1-4e5c-87a1-3904134adca9 card-body card-img-overlay d-flex align-items-end\">\n\t\t\t\n\n<h2 class=\"wp-block-heading card-title image-caption\"><a href=\"https:\/\/bada.de\/es\/somos-especialistas-en-termoplasticos-tecnicos-y-elastomeros-3\/muebles\" data-type=\"page\" data-id=\"79\" target=\"_blank\" rel=\"noopener noreferrer nofollow\">Mueble<\/a><\/h2>\n\n \n\t\t<\/div>\n\t\n \n\t\t<\/div>\n\t\n \n\t\t\t\n\t\t<\/div>\n\t\n\n\n\t\t<div  class=\"block-887590e4-8656-4933-978b-2113dbc69045 col areoi-element\">\n\t\t\t\n\t\t\t\n\n\t\t<div  class=\"block-f67a8674-1571-4d34-a3d8-9d0bdd749254 card align-text-bottom image\">\n\t\t\t\n\n<figure class=\"wp-block-image size-full card-img-top img-thumbnail img-fluid\"><img loading=\"lazy\" decoding=\"async\" width=\"940\" height=\"450\" src=\"https:\/\/bada.de\/app\/uploads\/sport.webp\" alt=\"\" class=\"img-fluid wp-image-643\" style=\"aspect-ratio:1;object-fit:cover\" srcset=\"https:\/\/bada.de\/app\/uploads\/sport.webp 940w, https:\/\/bada.de\/app\/uploads\/sport-300x144.webp 300w, https:\/\/bada.de\/app\/uploads\/sport-768x368.webp 768w\" sizes=\"auto, (max-width: 940px) 100vw, 940px\">\n<\/figure>\n\n\n\n\t\t<div  class=\"block-4a9336e9-91d1-4e5c-87a1-3904134adca9 card-body card-img-overlay d-flex align-items-end\">\n\t\t\t\n\n<h2 class=\"wp-block-heading card-title image-caption\"><a href=\"https:\/\/bada.de\/es\/somos-especialistas-en-termoplasticos-tecnicos-y-elastomeros-3\/deportes-ocio\" data-type=\"page\" data-id=\"79\" target=\"_blank\" rel=\"noopener noreferrer nofollow\">Ocio y Deporte<\/a><\/h2>\n\n \n\t\t<\/div>\n\t\n \n\t\t<\/div>\n\t\n \n\t\t\t\n\t\t<\/div>\n\t\n\n\n\t\t<div  class=\"block-887590e4-8656-4933-978b-2113dbc69045 col areoi-element\">\n\t\t\t\n\t\t\t\n\n\t\t<div  class=\"block-f67a8674-1571-4d34-a3d8-9d0bdd749254 card align-text-bottom image\">\n\t\t\t\n\n<figure class=\"wp-block-image size-full card-img-top img-thumbnail img-fluid\"><img loading=\"lazy\" decoding=\"async\" width=\"940\" height=\"450\" src=\"https:\/\/bada.de\/app\/uploads\/weitere-maerkte.webp\" alt=\"\" class=\"img-fluid wp-image-644\" style=\"aspect-ratio:1;object-fit:cover\" srcset=\"https:\/\/bada.de\/app\/uploads\/weitere-maerkte.webp 940w, https:\/\/bada.de\/app\/uploads\/weitere-maerkte-300x144.webp 300w, https:\/\/bada.de\/app\/uploads\/weitere-maerkte-768x368.webp 768w\" sizes=\"auto, (max-width: 940px) 100vw, 940px\">\n<\/figure>\n\n\n\n\t\t<div  class=\"block-4a9336e9-91d1-4e5c-87a1-3904134adca9 card-body card-img-overlay d-flex align-items-end\">\n\t\t\t\n\n<h2 class=\"wp-block-heading card-title image-caption\"><a href=\"https:\/\/bada.de\/es\/somos-especialistas-en-termoplasticos-tecnicos-y-elastomeros-3\/otros-mercados\" data-type=\"page\" data-id=\"79\" target=\"_blank\" rel=\"noopener noreferrer nofollow\">Otros Mercados<\/a><\/h2>\n\n \n\t\t<\/div>\n\t\n \n\t\t<\/div>\n\t\n \n\t\t\t\n\t\t<\/div>\n\t\n \n\t\t<\/div>\n\t\n \n\t\t<\/div>\n\t\n\t\t<div  class=\"block-f524da72-5fb2-4910-ae64-258c8e4aa77e areoi-element container m-0 p-0\">\n\t\t\t\n\t\t\t\n\n<hr class=\"wp-block-separator has-alpha-channel-opacity style1\"\/>\n\n \n\t\t<\/div>\n\t\n\t\t<div  class=\"block-b3248381-95c3-4d31-9ca2-c1e52ef7a9b0 areoi-element container\">\n\t\t\t\n\t\t\t\n\n\t\t<div  class=\"block-daab04c7-eb3a-4639-b91b-61bea0be9e3c row areoi-element\">\n\t\t\t\n\n\t\t\t\n\n\t\t<div  class=\"block-955c45f8-5df2-4f78-a0a7-55095bb5af70 col areoi-element\">\n\t\t\t\n\t\t\t\n\n<h1 class=\"wp-block-heading text-break\">\u00bfBuscas caracter\u00edsticas espec\u00edficas del producto?<\/h1>\n\n\n\n\t\t<div  class=\"block-7283b13f-23d8-44b1-8ce3-d853403b7230 card align-text-bottom image\">\n\t\t\t\n\n<figure class=\"wp-block-image size-full card-img-top img-thumbnail img-fluid\"><img loading=\"lazy\" decoding=\"async\" width=\"1600\" height=\"400\" src=\"https:\/\/bada.de\/app\/uploads\/page\/header-requirements.webp\" alt=\"\" class=\"img-fluid wp-image-585\" srcset=\"https:\/\/bada.de\/app\/uploads\/page\/header-requirements.webp 1600w, https:\/\/bada.de\/app\/uploads\/page\/header-requirements-300x75.webp 300w, https:\/\/bada.de\/app\/uploads\/page\/header-requirements-1024x256.webp 1024w, https:\/\/bada.de\/app\/uploads\/page\/header-requirements-768x192.webp 768w, https:\/\/bada.de\/app\/uploads\/page\/header-requirements-1536x384.webp 1536w\" sizes=\"auto, (max-width: 1600px) 100vw, 1600px\">\n<\/figure>\n\n\n\n\t\t<div  class=\"block-4a9336e9-91d1-4e5c-87a1-3904134adca9 card-body card-img-overlay d-flex align-items-end\">\n\t\t\t\n\n<h2 class=\"wp-block-heading card-title image-caption\"><a href=\"https:\/\/bada.de\/anforderungen\/weitere-anforderungen\" data-type=\"page\" data-id=\"1307\" target=\"_blank\" rel=\"noopener noreferrer nofollow\">Ihre Anforderungen<\/a><\/h2>\n\n \n\t\t<\/div>\n\t\n \n\t\t<\/div>\n\t\n \n\t\t\t\n\t\t<\/div>\n\t\n \n\t\t<\/div>\n\t\n \n\t\t<\/div>\n\t\n\t\t<div  class=\"block-8f7ff78b-e2b5-49ba-9b61-a2a8175e5d44 areoi-element container\">\n\t\t\t\n\t\t\t\n\n\t\t<div  class=\"block-715cd00e-37fc-47fd-803f-8e0650b5af18 row areoi-element\">\n\t\t\t\n\n\t\t\t\n\n\t\t<div  class=\"block-fb2e937f-98f0-425c-9e77-24e7c1bec170 col areoi-element border-right-light col-lg-6\">\n\t\t\t\n\t\t\t\n\n\t\t<div  class=\"block-0bcbdf4a-f223-47f5-9527-e38d4425ac5a areoi-element certificate-box\">\n\t\t\t\n\t\t\t\n\n\t\t<div  class=\"block-d17d2a8b-6a67-4ecd-94b5-ec51ca0814d8 row areoi-element\">\n\t\t\t\n\n\t\t\t\n\n\t\t<div  class=\"block-73e09e74-4ce9-4ada-8262-451b9267a978 col areoi-element col-12\">\n\t\t\t\n\t\t\t\n\n<h2 class=\"wp-block-heading\">Estamos certificados<\/h2>\n\n\n\n\t\t<div  class=\"block-49f19c81-bb48-494d-ab5a-bf8653287ccb row areoi-element\">\n\t\t\t\n\n\t\t\t\n\n\t\t<div  class=\"block-d38e6cdf-2aeb-4411-b616-9ad19f527a2a col areoi-element certificate-left col-sm-6\">\n\t\t\t\n\t\t\t\n\n<figure class=\"wp-block-image size-full is-style-default\"><img loading=\"lazy\" decoding=\"async\" width=\"189\" height=\"95\" src=\"https:\/\/bada.de\/app\/uploads\/certificates\/tuev.png\" alt=\"\" class=\"img-fluid wp-image-788\" style=\"object-fit:cover\">\n<\/figure>\n\n \n\t\t\t\n\t\t<\/div>\n\t\n\n\n\t\t<div  class=\"block-b7fcb93b-dc6b-4865-abe9-ec503079a405 col areoi-element certificate-middle col-sm-3\">\n\t\t\t\n\t\t\t\n\n<figure class=\"wp-block-image size-full\"><img loading=\"lazy\" decoding=\"async\" width=\"58\" height=\"96\" src=\"https:\/\/bada.de\/app\/uploads\/certificates\/emas.png\" alt=\"\" class=\"img-fluid wp-image-789\">\n<\/figure>\n\n \n\t\t\t\n\t\t<\/div>\n\t\n\n\n\t\t<div  class=\"block-938ac91a-13b5-4f51-aa96-acd329ac4ab4 col areoi-element certificate-right col-sm-3\">\n\t\t\t\n\t\t\t\n\n<figure class=\"wp-block-image size-full\"><img loading=\"lazy\" decoding=\"async\" width=\"105\" height=\"106\" src=\"https:\/\/bada.de\/app\/uploads\/certificates\/iso.png\" alt=\"\" class=\"img-fluid wp-image-787\">\n<\/figure>\n\n \n\t\t\t\n\t\t<\/div>\n\t\n \n\t\t<\/div>\n\t\n \n\t\t\t\n\t\t<\/div>\n\t\n \n\t\t<\/div>\n\t\n \n\t\t<\/div>\n\t\n \n\t\t\t\n\t\t<\/div>\n\t\n \n\t\t<\/div>\n\t\n \n\t\t<\/div>\n\t","protected":false},"excerpt":{"rendered":"","protected":false},"author":2,"featured_media":0,"parent":0,"menu_order":0,"comment_status":"closed","ping_status":"closed","template":"","meta":{"_acf_changed":false,"footnotes":""},"class_list":["post-3401","page","type-page","status-publish","hentry"],"acf":[],"_links":{"self":[{"href":"https:\/\/bada.de\/es\/wp-json\/wp\/v2\/pages\/3401","targetHints":{"allow":["GET"]}}],"collection":[{"href":"https:\/\/bada.de\/es\/wp-json\/wp\/v2\/pages"}],"about":[{"href":"https:\/\/bada.de\/es\/wp-json\/wp\/v2\/types\/page"}],"author":[{"embeddable":true,"href":"https:\/\/bada.de\/es\/wp-json\/wp\/v2\/users\/2"}],"replies":[{"embeddable":true,"href":"https:\/\/bada.de\/es\/wp-json\/wp\/v2\/comments?post=3401"}],"version-history":[{"count":0,"href":"https:\/\/bada.de\/es\/wp-json\/wp\/v2\/pages\/3401\/revisions"}],"wp:attachment":[{"href":"https:\/\/bada.de\/es\/wp-json\/wp\/v2\/media?parent=3401"}],"curies":[{"name":"wp","href":"https:\/\/api.w.org\/{rel}","templated":true}]}}