{"id":420,"date":"2023-07-09T17:28:55","date_gmt":"2023-07-09T15:28:55","guid":{"rendered":"https:\/\/bada.de\/somos-especialistas-en-termoplasticos-tecnicos-y-elastomeros"},"modified":"2023-10-07T15:44:36","modified_gmt":"2023-10-07T13:44:36","slug":"somos-especialistas-en-termoplasticos-tecnicos-y-elastomeros","status":"publish","type":"page","link":"https:\/\/bada.de\/es\/somos-especialistas-en-termoplasticos-tecnicos-y-elastomeros","title":{"rendered":"Somos especialistas en termopl\u00e1sticos t\u00e9cnicos y elast\u00f3meros"},"content":{"rendered":"\n\t\t<div  class=\"block-f09607cb-b2d2-4bcb-a010-761ac4292151 areoi-element container\">\n\t\t\t\n\t\t\t\n\n\t\t<div  class=\"block-c095d0f2-82ca-4bac-9949-12361b7c8286 row areoi-element\">\n\t\t\t\n\n\t\t\t\n\n\t\t<div  class=\"block-fb782a5b-6bc5-4d99-8224-93d983f61f00 col areoi-element col-12\">\n\t\t\t\n\t\t\t\n\n<p>Bada AG fabrica desde 1998 termopl\u00e1sticos t\u00e9cnicos y elast\u00f3meros termopl\u00e1sticos de gran calidad para sectores tan diversos como los de automoci\u00f3n, electr\u00f3nica, deporte y ocio, construcci\u00f3n, mobiliario, tecnolog\u00eda m\u00e9dica y menaje. <\/p>\n\n\n\n<p>En este tiempo, nos hemos consagrado en el mercado internacional como productores innovadores de compuestos especiales y flexibles proveedores de servicios. Nuestro especializado y din\u00e1mico equipo desarrolla compuestos siguiendo un proceso eficaz y con ayuda de la m\u00e1s moderna tecnolog\u00eda, de acuerdo con las caracter\u00edsticas espec\u00edficas que requiere la aplicaci\u00f3n que el cliente desea darles y que son decisivas para su funcionamiento. <\/p>\n\n\n\n<p>Contamos con una extensa red de distribuci\u00f3n y suministramos nuestras soluciones hechas a medida y de calidad garantizada en todo el mundo por la ruta m\u00e1s corta.<\/p>\n\n \n\t\t\t\n\t\t<\/div>\n\t\n \n\t\t<\/div>\n\t\n \n\t\t<\/div>\n\t\n\t\t<div  class=\"block-f524da72-5fb2-4910-ae64-258c8e4aa77e areoi-element container m-0 p-0\">\n\t\t\t\n\t\t\t\n\n<hr class=\"wp-block-separator has-alpha-channel-opacity style1\"\/>\n\n \n\t\t<\/div>\n\t\n\t\t<div  class=\"block-97bc28bb-7208-4fe4-8e0e-e3c353cb06e5 areoi-element container\">\n\t\t\t\n\t\t\t\n\n\t\t<div  class=\"block-06eb97a5-de3b-4110-9d62-5a68af4585ed row areoi-element row-cols-1 row-cols-md-3\">\n\t\t\t\n\n\t\t\t\n\n\t\t<div  class=\"block-fb782a5b-6bc5-4d99-8224-93d983f61f00 col areoi-element\">\n\t\t\t\n\t\t\t\n\n\t\t<div  class=\"block-7283b13f-23d8-44b1-8ce3-d853403b7230 card align-text-bottom image\">\n\t\t\t\n\n<figure class=\"wp-block-image size-full card-img-top img-thumbnail img-fluid\"><img loading=\"lazy\" decoding=\"async\" width=\"450\" height=\"416\" src=\"https:\/\/bada.de\/app\/uploads\/about-cont-1.jpeg\" alt=\"\" class=\"img-fluid wp-image-614\" style=\"aspect-ratio:1;object-fit:cover\" srcset=\"https:\/\/bada.de\/app\/uploads\/about-cont-1.jpeg 450w, https:\/\/bada.de\/app\/uploads\/about-cont-1-300x277.jpeg 300w\" sizes=\"auto, (max-width: 450px) 100vw, 450px\">\n<\/figure>\n\n\n\n\t\t<div  class=\"block-4a9336e9-91d1-4e5c-87a1-3904134adca9 card-body card-img-overlay d-flex align-items-end\">\n\t\t\t\n\n<h2 class=\"wp-block-heading card-title image-caption\"><a href=\"https:\/\/bada.de\/es\/con-innovacion-y-flexibilidad-satisfacemos-cualquier-peticion-del-cliente\" data-type=\"page\" data-id=\"27\" target=\"_blank\" rel=\"noopener noreferrer nofollow\">Filosof\u00eda<\/a><\/h2>\n\n \n\t\t<\/div>\n\t\n \n\t\t<\/div>\n\t\n \n\t\t\t\n\t\t<\/div>\n\t\n\n\n\t\t<div  class=\"block-97a90919-28b6-4bea-97ac-949fb127aa4d col areoi-element\">\n\t\t\t\n\t\t\t\n\n\t\t<div  class=\"block-fb0b7655-6f4d-48aa-b1ef-9aa29e8e58de card align-text-bottom image\">\n\t\t\t\n\n<figure class=\"wp-block-image size-full card-img-top img-thumbnail img-fluid\"><img loading=\"lazy\" decoding=\"async\" width=\"450\" height=\"416\" src=\"https:\/\/bada.de\/app\/uploads\/about-cont-2.jpeg\" alt=\"\" class=\"img-fluid wp-image-615\" style=\"aspect-ratio:1;object-fit:cover\" srcset=\"https:\/\/bada.de\/app\/uploads\/about-cont-2.jpeg 450w, https:\/\/bada.de\/app\/uploads\/about-cont-2-300x277.jpeg 300w\" sizes=\"auto, (max-width: 450px) 100vw, 450px\">\n<\/figure>\n\n\n\n\t\t<div  class=\"block-4a9336e9-91d1-4e5c-87a1-3904134adca9 card-body card-img-overlay d-flex align-items-end\">\n\t\t\t\n\n<h2 class=\"wp-block-heading card-title image-caption\"><a href=\"https:\/\/bada.de\/es\/base-en-europa-con-presencia-global\" data-type=\"page\" data-id=\"34\" target=\"_blank\" rel=\"noopener noreferrer nofollow\">Historia y localizaciones<\/a><\/h2>\n\n \n\t\t<\/div>\n\t\n \n\t\t<\/div>\n\t\n \n\t\t\t\n\t\t<\/div>\n\t\n\n\n\t\t<div  class=\"block-887590e4-8656-4933-978b-2113dbc69045 col areoi-element\">\n\t\t\t\n\t\t\t\n\n\t\t<div  class=\"block-f67a8674-1571-4d34-a3d8-9d0bdd749254 card align-text-bottom image\">\n\t\t\t\n\n<figure class=\"wp-block-image size-full card-img-top img-thumbnail img-fluid\"><img loading=\"lazy\" decoding=\"async\" width=\"450\" height=\"416\" src=\"https:\/\/bada.de\/app\/uploads\/about-cont-3.jpeg\" alt=\"\" class=\"img-fluid wp-image-616\" style=\"aspect-ratio:1;object-fit:cover\" srcset=\"https:\/\/bada.de\/app\/uploads\/about-cont-3.jpeg 450w, https:\/\/bada.de\/app\/uploads\/about-cont-3-300x277.jpeg 300w\" sizes=\"auto, (max-width: 450px) 100vw, 450px\">\n<\/figure>\n\n\n\n\t\t<div  class=\"block-4a9336e9-91d1-4e5c-87a1-3904134adca9 card-body card-img-overlay d-flex align-items-end\">\n\t\t\t\n\n<h2 class=\"wp-block-heading card-title image-caption\"><a href=\"https:\/\/bada.de\/es\/nuestra-tecnologia-flexible-y-abierta-al-futuro\" data-type=\"page\" data-id=\"46\" target=\"_blank\" rel=\"noopener noreferrer nofollow\">Tecnolog\u00eda<\/a><\/h2>\n\n \n\t\t<\/div>\n\t\n \n\t\t<\/div>\n\t\n \n\t\t\t\n\t\t<\/div>\n\t\n\n\n\t\t<div  class=\"block-fb782a5b-6bc5-4d99-8224-93d983f61f00 col areoi-element\">\n\t\t\t\n\t\t\t\n\n\t\t<div  class=\"block-7283b13f-23d8-44b1-8ce3-d853403b7230 card align-text-bottom image\">\n\t\t\t\n\n<figure class=\"wp-block-image size-full card-img-top img-thumbnail img-fluid\"><img loading=\"lazy\" decoding=\"async\" width=\"450\" height=\"416\" src=\"https:\/\/bada.de\/app\/uploads\/about-cont-4.jpeg\" alt=\"\" class=\"img-fluid wp-image-617\" style=\"aspect-ratio:1;object-fit:cover\" srcset=\"https:\/\/bada.de\/app\/uploads\/about-cont-4.jpeg 450w, https:\/\/bada.de\/app\/uploads\/about-cont-4-300x277.jpeg 300w\" sizes=\"auto, (max-width: 450px) 100vw, 450px\">\n<\/figure>\n\n\n\n\t\t<div  class=\"block-4a9336e9-91d1-4e5c-87a1-3904134adca9 card-body card-img-overlay d-flex align-items-end\">\n\t\t\t\n\n<h2 class=\"wp-block-heading card-title image-caption\"><a href=\"https:\/\/bada.de\/es\/bada-nuestro-nombre-es-sinonimo-de-calidad-sin-excepciones\" data-type=\"page\" data-id=\"53\" target=\"_blank\" rel=\"noopener noreferrer nofollow\">Gesti\u00f3n de calidad<\/a><\/h2>\n\n \n\t\t<\/div>\n\t\n \n\t\t<\/div>\n\t\n \n\t\t\t\n\t\t<\/div>\n\t\n\n\n\t\t<div  class=\"block-97a90919-28b6-4bea-97ac-949fb127aa4d col areoi-element\">\n\t\t\t\n\t\t\t\n\n\t\t<div  class=\"block-fb0b7655-6f4d-48aa-b1ef-9aa29e8e58de card align-text-bottom image\">\n\t\t\t\n\n<figure class=\"wp-block-image size-full card-img-top img-thumbnail img-fluid\"><img loading=\"lazy\" decoding=\"async\" width=\"450\" height=\"416\" src=\"https:\/\/bada.de\/app\/uploads\/about-cont-5.jpeg\" alt=\"\" class=\"img-fluid wp-image-618\" style=\"aspect-ratio:1;object-fit:cover\" srcset=\"https:\/\/bada.de\/app\/uploads\/about-cont-5.jpeg 450w, https:\/\/bada.de\/app\/uploads\/about-cont-5-300x277.jpeg 300w\" sizes=\"auto, (max-width: 450px) 100vw, 450px\">\n<\/figure>\n\n\n\n\t\t<div  class=\"block-4a9336e9-91d1-4e5c-87a1-3904134adca9 card-body card-img-overlay d-flex align-items-end\">\n\t\t\t\n\n<h2 class=\"wp-block-heading card-title image-caption\"><a href=\"https:\/\/bada.de\/es\/nuestra-logistica-tiene-multiples-virtudes-aunque-destaca-por-una-en-especial-la-mejor-de-su-clase\" data-type=\"page\" data-id=\"65\" target=\"_blank\" rel=\"noopener noreferrer nofollow\">Exportaciones y log\u00edstica<\/a><\/h2>\n\n \n\t\t<\/div>\n\t\n \n\t\t<\/div>\n\t\n \n\t\t\t\n\t\t<\/div>\n\t\n\n\n\t\t<div  class=\"block-887590e4-8656-4933-978b-2113dbc69045 col areoi-element\">\n\t\t\t\n\t\t\t\n\n\t\t<div  class=\"block-f67a8674-1571-4d34-a3d8-9d0bdd749254 card align-text-bottom image\">\n\t\t\t\n\n<figure class=\"wp-block-image size-full card-img-top img-thumbnail img-fluid\"><img loading=\"lazy\" decoding=\"async\" width=\"450\" height=\"416\" src=\"https:\/\/bada.de\/app\/uploads\/about-cont-6.jpeg\" alt=\"\" class=\"img-fluid wp-image-619\" style=\"aspect-ratio:1;object-fit:cover\" srcset=\"https:\/\/bada.de\/app\/uploads\/about-cont-6.jpeg 450w, https:\/\/bada.de\/app\/uploads\/about-cont-6-300x277.jpeg 300w\" sizes=\"auto, (max-width: 450px) 100vw, 450px\">\n<\/figure>\n\n\n\n\t\t<div  class=\"block-4a9336e9-91d1-4e5c-87a1-3904134adca9 card-body card-img-overlay d-flex align-items-end\">\n\t\t\t\n\n<h2 class=\"wp-block-heading card-title image-caption\"><a href=\"https:\/\/bada.de\/es\/trabajar-en-bada\" data-type=\"page\" data-id=\"79\" target=\"_blank\" rel=\"noopener noreferrer nofollow\">Trabaja en Bada<\/a><\/h2>\n\n \n\t\t<\/div>\n\t\n \n\t\t<\/div>\n\t\n \n\t\t\t\n\t\t<\/div>\n\t\n \n\t\t<\/div>\n\t\n \n\t\t<\/div>\n\t\n\t\t<div  class=\"block-f524da72-5fb2-4910-ae64-258c8e4aa77e areoi-element container m-0 p-0\">\n\t\t\t\n\t\t\t\n\n<hr class=\"wp-block-separator has-alpha-channel-opacity style1\"\/>\n\n \n\t\t<\/div>\n\t\n\t\t<div  class=\"block-97bc28bb-7208-4fe4-8e0e-e3c353cb06e5 areoi-element container\">\n\t\t\t\n\t\t\t\n\n\t\t<div  class=\"block-623d8a50-f623-41a3-9f44-ca34d2924989 row areoi-element row-cols-1 row-cols-md-2\">\n\t\t\t\n\n\t\t\t\n\n\t\t<div  class=\"block-fb782a5b-6bc5-4d99-8224-93d983f61f00 col areoi-element\">\n\t\t\t\n\t\t\t\n\n<h2 class=\"wp-block-heading\">Noticias<\/h2>\n\n\n<div class=\"container m-0 p-0 badatron-news-container\">\n            <div class=\"row m-0 p-0 align-self-stretch\">\n            \n                <div class=\"col col-12 col-md-6 m-0 p-0 news-left pe-md-2 pb-3 pb-md-2\">\n\n                    <div id=\"badatron-news-11083\" class=\"news\">\n                        <div class=\"news-header\">\n\n                                                            <a href=\"https:\/\/bada.de\/es\/noticias\/consigue-la-diferencia\" class=\"news-link\">\n                                    <div class=\"news-image\">\n                                        <img loading=\"lazy\" decoding=\"async\" width=\"370\" height=\"180\" src=\"https:\/\/bada.de\/app\/uploads\/GetTheDifference-370x180.jpg\" class=\"img-fluid news-image image-fluid img-thumbnail wp-post-image\" alt=\"\">\n                                    <\/div>\n                                    <!-- \/.news-image -->\n\n                                    <span class=\"news-date\">30.01.2026<\/span>\n                                    <!-- \/.news-date -->\n                                <\/a>\n                                <!-- \/.news-link -->\n\n                                <h2 class=\"news-headline text-break\">\n                                    \u00abConsigue la diferencia\u00bb                                <\/h2>\n                                <!-- \/.news-headline text-break -->\n                                                    <\/div>\n                        <!-- \/.news-header -->\n\n\n                        <div class=\"news-body\">\n                            Para nosotros, en Bada, \u00abConsigue la diferencia\u00bb es mucho m\u00e1s que un reclamo. Describe c\u00f3mo trabajamos. Escuchamos antes de asesorar. Desarrollamos soluciones antes de vender. Apoyamos a los clientes t\u00e9cnica y comercialmente y no nos                        <\/div>\n                        <!-- \/.news-body -->\n\n                        <div class=\"news-footer\">\n                            <a class=\"float-end\" href=\"<https:\/\/bada.de\/es\/noticias\/consigue-la-diferencia\">\n                                <button class=\"btn btn-info news-more\" type=\"button\">\n                                    Leer m\u00e1s                                <\/button>\n                            <\/a>\n                        <\/div>\n                        <!-- \/.news-footer -->\n\n                    <\/div>\n                    <!-- \/#badatron-news-11083.news -->\n\n                <\/div>\n                <!-- \/.col col-12 col-md-6 -->\n                \n                <div class=\"col col-12 col-md-6 m-0 p-0 news-right ps-md-2 pb-3 pb-md-2\">\n\n                    <div id=\"badatron-news-11092\" class=\"news\">\n                        <div class=\"news-header\">\n\n                                                            <a href=\"https:\/\/bada.de\/es\/noticias\/la-proteccion-sostenible-del-medio-ambiente-esta-firmemente-anclada-en-la-estrategia-corporativa-de-bada\" class=\"news-link\">\n                                    <div class=\"news-image\">\n                                        <img loading=\"lazy\" decoding=\"async\" width=\"370\" height=\"180\" src=\"https:\/\/bada.de\/app\/uploads\/EMAS-370x180.jpg\" class=\"img-fluid news-image image-fluid img-thumbnail wp-post-image\" alt=\"\">\n                                    <\/div>\n                                    <!-- \/.news-image -->\n\n                                    <span class=\"news-date\">20.01.2026<\/span>\n                                    <!-- \/.news-date -->\n                                <\/a>\n                                <!-- \/.news-link -->\n\n                                <h2 class=\"news-headline text-break\">\n                                    La protecci\u00f3n sostenible del medio ambiente est\u00e1 firmemente anclada en la estrategia corporativa de Bada                                <\/h2>\n                                <!-- \/.news-headline text-break -->\n                                                    <\/div>\n                        <!-- \/.news-header -->\n\n\n                        <div class=\"news-body\">\n                            Al participar en el EMAS (Sistema Comunitario de Gesti\u00f3n y Auditor\u00eda Medioambientales), cumplimos uno de los sistemas m\u00e1s exigentes del mundo en materia de gesti\u00f3n medioambiental sostenible. Basado en la norma internacional ISO 14001, el                        <\/div>\n                        <!-- \/.news-body -->\n\n                        <div class=\"news-footer\">\n                            <a class=\"float-end\" href=\"<https:\/\/bada.de\/es\/noticias\/la-proteccion-sostenible-del-medio-ambiente-esta-firmemente-anclada-en-la-estrategia-corporativa-de-bada\">\n                                <button class=\"btn btn-info news-more\" type=\"button\">\n                                    Leer m\u00e1s                                <\/button>\n                            <\/a>\n                        <\/div>\n                        <!-- \/.news-footer -->\n\n                    <\/div>\n                    <!-- \/#badatron-news-11092.news -->\n\n                <\/div>\n                <!-- \/.col col-12 col-md-6 -->\n                \n                <div class=\"col col-12 col-md-6 m-0 p-0 news-left pe-md-2 pb-3 pb-md-0\">\n\n                    <div id=\"badatron-news-11101\" class=\"news\">\n                        <div class=\"news-header\">\n\n                                                            <a href=\"https:\/\/bada.de\/es\/noticias\/el-mercado-cambia-constantemente-y-bada-responde-con-una-postura-clara\" class=\"news-link\">\n                                    <div class=\"news-image\">\n                                        <img loading=\"lazy\" decoding=\"async\" width=\"370\" height=\"180\" src=\"https:\/\/bada.de\/app\/uploads\/Flexibilitaet-370x180.jpg\" class=\"img-fluid news-image image-fluid img-thumbnail wp-post-image\" alt=\"\">\n                                    <\/div>\n                                    <!-- \/.news-image -->\n\n                                    <span class=\"news-date\">15.01.2026<\/span>\n                                    <!-- \/.news-date -->\n                                <\/a>\n                                <!-- \/.news-link -->\n\n                                <h2 class=\"news-headline text-break\">\n                                    El mercado cambia constantemente y Bada responde con una postura clara                                <\/h2>\n                                <!-- \/.news-headline text-break -->\n                                                    <\/div>\n                        <!-- \/.news-header -->\n\n\n                        <div class=\"news-body\">\n                            La flexibilidad est\u00e1 en el centro de nuestra forma de trabajar. Gracias a nuestro amplio posicionamiento industrial en los sectores de la automoci\u00f3n, la electr\u00f3nica, la medicina, el deporte y muchos otros, seguimos siendo independientes                        <\/div>\n                        <!-- \/.news-body -->\n\n                        <div class=\"news-footer\">\n                            <a class=\"float-end\" href=\"<https:\/\/bada.de\/es\/noticias\/el-mercado-cambia-constantemente-y-bada-responde-con-una-postura-clara\">\n                                <button class=\"btn btn-info news-more\" type=\"button\">\n                                    Leer m\u00e1s                                <\/button>\n                            <\/a>\n                        <\/div>\n                        <!-- \/.news-footer -->\n\n                    <\/div>\n                    <!-- \/#badatron-news-11101.news -->\n\n                <\/div>\n                <!-- \/.col col-12 col-md-6 -->\n                \n                <div class=\"col col-12 col-md-6 m-0 p-0 news-right ps-md-2 pb-3 pb-md-0\">\n\n                    <div id=\"badatron-news-11112\" class=\"news\">\n                        <div class=\"news-header\">\n\n                                                            <a href=\"https:\/\/bada.de\/es\/noticias\/comienza-un-nuevo-ano-y-trae-consigo-nuevos-objetivos-ideas-y-propositos\" class=\"news-link\">\n                                    <div class=\"news-image\">\n                                        <img loading=\"lazy\" decoding=\"async\" width=\"370\" height=\"180\" src=\"https:\/\/bada.de\/app\/uploads\/2026-370x180.jpg\" class=\"img-fluid news-image image-fluid img-thumbnail wp-post-image\" alt=\"\">\n                                    <\/div>\n                                    <!-- \/.news-image -->\n\n                                    <span class=\"news-date\">07.01.2026<\/span>\n                                    <!-- \/.news-date -->\n                                <\/a>\n                                <!-- \/.news-link -->\n\n                                <h2 class=\"news-headline text-break\">\n                                    Comienza un nuevo a\u00f1o y trae consigo nuevos objetivos, ideas y prop\u00f3sitos                                <\/h2>\n                                <!-- \/.news-headline text-break -->\n                                                    <\/div>\n                        <!-- \/.news-header -->\n\n\n                        <div class=\"news-body\">\n                            2026 ofrece muchas oportunidades para desarrollar m\u00e1s las cosas, optimizar los procesos y abrir nuevos caminos juntos. En Bada, tambi\u00e9n empezamos el nuevo a\u00f1o con objetivos claros. Queremos desarrollar de forma coherente nuestras soluciones materiales,                        <\/div>\n                        <!-- \/.news-body -->\n\n                        <div class=\"news-footer\">\n                            <a class=\"float-end\" href=\"<https:\/\/bada.de\/es\/noticias\/comienza-un-nuevo-ano-y-trae-consigo-nuevos-objetivos-ideas-y-propositos\">\n                                <button class=\"btn btn-info news-more\" type=\"button\">\n                                    Leer m\u00e1s                                <\/button>\n                            <\/a>\n                        <\/div>\n                        <!-- \/.news-footer -->\n\n                    <\/div>\n                    <!-- \/#badatron-news-11112.news -->\n\n                <\/div>\n                <!-- \/.col col-12 col-md-6 -->\n                        <\/div>\n        <!-- \/.row -->\n    <\/div>\n<!-- \/.container badatron-recent-posts-container -->\n\n<!-- INFO: resources\/templates\/shortcodes\/badatron-recent-posts\/mini-4-cols.tpl.php rendered in 0.015496 seconds. Memory usage: 87 KB -->\n\n\n \n\t\t\t\n\t\t<\/div>\n\t\n\n\n\t\t<div  class=\"block-97a90919-28b6-4bea-97ac-949fb127aa4d col areoi-element\">\n\t\t\t\n\t\t\t\n\n<h2 class=\"wp-block-heading\">Preguntas m\u00e1s frecuentes<\/h2>\n\n\n\n\t\t<div  class=\"block-9403f121-1daf-4d43-88af-02187d6bc58a list-group questions\">\n\t\t\t\n\n\t\t\t<a \n\t\t\t\thref=\"https:\/\/bada.de\/haeufige-fragen-und-antworten#faq1\" \n\t\t\t\trel=\"\" \n\t\t\t\ttarget=\"\" \n\t\t\t\tid=\"block-e6a39832-2775-427a-bbde-fd4515dc4a46\" \n\t\t\t\tclass=\"list-group-item\"\n\t\t\t target=\"_blank\">\n\t\t\t\t\u00bfD\u00f3nde puedo encontrar documentaci\u00f3n t\u00e9cnica de mi compound? \n\t\t\t<\/a>\n\t\t\n\n\n\t\t\t<a \n\t\t\t\thref=\"https:\/\/bada.de\/haeufige-fragen-und-antworten#faq2\" \n\t\t\t\trel=\"\" \n\t\t\t\ttarget=\"\" \n\t\t\t\tid=\"block-1cab6716-2dc4-49bf-a943-f1d1149baf1c\" \n\t\t\t\tclass=\"list-group-item\"\n\t\t\t target=\"_blank\">\n\t\t\t\tMi producto no se fabrica en Europa. \u00bfBada puede suministrarme en el extranjero? \n\t\t\t<\/a>\n\t\t\n\n\n\t\t\t<a \n\t\t\t\thref=\"https:\/\/bada.de\/haeufige-fragen-und-antworten#faq3\" \n\t\t\t\trel=\"\" \n\t\t\t\ttarget=\"\" \n\t\t\t\tid=\"block-1107ed96-6de1-4beb-b5c7-19c0cac57daa\" \n\t\t\t\tclass=\"list-group-item\"\n\t\t\t target=\"_blank\">\n\t\t\t\tEn vuestro listado de productos no puedo encontrar el compound que necesito. \u00bfBada fabrica productos a medida? \n\t\t\t<\/a>\n\t\t\n\n\n\t\t\t<a \n\t\t\t\thref=\"https:\/\/bada.de\/haeufige-fragen-und-antworten#faq4\" \n\t\t\t\trel=\"\" \n\t\t\t\ttarget=\"\" \n\t\t\t\tid=\"block-1489896f-516f-4f01-b5c8-92accbb66495\" \n\t\t\t\tclass=\"list-group-item\"\n\t\t\t target=\"_blank\">\n\t\t\t\tQuisiera hacer mi producto de pl\u00e1stico pero no estamos familiarizados con este tipo de material. \u00bfPodr\u00edais ayudarnos en el desarrollo? \n\t\t\t<\/a>\n\t\t\n\n\n\t\t\t<a \n\t\t\t\thref=\"https:\/\/bada.de\/haeufige-fragen-und-antworten#faq5\" \n\t\t\t\trel=\"\" \n\t\t\t\ttarget=\"\" \n\t\t\t\tid=\"block-412ddaf6-5604-4c0c-8f84-51ee9b573a8d\" \n\t\t\t\tclass=\"list-group-item\"\n\t\t\t target=\"_blank\">\n\t\t\t\t\u00bfD\u00f3nde puedo encontrar informaci\u00f3n relativa a la contracci\u00f3n de mis compounds? \n\t\t\t<\/a>\n\t\t\n \n\t\t<\/div>\n\t\n\n\n\t\t\t\t\n\t\t<a \n\t\t\t\n\t\t\tclass=\"block-c5a71521-ae72-459d-bb73-ffa11b0c90f7 btn areoi-has-url position-relative float-end btn-primary btn-lg\"\n\t href=\"https:\/\/bada.de\/haeufige-fragen-und-antworten\"  target=\"_blank\" rel=\"noopener noreferrer nofollow\">\n\t\t\t\t\t\n\t\t\t\t\tVer todas las preguntas \n\t\t\t\t\t\n\t\t\t\t\t \n\t\t\t\t<\/a>\n\t\t\t\n \n\t\t\t\n\t\t<\/div>\n\t\n \n\t\t<\/div>\n\t\n \n\t\t<\/div>\n\t\n\t\t<div  class=\"block-fa3c19cc-49e8-4e98-9d81-64a88d577790 areoi-element container\">\n\t\t\t\n\t\t\t\n\n\t\t<div  class=\"block-33a6347b-ff7b-4436-be81-3c00d907e2f8 row areoi-element\">\n\t\t\t\n\n\t\t\t\n\n\t\t<div  class=\"block-a1b15a1b-ad6b-4dbd-a6db-7d532f826ae4 col areoi-element\">\n\t\t\t\n\t\t\t \n\t\t\t\n\t\t<\/div>\n\t\n \n\t\t<\/div>\n\t\n \n\t\t<\/div>\n\t\n\t\t<div  class=\"block-f524da72-5fb2-4910-ae64-258c8e4aa77e areoi-element container m-0 p-0\">\n\t\t\t\n\t\t\t\n\n<hr class=\"wp-block-separator has-alpha-channel-opacity style1\"\/>\n\n \n\t\t<\/div>\n\t\n\t\t<div  class=\"block-8f7ff78b-e2b5-49ba-9b61-a2a8175e5d44 areoi-element container\">\n\t\t\t\n\t\t\t\n\n\t\t<div  class=\"block-715cd00e-37fc-47fd-803f-8e0650b5af18 row areoi-element\">\n\t\t\t\n\n\t\t\t\n\n\t\t<div  class=\"block-fb2e937f-98f0-425c-9e77-24e7c1bec170 col areoi-element border-right-light col-lg-6\">\n\t\t\t\n\t\t\t\n\n\t\t<div  class=\"block-0bcbdf4a-f223-47f5-9527-e38d4425ac5a areoi-element certificate-box\">\n\t\t\t\n\t\t\t\n\n\t\t<div  class=\"block-d17d2a8b-6a67-4ecd-94b5-ec51ca0814d8 row areoi-element\">\n\t\t\t\n\n\t\t\t\n\n\t\t<div  class=\"block-73e09e74-4ce9-4ada-8262-451b9267a978 col areoi-element col-12\">\n\t\t\t\n\t\t\t\n\n<h2 class=\"wp-block-heading\">Estamos certificados<\/h2>\n\n\n\n\t\t<div  class=\"block-49f19c81-bb48-494d-ab5a-bf8653287ccb row areoi-element\">\n\t\t\t\n\n\t\t\t\n\n\t\t<div  class=\"block-d38e6cdf-2aeb-4411-b616-9ad19f527a2a col areoi-element certificate-left col-sm-6\">\n\t\t\t\n\t\t\t\n\n<figure class=\"wp-block-image size-full is-style-default\"><img loading=\"lazy\" decoding=\"async\" width=\"189\" height=\"95\" src=\"https:\/\/bada.de\/app\/uploads\/certificates\/tuev.png\" alt=\"\" class=\"img-fluid wp-image-788\" style=\"object-fit:cover\">\n<\/figure>\n\n \n\t\t\t\n\t\t<\/div>\n\t\n\n\n\t\t<div  class=\"block-b7fcb93b-dc6b-4865-abe9-ec503079a405 col areoi-element certificate-middle col-sm-3\">\n\t\t\t\n\t\t\t\n\n<figure class=\"wp-block-image size-full\"><img loading=\"lazy\" decoding=\"async\" width=\"58\" height=\"96\" src=\"https:\/\/bada.de\/app\/uploads\/certificates\/emas.png\" alt=\"\" class=\"img-fluid wp-image-789\">\n<\/figure>\n\n \n\t\t\t\n\t\t<\/div>\n\t\n\n\n\t\t<div  class=\"block-938ac91a-13b5-4f51-aa96-acd329ac4ab4 col areoi-element certificate-right col-sm-3\">\n\t\t\t\n\t\t\t\n\n<figure class=\"wp-block-image size-full\"><img loading=\"lazy\" decoding=\"async\" width=\"105\" height=\"106\" src=\"https:\/\/bada.de\/app\/uploads\/certificates\/iso.png\" alt=\"\" class=\"img-fluid wp-image-787\">\n<\/figure>\n\n \n\t\t\t\n\t\t<\/div>\n\t\n \n\t\t<\/div>\n\t\n \n\t\t\t\n\t\t<\/div>\n\t\n \n\t\t<\/div>\n\t\n \n\t\t<\/div>\n\t\n \n\t\t\t\n\t\t<\/div>\n\t\n \n\t\t<\/div>\n\t\n \n\t\t<\/div>\n\t","protected":false},"excerpt":{"rendered":"","protected":false},"author":2,"featured_media":0,"parent":0,"menu_order":0,"comment_status":"closed","ping_status":"closed","template":"","meta":{"_acf_changed":false,"footnotes":""},"class_list":["post-420","page","type-page","status-publish","hentry"],"acf":[],"_links":{"self":[{"href":"https:\/\/bada.de\/es\/wp-json\/wp\/v2\/pages\/420","targetHints":{"allow":["GET"]}}],"collection":[{"href":"https:\/\/bada.de\/es\/wp-json\/wp\/v2\/pages"}],"about":[{"href":"https:\/\/bada.de\/es\/wp-json\/wp\/v2\/types\/page"}],"author":[{"embeddable":true,"href":"https:\/\/bada.de\/es\/wp-json\/wp\/v2\/users\/2"}],"replies":[{"embeddable":true,"href":"https:\/\/bada.de\/es\/wp-json\/wp\/v2\/comments?post=420"}],"version-history":[{"count":0,"href":"https:\/\/bada.de\/es\/wp-json\/wp\/v2\/pages\/420\/revisions"}],"wp:attachment":[{"href":"https:\/\/bada.de\/es\/wp-json\/wp\/v2\/media?parent=420"}],"curies":[{"name":"wp","href":"https:\/\/api.w.org\/{rel}","templated":true}]}}