{"id":421,"date":"2023-07-15T13:13:06","date_gmt":"2023-07-15T11:13:06","guid":{"rendered":"https:\/\/bada.de\/preguntas-mas-frecuentes"},"modified":"2023-10-07T17:01:58","modified_gmt":"2023-10-07T15:01:58","slug":"preguntas-mas-frecuentes","status":"publish","type":"page","link":"https:\/\/bada.de\/es\/preguntas-mas-frecuentes","title":{"rendered":"Preguntas m\u00e1s frecuentes"},"content":{"rendered":"\n\t\t<div  class=\"block-d2e5adce-3d04-4ca5-919d-5343df35f6bd areoi-element container m-0 p-0\">\n\t\t\t\n\t\t\t\n\n\t\t<div id=\"faq1\" class=\"block-e8e07d5d-3946-4061-8509-24bb11bc6e79 areoi-element section dropdown-section collapsible hoverable\">\n\t\t\t\n\t\t\t\n\n\t\t<div  class=\"block-f8a145ec-e5a3-40b9-91ea-c7bb10ad9820 areoi-element section-header\">\n\t\t\t\n\t\t\t\n\n\t\t<div  class=\"block-1608754f-9768-4812-8373-7d8a7e0242c6 row areoi-element\">\n\t\t\t\n\n\t\t\t\n\n\t\t<div  class=\"block-51c00f09-7ad0-4121-80d8-40e18c3f94c7 col areoi-element\">\n\t\t\t\n\t\t\t\n\n<h2 class=\"wp-block-heading section-title\">\u00bfD\u00f3nde puedo encontrar documentaci\u00f3n t\u00e9cnica de mi compound?<\/h2>\n\n \n\t\t\t\n\t\t<\/div>\n\t\n \n\t\t<\/div>\n\t\n \n\t\t<\/div>\n\t\n\n\n\t\t<div  class=\"block-ea839ae2-29e3-4ce5-9a2e-ad7de5688021 areoi-element section-aside\">\n\t\t\t\n\t\t\t\n\n<i class=\"fa-solid fa-angles-down\"><\/i>\n\n \n\t\t<\/div>\n\t\n\n\n\t\t<div  class=\"block-9a3a2a98-34ee-46d2-ab3e-37000ded22f9 areoi-element section-body section-divide\">\n\t\t\t\n\t\t\t\n\n\t\t<div  class=\"block-cacff272-c4ad-44d2-bf78-f7d523fb8db4 areoi-element section-content\">\n\t\t\t\n\t\t\t\n\n\t\t<div  class=\"block-f3554b8b-0fd3-409e-8640-c9ad4a4cdadf row areoi-element\">\n\t\t\t\n\n\t\t\t\n\n\t\t<div  class=\"block-f05dfcc0-2b71-4aa4-ae30-cb0b181cd46e col areoi-element section-content-left\">\n\t\t\t\n\t\t\t\n\n<p>Encontrar\u00e1 fichas t\u00e9cnicas para la mayor\u00eda de nuestros productos en nuestra p\u00e1gina web en la secci\u00f3n \u201cproductos\u201d. Si no encuentra aqu\u00ed su compuesto, p\u00f3ngase en contacto con nuestro departamento de tecnolog\u00eda de aplicaciones, que le proporcionar\u00e1 los documentos deseados.<\/p>\n\n \n\t\t\t\n\t\t<\/div>\n\t\n \n\t\t<\/div>\n\t\n \n\t\t<\/div>\n\t\n \n\t\t<\/div>\n\t\n \n\t\t<\/div>\n\t\n \n\t\t<\/div>\n\t\n\t\t<div  class=\"block-db8063b6-012f-406b-931a-836fd35f2fcd areoi-element container m-0 p-0\">\n\t\t\t\n\t\t\t\n\n\t\t<div id=\"faq2\" class=\"block-3c9a7401-c9de-4697-9973-524ec09e879a areoi-element section dropdown-section collapsible hoverable\">\n\t\t\t\n\t\t\t\n\n\t\t<div  class=\"block-f8a145ec-e5a3-40b9-91ea-c7bb10ad9820 areoi-element section-header\">\n\t\t\t\n\t\t\t\n\n\t\t<div  class=\"block-1608754f-9768-4812-8373-7d8a7e0242c6 row areoi-element\">\n\t\t\t\n\n\t\t\t\n\n\t\t<div  class=\"block-51c00f09-7ad0-4121-80d8-40e18c3f94c7 col areoi-element\">\n\t\t\t\n\t\t\t\n\n<h2 class=\"wp-block-heading section-title\">Mi producto no se fabrica en Europa. \u00bfBada puede suministrarme en el extranjero?<\/h2>\n\n \n\t\t\t\n\t\t<\/div>\n\t\n \n\t\t<\/div>\n\t\n \n\t\t<\/div>\n\t\n\n\n\t\t<div  class=\"block-ea839ae2-29e3-4ce5-9a2e-ad7de5688021 areoi-element section-aside\">\n\t\t\t\n\t\t\t\n\n<i class=\"fa-solid fa-angles-down\"><\/i>\n\n \n\t\t<\/div>\n\t\n\n\n\t\t<div  class=\"block-9a3a2a98-34ee-46d2-ab3e-37000ded22f9 areoi-element section-body section-divide\">\n\t\t\t\n\t\t\t\n\n\t\t<div  class=\"block-cacff272-c4ad-44d2-bf78-f7d523fb8db4 areoi-element section-content\">\n\t\t\t\n\t\t\t\n\n\t\t<div  class=\"block-f3554b8b-0fd3-409e-8640-c9ad4a4cdadf row areoi-element\">\n\t\t\t\n\n\t\t\t\n\n\t\t<div  class=\"block-f05dfcc0-2b71-4aa4-ae30-cb0b181cd46e col areoi-element section-content-left\">\n\t\t\t\n\t\t\t\n\n<p>Bada AG suministra en todo el mundo con un ratio de exportaci\u00f3n de un tercio del volumen de ventas. Nos complacer\u00e1 asistirle en su proyecto y su ejecuci\u00f3n. No dude en consultarnos.<\/p>\n\n \n\t\t\t\n\t\t<\/div>\n\t\n \n\t\t<\/div>\n\t\n \n\t\t<\/div>\n\t\n \n\t\t<\/div>\n\t\n \n\t\t<\/div>\n\t\n \n\t\t<\/div>\n\t\n\t\t<div  class=\"block-96823d6c-e31a-4031-8592-7b167ada1d04 areoi-element container m-0 p-0\">\n\t\t\t\n\t\t\t\n\n\t\t<div id=\"faq3\" class=\"block-158cdf67-86e3-4d7c-a193-f7a58e7d7ec2 areoi-element section dropdown-section collapsible hoverable\">\n\t\t\t\n\t\t\t\n\n\t\t<div  class=\"block-f8a145ec-e5a3-40b9-91ea-c7bb10ad9820 areoi-element section-header\">\n\t\t\t\n\t\t\t\n\n\t\t<div  class=\"block-1608754f-9768-4812-8373-7d8a7e0242c6 row areoi-element\">\n\t\t\t\n\n\t\t\t\n\n\t\t<div  class=\"block-51c00f09-7ad0-4121-80d8-40e18c3f94c7 col areoi-element\">\n\t\t\t\n\t\t\t\n\n<h2 class=\"wp-block-heading section-title\">En vuestro listado de productos no puedo encontrar el compound que necesito. \u00bfBada fabrica productos a medida?<\/h2>\n\n \n\t\t\t\n\t\t<\/div>\n\t\n \n\t\t<\/div>\n\t\n \n\t\t<\/div>\n\t\n\n\n\t\t<div  class=\"block-ea839ae2-29e3-4ce5-9a2e-ad7de5688021 areoi-element section-aside\">\n\t\t\t\n\t\t\t\n\n<i class=\"fa-solid fa-angles-down\"><\/i>\n\n \n\t\t<\/div>\n\t\n\n\n\t\t<div  class=\"block-9a3a2a98-34ee-46d2-ab3e-37000ded22f9 areoi-element section-body section-divide\">\n\t\t\t\n\t\t\t\n\n\t\t<div  class=\"block-cacff272-c4ad-44d2-bf78-f7d523fb8db4 areoi-element section-content\">\n\t\t\t\n\t\t\t\n\n\t\t<div  class=\"block-f3554b8b-0fd3-409e-8640-c9ad4a4cdadf row areoi-element\">\n\t\t\t\n\n\t\t\t\n\n\t\t<div  class=\"block-f05dfcc0-2b71-4aa4-ae30-cb0b181cd46e col areoi-element section-content-left\">\n\t\t\t\n\t\t\t\n\n<p>La formulaci\u00f3n y reformulaci\u00f3n de compounds a medida es una de las principales competencias de Bada. Pr\u00e1cticamente la totalidad de nuestro alcance de productos puede ser modificado y ajustado seg\u00fan las necesidades de cada cliente. Por favor, contacte con nuestro Departamento de Tecnolog\u00eda Aplicada para hacer realidad su compound a medida.<\/p>\n\n \n\t\t\t\n\t\t<\/div>\n\t\n \n\t\t<\/div>\n\t\n \n\t\t<\/div>\n\t\n \n\t\t<\/div>\n\t\n \n\t\t<\/div>\n\t\n \n\t\t<\/div>\n\t\n\t\t<div  class=\"block-b60c634c-43fb-4e5a-9eaa-e04728e1a26c areoi-element container m-0 p-0\">\n\t\t\t\n\t\t\t\n\n\t\t<div id=\"faq4\" class=\"block-a09c27a6-25e1-41f6-b9a7-6ad851f80a10 areoi-element section dropdown-section collapsible hoverable\">\n\t\t\t\n\t\t\t\n\n\t\t<div  class=\"block-f8a145ec-e5a3-40b9-91ea-c7bb10ad9820 areoi-element section-header\">\n\t\t\t\n\t\t\t\n\n\t\t<div  class=\"block-1608754f-9768-4812-8373-7d8a7e0242c6 row areoi-element\">\n\t\t\t\n\n\t\t\t\n\n\t\t<div  class=\"block-51c00f09-7ad0-4121-80d8-40e18c3f94c7 col areoi-element\">\n\t\t\t\n\t\t\t\n\n<h2 class=\"wp-block-heading section-title\">Quisiera hacer mi producto de pl\u00e1stico pero no estamos familiarizados con este tipo de material. \u00bfPodr\u00edais ayudarnos en el desarrollo?<\/h2>\n\n \n\t\t\t\n\t\t<\/div>\n\t\n \n\t\t<\/div>\n\t\n \n\t\t<\/div>\n\t\n\n\n\t\t<div  class=\"block-ea839ae2-29e3-4ce5-9a2e-ad7de5688021 areoi-element section-aside\">\n\t\t\t\n\t\t\t\n\n<i class=\"fa-solid fa-angles-down\"><\/i>\n\n \n\t\t<\/div>\n\t\n\n\n\t\t<div  class=\"block-9a3a2a98-34ee-46d2-ab3e-37000ded22f9 areoi-element section-body section-divide\">\n\t\t\t\n\t\t\t\n\n\t\t<div  class=\"block-cacff272-c4ad-44d2-bf78-f7d523fb8db4 areoi-element section-content\">\n\t\t\t\n\t\t\t\n\n\t\t<div  class=\"block-f3554b8b-0fd3-409e-8640-c9ad4a4cdadf row areoi-element\">\n\t\t\t\n\n\t\t\t\n\n\t\t<div  class=\"block-f05dfcc0-2b71-4aa4-ae30-cb0b181cd46e col areoi-element section-content-left\">\n\t\t\t\n\t\t\t\n\n<p>Bada AG ha implementado para este mismo objetivo el Departamento de Desarrollo de Mercado Especializado en Aplicaci\u00f3n; ellos colaborar\u00e1n con usted para el desarrollo de producto desde el principio del proyecto. . \u00a1No dude en ponerse en contacto con nosotros!<\/p>\n\n \n\t\t\t\n\t\t<\/div>\n\t\n \n\t\t<\/div>\n\t\n \n\t\t<\/div>\n\t\n \n\t\t<\/div>\n\t\n \n\t\t<\/div>\n\t\n \n\t\t<\/div>\n\t\n\t\t<div  class=\"block-a8db0b68-c159-4472-9d40-717f112d4563 areoi-element container m-0 p-0\">\n\t\t\t\n\t\t\t\n\n\t\t<div id=\"faq5\" class=\"block-7463f2c6-fae8-48b9-afb3-fc2476191ca3 areoi-element section dropdown-section collapsible hoverable\">\n\t\t\t\n\t\t\t\n\n\t\t<div  class=\"block-f8a145ec-e5a3-40b9-91ea-c7bb10ad9820 areoi-element section-header\">\n\t\t\t\n\t\t\t\n\n\t\t<div  class=\"block-1608754f-9768-4812-8373-7d8a7e0242c6 row areoi-element\">\n\t\t\t\n\n\t\t\t\n\n\t\t<div  class=\"block-51c00f09-7ad0-4121-80d8-40e18c3f94c7 col areoi-element\">\n\t\t\t\n\t\t\t\n\n<h2 class=\"wp-block-heading section-title\">\u00bfD\u00f3nde puedo encontrar informaci\u00f3n relativa a la contracci\u00f3n de mis compounds?<\/h2>\n\n \n\t\t\t\n\t\t<\/div>\n\t\n \n\t\t<\/div>\n\t\n \n\t\t<\/div>\n\t\n\n\n\t\t<div  class=\"block-ea839ae2-29e3-4ce5-9a2e-ad7de5688021 areoi-element section-aside\">\n\t\t\t\n\t\t\t\n\n<i class=\"fa-solid fa-angles-down\"><\/i>\n\n \n\t\t<\/div>\n\t\n\n\n\t\t<div  class=\"block-9a3a2a98-34ee-46d2-ab3e-37000ded22f9 areoi-element section-body section-divide\">\n\t\t\t\n\t\t\t\n\n\t\t<div  class=\"block-cacff272-c4ad-44d2-bf78-f7d523fb8db4 areoi-element section-content\">\n\t\t\t\n\t\t\t\n\n\t\t<div  class=\"block-f3554b8b-0fd3-409e-8640-c9ad4a4cdadf row areoi-element\">\n\t\t\t\n\n\t\t\t\n\n\t\t<div  class=\"block-f05dfcc0-2b71-4aa4-ae30-cb0b181cd46e col areoi-element section-content-left\">\n\t\t\t\n\t\t\t\n\n<p>Por favor cont\u00e1ctenos directamente. Nuestro Departamento de Tecnolog\u00edas Aplicadas estar\u00e1 encantado de asistirles.<\/p>\n\n\n\n<p>La contracci\u00f3n del material no es simplemente una propiedad del material, sino que depende de la geometr\u00eda del componente, el tipo y posici\u00f3n del canal, as\u00ed como de otros par\u00e1metros de proceso. Es por esta raz\u00f3n que no incluimos un dato gen\u00e9rico de contracci\u00f3n en nuestras fichas t\u00e9cnicas.<\/p>\n\n\n\n<p>A modo informativo, podemos proporcionarle una horquilla de valores que hemos determinado a partir de nuestras placas de muestra (60x45x2 mm) y sujeta a las condiciones de nuestro proceso de inyecci\u00f3n. Estos valores no garantizan un comportamiento o valor concreto de contracci\u00f3n. Le recomendamos que realice sus propios ensayos para verificar la contracci\u00f3n bajo sus propias condiciones de proceso.<\/p>\n\n \n\t\t\t\n\t\t<\/div>\n\t\n \n\t\t<\/div>\n\t\n \n\t\t<\/div>\n\t\n \n\t\t<\/div>\n\t\n \n\t\t<\/div>\n\t\n \n\t\t<\/div>\n\t\n\t\t<div  class=\"block-e89a363b-91e2-40f5-8ca8-794dae78ea7a areoi-element container mt-5\">\n\t\t\t\n\t\t\t\n\n\t\t<div  class=\"block-b9a6320c-bff3-401c-b1d1-63915e6ca820 row areoi-element\">\n\t\t\t\n\n\t\t\t\n\n\t\t<div  class=\"block-1a256a05-a4dc-47a0-93d6-7e122920de6d col areoi-element\">\n\t\t\t\n\t\t\t\n\n<h1 class=\"wp-block-heading\">\u00bfNo encontr\u00f3 su pregunta?<\/h1>\n\n\n\n\t\t<div  class=\"block-7283b13f-23d8-44b1-8ce3-d853403b7230 card align-text-bottom image\">\n\t\t\t\n\n<figure class=\"wp-block-image size-full card-img-top img-thumbnail img-fluid\"><img loading=\"lazy\" decoding=\"async\" width=\"1600\" height=\"400\" src=\"https:\/\/bada.de\/app\/uploads\/header-about-bada.jpg\" alt=\"\" class=\"img-fluid wp-image-2944\" srcset=\"https:\/\/bada.de\/app\/uploads\/header-about-bada.jpg 1600w, https:\/\/bada.de\/app\/uploads\/header-about-bada-300x75.jpg 300w, https:\/\/bada.de\/app\/uploads\/header-about-bada-1024x256.jpg 1024w, https:\/\/bada.de\/app\/uploads\/header-about-bada-768x192.jpg 768w, https:\/\/bada.de\/app\/uploads\/header-about-bada-1536x384.jpg 1536w\" sizes=\"auto, (max-width: 1600px) 100vw, 1600px\">\n<\/figure>\n\n\n\n\t\t<div  class=\"block-4a9336e9-91d1-4e5c-87a1-3904134adca9 card-body card-img-overlay d-flex align-items-end\">\n\t\t\t\n\n<h2 class=\"wp-block-heading card-title image-caption\"><a href=\"https:\/\/bada.de\/es\/contactos-internacionales\" data-type=\"page\" data-id=\"10\" target=\"_blank\" rel=\"noopener noreferrer nofollow\">Hier finden Sie den richtigen Ansprechpartner!<\/a><\/h2>\n\n \n\t\t<\/div>\n\t\n \n\t\t<\/div>\n\t\n \n\t\t\t\n\t\t<\/div>\n\t\n \n\t\t<\/div>\n\t\n \n\t\t<\/div>\n\t","protected":false},"excerpt":{"rendered":"","protected":false},"author":1,"featured_media":0,"parent":0,"menu_order":0,"comment_status":"closed","ping_status":"closed","template":"","meta":{"_acf_changed":false,"footnotes":""},"class_list":["post-421","page","type-page","status-publish","hentry"],"acf":[],"_links":{"self":[{"href":"https:\/\/bada.de\/es\/wp-json\/wp\/v2\/pages\/421","targetHints":{"allow":["GET"]}}],"collection":[{"href":"https:\/\/bada.de\/es\/wp-json\/wp\/v2\/pages"}],"about":[{"href":"https:\/\/bada.de\/es\/wp-json\/wp\/v2\/types\/page"}],"author":[{"embeddable":true,"href":"https:\/\/bada.de\/es\/wp-json\/wp\/v2\/users\/1"}],"replies":[{"embeddable":true,"href":"https:\/\/bada.de\/es\/wp-json\/wp\/v2\/comments?post=421"}],"version-history":[{"count":0,"href":"https:\/\/bada.de\/es\/wp-json\/wp\/v2\/pages\/421\/revisions"}],"wp:attachment":[{"href":"https:\/\/bada.de\/es\/wp-json\/wp\/v2\/media?parent=421"}],"curies":[{"name":"wp","href":"https:\/\/api.w.org\/{rel}","templated":true}]}}