{"id":447,"date":"2023-07-15T09:57:10","date_gmt":"2023-07-15T07:57:10","guid":{"rendered":"https:\/\/bada.de\/nuestra-logistica-tiene-multiples-virtudes-aunque-destaca-por-una-en-especial-la-mejor-de-su-clase"},"modified":"2023-10-07T16:51:17","modified_gmt":"2023-10-07T14:51:17","slug":"nuestra-logistica-tiene-multiples-virtudes-aunque-destaca-por-una-en-especial-la-mejor-de-su-clase","status":"publish","type":"page","link":"https:\/\/bada.de\/es\/nuestra-logistica-tiene-multiples-virtudes-aunque-destaca-por-una-en-especial-la-mejor-de-su-clase","title":{"rendered":"Nuestra log\u00edstica tiene m\u00faltiples virtudes, aunque destaca por una en especial: \u00a1la mejor de su clase!"},"content":{"rendered":"\n\t\t<div  class=\"block-f9d0d384-48d1-45ca-80da-a7f2d7dd4b2e areoi-element container\">\n\t\t\t\n\t\t\t\n\n\t\t<div  class=\"block-e23a330a-87a1-4fa7-b7fd-95f2565318b1 row areoi-element row-cols-1 row-cols-md-2\">\n\t\t\t\n\n\t\t\t\n\n\t\t<div  class=\"block-955c45f8-5df2-4f78-a0a7-55095bb5af70 col areoi-element\">\n\t\t\t\n\t\t\t\n\n<p>Gracias a nuestra sofisticada log\u00edstica de gesti\u00f3n de almacenes, as\u00ed como al dise\u00f1o eficaz de flujos internos de material y a nuestros procedimientos de gesti\u00f3n de pedidos, nuestros tiempos de ciclo se reducen al m\u00ednimo. De esta manera, nos enorgullecemos de ofrecer a nuestros clientes los tiempos de reacci\u00f3n m\u00e1s cortos del mercado.<\/p>\n\n\n\n<p>La exigencia que nos imponemos de nuevo todos los d\u00edas es que nosotros lo hacemos posible.<\/p>\n\n\n\n<p>Nuestra extrema flexibilidad a lo largo de toda la cadena de aprovisionamiento se refleja en todas nuestras posibilidades log\u00edsticas: entrega est\u00e1ndar en la fecha acordada, entregas seg\u00fan secuencia Pearl Chain, gesti\u00f3n de art\u00edculos en consigna o de stocks cl\u00e1sicos. Dise\u00f1amos conceptos a medida seg\u00fan las caracter\u00edsticas y necesidades de cada cliente.<\/p>\n\n\n\n<p>La elecci\u00f3n de nuestros socios juega un papel clave en nuestra fuerza log\u00edstica. A trav\u00e9s de cooperaciones duraderas y de confianza logramos el m\u00e1ximo rendimiento en la distribuci\u00f3n a un coste \u00f3ptimo. Nuestra red de socios log\u00edsticos de alta fiabilidad nos permite garantizar los tiempos de transporte m\u00e1s cortos con la m\u00e1xima transparencia y trazabilidad.<\/p>\n\n \n\t\t\t\n\t\t<\/div>\n\t\n\n\n\t\t<div  class=\"block-fd7b5ade-62ea-4aaf-a61b-b4a45edaa033 col areoi-element\">\n\t\t\t\n\t\t\t\n\n<figure class=\"wp-block-image size-full img-thumbnail\"><img loading=\"lazy\" decoding=\"async\" width=\"640\" height=\"427\" src=\"https:\/\/bada.de\/app\/uploads\/006.jpg\" alt=\"\" class=\"img-fluid wp-image-66\" srcset=\"https:\/\/bada.de\/app\/uploads\/006.jpg 640w, https:\/\/bada.de\/app\/uploads\/006-300x200.jpg 300w\" sizes=\"auto, (max-width: 640px) 100vw, 640px\">\n<\/figure>\n\n \n\t\t\t\n\t\t<\/div>\n\t\n \n\t\t<\/div>\n\t\n \n\t\t<\/div>\n\t\n\t\t<div  class=\"block-f9d0d384-48d1-45ca-80da-a7f2d7dd4b2e areoi-element container\">\n\t\t\t\n\t\t\t\n\n\t\t<div  class=\"block-e23a330a-87a1-4fa7-b7fd-95f2565318b1 row areoi-element\">\n\t\t\t\n\n\t\t\t\n\n\t\t<div  class=\"block-91e3ca79-b74e-4dca-b37d-f40bc961eb5a col areoi-element col-12\">\n\t\t\t\n\t\t\t\n\n<figure class=\"wp-block-image size-large img-thumbnail\"><img loading=\"lazy\" decoding=\"async\" width=\"1024\" height=\"520\" src=\"https:\/\/bada.de\/app\/uploads\/007-1024x520.png\" alt=\"\" class=\"img-fluid wp-image-71\" srcset=\"https:\/\/bada.de\/app\/uploads\/007-1024x520.png 1024w, https:\/\/bada.de\/app\/uploads\/007-300x152.png 300w, https:\/\/bada.de\/app\/uploads\/007-768x390.png 768w, https:\/\/bada.de\/app\/uploads\/007-1536x780.png 1536w, https:\/\/bada.de\/app\/uploads\/007.png 1670w\" sizes=\"auto, (max-width: 1024px) 100vw, 1024px\">\n<\/figure>\n\n \n\t\t\t\n\t\t<\/div>\n\t\n \n\t\t<\/div>\n\t\n \n\t\t<\/div>\n\t\n\t\t<div  class=\"block-f524da72-5fb2-4910-ae64-258c8e4aa77e areoi-element container m-0 p-0\">\n\t\t\t\n\t\t\t\n\n<hr class=\"wp-block-separator has-alpha-channel-opacity style1\"\/>\n\n \n\t\t<\/div>\n\t\n\t\t<div  class=\"block-8f7ff78b-e2b5-49ba-9b61-a2a8175e5d44 areoi-element container\">\n\t\t\t\n\t\t\t\n\n\t\t<div  class=\"block-715cd00e-37fc-47fd-803f-8e0650b5af18 row areoi-element\">\n\t\t\t\n\n\t\t\t\n\n\t\t<div  class=\"block-fb2e937f-98f0-425c-9e77-24e7c1bec170 col areoi-element border-right-light col-lg-6\">\n\t\t\t\n\t\t\t\n\n\t\t<div  class=\"block-0bcbdf4a-f223-47f5-9527-e38d4425ac5a areoi-element certificate-box\">\n\t\t\t\n\t\t\t\n\n\t\t<div  class=\"block-d17d2a8b-6a67-4ecd-94b5-ec51ca0814d8 row areoi-element\">\n\t\t\t\n\n\t\t\t\n\n\t\t<div  class=\"block-73e09e74-4ce9-4ada-8262-451b9267a978 col areoi-element col-12\">\n\t\t\t\n\t\t\t\n\n<h2 class=\"wp-block-heading\">Estamos certificados<\/h2>\n\n\n\n\t\t<div  class=\"block-49f19c81-bb48-494d-ab5a-bf8653287ccb row areoi-element\">\n\t\t\t\n\n\t\t\t\n\n\t\t<div  class=\"block-d38e6cdf-2aeb-4411-b616-9ad19f527a2a col areoi-element certificate-left col-sm-6\">\n\t\t\t\n\t\t\t\n\n<figure class=\"wp-block-image size-full is-style-default\"><img loading=\"lazy\" decoding=\"async\" width=\"189\" height=\"95\" src=\"https:\/\/bada.de\/app\/uploads\/certificates\/tuev.png\" alt=\"\" class=\"img-fluid wp-image-788\" style=\"object-fit:cover\">\n<\/figure>\n\n \n\t\t\t\n\t\t<\/div>\n\t\n\n\n\t\t<div  class=\"block-b7fcb93b-dc6b-4865-abe9-ec503079a405 col areoi-element certificate-middle col-sm-3\">\n\t\t\t\n\t\t\t\n\n<figure class=\"wp-block-image size-full\"><img loading=\"lazy\" decoding=\"async\" width=\"58\" height=\"96\" src=\"https:\/\/bada.de\/app\/uploads\/certificates\/emas.png\" alt=\"\" class=\"img-fluid wp-image-789\">\n<\/figure>\n\n \n\t\t\t\n\t\t<\/div>\n\t\n\n\n\t\t<div  class=\"block-938ac91a-13b5-4f51-aa96-acd329ac4ab4 col areoi-element certificate-right col-sm-3\">\n\t\t\t\n\t\t\t\n\n<figure class=\"wp-block-image size-full\"><img loading=\"lazy\" decoding=\"async\" width=\"105\" height=\"106\" src=\"https:\/\/bada.de\/app\/uploads\/certificates\/iso.png\" alt=\"\" class=\"img-fluid wp-image-787\">\n<\/figure>\n\n \n\t\t\t\n\t\t<\/div>\n\t\n \n\t\t<\/div>\n\t\n \n\t\t\t\n\t\t<\/div>\n\t\n \n\t\t<\/div>\n\t\n \n\t\t<\/div>\n\t\n \n\t\t\t\n\t\t<\/div>\n\t\n \n\t\t<\/div>\n\t\n \n\t\t<\/div>\n\t","protected":false},"excerpt":{"rendered":"","protected":false},"author":1,"featured_media":0,"parent":0,"menu_order":0,"comment_status":"closed","ping_status":"closed","template":"","meta":{"_acf_changed":false,"footnotes":""},"class_list":["post-447","page","type-page","status-publish","hentry"],"acf":[],"_links":{"self":[{"href":"https:\/\/bada.de\/es\/wp-json\/wp\/v2\/pages\/447","targetHints":{"allow":["GET"]}}],"collection":[{"href":"https:\/\/bada.de\/es\/wp-json\/wp\/v2\/pages"}],"about":[{"href":"https:\/\/bada.de\/es\/wp-json\/wp\/v2\/types\/page"}],"author":[{"embeddable":true,"href":"https:\/\/bada.de\/es\/wp-json\/wp\/v2\/users\/1"}],"replies":[{"embeddable":true,"href":"https:\/\/bada.de\/es\/wp-json\/wp\/v2\/comments?post=447"}],"version-history":[{"count":0,"href":"https:\/\/bada.de\/es\/wp-json\/wp\/v2\/pages\/447\/revisions"}],"wp:attachment":[{"href":"https:\/\/bada.de\/es\/wp-json\/wp\/v2\/media?parent=447"}],"curies":[{"name":"wp","href":"https:\/\/api.w.org\/{rel}","templated":true}]}}