{"id":575,"date":"2023-07-09T21:42:59","date_gmt":"2023-07-09T19:42:59","guid":{"rendered":"https:\/\/bada.de\/condiciones-generales"},"modified":"2025-01-16T15:45:05","modified_gmt":"2025-01-16T14:45:05","slug":"condiciones-generales","status":"publish","type":"page","link":"https:\/\/bada.de\/es\/condiciones-generales","title":{"rendered":"Condiciones generales"},"content":{"rendered":"\n<div class=\"wp-block-group container\"><div class=\"wp-block-group__inner-container is-layout-constrained wp-block-group-is-layout-constrained\">\n<div class=\"wp-block-group row\"><div class=\"wp-block-group__inner-container is-layout-constrained wp-block-group-is-layout-constrained\">\n<div class=\"wp-block-group col-md-12\"><div class=\"wp-block-group__inner-container is-layout-constrained wp-block-group-is-layout-constrained\">\n<p><strong>Condiciones generales de venta<\/strong><\/p>\n\n\n\n<p>Las entregas de Bada Hispanaplast, S.A. y todos los aspectos relacionados con dichas entregas, cumplir\u00e1n de forma rigurosa las siguientes condiciones<br>de venta. Estas condiciones tienen prioridad sobre las condiciones de compra del comprador. Las condiciones de venta son tambi\u00e9n<br>v\u00e1lidas para futuras transacciones, incluso cuando no se acuerde de forma expresa.<\/p>\n\n\n\n<p><br>GENERALES: La emisi\u00f3n de todo pedido supone la integra aceptaci\u00f3n de nuestras condiciones generales de venta por parte del comprador, sin<br>perjuicio de lo pactado por Contrato si lo hubiere.<\/p>\n\n\n\n<p><br>OFERTAS: Las ofertas de Bada Hispanaplast, S.A. no implican compromiso ni obligaci\u00f3n alguna.<\/p>\n\n\n\n<p><br>PRECIOS: Se entiende, de no pactarse algo en contra, en condiciones de entrega en f\u00e1brica o almac\u00e9n del comprador. Se facturar\u00e1n al precio<br>v\u00e1lido del d\u00eda, sobre el que se aplicar\u00e1 el IVA correspondiente. Los precios de venta no expresados en Euros se ajustar\u00e1n al cambio de moneda en<br>el d\u00eda del vencimiento. En el caso de que entre el cierre del contrato y la entrega, haya cambios en el precio del producto, o, en las condiciones<br>de pago, Bada Hispanaplast S.A. tiene el derecho a cambiarlos, el comprador tiene el derecho de anular el contrato en los 14 d\u00edas siguientes a<br>la notificaci\u00f3n.<\/p>\n\n\n\n<p><br>ENTREGAS: Cumpliremos con los plazos de entrega que hayamos confirmado previamente por escrito. No se admitir\u00e1n reclamaciones en el caso<br>de una razonable demora de entregas.<\/p>\n\n\n\n<p><br>FUERZA MAYOR: Situaciones y sucesos que no est\u00e1n en nuestro poder el controlarlos como por ejemplo, desastres naturales, huelgas, cierre<br>patrona, escasez de materias primas y\/o energ\u00eda, da\u00f1os totales o parciales en nuestras instalaciones, etc., nos eximen del cumplimiento del<br>contrato, sin que el comprador tenga derecho a reclamaci\u00f3n.<\/p>\n\n\n\n<p><br>EMBALAJE Y TRANSPORTE: Todos los env\u00edos desde nuestra f\u00e1brica o nuestros almacenes viajan a riesgo del comprador, pudiendo \u00e9ste asegurar<br>el transporte, Bada Hispanaplast S.A. elige la empresa y el recorrido del transporte. Las reclamaciones sobre perjuicios ocasionados durante el<br>transporte ser\u00e1n responsabilidad de la agencia de transportes. Seg\u00fan la legislaci\u00f3n vigente, la responsabilidad de la correcta gesti\u00f3n medioambiental<br>de envases industriales es del productor final.<\/p>\n\n\n\n<p><br>PAGOS: Las facturas de Bada Hispanaplast, S.A. han de ser pagadas en la cta. facilitada, en el plazo negociado anteriormente y que figurar\u00e1 en la<br>propia factura. La demora del pago de una factura causar\u00e1 el vencimiento inmediato de las siguientes facturas, y el comprador correr\u00e1 con los<br>gastos y costes bancarios originados por la negociaci\u00f3n y devoluci\u00f3n de las correspondientes letras, adem\u00e1s de un cargo por intereses de MIBOR<br>+5%. En caso de duda de la solvencia del comprador, podremos exigir el pago por adelantado o avales, reserv\u00e1ndonos el derecho de rescindir<br>contratos y cancelar suministros cuando el comprador no atienda sus obligaciones de forma correcta.<\/p>\n\n\n\n<p><br>RESERVA DE LA PROPIEDAD: La mercanc\u00eda suministrada permanece bajo nuestra propiedad hasta que se concluya el pago del importe total de la<br>venta, as\u00ed como hasta la liquidaci\u00f3n de todos los suministros pasados y futuros. En el caso de que la mercanc\u00eda fuera elaborada antes del pago,<br>Bada Hispanaplast S.A., ser\u00e1 tambi\u00e9n propietaria de las piezas elaboradas. Si la mercanc\u00eda es vendida sin transformar o una vez transformada<br>antes de pago, entonces Bada Hispanaplast, tendr\u00e1 prioridad en el cobro directo desde la tercera Compa\u00f1\u00eda.<\/p>\n\n\n\n<p><br>RESPONSABILIDAD: Las garant\u00edas y responsabilidades por da\u00f1os y perjuicios de Bada Hispanaplast S.A., est\u00e1n limitadas por lo que impone la ley<br>espa\u00f1ola en vigor.<\/p>\n\n\n\n<p><br>RENUNCIA DEL CONTRATO DE VENTA: Bada Hispanaplast S.A. se reserva la renuncia del contrato de venta, sin aviso previo en los siguientes casos:<br>1) Si despu\u00e9s de formalizar el contrato nos llegan noticias desfavorables sobre la reputaci\u00f3n y solvencia del comprador.<br>2) Si despu\u00e9s de la formalizaci\u00f3n del contrato, la empresa compradora pasa a otro propietario.<br>3) Si el comprador est\u00e1 pendiente de pago de los suministros anteriores, especialmente si una letra ha sido protestada o se ha recibido<br>un cheque sin fondos.<\/p>\n\n\n\n<p><br>RECLAMACIONES: S\u00f3lo se aceptar\u00e1n aquellas reclamaciones que recibamos por escrito antes de que hayan transcurrido 10 d\u00edas desde la recepci\u00f3n<br>de la mercanc\u00eda. Cuando la reclamaci\u00f3n se estime justificada, procederemos al suministro de un nuevo producto o la devoluci\u00f3n del importe<br>de compra a nuestra elecci\u00f3n. No se consideran justificadas las reclamaciones debidas a una utilizaci\u00f3n incorrecta de nuestros productos o a la<br>degradaci\u00f3n natural de las piezas fabricadas. Disponemos de asistencia t\u00e9cnica para la recomendaci\u00f3n de los distintos tipos en cada espec\u00edfica<br>aplicaci\u00f3n. Estas recomendaciones carecen de compromiso y no impiden al comparador el probar y examinar el producto para sus propias aplicaciones.<br>Una vez aceptadas las caracter\u00edsticas de nuestros productos, no nos responsabilizamos de los cambios en color o en otras propiedades<br>que pudieran aparecer despu\u00e9s de su transformaci\u00f3n. Bada Hispanaplast S.A. tampoco se responsabiliza de da\u00f1os materiales, da\u00f1os de equipos,<br>gastos de mano de obra, tiempos de paro, gastos energ\u00e9ticos o de otro tipo, tanto del comprador como de sus clientes.<\/p>\n\n\n\n<p><br>ORIENTACION DEL COLOR: Por naturaleza del material pueden aparecer cambios de color sin que sean motivo de reclamaciones. El comprador ha<br>de asegurarse de los cambios de tonalidad antes de su transformaci\u00f3n.<\/p>\n\n\n\n<p><br>CONDICIONES DE COMPRA: Bada Hispanaplast S.A. considerar\u00e1 como aceptadas todas aquellas condiciones que haya previamente confirmado por<br>escrito.<\/p>\n\n\n\n<p><br>COMPETENCIA JURIDICCIONAL Y LEY APLICABLE: Para las ventas realizadas en Espa\u00f1a, ambas partes, con formal renuncia a cualquier posible Fuero<br>propio, se someten expresamente a la jurisdicci\u00f3n y competencia de los Juzgados y Tribunales de Huesca. Para las ventas en el extranjero (exportaciones)<br>todas las diferencias surgidas con motivo del contrato ser\u00e1n resueltas definitivamente de acuerdo con el Reglamento de Conciliaci\u00f3n<br>y Arbitraje de la C\u00e1mara Internacional, por uno o varios \u00e1rbitros nombrados conforme a dicho Reglamento.<\/p>\n\n\n\n<p><\/p>\n\n\n\n<p>En cumplimiento de lo dispuesto en el art\u00edculo 5 de la Ley Org\u00e1nica 15\/1999, de 13 de Diciembre, de Protecci\u00f3n de Datos de Car\u00e1cter Personal,<br>le informamos de la existencia de un fichero de datos de car\u00e1cter personal cuyo titular y responsable es BADA HISPANAPLAST S.A. La recogida y<br>tratamiento de sus datos tiene como finalidad gestionar las relaciones jur\u00eddicas o contractuales que le vinculen con esta entidad.<br>Usted podr\u00e1 en todo momento ejercitar sus derechos de acceso, rectificaci\u00f3n, cancelaci\u00f3n y oposici\u00f3n al tratamiento de datos personales, en la<br>forma legalmente prevista, mediante comunicaci\u00f3n firmada y remitida a Pol. Ind. Sepes, Ronda de la Industria, n\u00b0 153, 22006 Huesca.<\/p>\n\n\n\n<p><br>Bada Hispanaplast S.A.<\/p>\n<\/div><\/div>\n<\/div><\/div>\n<\/div><\/div>\n","protected":false},"excerpt":{"rendered":"<p>Condiciones generales de venta Las entregas de Bada Hispanaplast, S.A. y todos los aspectos relacionados con dichas entregas, cumplir\u00e1n de forma rigurosa las siguientes condicionesde venta. Estas condiciones tienen prioridad sobre las condiciones de compra del comprador. Las condiciones de venta son tambi\u00e9nv\u00e1lidas para futuras transacciones, incluso cuando no se acuerde de forma expresa. GENERALES: La emisi\u00f3n de todo pedido [&hellip;]<\/p>\n","protected":false},"author":1,"featured_media":0,"parent":0,"menu_order":0,"comment_status":"closed","ping_status":"closed","template":"","meta":{"_acf_changed":false,"footnotes":""},"class_list":["post-575","page","type-page","status-publish","hentry"],"acf":[],"_links":{"self":[{"href":"https:\/\/bada.de\/es\/wp-json\/wp\/v2\/pages\/575","targetHints":{"allow":["GET"]}}],"collection":[{"href":"https:\/\/bada.de\/es\/wp-json\/wp\/v2\/pages"}],"about":[{"href":"https:\/\/bada.de\/es\/wp-json\/wp\/v2\/types\/page"}],"author":[{"embeddable":true,"href":"https:\/\/bada.de\/es\/wp-json\/wp\/v2\/users\/1"}],"replies":[{"embeddable":true,"href":"https:\/\/bada.de\/es\/wp-json\/wp\/v2\/comments?post=575"}],"version-history":[{"count":3,"href":"https:\/\/bada.de\/es\/wp-json\/wp\/v2\/pages\/575\/revisions"}],"predecessor-version":[{"id":8211,"href":"https:\/\/bada.de\/es\/wp-json\/wp\/v2\/pages\/575\/revisions\/8211"}],"wp:attachment":[{"href":"https:\/\/bada.de\/es\/wp-json\/wp\/v2\/media?parent=575"}],"curies":[{"name":"wp","href":"https:\/\/api.w.org\/{rel}","templated":true}]}}