{"id":579,"date":"2023-07-15T10:41:25","date_gmt":"2023-07-15T08:41:25","guid":{"rendered":"https:\/\/bada.de\/trabajar-en-bada"},"modified":"2025-04-02T16:10:40","modified_gmt":"2025-04-02T14:10:40","slug":"trabajar-en-bada","status":"publish","type":"page","link":"https:\/\/bada.de\/es\/trabajar-en-bada","title":{"rendered":"Trabajar en Bada"},"content":{"rendered":"\n<div class=\"wp-block-group container\"><div class=\"wp-block-group__inner-container is-layout-constrained wp-block-group-is-layout-constrained\">\n\t\t<div  class=\"block-f9d0d384-48d1-45ca-80da-a7f2d7dd4b2e areoi-element container\">\n\t\t\t\n\t\t\t\n\n\t\t<div  class=\"block-e23a330a-87a1-4fa7-b7fd-95f2565318b1 row areoi-element row-cols-1 row-cols-md-2\">\n\t\t\t\n\n\t\t\t\n\n\t\t<div  class=\"block-955c45f8-5df2-4f78-a0a7-55095bb5af70 col areoi-element\">\n\t\t\t\n\t\t\t\n\n<h2 class=\"wp-block-heading\">DAMOS LA BIENVENIDA A TODOS LOS EMPLEADOS CARGADOS DE IDEAS Y PASI\u00d3N<\/h2>\n\n\n\n<p>Como mediana empresa, Bada AG es conocida por sus productos de alta calidad e ideas innovadoras para la producci\u00f3n y venta de termopl\u00e1sticos de ingenier\u00eda y elast\u00f3meros para la industria del moldeo por inyecci\u00f3n.<\/p>\n\n\n\n<p>Nuestros empleados y sus ideas son clave para el servicio, flexibilidad y orientaci\u00f3n al cliente. La satisfacci\u00f3n del cliente es nuestra mayor ambici\u00f3n. Nuestros empleados desarrollan soluciones exitosas en un ambiente de trabajo con esp\u00edritu de equipo y libertad creativa.<br>En Bada poseemos los conocimientos t\u00e9cnicos, la pasi\u00f3n y la energ\u00eda necesarios para encontrar la mejor soluci\u00f3n.<\/p>\n\n\n\n<p>La toma r\u00e1pida de decisiones y el desarrollo libre forman parte del d\u00eda a d\u00eda. Como compa\u00f1\u00eda din\u00e1mica y flexible en continua expansi\u00f3n, que afronta el futuro como una oportunidad de innovaci\u00f3n y crecimiento, siempre esperamos con anhelo la incorporaci\u00f3n de empleados motivados.<\/p>\n\n\n\n<p>Si quieres ayudarnos en la consecuci\u00f3n de nuestros objetivos te invitamos a presentar tu solicitud&nbsp;<a href=\"javascript:;\">info@bada.com.es<\/a><\/p>\n\n\n\n\t\t\t\t\n\t\t<a \n\t\t\t\n\t\t\tclass=\"block-c5a71521-ae72-459d-bb73-ffa11b0c90f7 btn areoi-has-url position-relative float-end btn-primary btn-lg\"\n\t href=\"https:\/\/bada.de\/es\/somos-especialistas-en-termoplasticos-tecnicos-y-elastomeros\"  target=\"_blank\" rel=\"noopener noreferrer nofollow\">\n\t\t\t\t\t\n\t\t\t\t\tAcerca de Bada \n\t\t\t\t\t\n\t\t\t\t\t \n\t\t\t\t<\/a>\n\t\t\t\n \n\t\t\t\n\t\t<\/div>\n\t\n\n\n\t\t<div  class=\"block-071f6e1f-9b3b-450c-b2fc-7a00a3d0be80 col areoi-element\">\n\t\t\t\n\t\t\t\n\n<figure class=\"wp-block-gallery has-nested-images columns-default is-cropped wp-block-gallery-1 is-layout-flex wp-block-gallery-is-layout-flex\">\n<figure class=\"wp-block-image size-large\"><img loading=\"lazy\" decoding=\"async\" width=\"640\" height=\"391\" data-id=\"80\" src=\"https:\/\/bada.de\/app\/uploads\/008.jpeg\" alt=\"\" class=\"img-fluid wp-image-80\" srcset=\"https:\/\/bada.de\/app\/uploads\/008.jpeg 640w, https:\/\/bada.de\/app\/uploads\/008-300x183.jpeg 300w\" sizes=\"auto, (max-width: 640px) 100vw, 640px\">\n<\/figure>\n<\/figure>\n\n \n\t\t\t\n\t\t<\/div>\n\t\n \n\t\t<\/div>\n\t\n \n\t\t<\/div>\n\t<\/div><\/div>\n\n\n\n\t\t<div  class=\"block-61fc2f5a-136c-48c9-92a6-98ce6c4e9424 areoi-element section dropdown-section collapsible hoverable\">\n\t\t\t\n\t\t\t\n\n\t\t<div  class=\"block-08dfcf16-1136-4383-bdae-25ad0353d23f areoi-element section-header\">\n\t\t\t\n\t\t\t\n\n\t\t<div  class=\"block-1608754f-9768-4812-8373-7d8a7e0242c6 row areoi-element\">\n\t\t\t\n\n\t\t\t\n\n\t\t<div  class=\"block-51c00f09-7ad0-4121-80d8-40e18c3f94c7 col areoi-element col-md-6\">\n\t\t\t\n\t\t\t\n\n<h2 class=\"wp-block-heading section-title\">T\u00e9cnico\/a de Desarrollo e Innovaci\u00f3n en Pol\u00edmeros<\/h2>\n\n \n\t\t\t\n\t\t<\/div>\n\t\n\n\n\t\t<div  class=\"block-a8c9fb17-4955-43d2-b3cf-63aaa1b3b537 col areoi-element col-md-6 d-none d-sm-none d-md-block\">\n\t\t\t\n\t\t\t\n\n\t\t<div  class=\"block-257e8a3c-de25-4548-9f67-1e858ea5aad3 row areoi-element\">\n\t\t\t\n\n\t\t\t\n\n\t\t<div  class=\"block-9cc3c06a-5301-4cc9-b692-071346e6cbeb col areoi-element col-md-4\">\n\t\t\t\n\t\t\t\n\n\t\t<div  class=\"block-67fef6d4-4501-42b5-9522-d86057b9a78e areoi-element section-subtitle section-subtitle-space-left\">\n\t\t\t\n\t\t\t\n\n<p>HUESCA \/ ES<\/p>\n\n \n\t\t<\/div>\n\t\n \n\t\t\t\n\t\t<\/div>\n\t\n\n\n\t\t<div  class=\"block-9cc3c06a-5301-4cc9-b692-071346e6cbeb col areoi-element col-md-4\">\n\t\t\t\n\t\t\t\n\n\t\t<div  class=\"block-67fef6d4-4501-42b5-9522-d86057b9a78e areoi-element section-subtitle section-subtitle-space-left\">\n\t\t\t\n\t\t\t\n\n<p>INNCORPORACI\u00d3N INMEDIATA <\/p>\n\n \n\t\t<\/div>\n\t\n \n\t\t\t\n\t\t<\/div>\n\t\n\n\n\t\t<div  class=\"block-9cc3c06a-5301-4cc9-b692-071346e6cbeb col areoi-element col-md-4\">\n\t\t\t\n\t\t\t\n\n\t\t<div  class=\"block-67fef6d4-4501-42b5-9522-d86057b9a78e areoi-element section-subtitle section-subtitle-space-left\">\n\t\t\t\n\t\t\t\n\n<p>JORNADA COMPLETA<\/p>\n\n \n\t\t<\/div>\n\t\n \n\t\t\t\n\t\t<\/div>\n\t\n \n\t\t<\/div>\n\t\n \n\t\t\t\n\t\t<\/div>\n\t\n \n\t\t<\/div>\n\t\n \n\t\t<\/div>\n\t\n\n\n\t\t<div  class=\"block-7043e39f-00ce-41af-a540-a547c4486dac areoi-element section-aside\">\n\t\t\t\n\t\t\t\n\n<i class=\"fa-solid fa-angles-down\"><\/i>\n\n \n\t\t<\/div>\n\t\n\n\n\t\t<div  class=\"block-d853f358-d6c7-49bc-bab9-0cdb4f5e3e71 areoi-element section-body section-divide\">\n\t\t\t\n\t\t\t\n\n\t\t<div  class=\"block-cacff272-c4ad-44d2-bf78-f7d523fb8db4 areoi-element section-content\">\n\t\t\t\n\t\t\t\n\n\t\t<div  class=\"block-f3554b8b-0fd3-409e-8640-c9ad4a4cdadf row areoi-element\">\n\t\t\t\n\n\t\t\t\n\n\t\t<div  class=\"block-f05dfcc0-2b71-4aa4-ae30-cb0b181cd46e col areoi-element section-content-left col-md-6\">\n\t\t\t\n\t\t\t\n\n<h2 class=\"wp-block-heading\">TE BUSCAMOS<\/h2>\n\n\n\n<p>\u00bfEst\u00e1s listo para asumir un rol clave en la innovaci\u00f3n de productos y soluciones t\u00e9cnicas? Como T\u00e9cnico\/a en Bada, reportar\u00e1s directamente al director t\u00e9cnico y colaborar\u00e1s estrechamente con la direcci\u00f3n comercial e industrial para innovar en nuestra cartera de productos y servicios. Formar\u00e1s parte del departamento t\u00e9cnico y de I+D, con el objetivo de desarrollar soluciones t\u00e9cnicas innovadoras, tanto para nuestros clientes actuales como para nuevos proyectos y clientes.<\/p>\n\n\n\n<p><br><strong>TUS TAREAS:<\/strong><\/p>\n\n\n\n<ul class=\"wp-block-list\">\n<li>Identificar nuevas oportunidades t\u00e9cnicas en colaboraci\u00f3n con el departamento comercial y desarrollarlas en el laboratorio con el equipo de I+D.<\/li>\n\n\n\n<li>Formulaci\u00f3n de nuevos productos, selecci\u00f3n de pol\u00edmeros y aditivos necesarios para la composici\u00f3n, y definici\u00f3n de costes de cada producto.<\/li>\n\n\n\n<li>Brindar soporte t\u00e9cnico a los clientes (en los procesos de inyecci\u00f3n), as\u00ed como a los departamentos comercial y de producci\u00f3n en nuestra planta de Huesca.<\/li>\n\n\n\n<li>Mantener y fortalecer la relaci\u00f3n con proveedores y clientes para desarrollar nuevas formulaciones y productos.<\/li>\n<\/ul>\n\n\n\n<p><\/p>\n\n\n\n<p><strong>TU PERFIL:<\/strong><\/p>\n\n\n\n<ul class=\"wp-block-list\">\n<li>T\u00edtulo en ingenier\u00eda, qu\u00edmica o afines.<\/li>\n\n\n\n<li>Experiencia s\u00f3lida en un puesto t\u00e9cnico en la industria de pol\u00edmeros y compuestos de pol\u00edmeros.<\/li>\n\n\n\n<li>Imprescindible ingl\u00e9s, valor\u00e1ndose otros idiomas como franc\u00e9s o alem\u00e1n.<\/li>\n\n\n\n<li>Habilidades de liderazgo, comunicaci\u00f3n y enfoque en soluciones.<\/li>\n<\/ul>\n\n\n\n<p><\/p>\n\n\n\n<p><strong>NUESTROS BENEFICIOS:<\/strong><\/p>\n\n\n\n<ul class=\"wp-block-list\">\n<li>Remuneraci\u00f3n atractiva, negociable seg\u00fan experiencia.<\/li>\n\n\n\n<li>Formar\u00e1s parte de una empresa multinacional con una s\u00f3lida presencia en Espa\u00f1a.<\/li>\n\n\n\n<li>Un entorno de trabajo innovador y en constante evoluci\u00f3n.<\/li>\n\n\n\n<li>Oportunidades de desarrollo profesional y crecimiento dentro de la empresa.<\/li>\n<\/ul>\n\n\n\n<p>\u00bfEste trabajo es para ti? Entonces, \u00a1aplica ahora! <a href=\"mailto:info@bada.com.es\">info@bada.com.es<\/a><\/p>\n\n\n\n<p><\/p>\n\n \n\t\t\t\n\t\t<\/div>\n\t\n\n\n\t\t<div  class=\"block-78c32d52-ac55-4193-a5e4-eeaee2cfbc1b col areoi-element section-content-left col-md-6\">\n\t\t\t\n\t\t\t\n\n\t\t<div  class=\"block-6c49b770-ad89-49a9-9d47-5f2fbd3a8f55 areoi-element d-md-none d-lg-none d-xl-none d-xxl-none\">\n\t\t\t\n\t\t\t\n\n<h2 class=\"wp-block-heading\">Detalles<\/h2>\n\n\n\n\t\t<div  class=\"block-35e2d813-c593-482e-849a-0f1a55ba966a row areoi-element\">\n\t\t\t\n\n\t\t\t\n\n\t\t<div  class=\"block-4e60f6d1-db40-439e-b0f9-379a6f8a4038 col areoi-element col-md-4\">\n\t\t\t\n\t\t\t\n\n<p><strong>Localizaci\u00f3n<\/strong><\/p>\n\n\n\n<p>Huesca \/ ES<\/p>\n\n \n\t\t\t\n\t\t<\/div>\n\t\n\n\n\t\t<div  class=\"block-e147f507-ad86-4c10-ba80-59da019dbb6c col areoi-element col-md-4\">\n\t\t\t\n\t\t\t\n\n<p><strong>Comienzo<\/strong><\/p>\n\n\n\n<p>Incorporaci\u00f3n inmediata<\/p>\n\n \n\t\t\t\n\t\t<\/div>\n\t\n\n\n\t\t<div  class=\"block-4e60f6d1-db40-439e-b0f9-379a6f8a4038 col areoi-element col-md-4\">\n\t\t\t\n\t\t\t\n\n<p><strong>Jornada laboral<\/strong><\/p>\n\n\n\n<p>Jornada completa<\/p>\n\n \n\t\t\t\n\t\t<\/div>\n\t\n \n\t\t<\/div>\n\t\n \n\t\t<\/div>\n\t\n\n\n<h2 class=\"wp-block-heading\">CONTACTO<\/h2>\n\n\n\n<p>Bada Hispanaplast S.A<br>Pol\u00edgono Industrial SEPES                                                                        Ronda de la Industria, n\u00b0 153                                                                   22006 Huesca<br>Espa\u00f1a<\/p>\n\n\n\n<p><br>Fon: +34 974 239774<br>Fax: +34 974 243969<br>E-Mail:&nbsp;<a href=\"javascript:;\">info@bada.com.es<\/a><\/p>\n\n \n\t\t\t\n\t\t<\/div>\n\t\n \n\t\t<\/div>\n\t\n \n\t\t<\/div>\n\t\n \n\t\t<\/div>\n\t\n \n\t\t<\/div>\n\t","protected":false},"excerpt":{"rendered":"","protected":false},"author":2,"featured_media":0,"parent":0,"menu_order":0,"comment_status":"closed","ping_status":"closed","template":"","meta":{"_acf_changed":false,"footnotes":""},"class_list":["post-579","page","type-page","status-publish","hentry"],"acf":[],"_links":{"self":[{"href":"https:\/\/bada.de\/es\/wp-json\/wp\/v2\/pages\/579","targetHints":{"allow":["GET"]}}],"collection":[{"href":"https:\/\/bada.de\/es\/wp-json\/wp\/v2\/pages"}],"about":[{"href":"https:\/\/bada.de\/es\/wp-json\/wp\/v2\/types\/page"}],"author":[{"embeddable":true,"href":"https:\/\/bada.de\/es\/wp-json\/wp\/v2\/users\/2"}],"replies":[{"embeddable":true,"href":"https:\/\/bada.de\/es\/wp-json\/wp\/v2\/comments?post=579"}],"version-history":[{"count":10,"href":"https:\/\/bada.de\/es\/wp-json\/wp\/v2\/pages\/579\/revisions"}],"predecessor-version":[{"id":9215,"href":"https:\/\/bada.de\/es\/wp-json\/wp\/v2\/pages\/579\/revisions\/9215"}],"wp:attachment":[{"href":"https:\/\/bada.de\/es\/wp-json\/wp\/v2\/media?parent=579"}],"curies":[{"name":"wp","href":"https:\/\/api.w.org\/{rel}","templated":true}]}}