{"id":8295,"date":"2025-02-21T12:57:00","date_gmt":"2025-02-21T11:57:00","guid":{"rendered":"https:\/\/bada.de\/sostenibilidad"},"modified":"2025-03-25T14:53:37","modified_gmt":"2025-03-25T13:53:37","slug":"sostenibilidad","status":"publish","type":"page","link":"https:\/\/bada.de\/es\/sostenibilidad","title":{"rendered":"Sostenibilidad"},"content":{"rendered":"\n\t\t<div  class=\"block-f09607cb-b2d2-4bcb-a010-761ac4292151 areoi-element container\">\n\t\t\t\n\t\t\t\n\n\t\t<div  class=\"block-c095d0f2-82ca-4bac-9949-12361b7c8286 row areoi-element\">\n\t\t\t\n\n\t\t\t\n\n\t\t<div  class=\"block-fb782a5b-6bc5-4d99-8224-93d983f61f00 col areoi-element col-12\">\n\t\t\t\n\t\t\t\n\n<h1 class=\"wp-block-heading\">Compuestos sostenibles Bada: soluciones pl\u00e1sticas respetuosas con el medio ambiente<\/h1>\n\n \n\t\t\t\n\t\t<\/div>\n\t\n\n\n\t\t<div  class=\"block-74b150ea-cb32-4d3c-a8c7-5e1c1a6de623 col areoi-element col-12\">\n\t\t\t\n\t\t\t\n\n<p>La sostenibilidad tambi\u00e9n es un aspecto muy importante para el futuro de la industria del pl\u00e1stico. Nuestros compuestos BADAGREEN y con contenido reciclado ofrecen alternativas respetuosas con el medio ambiente con los requisitos t\u00e9cnicos m\u00e1s altos.<\/p>\n\n\n\n<p><strong>BADAGREEN \u2013 Pl\u00e1sticos de <\/strong><strong>origen sostenible<\/strong>: Los compuestos BADAGREEN se basan en al menos un 25% de contenido de pol\u00edmeros de origen sostenible. Un ejemplo es el aceite de ricino procedente de la planta Ricinus communis, que reduce la huella de CO2. A pesar de este contenido de origen biol\u00f3gico, se mantienen buenas propiedades en los pol\u00edmeros: la PA510, por ejemplo, ofrece una calidad superficial de primera clase. Tambi\u00e9n utilizamos pl\u00e1sticos de reciclado qu\u00edmico, para soluciones t\u00e9cnicas de mayor calidad. El aceite de pir\u00f3lisis que se produce a partir de residuos pl\u00e1sticos, se utilizan tambi\u00e9n para producir pol\u00edmeros de alta calidad. Seleccionamos las fuentes de materia prima que mejor se adaptan a las necesidades de nuestros clientes.<\/p>\n\n\n\n<p><strong>Compuestos con contenido reciclado Bada: <\/strong>Compuestos reciclados de alta&nbsp;calidad Nuestros compuestos de contenido reciclado fomentan el uso sostenible de los termopl\u00e1sticos. La proporci\u00f3n de material reciclado se puede personalizar de forma flexible, en funci\u00f3n de las necesidades. Es posible obtener compuestos de mayor calidad con el concepto de reutilizar nuestro propio material triturado de un compuesto Bada, en el mismo tipo de material.<\/p>\n\n\n\n<p>Ofrecemos \u00abespecialidades de contenido reciclado\u00bb a medida: \u00a1hable con nosotros!<\/p>\n\n \n\t\t\t\n\t\t<\/div>\n\t\n \n\t\t<\/div>\n\t\n \n\t\t<\/div>\n\t\n\n\n\t\t<div  class=\"block-97bc28bb-7208-4fe4-8e0e-e3c353cb06e5 areoi-element container\">\n\t\t\t\n\t\t\t\n\n\t\t<div  class=\"block-06eb97a5-de3b-4110-9d62-5a68af4585ed row areoi-element row-cols-1 row-cols-md-3\">\n\t\t\t\n\n\t\t\t\n\n\t\t<div  class=\"block-fb782a5b-6bc5-4d99-8224-93d983f61f00 col areoi-element\">\n\t\t\t\n\t\t\t\n\n\t\t<div  class=\"block-7283b13f-23d8-44b1-8ce3-d853403b7230 card align-text-bottom image\">\n\t\t\t\n\n<figure class=\"wp-block-image size-full card-img-top img-thumbnail img-fluid\"><img loading=\"lazy\" decoding=\"async\" width=\"751\" height=\"534\" src=\"https:\/\/bada.de\/app\/uploads\/BADAGREEN.jpg\" alt=\"\" class=\"img-fluid wp-image-8649\" style=\"aspect-ratio:1;object-fit:cover\" srcset=\"https:\/\/bada.de\/app\/uploads\/BADAGREEN.jpg 751w, https:\/\/bada.de\/app\/uploads\/BADAGREEN-300x213.jpg 300w\" sizes=\"auto, (max-width: 751px) 100vw, 751px\">\n<\/figure>\n\n\n\n\t\t<div  class=\"block-4a9336e9-91d1-4e5c-87a1-3904134adca9 card-body card-img-overlay d-flex align-items-end\">\n\t\t\t\n\n<h2 class=\"wp-block-heading card-title image-caption\"><a href=\"https:\/\/bada.de\/es\/products\/badagreen-es\" data-type=\"bada_product_group\" data-id=\"530\" target=\"_blank\" rel=\"noopener noreferrer nofollow\">Badagreen<\/a><\/h2>\n\n \n\t\t<\/div>\n\t\n \n\t\t<\/div>\n\t\n \n\t\t\t\n\t\t<\/div>\n\t\n\n\n\t\t<div  class=\"block-97a90919-28b6-4bea-97ac-949fb127aa4d col areoi-element\">\n\t\t\t\n\t\t\t\n\n\t\t<div  class=\"block-fb0b7655-6f4d-48aa-b1ef-9aa29e8e58de card align-text-bottom image\">\n\t\t\t\n\n<figure class=\"wp-block-image size-full card-img-top img-thumbnail img-fluid\"><img loading=\"lazy\" decoding=\"async\" width=\"750\" height=\"750\" src=\"https:\/\/bada.de\/app\/uploads\/resized_proportional_image-1.png\" alt=\"\" class=\"img-fluid wp-image-8908\" style=\"aspect-ratio:1;object-fit:cover\" srcset=\"https:\/\/bada.de\/app\/uploads\/resized_proportional_image-1.png 750w, https:\/\/bada.de\/app\/uploads\/resized_proportional_image-1-300x300.png 300w, https:\/\/bada.de\/app\/uploads\/resized_proportional_image-1-150x150.png 150w, https:\/\/bada.de\/app\/uploads\/resized_proportional_image-1-200x200.png 200w\" sizes=\"auto, (max-width: 750px) 100vw, 750px\">\n<\/figure>\n\n\n\n\t\t<div  class=\"block-4a9336e9-91d1-4e5c-87a1-3904134adca9 card-body card-img-overlay d-flex align-items-end\">\n\t\t\t\n\n<h2 class=\"wp-block-heading card-title image-caption\"><a href=\"https:\/\/bada.de\/de\/anforderungen\/recycling-compounds\" data-type=\"page\" data-id=\"1307\" target=\"_blank\" rel=\"noopener noreferrer nofollow\">Compuestos de reciclaje<\/a><\/h2>\n\n \n\t\t<\/div>\n\t\n \n\t\t<\/div>\n\t\n \n\t\t\t\n\t\t<\/div>\n\t\n \n\t\t<\/div>\n\t\n \n\t\t<\/div>\n\t\n\n\n\t\t<div  class=\"block-f524da72-5fb2-4910-ae64-258c8e4aa77e areoi-element container m-0 p-0\">\n\t\t\t\n\t\t\t\n\n<hr class=\"wp-block-separator has-alpha-channel-opacity style1\"\/>\n\n \n\t\t<\/div>\n\t\n\n\n\t\t<div  class=\"block-8f7ff78b-e2b5-49ba-9b61-a2a8175e5d44 areoi-element container\">\n\t\t\t\n\t\t\t\n\n\t\t<div  class=\"block-715cd00e-37fc-47fd-803f-8e0650b5af18 row areoi-element\">\n\t\t\t\n\n\t\t\t\n\n\t\t<div  class=\"block-fb2e937f-98f0-425c-9e77-24e7c1bec170 col areoi-element border-right-light col-lg-6\">\n\t\t\t\n\t\t\t\n\n\t\t<div  class=\"block-0bcbdf4a-f223-47f5-9527-e38d4425ac5a areoi-element certificate-box\">\n\t\t\t\n\t\t\t\n\n\t\t<div  class=\"block-d17d2a8b-6a67-4ecd-94b5-ec51ca0814d8 row areoi-element\">\n\t\t\t\n\n\t\t\t\n\n\t\t<div  class=\"block-73e09e74-4ce9-4ada-8262-451b9267a978 col areoi-element col-12\">\n\t\t\t\n\t\t\t\n\n<h2 class=\"wp-block-heading\">Estamos certificados<\/h2>\n\n\n\n\t\t<div  class=\"block-49f19c81-bb48-494d-ab5a-bf8653287ccb row areoi-element\">\n\t\t\t\n\n\t\t\t\n\n\t\t<div  class=\"block-d38e6cdf-2aeb-4411-b616-9ad19f527a2a col areoi-element certificate-left col-sm-6\">\n\t\t\t\n\t\t\t\n\n<figure class=\"wp-block-image size-full is-style-default\"><img loading=\"lazy\" decoding=\"async\" width=\"189\" height=\"95\" src=\"https:\/\/bada.de\/app\/uploads\/certificates\/tuev.png\" alt=\"\" class=\"img-fluid wp-image-788\" style=\"object-fit:cover\">\n<\/figure>\n\n \n\t\t\t\n\t\t<\/div>\n\t\n\n\n\t\t<div  class=\"block-b7fcb93b-dc6b-4865-abe9-ec503079a405 col areoi-element certificate-middle col-sm-3\">\n\t\t\t\n\t\t\t\n\n<figure class=\"wp-block-image size-full\"><img loading=\"lazy\" decoding=\"async\" width=\"58\" height=\"96\" src=\"https:\/\/bada.de\/app\/uploads\/certificates\/emas.png\" alt=\"\" class=\"img-fluid wp-image-789\">\n<\/figure>\n\n \n\t\t\t\n\t\t<\/div>\n\t\n\n\n\t\t<div  class=\"block-938ac91a-13b5-4f51-aa96-acd329ac4ab4 col areoi-element certificate-right col-sm-3\">\n\t\t\t\n\t\t\t\n\n<figure class=\"wp-block-image size-full\"><img loading=\"lazy\" decoding=\"async\" width=\"105\" height=\"106\" src=\"https:\/\/bada.de\/app\/uploads\/certificates\/iso.png\" alt=\"\" class=\"img-fluid wp-image-787\">\n<\/figure>\n\n \n\t\t\t\n\t\t<\/div>\n\t\n \n\t\t<\/div>\n\t\n \n\t\t\t\n\t\t<\/div>\n\t\n \n\t\t<\/div>\n\t\n \n\t\t<\/div>\n\t\n \n\t\t\t\n\t\t<\/div>\n\t\n \n\t\t<\/div>\n\t\n \n\t\t<\/div>\n\t","protected":false},"excerpt":{"rendered":"","protected":false},"author":1,"featured_media":0,"parent":0,"menu_order":0,"comment_status":"closed","ping_status":"closed","template":"","meta":{"_acf_changed":false,"footnotes":""},"class_list":["post-8295","page","type-page","status-publish","hentry"],"acf":[],"_links":{"self":[{"href":"https:\/\/bada.de\/es\/wp-json\/wp\/v2\/pages\/8295","targetHints":{"allow":["GET"]}}],"collection":[{"href":"https:\/\/bada.de\/es\/wp-json\/wp\/v2\/pages"}],"about":[{"href":"https:\/\/bada.de\/es\/wp-json\/wp\/v2\/types\/page"}],"author":[{"embeddable":true,"href":"https:\/\/bada.de\/es\/wp-json\/wp\/v2\/users\/1"}],"replies":[{"embeddable":true,"href":"https:\/\/bada.de\/es\/wp-json\/wp\/v2\/comments?post=8295"}],"version-history":[{"count":6,"href":"https:\/\/bada.de\/es\/wp-json\/wp\/v2\/pages\/8295\/revisions"}],"predecessor-version":[{"id":9121,"href":"https:\/\/bada.de\/es\/wp-json\/wp\/v2\/pages\/8295\/revisions\/9121"}],"wp:attachment":[{"href":"https:\/\/bada.de\/es\/wp-json\/wp\/v2\/media?parent=8295"}],"curies":[{"name":"wp","href":"https:\/\/api.w.org\/{rel}","templated":true}]}}