{"id":1417,"date":"2023-09-18T17:47:16","date_gmt":"2023-09-18T15:47:16","guid":{"rendered":"https:\/\/bada.de\/produktgruppen"},"modified":"2023-10-03T09:59:37","modified_gmt":"2023-10-03T07:59:37","slug":"produktgruppen","status":"publish","type":"page","link":"https:\/\/bada.de\/fr\/produktgruppen","title":{"rendered":"Produits"},"content":{"rendered":"\n<p><\/p>\n\n\n\n<div class=\"container p-0 mb-5\">\n    <div class=\"widget badatron-product-finder\"><form    class=\"omnisearch-form\"\n    role=\"search\"\n    method=\"get\"\n    action=\"https:\/\/bada.de\/fr\">\n    <div class=\"form-group\">\n        <span class=\"screen-reader-text\">\n                    <\/span>\n        <div class=\"input-group input-group-merge input-group-flush\">\n            <input class=\"form-control\"\n                   type=\"search\"\n                   placeholder=\"Nom du produit, p. ex.\"\n                   name=\"s\"\n                   value=\"\">\n            <!-- \/.form-control -->\n\n            <div class=\"input-group-text input-group-prepend\">\n                <button type=\"submit\" class=\"input-group-text\">\n                    <i class=\"fas fa-search\"><\/i>\n                <\/button>\n                <!-- \/.input-group-text -->\n            <\/div>\n            <!-- \/.input-group-text input-group-prepend -->\n        <\/div>\n        <!-- \/.input-group input-group-merge input-group-flush -->\n\n    <\/div>\n    <!-- \/.form-group -->\n<\/form>\n\n<!-- INFO: resources\/templates\/widgets\/badatron-product-finder.tpl.php rendered in 0.000064 seconds. Memory usage: 568 o -->\n<\/div><\/div>\n\n<div class=\"container p-0 m-0\">\n    <div class=\"row\">\n                        <div class=\"col-12 col-sm-6 col-lg-3\">\n                    <div class=\"section narrow product  product-badadur\">\n\n                        <a href=\"https:\/\/bada.de\/fr\/products\/badadur-fr\"\n                           title=\"Badadur\u00ae\">\n                            <div class=\"section-header\">\n                                <h2 class=\"section-title\">\n\n                            <span class=\"product product-badadur-fr\">\n\n                                    \n                                <img loading=\"lazy\" decoding=\"async\" src=\"https:\/\/bada.de\/app\/uploads\/product-logos\/badadur.png\" title=\"Badadur&Acirc;&reg;\" alt=\"Badadur&Acirc;&reg;\" width=\"174\" height=\"20\" class=\"img-fluid\">\n\n                            <\/span>\n                                    <!-- \/.product-logo -->\n\n                                    <span class=\"product-type\">\n                                                                                PBT, Blends                                <\/span>\n                                    <!-- \/.product-type -->\n\n                                <\/h2>\n                                <!-- \/.section-title -->\n                                <div class=\"section-ctab\">\n                                <span>\n                                        Plus                                <\/span>\n                                <\/div>\n                                <!-- \/.section-ctab -->\n                            <\/div>\n                            <!-- \/.product-header -->\n\n                            <div class=\"section-body\">\n                                <div class=\"section-content\">\n                                    <p>\n                                        Parall\u00e8lement \u00e0 leurs remarquables caract\u00e9ristiques m\u00e9caniques, le groupe de produits Badadur (PBT) pr\u00e9sente des qualit\u00e9s de r\u00e9sistance extr\u00eamement fiables, notamment une excellente r\u00e9sistance formell...                                    <\/p>\n                                <\/div>\n                                <!-- \/.product-content -->\n                            <\/div>\n                            <!-- \/.product-body -->\n                        <\/a>\n                    <\/div>\n                    <!-- \/.product-section product product -->\n                <\/div>\n                <!-- \/.col-12 col-sm-6 col-lg-3 -->\n                            <div class=\"col-12 col-sm-6 col-lg-3\">\n                    <div class=\"section narrow product  product-badaflex\">\n\n                        <a href=\"https:\/\/bada.de\/fr\/products\/badaflex-fr\"\n                           title=\"Badaflex\u00ae\">\n                            <div class=\"section-header\">\n                                <h2 class=\"section-title\">\n\n                            <span class=\"product product-badaflex-fr\">\n\n                                    \n                                <img loading=\"lazy\" decoding=\"async\" src=\"https:\/\/bada.de\/app\/uploads\/badaflex.png\" title=\"Badaflex&Acirc;&reg;\" alt=\"Badaflex&Acirc;&reg;\" width=\"174\" height=\"20\" class=\"img-fluid\">\n\n                            <\/span>\n                                    <!-- \/.product-logo -->\n\n                                    <span class=\"product-type\">\n                                                                                TPE-S, TPU, TPE-E                                <\/span>\n                                    <!-- \/.product-type -->\n\n                                <\/h2>\n                                <!-- \/.section-title -->\n                                <div class=\"section-ctab\">\n                                <span>\n                                        Plus                                <\/span>\n                                <\/div>\n                                <!-- \/.section-ctab -->\n                            <\/div>\n                            <!-- \/.product-header -->\n\n                            <div class=\"section-body\">\n                                <div class=\"section-content\">\n                                    <p>\n                                        Les Badaflex TPE-S sont des \u00e9lastom\u00e8res thermoplastiques \u00e0 base de copolym\u00e8res \u00e0 blocs styr\u00e8ne. Ils allient l\u2019excellente fa\u00e7onnabilit\u00e9 des plastiques thermoplastes et les propri\u00e9t\u00e9s \u00e9lastom\u00e8res du cao...                                    <\/p>\n                                <\/div>\n                                <!-- \/.product-content -->\n                            <\/div>\n                            <!-- \/.product-body -->\n                        <\/a>\n                    <\/div>\n                    <!-- \/.product-section product product -->\n                <\/div>\n                <!-- \/.col-12 col-sm-6 col-lg-3 -->\n                            <div class=\"col-12 col-sm-6 col-lg-3\">\n                    <div class=\"section narrow product  product-badagreen\">\n\n                        <a href=\"https:\/\/bada.de\/fr\/products\/badagreen-fr\"\n                           title=\"Badagreen\">\n                            <div class=\"section-header\">\n                                <h2 class=\"section-title\">\n\n                            <span class=\"product product-badagreen-fr\">\n\n                                    \n                                <img loading=\"lazy\" decoding=\"async\" src=\"https:\/\/bada.de\/app\/uploads\/badagreen.png\" title=\"Badagreen\" alt=\"Badagreen\" width=\"174\" height=\"20\" class=\"img-fluid\">\n\n                            <\/span>\n                                    <!-- \/.product-logo -->\n\n                                    <span class=\"product-type\">\n                                                                                                                <\/span>\n                                    <!-- \/.product-type -->\n\n                                <\/h2>\n                                <!-- \/.section-title -->\n                                <div class=\"section-ctab\">\n                                <span>\n                                        Plus                                <\/span>\n                                <\/div>\n                                <!-- \/.section-ctab -->\n                            <\/div>\n                            <!-- \/.product-header -->\n\n                            <div class=\"section-body\">\n                                <div class=\"section-content\">\n                                    <p>\n                                        BADAGREEN comprend des compounds plastiques de Bada bas\u00e9s sur des polym\u00e8res durables. La proportion minimale de polym\u00e8re \u00ab vert \u00bb est de 25 % et peut \u00eatre atteinte de diff\u00e9rentes mani\u00e8res. La base de ...                                    <\/p>\n                                <\/div>\n                                <!-- \/.product-content -->\n                            <\/div>\n                            <!-- \/.product-body -->\n                        <\/a>\n                    <\/div>\n                    <!-- \/.product-section product product -->\n                <\/div>\n                <!-- \/.col-12 col-sm-6 col-lg-3 -->\n                            <div class=\"col-12 col-sm-6 col-lg-3\">\n                    <div class=\"section narrow product  product-badalac\">\n\n                        <a href=\"https:\/\/bada.de\/fr\/products\/badalac-fr\"\n                           title=\"Badalac\u00ae\">\n                            <div class=\"section-header\">\n                                <h2 class=\"section-title\">\n\n                            <span class=\"product product-badalac-fr\">\n\n                                    \n                                <img loading=\"lazy\" decoding=\"async\" src=\"https:\/\/bada.de\/app\/uploads\/badalac.png\" title=\"Badalac&Acirc;&reg;\" alt=\"Badalac&Acirc;&reg;\" width=\"174\" height=\"20\" class=\"img-fluid\">\n\n                            <\/span>\n                                    <!-- \/.product-logo -->\n\n                                    <span class=\"product-type\">\n                                                                                ABS                                <\/span>\n                                    <!-- \/.product-type -->\n\n                                <\/h2>\n                                <!-- \/.section-title -->\n                                <div class=\"section-ctab\">\n                                <span>\n                                        Plus                                <\/span>\n                                <\/div>\n                                <!-- \/.section-ctab -->\n                            <\/div>\n                            <!-- \/.product-header -->\n\n                            <div class=\"section-body\">\n                                <div class=\"section-content\">\n                                    <p>\n                                        Le groupe de produits Badalac ABS s\u2019est impos\u00e9 gr\u00e2ce \u00e0 un grand nombre de variations. Nous produisons ici des sp\u00e9cialit\u00e9s, notamment des types r\u00e9sistants \u00e0 la chaleur avec une temp\u00e9rature de ramolliss...                                    <\/p>\n                                <\/div>\n                                <!-- \/.product-content -->\n                            <\/div>\n                            <!-- \/.product-body -->\n                        <\/a>\n                    <\/div>\n                    <!-- \/.product-section product product -->\n                <\/div>\n                <!-- \/.col-12 col-sm-6 col-lg-3 -->\n                            <div class=\"col-12 col-sm-6 col-lg-3\">\n                    <div class=\"section narrow product  product-badalon\">\n\n                        <a href=\"https:\/\/bada.de\/fr\/products\/badalon-fr\"\n                           title=\"Badalon\u00ae\">\n                            <div class=\"section-header\">\n                                <h2 class=\"section-title\">\n\n                            <span class=\"product product-badalon-fr\">\n\n                                    \n                                <img loading=\"lazy\" decoding=\"async\" src=\"https:\/\/bada.de\/app\/uploads\/badalon.png\" title=\"Badalon&Acirc;&reg;\" alt=\"Badalon&Acirc;&reg;\" width=\"174\" height=\"20\" class=\"img-fluid\">\n\n                            <\/span>\n                                    <!-- \/.product-logo -->\n\n                                    <span class=\"product-type\">\n                                                                                PC                                <\/span>\n                                    <!-- \/.product-type -->\n\n                                <\/h2>\n                                <!-- \/.section-title -->\n                                <div class=\"section-ctab\">\n                                <span>\n                                        Plus                                <\/span>\n                                <\/div>\n                                <!-- \/.section-ctab -->\n                            <\/div>\n                            <!-- \/.product-header -->\n\n                            <div class=\"section-body\">\n                                <div class=\"section-content\">\n                                    <p>\n                                        La gamme Badalon propose des thermoplastiques \u00e0 base de polycarbonate.\r\n\r\nBadalon est caract\u00e9ris\u00e9 par une exceptionnelle transparence, presque digne de celle du verre, combin\u00e9e \u00e0 une r\u00e9sistance aux ch...                                    <\/p>\n                                <\/div>\n                                <!-- \/.product-content -->\n                            <\/div>\n                            <!-- \/.product-body -->\n                        <\/a>\n                    <\/div>\n                    <!-- \/.product-section product product -->\n                <\/div>\n                <!-- \/.col-12 col-sm-6 col-lg-3 -->\n                            <div class=\"col-12 col-sm-6 col-lg-3\">\n                    <div class=\"section narrow product  product-badamid\">\n\n                        <a href=\"https:\/\/bada.de\/fr\/products\/badamid-fr\"\n                           title=\"Badamid\u00ae\">\n                            <div class=\"section-header\">\n                                <h2 class=\"section-title\">\n\n                            <span class=\"product product-badamid-fr\">\n\n                                    \n                                <img loading=\"lazy\" decoding=\"async\" src=\"https:\/\/bada.de\/app\/uploads\/badamid.png\" title=\"Badamid&Acirc;&reg;\" alt=\"Badamid&Acirc;&reg;\" width=\"174\" height=\"20\" class=\"img-fluid\">\n\n                            <\/span>\n                                    <!-- \/.product-logo -->\n\n                                    <span class=\"product-type\">\n                                                                                Divers polyamides                                <\/span>\n                                    <!-- \/.product-type -->\n\n                                <\/h2>\n                                <!-- \/.section-title -->\n                                <div class=\"section-ctab\">\n                                <span>\n                                        Plus                                <\/span>\n                                <\/div>\n                                <!-- \/.section-ctab -->\n                            <\/div>\n                            <!-- \/.product-header -->\n\n                            <div class=\"section-body\">\n                                <div class=\"section-content\">\n                                    <p>\n                                        Sous le nom Badamid se cache un groupe de mat\u00e9riaux de construction thermoplastiques \u00e0 base de polyamide (PA6, PA66, PA66\/6, PA6\/6T, PPA, PA9T, PA610, PA612, PA12) aux propri\u00e9t\u00e9s excellentes et vari\u00e9e...                                    <\/p>\n                                <\/div>\n                                <!-- \/.product-content -->\n                            <\/div>\n                            <!-- \/.product-body -->\n                        <\/a>\n                    <\/div>\n                    <!-- \/.product-section product product -->\n                <\/div>\n                <!-- \/.col-12 col-sm-6 col-lg-3 -->\n                            <div class=\"col-12 col-sm-6 col-lg-3\">\n                    <div class=\"section narrow product  product-badaprene\">\n\n                        <a href=\"https:\/\/bada.de\/fr\/products\/badaprene-fr\"\n                           title=\"Badaprene\u00ae\">\n                            <div class=\"section-header\">\n                                <h2 class=\"section-title\">\n\n                            <span class=\"product product-badaprene-fr\">\n\n                                    \n                                <img loading=\"lazy\" decoding=\"async\" src=\"https:\/\/bada.de\/app\/uploads\/Badaprene.png\" title=\"Badaprene&Acirc;&reg;\" alt=\"Badaprene&Acirc;&reg;\" width=\"174\" height=\"20\" class=\"img-fluid\">\n\n                            <\/span>\n                                    <!-- \/.product-logo -->\n\n                                    <span class=\"product-type\">\n                                                                                TPV (EPDM\/PP)                                <\/span>\n                                    <!-- \/.product-type -->\n\n                                <\/h2>\n                                <!-- \/.section-title -->\n                                <div class=\"section-ctab\">\n                                <span>\n                                        Plus                                <\/span>\n                                <\/div>\n                                <!-- \/.section-ctab -->\n                            <\/div>\n                            <!-- \/.product-header -->\n\n                            <div class=\"section-body\">\n                                <div class=\"section-content\">\n                                    <p>\n                                        Notre palette d\u2019\u00e9lastom\u00e8res thermoplastiques est compl\u00e9t\u00e9e par un large choix de blends EPDM\/PP partiellement r\u00e9ticul\u00e9s. Badaprene TPV poss\u00e8de des qualit\u00e9s remarquables, notamment une grande r\u00e9sistanc...                                    <\/p>\n                                <\/div>\n                                <!-- \/.product-content -->\n                            <\/div>\n                            <!-- \/.product-body -->\n                        <\/a>\n                    <\/div>\n                    <!-- \/.product-section product product -->\n                <\/div>\n                <!-- \/.col-12 col-sm-6 col-lg-3 -->\n                            <div class=\"col-12 col-sm-6 col-lg-3\">\n                    <div class=\"section narrow product  product-badaprop\">\n\n                        <a href=\"https:\/\/bada.de\/fr\/products\/badaprop-fr\"\n                           title=\"Badaprop\u00ae\">\n                            <div class=\"section-header\">\n                                <h2 class=\"section-title\">\n\n                            <span class=\"product product-badaprop-fr\">\n\n                                    \n                                <img loading=\"lazy\" decoding=\"async\" src=\"https:\/\/bada.de\/app\/uploads\/badaprop.png\" title=\"Badaprop&Acirc;&reg;\" alt=\"Badaprop&Acirc;&reg;\" width=\"174\" height=\"20\" class=\"img-fluid\">\n\n                            <\/span>\n                                    <!-- \/.product-logo -->\n\n                                    <span class=\"product-type\">\n                                                                                PP                                <\/span>\n                                    <!-- \/.product-type -->\n\n                                <\/h2>\n                                <!-- \/.section-title -->\n                                <div class=\"section-ctab\">\n                                <span>\n                                        Plus                                <\/span>\n                                <\/div>\n                                <!-- \/.section-ctab -->\n                            <\/div>\n                            <!-- \/.product-header -->\n\n                            <div class=\"section-body\">\n                                <div class=\"section-content\">\n                                    <p>\n                                        \u00c0 l&#039;heure actuelle, il n&#039;est plus possible d&#039;\u00e9carter le polypropyl\u00e8ne. Les nombreuses applications possibles du PP posent cependant \u00e0 leur tour de multiples exigences tr\u00e8s diverses \u00e0 ce polym\u00e8re.\r\n\r\nL...                                    <\/p>\n                                <\/div>\n                                <!-- \/.product-content -->\n                            <\/div>\n                            <!-- \/.product-body -->\n                        <\/a>\n                    <\/div>\n                    <!-- \/.product-section product product -->\n                <\/div>\n                <!-- \/.col-12 col-sm-6 col-lg-3 -->\n                            <div class=\"col-12 col-sm-6 col-lg-3\">\n                    <div class=\"section narrow product  product-badatech-ht\">\n\n                        <a href=\"https:\/\/bada.de\/fr\/products\/badatech-ht-fr\"\n                           title=\"Badatech HT\">\n                            <div class=\"section-header\">\n                                <h2 class=\"section-title\">\n\n                            <span class=\"product product-badatech-ht-fr\">\n\n                                    \n                                <img loading=\"lazy\" decoding=\"async\" src=\"https:\/\/bada.de\/app\/uploads\/badatech-ht.png\" title=\"Badatech HT\" alt=\"Badatech HT\" width=\"174\" height=\"20\" class=\"img-fluid\">\n\n                            <\/span>\n                                    <!-- \/.product-logo -->\n\n                                    <span class=\"product-type\">\n                                                                                Polym\u00e8res haute performance                                <\/span>\n                                    <!-- \/.product-type -->\n\n                                <\/h2>\n                                <!-- \/.section-title -->\n                                <div class=\"section-ctab\">\n                                <span>\n                                        Plus                                <\/span>\n                                <\/div>\n                                <!-- \/.section-ctab -->\n                            <\/div>\n                            <!-- \/.product-header -->\n\n                            <div class=\"section-body\">\n                                <div class=\"section-content\">\n                                    <p>\n                                        La gamme de produits Badatech HT repr\u00e9sente le sommet de la pyramide des polym\u00e8res et r\u00e9unit tous les polym\u00e8res usuels r\u00e9sistants aux temp\u00e9ratures \u00e9lev\u00e9es en un seul et m\u00eame groupe de produits.\r\n\r\nLor...                                    <\/p>\n                                <\/div>\n                                <!-- \/.product-content -->\n                            <\/div>\n                            <!-- \/.product-body -->\n                        <\/a>\n                    <\/div>\n                    <!-- \/.product-section product product -->\n                <\/div>\n                <!-- \/.col-12 col-sm-6 col-lg-3 -->\n                            <div class=\"col-12 col-sm-6 col-lg-3\">\n                    <div class=\"section narrow product  product-badatron\">\n\n                        <a href=\"https:\/\/bada.de\/fr\/products\/badatron-fr\"\n                           title=\"Badatron\u00ae\">\n                            <div class=\"section-header\">\n                                <h2 class=\"section-title\">\n\n                            <span class=\"product product-badatron-fr\">\n\n                                    \n                                <img loading=\"lazy\" decoding=\"async\" src=\"https:\/\/bada.de\/app\/uploads\/badatron.png\" title=\"Badatron&Acirc;&reg;\" alt=\"Badatron&Acirc;&reg;\" width=\"174\" height=\"20\" class=\"img-fluid\">\n\n                            <\/span>\n                                    <!-- \/.product-logo -->\n\n                                    <span class=\"product-type\">\n                                                                                PPS                                <\/span>\n                                    <!-- \/.product-type -->\n\n                                <\/h2>\n                                <!-- \/.section-title -->\n                                <div class=\"section-ctab\">\n                                <span>\n                                        Plus                                <\/span>\n                                <\/div>\n                                <!-- \/.section-ctab -->\n                            <\/div>\n                            <!-- \/.product-header -->\n\n                            <div class=\"section-body\">\n                                <div class=\"section-content\">\n                                    <p>\n                                        La gamme de produits Badatron PPS comprend des compounds hautes performances \u00e0 base de polysulfure de ph\u00e9nyl\u00e8ne.\r\n\r\nGr\u00e2ce \u00e0 sa grande r\u00e9sistance au thermoformage au-del\u00e0 de 250 \u00b0C et aux acides et bas...                                    <\/p>\n                                <\/div>\n                                <!-- \/.product-content -->\n                            <\/div>\n                            <!-- \/.product-body -->\n                        <\/a>\n                    <\/div>\n                    <!-- \/.product-section product product -->\n                <\/div>\n                <!-- \/.col-12 col-sm-6 col-lg-3 -->\n                <\/div>\n    <!-- \/.row -->\n<\/div>\n<!-- \/.container -->\n\n<!-- INFO: resources\/templates\/shortcodes\/bada_portfolio_terms\/productgroups.tpl.php rendered in 0.001716 seconds. Memory usage: 33 Ko -->\n\n","protected":false},"excerpt":{"rendered":"","protected":false},"author":2,"featured_media":0,"parent":0,"menu_order":0,"comment_status":"closed","ping_status":"closed","template":"productgroups.php","meta":{"_acf_changed":false,"footnotes":""},"class_list":["post-1417","page","type-page","status-publish","hentry"],"acf":[],"_links":{"self":[{"href":"https:\/\/bada.de\/fr\/wp-json\/wp\/v2\/pages\/1417","targetHints":{"allow":["GET"]}}],"collection":[{"href":"https:\/\/bada.de\/fr\/wp-json\/wp\/v2\/pages"}],"about":[{"href":"https:\/\/bada.de\/fr\/wp-json\/wp\/v2\/types\/page"}],"author":[{"embeddable":true,"href":"https:\/\/bada.de\/fr\/wp-json\/wp\/v2\/users\/2"}],"replies":[{"embeddable":true,"href":"https:\/\/bada.de\/fr\/wp-json\/wp\/v2\/comments?post=1417"}],"version-history":[{"count":0,"href":"https:\/\/bada.de\/fr\/wp-json\/wp\/v2\/pages\/1417\/revisions"}],"wp:attachment":[{"href":"https:\/\/bada.de\/fr\/wp-json\/wp\/v2\/media?parent=1417"}],"curies":[{"name":"wp","href":"https:\/\/api.w.org\/{rel}","templated":true}]}}