{"id":2932,"date":"2023-07-15T09:23:05","date_gmt":"2023-07-15T07:23:05","guid":{"rendered":"https:\/\/bada.de\/une-technologie-de-pointe-pour-des-processus-sur-mesure"},"modified":"2023-10-07T16:51:55","modified_gmt":"2023-10-07T14:51:55","slug":"une-technologie-de-pointe-pour-des-processus-sur-mesure","status":"publish","type":"page","link":"https:\/\/bada.de\/fr\/une-technologie-de-pointe-pour-des-processus-sur-mesure","title":{"rendered":"Une technologie de pointe pour des processus sur mesure"},"content":{"rendered":"\n\t\t<div  class=\"block-f9d0d384-48d1-45ca-80da-a7f2d7dd4b2e areoi-element container\">\n\t\t\t\n\t\t\t\n\n\t\t<div  class=\"block-e23a330a-87a1-4fa7-b7fd-95f2565318b1 row areoi-element row-cols-1 row-cols-md-2\">\n\t\t\t\n\n\t\t\t\n\n\t\t<div  class=\"block-955c45f8-5df2-4f78-a0a7-55095bb5af70 col areoi-element\">\n\t\t\t\n\t\t\t\n\n<p>L&rsquo;optimisation et l&rsquo;augmentation de l&rsquo;efficacit\u00e9 de nos processus de d\u00e9veloppement et de production ont \u00e9t\u00e9 les moteurs de la construction de notre nouvelle usine sur le site de B\u00fchl. En tant que fabricant de compounds sp\u00e9cifiques \u00e0 l&rsquo;application \u00e0 base de mati\u00e8res plastiques techniques, nous produisons sur 14 extrudeuses \u00e0 double vis, avec une capacit\u00e9 nominale d&rsquo;environ 35.000 t\/an. La taille moyenne des lots se situe entre 2.000 et 4.000 kg, ce qui implique des changements fr\u00e9quents de recettes &#8211; jusqu&rsquo;\u00e0 12 fois par jour. Notre nouvelle production ultramoderne r\u00e9pond exactement aux exigences que nous impose notre grande diversit\u00e9 de produits, parfois tr\u00e8s sp\u00e9cifiques : Le bon auto-nettoyage des installations r\u00e9duit consid\u00e9rablement le travail de nettoyage lors des fr\u00e9quents changements de produits et assure ainsi une production rentable en continu.<\/p>\n\n\n\n<p><br\/>Les p\u00e9nuries de mat\u00e9riaux sont \u00e9vit\u00e9es gr\u00e2ce \u00e0 la grande disponibilit\u00e9 de l&rsquo;installation lors de l&rsquo;alimentation des lignes d&rsquo;extrusion. Des extrudeuses de compoundage \u00e0 couple \u00e9lev\u00e9 assurent des produits d&rsquo;une qualit\u00e9 irr\u00e9prochable, le dosage gravim\u00e9trique en amont garantit la grande fid\u00e9lit\u00e9 des recettes et des couleurs, \u00e0 laquelle nous attachons la plus grande importance pour tous nos compounds. Pour une alimentation enti\u00e8rement automatis\u00e9e des principales mati\u00e8res premi\u00e8res polym\u00e8res, nous disposons de silos d&rsquo;une capacit\u00e9 de stockage totale d&rsquo;environ 800t.<\/p>\n\n\n\n<p>Mais c&rsquo;est surtout en ce qui concerne l&rsquo;avenir que nous sommes ax\u00e9s sur la s\u00e9curit\u00e9 des processus et la flexibilit\u00e9 : La technique universelle de notre installation est extensible de mani\u00e8re modulaire pour toutes les innovations futures de Bada AG.<\/p>\n\n\n\n<p><strong>Notre laboratoire de couleurs : mesure et \u00e9valuation des couleurs au plus haut niveau<\/strong><\/p>\n\n\n\n<p>La force d&rsquo;innovation et la flexibilit\u00e9 sont les piliers de notre esprit d&rsquo;entreprise, comme nous le montrons en particulier lors de la mesure et de l&rsquo;\u00e9valuation de la couleur de nos compounds : dans notre laboratoire de couleurs remarquablement \u00e9quip\u00e9, nous pouvons recourir \u00e0 des \u00e9quipements ultramodernes tels que<\/p>\n\n\n\n<ul class=\"wp-block-list\">\n<li>Deux extrudeuses de laboratoire et de d\u00e9veloppement, pour les nouveaux d\u00e9veloppements et les ajustements de couleur<\/li>\n\n\n\n<li>1 silo d&rsquo;homog\u00e9n\u00e9isation d&rsquo;une capacit\u00e9 de 5t pour une constance optimale de la couleur des produits finis<\/li>\n\n\n\n<li>8 machines de moulage par injection pour le contr\u00f4le de la production et la fabrication d&rsquo;\u00e9prouvettes de toutes sortes<\/li>\n\n\n\n<li>1 petite ligne d&rsquo;extrusion pour la production et le contr\u00f4le qualit\u00e9 suppl\u00e9mentaire des films plats<\/li>\n<\/ul>\n\n\n\n<p>Ici, la technologie de pointe s&rsquo;allie \u00e0 la pr\u00e9cision et \u00e0 l&rsquo;exp\u00e9rience de nos collaborateurs pour cr\u00e9er des proc\u00e9d\u00e9s innovants permettant d&rsquo;obtenir des r\u00e9sultats de coloration du plus haut niveau.<br\/><br\/><strong>Reproduction des couleurs : un savoir-faire de longue date pour chaque nuance<\/strong><br\/>L\u2019un de nos points forts r\u00e9side dans la coloration de plastiques. Nous poss\u00e9dons ici des ann\u00e9es d\u2019exp\u00e9rience et notre laboratoire \u00e0 l\u2019\u00e9quipement de premi\u00e8re cat\u00e9gorie nous permet de produire les moindres nuances souhait\u00e9es par les clients. Gr\u00e2ce \u00e0 des proc\u00e9d\u00e9s innovants, nous pouvons renoncer totalement aux couleurs standard ou aux m\u00e9langes de pigments pr\u00eats \u00e0 l&#8217;emploi lors de la reconstitution des couleurs. Au lieu de cela, nous assemblons chaque teinte \u00e0 partir de composants color\u00e9s individuels et g\u00e9n\u00e9rons ainsi une grande flexibilit\u00e9 dans le r\u00e9glage des couleurs : m\u00eame pour les compounds contenant des composants qui modifient la couleur, comme des retardateurs de flamme, des fibres de verre ou des modificateurs, nous garantissons une fid\u00e9lit\u00e9 absolue des couleurs. De plus, nous pouvons ainsi r\u00e9agir aux moindres influences, comme les fluctuations propres aux diverses mati\u00e8res premi\u00e8res, et garantir une excellente constance des couleurs au sein d&rsquo;un m\u00eame lot et entre les diff\u00e9rents lots.<\/p>\n\n \n\t\t\t\n\t\t<\/div>\n\t\n\n\n\t\t<div  class=\"block-fd7b5ade-62ea-4aaf-a61b-b4a45edaa033 col areoi-element\">\n\t\t\t\n\t\t\t\n\n<figure class=\"wp-block-image size-full img-thumbnail\"><img loading=\"lazy\" decoding=\"async\" width=\"640\" height=\"300\" src=\"https:\/\/bada.de\/app\/uploads\/003.jpg\" alt=\"\" class=\"img-fluid wp-image-47\" srcset=\"https:\/\/bada.de\/app\/uploads\/003.jpg 640w, https:\/\/bada.de\/app\/uploads\/003-300x141.jpg 300w\" sizes=\"auto, (max-width: 640px) 100vw, 640px\">\n<\/figure>\n\n \n\t\t\t\n\t\t<\/div>\n\t\n \n\t\t<\/div>\n\t\n \n\t\t<\/div>\n\t","protected":false},"excerpt":{"rendered":"","protected":false},"author":1,"featured_media":0,"parent":0,"menu_order":0,"comment_status":"closed","ping_status":"closed","template":"","meta":{"_acf_changed":false,"footnotes":""},"class_list":["post-2932","page","type-page","status-publish","hentry"],"acf":[],"_links":{"self":[{"href":"https:\/\/bada.de\/fr\/wp-json\/wp\/v2\/pages\/2932","targetHints":{"allow":["GET"]}}],"collection":[{"href":"https:\/\/bada.de\/fr\/wp-json\/wp\/v2\/pages"}],"about":[{"href":"https:\/\/bada.de\/fr\/wp-json\/wp\/v2\/types\/page"}],"author":[{"embeddable":true,"href":"https:\/\/bada.de\/fr\/wp-json\/wp\/v2\/users\/1"}],"replies":[{"embeddable":true,"href":"https:\/\/bada.de\/fr\/wp-json\/wp\/v2\/comments?post=2932"}],"version-history":[{"count":0,"href":"https:\/\/bada.de\/fr\/wp-json\/wp\/v2\/pages\/2932\/revisions"}],"wp:attachment":[{"href":"https:\/\/bada.de\/fr\/wp-json\/wp\/v2\/media?parent=2932"}],"curies":[{"name":"wp","href":"https:\/\/api.w.org\/{rel}","templated":true}]}}