{"id":3409,"date":"2023-10-03T19:56:07","date_gmt":"2023-10-03T17:56:07","guid":{"rendered":"https:\/\/bada.de\/?page_id=3409"},"modified":"2023-10-07T17:09:31","modified_gmt":"2023-10-07T15:09:31","slug":"nous-satisfaisons-chaque-exigence-a-la-mesure-de-votre-marche","status":"publish","type":"page","link":"https:\/\/bada.de\/fr\/nous-satisfaisons-chaque-exigence-a-la-mesure-de-votre-marche","title":{"rendered":"VOTRE PRODUIT EST-IL TR\u00c8S EXIGEANT? NOUS AVONS LA SOLUTION!"},"content":{"rendered":"\n\t\t<div  class=\"block-f09607cb-b2d2-4bcb-a010-761ac4292151 areoi-element container\">\n\t\t\t\n\t\t\t\n\n\t\t<div  class=\"block-c095d0f2-82ca-4bac-9949-12361b7c8286 row areoi-element\">\n\t\t\t\n\n\t\t\t\n\n\t\t<div  class=\"block-fb782a5b-6bc5-4d99-8224-93d983f61f00 col areoi-element col-12\">\n\t\t\t\n\t\t\t\n\n<p>Qu&rsquo;il s&rsquo;agisse d&rsquo;une faible densit\u00e9, d&rsquo;une t\u00e9nacit\u00e9 ou d&rsquo;une r\u00e9sistance \u00e9lev\u00e9e, d&rsquo;une couleur, d&rsquo;une conductivit\u00e9 \u00e9lectrique ou thermique, ainsi que d&rsquo;une optimisation du frottement ou de l&rsquo;usure, Bada AG met \u00e9galement en \u0153uvre des compounds r\u00e9pondant aux exigences r\u00e9glementaires telles que la protection contre les flammes selon UL, contact avec l&rsquo;eau potable selon KTW et la conformit\u00e9 alimentaire selon les directives FDA.<\/p>\n\n \n\t\t\t\n\t\t<\/div>\n\t\n \n\t\t<\/div>\n\t\n \n\t\t<\/div>\n\t\n\t\t<div  class=\"block-f524da72-5fb2-4910-ae64-258c8e4aa77e areoi-element container m-0 p-0\">\n\t\t\t\n\t\t\t\n\n<hr class=\"wp-block-separator has-alpha-channel-opacity style1\"\/>\n\n \n\t\t<\/div>\n\t\n\t\t<div  class=\"block-97bc28bb-7208-4fe4-8e0e-e3c353cb06e5 areoi-element container\">\n\t\t\t\n\t\t\t\n\n\t\t<div  class=\"block-06eb97a5-de3b-4110-9d62-5a68af4585ed row areoi-element row-cols-1 row-cols-md-3\">\n\t\t\t\n\n\t\t\t\n\n\t\t<div  class=\"block-fb782a5b-6bc5-4d99-8224-93d983f61f00 col areoi-element\">\n\t\t\t\n\t\t\t\n\n\t\t<div  class=\"block-7283b13f-23d8-44b1-8ce3-d853403b7230 card align-text-bottom image\">\n\t\t\t\n\n<figure class=\"wp-block-image size-full card-img-top img-thumbnail img-fluid\"><img loading=\"lazy\" decoding=\"async\" width=\"800\" height=\"533\" src=\"https:\/\/bada.de\/app\/uploads\/metalsub.jpeg\" alt=\"\" class=\"img-fluid wp-image-3418\" style=\"aspect-ratio:1;object-fit:cover\" srcset=\"https:\/\/bada.de\/app\/uploads\/metalsub.jpeg 800w, https:\/\/bada.de\/app\/uploads\/metalsub-300x200.jpeg 300w, https:\/\/bada.de\/app\/uploads\/metalsub-768x512.jpeg 768w\" sizes=\"auto, (max-width: 800px) 100vw, 800px\">\n<\/figure>\n\n\n\n\t\t<div  class=\"block-4a9336e9-91d1-4e5c-87a1-3904134adca9 card-body card-img-overlay d-flex align-items-end\">\n\t\t\t\n\n<h2 class=\"wp-block-heading card-title image-caption\"><a href=\"https:\/\/bada.de\/fr\/votre-produit-a-des-exigences-elevees-nous-avons-la-solution\/metal-substitution\" data-type=\"page\" data-id=\"27\" target=\"_blank\" rel=\"noopener noreferrer nofollow\">SUBSTITUTION DES M\u00c9TAUX<\/a><\/h2>\n\n \n\t\t<\/div>\n\t\n \n\t\t<\/div>\n\t\n \n\t\t\t\n\t\t<\/div>\n\t\n\n\n\t\t<div  class=\"block-97a90919-28b6-4bea-97ac-949fb127aa4d col areoi-element\">\n\t\t\t\n\t\t\t\n\n\t\t<div  class=\"block-fb0b7655-6f4d-48aa-b1ef-9aa29e8e58de card align-text-bottom image\">\n\t\t\t\n\n<figure class=\"wp-block-image size-full card-img-top img-thumbnail img-fluid\"><img loading=\"lazy\" decoding=\"async\" width=\"800\" height=\"533\" src=\"https:\/\/bada.de\/app\/uploads\/tribologie.jpeg\" alt=\"\" class=\"img-fluid wp-image-3419\" style=\"aspect-ratio:1;object-fit:cover\" srcset=\"https:\/\/bada.de\/app\/uploads\/tribologie.jpeg 800w, https:\/\/bada.de\/app\/uploads\/tribologie-300x200.jpeg 300w, https:\/\/bada.de\/app\/uploads\/tribologie-768x512.jpeg 768w\" sizes=\"auto, (max-width: 800px) 100vw, 800px\">\n<\/figure>\n\n\n\n\t\t<div  class=\"block-4a9336e9-91d1-4e5c-87a1-3904134adca9 card-body card-img-overlay d-flex align-items-end\">\n\t\t\t\n\n<h2 class=\"wp-block-heading card-title image-caption\"><a href=\"https:\/\/bada.de\/fr\/votre-produit-a-des-exigences-elevees-nous-avons-la-solution\/tribology\" data-type=\"page\" data-id=\"34\" target=\"_blank\" rel=\"noopener noreferrer nofollow\">TRIBOLOGIE<\/a><\/h2>\n\n \n\t\t<\/div>\n\t\n \n\t\t<\/div>\n\t\n \n\t\t\t\n\t\t<\/div>\n\t\n\n\n\t\t<div  class=\"block-887590e4-8656-4933-978b-2113dbc69045 col areoi-element\">\n\t\t\t\n\t\t\t\n\n\t\t<div  class=\"block-f67a8674-1571-4d34-a3d8-9d0bdd749254 card align-text-bottom image\">\n\t\t\t\n\n<figure class=\"wp-block-image size-full card-img-top img-thumbnail img-fluid\"><img loading=\"lazy\" decoding=\"async\" width=\"800\" height=\"533\" src=\"https:\/\/bada.de\/app\/uploads\/leichtbau.jpeg\" alt=\"\" class=\"img-fluid wp-image-3417\" style=\"aspect-ratio:1;object-fit:cover\" srcset=\"https:\/\/bada.de\/app\/uploads\/leichtbau.jpeg 800w, https:\/\/bada.de\/app\/uploads\/leichtbau-300x200.jpeg 300w, https:\/\/bada.de\/app\/uploads\/leichtbau-768x512.jpeg 768w\" sizes=\"auto, (max-width: 800px) 100vw, 800px\">\n<\/figure>\n\n\n\n\t\t<div  class=\"block-4a9336e9-91d1-4e5c-87a1-3904134adca9 card-body card-img-overlay d-flex align-items-end\">\n\t\t\t\n\n<h2 class=\"wp-block-heading card-title image-caption\"><a href=\"https:\/\/bada.de\/fr\/votre-produit-a-des-exigences-elevees-nous-avons-la-solution\/lightweight-construction\" data-type=\"page\" data-id=\"46\" target=\"_blank\" rel=\"noopener noreferrer nofollow\">CONSTRUCTION L\u00c9G\u00c8RE<\/a><\/h2>\n\n \n\t\t<\/div>\n\t\n \n\t\t<\/div>\n\t\n \n\t\t\t\n\t\t<\/div>\n\t\n\n\n\t\t<div  class=\"block-fb782a5b-6bc5-4d99-8224-93d983f61f00 col areoi-element\">\n\t\t\t\n\t\t\t\n\n\t\t<div  class=\"block-7283b13f-23d8-44b1-8ce3-d853403b7230 card align-text-bottom image\">\n\t\t\t\n\n<figure class=\"wp-block-image size-full card-img-top img-thumbnail img-fluid\"><img loading=\"lazy\" decoding=\"async\" width=\"800\" height=\"533\" src=\"https:\/\/bada.de\/app\/uploads\/flammschutz.jpeg\" alt=\"\" class=\"img-fluid wp-image-3415\" style=\"aspect-ratio:1;object-fit:cover\" srcset=\"https:\/\/bada.de\/app\/uploads\/flammschutz.jpeg 800w, https:\/\/bada.de\/app\/uploads\/flammschutz-300x200.jpeg 300w, https:\/\/bada.de\/app\/uploads\/flammschutz-768x512.jpeg 768w\" sizes=\"auto, (max-width: 800px) 100vw, 800px\">\n<\/figure>\n\n\n\n\t\t<div  class=\"block-4a9336e9-91d1-4e5c-87a1-3904134adca9 card-body card-img-overlay d-flex align-items-end\">\n\t\t\t\n\n<h2 class=\"wp-block-heading card-title image-caption\"><a href=\"https:\/\/bada.de\/fr\/votre-produit-a-des-exigences-elevees-nous-avons-la-solution\/protection-contre-les-flammes\" data-type=\"page\" data-id=\"53\" target=\"_blank\" rel=\"noopener noreferrer nofollow\">PROTECTION IGNIFUGE<\/a><\/h2>\n\n \n\t\t<\/div>\n\t\n \n\t\t<\/div>\n\t\n \n\t\t\t\n\t\t<\/div>\n\t\n\n\n\t\t<div  class=\"block-97a90919-28b6-4bea-97ac-949fb127aa4d col areoi-element\">\n\t\t\t\n\t\t\t\n\n\t\t<div  class=\"block-fb0b7655-6f4d-48aa-b1ef-9aa29e8e58de card align-text-bottom image\">\n\t\t\t\n\n<figure class=\"wp-block-image size-full card-img-top img-thumbnail img-fluid\"><img loading=\"lazy\" decoding=\"async\" width=\"800\" height=\"533\" src=\"https:\/\/bada.de\/app\/uploads\/waermeleitfaehig.jpeg\" alt=\"\" class=\"img-fluid wp-image-3421\" style=\"aspect-ratio:1;object-fit:cover\" srcset=\"https:\/\/bada.de\/app\/uploads\/waermeleitfaehig.jpeg 800w, https:\/\/bada.de\/app\/uploads\/waermeleitfaehig-300x200.jpeg 300w, https:\/\/bada.de\/app\/uploads\/waermeleitfaehig-768x512.jpeg 768w\" sizes=\"auto, (max-width: 800px) 100vw, 800px\">\n<\/figure>\n\n\n\n\t\t<div  class=\"block-4a9336e9-91d1-4e5c-87a1-3904134adca9 card-body card-img-overlay d-flex align-items-end\">\n\t\t\t\n\n<h2 class=\"wp-block-heading card-title image-caption\"><a href=\"https:\/\/bada.de\/fr\/votre-produit-a-des-exigences-elevees-nous-avons-la-solution\/thermal-conductivity\" data-type=\"page\" data-id=\"65\" target=\"_blank\" rel=\"noopener noreferrer nofollow\">Conductibilit\u00e9 THERMIQUE<\/a><\/h2>\n\n \n\t\t<\/div>\n\t\n \n\t\t<\/div>\n\t\n \n\t\t\t\n\t\t<\/div>\n\t\n\n\n\t\t<div  class=\"block-887590e4-8656-4933-978b-2113dbc69045 col areoi-element\">\n\t\t\t\n\t\t\t\n\n\t\t<div  class=\"block-f67a8674-1571-4d34-a3d8-9d0bdd749254 card align-text-bottom image\">\n\t\t\t\n\n<figure class=\"wp-block-image size-full card-img-top img-thumbnail img-fluid\"><img loading=\"lazy\" decoding=\"async\" width=\"800\" height=\"533\" src=\"https:\/\/bada.de\/app\/uploads\/elektrisch-leitfaehig.jpeg\" alt=\"\" class=\"img-fluid wp-image-3413\" style=\"aspect-ratio:1;object-fit:cover\" srcset=\"https:\/\/bada.de\/app\/uploads\/elektrisch-leitfaehig.jpeg 800w, https:\/\/bada.de\/app\/uploads\/elektrisch-leitfaehig-300x200.jpeg 300w, https:\/\/bada.de\/app\/uploads\/elektrisch-leitfaehig-768x512.jpeg 768w\" sizes=\"auto, (max-width: 800px) 100vw, 800px\">\n<\/figure>\n\n\n\n\t\t<div  class=\"block-4a9336e9-91d1-4e5c-87a1-3904134adca9 card-body card-img-overlay d-flex align-items-end\">\n\t\t\t\n\n<h2 class=\"wp-block-heading card-title image-caption\"><a href=\"https:\/\/bada.de\/fr\/votre-produit-a-des-exigences-elevees-nous-avons-la-solution\/%d1%8d%d0%bb%d0%b5%d0%ba%d1%82%d1%80%d0%b8%d1%87%d0%b5%d1%81%d0%ba%d0%b0%d1%8f-%d0%bf%d1%80%d0%be%d0%b2%d0%be%d0%b4%d0%b8%d0%bc%d0%be%d1%81%d1%82%d1%8c\" data-type=\"page\" data-id=\"79\" target=\"_blank\" rel=\"noopener noreferrer nofollow\">Conductibilit\u00e9 \u00e9lectriquev<\/a><\/h2>\n\n \n\t\t<\/div>\n\t\n \n\t\t<\/div>\n\t\n \n\t\t\t\n\t\t<\/div>\n\t\n\n\n\t\t<div  class=\"block-887590e4-8656-4933-978b-2113dbc69045 col areoi-element\">\n\t\t\t\n\t\t\t\n\n\t\t<div  class=\"block-f67a8674-1571-4d34-a3d8-9d0bdd749254 card align-text-bottom image\">\n\t\t\t\n\n<figure class=\"wp-block-image size-full card-img-top img-thumbnail img-fluid\"><img loading=\"lazy\" decoding=\"async\" width=\"800\" height=\"533\" src=\"https:\/\/bada.de\/app\/uploads\/farbe.jpeg\" alt=\"\" class=\"img-fluid wp-image-3414\" style=\"aspect-ratio:1;object-fit:cover\" srcset=\"https:\/\/bada.de\/app\/uploads\/farbe.jpeg 800w, https:\/\/bada.de\/app\/uploads\/farbe-300x200.jpeg 300w, https:\/\/bada.de\/app\/uploads\/farbe-768x512.jpeg 768w\" sizes=\"auto, (max-width: 800px) 100vw, 800px\">\n<\/figure>\n\n\n\n\t\t<div  class=\"block-4a9336e9-91d1-4e5c-87a1-3904134adca9 card-body card-img-overlay d-flex align-items-end\">\n\t\t\t\n\n<h2 class=\"wp-block-heading card-title image-caption\"><a href=\"https:\/\/bada.de\/fr\/votre-produit-a-des-exigences-elevees-nous-avons-la-solution\/colour-shades\" data-type=\"page\" data-id=\"79\" target=\"_blank\" rel=\"noopener noreferrer nofollow\">COLORIS<\/a><\/h2>\n\n \n\t\t<\/div>\n\t\n \n\t\t<\/div>\n\t\n \n\t\t\t\n\t\t<\/div>\n\t\n\n\n\t\t<div  class=\"block-887590e4-8656-4933-978b-2113dbc69045 col areoi-element\">\n\t\t\t\n\t\t\t\n\n\t\t<div  class=\"block-f67a8674-1571-4d34-a3d8-9d0bdd749254 card align-text-bottom image\">\n\t\t\t\n\n<figure class=\"wp-block-image size-full card-img-top img-thumbnail img-fluid\"><img loading=\"lazy\" decoding=\"async\" width=\"800\" height=\"531\" src=\"https:\/\/bada.de\/app\/uploads\/weich-hart.jpeg\" alt=\"\" class=\"img-fluid wp-image-3422\" style=\"aspect-ratio:1;object-fit:cover\" srcset=\"https:\/\/bada.de\/app\/uploads\/weich-hart.jpeg 800w, https:\/\/bada.de\/app\/uploads\/weich-hart-300x199.jpeg 300w, https:\/\/bada.de\/app\/uploads\/weich-hart-768x510.jpeg 768w\" sizes=\"auto, (max-width: 800px) 100vw, 800px\">\n<\/figure>\n\n\n\n\t\t<div  class=\"block-4a9336e9-91d1-4e5c-87a1-3904134adca9 card-body card-img-overlay d-flex align-items-end\">\n\t\t\t\n\n<h2 class=\"wp-block-heading card-title image-caption\"><a href=\"https:\/\/bada.de\/fr\/votre-produit-a-des-exigences-elevees-nous-avons-la-solution\/soft-tough-to-hard-rigid\" data-type=\"page\" data-id=\"79\" target=\"_blank\" rel=\"noopener noreferrer nofollow\">Souple\/Ferme \u00e0 Dur\/Rigide<\/a><\/h2>\n\n \n\t\t<\/div>\n\t\n \n\t\t<\/div>\n\t\n \n\t\t\t\n\t\t<\/div>\n\t\n\n\n\t\t<div  class=\"block-b8872d9c-3e4b-4b28-8060-21bc44b5d2dd col areoi-element\">\n\t\t\t\n\t\t\t\n\n\t\t<div  class=\"block-850bf2d0-ba2c-483d-8e85-154987b7d128 card align-text-bottom image\">\n\t\t\t\n\n<figure class=\"wp-block-image size-full card-img-top img-thumbnail img-fluid\"><img loading=\"lazy\" decoding=\"async\" width=\"800\" height=\"533\" src=\"https:\/\/bada.de\/app\/uploads\/lebensmittel-kontakt.jpeg\" alt=\"\" class=\"img-fluid wp-image-3416\" style=\"aspect-ratio:1;object-fit:cover\" srcset=\"https:\/\/bada.de\/app\/uploads\/lebensmittel-kontakt.jpeg 800w, https:\/\/bada.de\/app\/uploads\/lebensmittel-kontakt-300x200.jpeg 300w, https:\/\/bada.de\/app\/uploads\/lebensmittel-kontakt-768x512.jpeg 768w\" sizes=\"auto, (max-width: 800px) 100vw, 800px\">\n<\/figure>\n\n\n\n\t\t<div  class=\"block-4a9336e9-91d1-4e5c-87a1-3904134adca9 card-body card-img-overlay d-flex align-items-end\">\n\t\t\t\n\n<h2 class=\"wp-block-heading card-title image-caption\"><a href=\"https:\/\/bada.de\/fr\/votre-produit-a-des-exigences-elevees-nous-avons-la-solution\/food-contact\" data-type=\"page\" data-id=\"79\" target=\"_blank\" rel=\"noopener noreferrer nofollow\">Contact alimentaire<\/a><\/h2>\n\n \n\t\t<\/div>\n\t\n \n\t\t<\/div>\n\t\n \n\t\t\t\n\t\t<\/div>\n\t\n\n\n\t\t<div  class=\"block-887590e4-8656-4933-978b-2113dbc69045 col areoi-element\">\n\t\t\t\n\t\t\t\n\n\t\t<div  class=\"block-f67a8674-1571-4d34-a3d8-9d0bdd749254 card align-text-bottom image\">\n\t\t\t\n\n<figure class=\"wp-block-image size-full card-img-top img-thumbnail img-fluid\"><img loading=\"lazy\" decoding=\"async\" width=\"800\" height=\"533\" src=\"https:\/\/bada.de\/app\/uploads\/trinkwasser.jpeg\" alt=\"\" class=\"img-fluid wp-image-3420\" style=\"aspect-ratio:1;object-fit:cover\" srcset=\"https:\/\/bada.de\/app\/uploads\/trinkwasser.jpeg 800w, https:\/\/bada.de\/app\/uploads\/trinkwasser-300x200.jpeg 300w, https:\/\/bada.de\/app\/uploads\/trinkwasser-768x512.jpeg 768w\" sizes=\"auto, (max-width: 800px) 100vw, 800px\">\n<\/figure>\n\n\n\n\t\t<div  class=\"block-4a9336e9-91d1-4e5c-87a1-3904134adca9 card-body card-img-overlay d-flex align-items-end\">\n\t\t\t\n\n<h2 class=\"wp-block-heading card-title image-caption\"><a href=\"https:\/\/bada.de\/fr\/votre-produit-a-des-exigences-elevees-nous-avons-la-solution\/drinking-water-contact\" data-type=\"page\" data-id=\"79\" target=\"_blank\" rel=\"noopener noreferrer nofollow\">Contact avec l&rsquo;eau potable<\/a><\/h2>\n\n \n\t\t<\/div>\n\t\n \n\t\t<\/div>\n\t\n \n\t\t\t\n\t\t<\/div>\n\t\n\n\n\t\t<div  class=\"block-887590e4-8656-4933-978b-2113dbc69045 col areoi-element\">\n\t\t\t\n\t\t\t\n\n\t\t<div  class=\"block-f67a8674-1571-4d34-a3d8-9d0bdd749254 card align-text-bottom image\">\n\t\t\t\n\n<figure class=\"wp-block-image size-full card-img-top img-thumbnail img-fluid\"><img loading=\"lazy\" decoding=\"async\" width=\"800\" height=\"533\" src=\"https:\/\/bada.de\/app\/uploads\/weitere-maerkte2.jpeg\" alt=\"\" class=\"img-fluid wp-image-3423\" style=\"aspect-ratio:1;object-fit:cover\" srcset=\"https:\/\/bada.de\/app\/uploads\/weitere-maerkte2.jpeg 800w, https:\/\/bada.de\/app\/uploads\/weitere-maerkte2-300x200.jpeg 300w, https:\/\/bada.de\/app\/uploads\/weitere-maerkte2-768x512.jpeg 768w\" sizes=\"auto, (max-width: 800px) 100vw, 800px\">\n<\/figure>\n\n\n\n\t\t<div  class=\"block-4a9336e9-91d1-4e5c-87a1-3904134adca9 card-body card-img-overlay d-flex align-items-end\">\n\t\t\t\n\n<h2 class=\"wp-block-heading card-title image-caption\"><a href=\"https:\/\/bada.de\/fr\/votre-produit-a-des-exigences-elevees-nous-avons-la-solution\/other-requirements\" data-type=\"page\" data-id=\"79\" target=\"_blank\" rel=\"noopener noreferrer nofollow\">Autres imp\u00e9ratifs<\/a><\/h2>\n\n \n\t\t<\/div>\n\t\n \n\t\t<\/div>\n\t\n \n\t\t\t\n\t\t<\/div>\n\t\n \n\t\t<\/div>\n\t\n \n\t\t<\/div>\n\t\n\t\t<div  class=\"block-f524da72-5fb2-4910-ae64-258c8e4aa77e areoi-element container m-0 p-0\">\n\t\t\t\n\t\t\t\n\n<hr class=\"wp-block-separator has-alpha-channel-opacity style1\"\/>\n\n \n\t\t<\/div>\n\t\n\t\t<div  class=\"block-f524da72-5fb2-4910-ae64-258c8e4aa77e areoi-element container m-0 p-0\">\n\t\t\t\n\t\t\t\n\n<hr class=\"wp-block-separator has-alpha-channel-opacity style1\"\/>\n\n \n\t\t<\/div>\n\t\n\t\t<div  class=\"block-8f7ff78b-e2b5-49ba-9b61-a2a8175e5d44 areoi-element container\">\n\t\t\t\n\t\t\t\n\n\t\t<div  class=\"block-715cd00e-37fc-47fd-803f-8e0650b5af18 row areoi-element\">\n\t\t\t\n\n\t\t\t\n\n\t\t<div  class=\"block-fb2e937f-98f0-425c-9e77-24e7c1bec170 col areoi-element border-right-light col-lg-6\">\n\t\t\t\n\t\t\t\n\n\t\t<div  class=\"block-0bcbdf4a-f223-47f5-9527-e38d4425ac5a areoi-element certificate-box\">\n\t\t\t\n\t\t\t\n\n\t\t<div  class=\"block-d17d2a8b-6a67-4ecd-94b5-ec51ca0814d8 row areoi-element\">\n\t\t\t\n\n\t\t\t\n\n\t\t<div  class=\"block-73e09e74-4ce9-4ada-8262-451b9267a978 col areoi-element col-12\">\n\t\t\t\n\t\t\t\n\n<h2 class=\"wp-block-heading\">Nous sommes certifi\u00e9s<\/h2>\n\n\n\n\t\t<div  class=\"block-49f19c81-bb48-494d-ab5a-bf8653287ccb row areoi-element\">\n\t\t\t\n\n\t\t\t\n\n\t\t<div  class=\"block-d38e6cdf-2aeb-4411-b616-9ad19f527a2a col areoi-element certificate-left col-sm-6\">\n\t\t\t\n\t\t\t\n\n<figure class=\"wp-block-image size-full is-style-default\"><img loading=\"lazy\" decoding=\"async\" width=\"189\" height=\"95\" src=\"https:\/\/bada.de\/app\/uploads\/certificates\/tuev.png\" alt=\"\" class=\"img-fluid wp-image-788\" style=\"object-fit:cover\">\n<\/figure>\n\n \n\t\t\t\n\t\t<\/div>\n\t\n\n\n\t\t<div  class=\"block-b7fcb93b-dc6b-4865-abe9-ec503079a405 col areoi-element certificate-middle col-sm-3\">\n\t\t\t\n\t\t\t\n\n<figure class=\"wp-block-image size-full\"><img loading=\"lazy\" decoding=\"async\" width=\"58\" height=\"96\" src=\"https:\/\/bada.de\/app\/uploads\/certificates\/emas.png\" alt=\"\" class=\"img-fluid wp-image-789\">\n<\/figure>\n\n \n\t\t\t\n\t\t<\/div>\n\t\n\n\n\t\t<div  class=\"block-938ac91a-13b5-4f51-aa96-acd329ac4ab4 col areoi-element certificate-right col-sm-3\">\n\t\t\t\n\t\t\t\n\n<figure class=\"wp-block-image size-full\"><img loading=\"lazy\" decoding=\"async\" width=\"105\" height=\"106\" src=\"https:\/\/bada.de\/app\/uploads\/certificates\/iso.png\" alt=\"\" class=\"img-fluid wp-image-787\">\n<\/figure>\n\n \n\t\t\t\n\t\t<\/div>\n\t\n \n\t\t<\/div>\n\t\n \n\t\t\t\n\t\t<\/div>\n\t\n \n\t\t<\/div>\n\t\n \n\t\t<\/div>\n\t\n \n\t\t\t\n\t\t<\/div>\n\t\n \n\t\t<\/div>\n\t\n \n\t\t<\/div>\n\t","protected":false},"excerpt":{"rendered":"","protected":false},"author":2,"featured_media":0,"parent":0,"menu_order":0,"comment_status":"closed","ping_status":"closed","template":"","meta":{"_acf_changed":false,"footnotes":""},"class_list":["post-3409","page","type-page","status-publish","hentry"],"acf":[],"_links":{"self":[{"href":"https:\/\/bada.de\/fr\/wp-json\/wp\/v2\/pages\/3409","targetHints":{"allow":["GET"]}}],"collection":[{"href":"https:\/\/bada.de\/fr\/wp-json\/wp\/v2\/pages"}],"about":[{"href":"https:\/\/bada.de\/fr\/wp-json\/wp\/v2\/types\/page"}],"author":[{"embeddable":true,"href":"https:\/\/bada.de\/fr\/wp-json\/wp\/v2\/users\/2"}],"replies":[{"embeddable":true,"href":"https:\/\/bada.de\/fr\/wp-json\/wp\/v2\/comments?post=3409"}],"version-history":[{"count":0,"href":"https:\/\/bada.de\/fr\/wp-json\/wp\/v2\/pages\/3409\/revisions"}],"wp:attachment":[{"href":"https:\/\/bada.de\/fr\/wp-json\/wp\/v2\/media?parent=3409"}],"curies":[{"name":"wp","href":"https:\/\/api.w.org\/{rel}","templated":true}]}}