{"id":3454,"date":"2023-09-26T23:14:52","date_gmt":"2023-09-26T21:14:52","guid":{"rendered":"https:\/\/bada.de\/specialites\/reproductions-de-coloris-des-annees-dexperience-pour-retraduire-les"},"modified":"2023-10-07T16:45:39","modified_gmt":"2023-10-07T14:45:39","slug":"reproductions-de-coloris-des-annees-dexperience-pour-retraduire-les","status":"publish","type":"page","link":"https:\/\/bada.de\/fr\/nous-sommes-les-specialistes-des-thermoplastiques-et-elastomeres-techniques-2\/reproductions-de-coloris-des-annees-dexperience-pour-retraduire-les","title":{"rendered":"Reproductions de coloris"},"content":{"rendered":"\n<p><\/p>\n\n\t\t<div  class=\"block-f9d0d384-48d1-45ca-80da-a7f2d7dd4b2e areoi-element container\">\n\t\t\t\n\t\t\t\n\n\t\t<div  class=\"block-e23a330a-87a1-4fa7-b7fd-95f2565318b1 row areoi-element\">\n\t\t\t\n\n\t\t\t\n\n\t\t<div  class=\"block-955c45f8-5df2-4f78-a0a7-55095bb5af70 col areoi-element col-12\">\n\t\t\t\n\t\t\t\n\n<h1 class=\"wp-block-heading\">REPRODUCTIONS DE COLORIS : DES ANN\u00c9ES D\u2019EXP\u00c9RIENCE POUR RETRADUIRE LES<\/h1>\n\n \n\t\t\t\n\t\t<\/div>\n\t\n\n\n\t\t<div  class=\"block-2649c227-8a52-4dd1-af4a-8c3de1f5439d col areoi-element col-12\">\n\t\t\t\n\t\t\t\n\n<p>L\u2019un de nos points forts r\u00e9side dans la coloration de plastiques. Nous poss\u00e9dons ici des ann\u00e9es d\u2019exp\u00e9rience et notre laboratoire \u00e0 l\u2019\u00e9quipement de premi\u00e8re cat\u00e9gorie nous permet de produire les moindres nuances souhait\u00e9es par les clients. Gr\u00e2ce \u00e0 des m\u00e9thodes novatrices, nous sommes en mesure de renoncer compl\u00e8tement aux coloris standard ou m\u00e9langes pigmentaires tout pr\u00eats lors de la reproduction de couleurs. Nous composons chaque teinte \u00e0 partir de composants distincts, ce qui assure une grande flexibilit\u00e9 pour affiner le coloris. Nous garantissons une fid\u00e9lit\u00e9 absolue des couleurs m\u00eame pour les compounds qui contiennent des composants \u00e0 modification des couleurs, tels que des produits ignifuges, des fibres de verre ou des modificateurs. De cette mani\u00e8re, nous sommes \u00e9galement en mesure de r\u00e9agir aux influences les plus minimes, par exemple aux variations propres de mati\u00e8res premi\u00e8res diverses, et de garantir une constance remarquable des couleurs au sein d\u2019un m\u00eame lot et d\u2019un lot \u00e0 l\u2019autre.<\/p>\n\n\n\n<p>Nous pouvons en outre tenir compte des applications suivantes pour les r\u00e9glages des couleurs: brillance, r\u00e9sistance aux UV, stabilit\u00e9 thermique lors du fa\u00e7onnage, interaction avec d\u2019autres composants ou encore stabilit\u00e9 par rapport \u00e0 des produits de nettoyage qui seront utilis\u00e9s lors de l\u2019usage ult\u00e9rieur des pi\u00e8ces finies. Les r\u00e9glages des couleurs se font \u00e0 partir d\u2019une r\u00e9f\u00e9rence. Dans l\u2019id\u00e9al, il s\u2019agit de granul\u00e9s, mais on peut aussi utiliser comme mod\u00e8les des \u00e9chantillons, des plaques d\u2019\u00e9chantillons de couleurs ou des teintes RAL.<\/p>\n\n\n\n<p>Nous savons que \u00ab\u00a0noir n&rsquo;est pas noir\u00a0\u00bb. Les couleurs sont un sujet tr\u00e8s complexe. La brillance des \u00e9l\u00e9ments pr\u00e9fabriqu\u00e9s joue \u00e0 elle seule un r\u00f4le tr\u00e8s important. Dieser Glanz kann bedingt sein durch das Polymer, aber auch durch die Werkzeugstruktur. La conception de l&rsquo;outil a \u00e9galement une influence sur le r\u00e9sultat en termes de couleur. C&rsquo;est pourquoi nous entretenons d&rsquo;\u00e9troits contacts avec nos clients lors de l&rsquo;\u00e9laboration de nouvelles couleurs pour obtenir le r\u00e9sultat voulu apr\u00e8s l&rsquo;interaction entre les propri\u00e9t\u00e9s des mat\u00e9riaux et la machine de moulage par injection ou l&rsquo;extrudeuse.<\/p>\n\n\n\n<p>Contactez-nous directement pour parler du coloris sp\u00e9cifique de votre application. Nos sp\u00e9cialistes couleur travaillent avec vous pour obtenir la nuance personnalis\u00e9e de votre choix, y compris pour les petites tailles de lots. Exprimez-nous vos exigences et d\u00e9couvrez la pluralit\u00e9 des coloris dans le monde des polym\u00e8res.<\/p>\n\n \n\t\t\t\n\t\t<\/div>\n\t\n \n\t\t<\/div>\n\t\n \n\t\t<\/div>\n\t\n\t\t<div  class=\"block-f524da72-5fb2-4910-ae64-258c8e4aa77e areoi-element container m-0 p-0\">\n\t\t\t\n\t\t\t\n\n<hr class=\"wp-block-separator has-alpha-channel-opacity style1\"\/>\n\n \n\t\t<\/div>\n\t\n\t\t<div  class=\"block-b3248381-95c3-4d31-9ca2-c1e52ef7a9b0 areoi-element container\">\n\t\t\t\n\t\t\t\n\n\t\t<div  class=\"block-daab04c7-eb3a-4639-b91b-61bea0be9e3c row areoi-element\">\n\t\t\t\n\n\t\t\t\n\n\t\t<div  class=\"block-955c45f8-5df2-4f78-a0a7-55095bb5af70 col areoi-element\">\n\t\t\t\n\t\t\t\n\n<h1 class=\"wp-block-heading\">Besoin d&rsquo;une fabrication sp\u00e9ciale ?<\/h1>\n\n\n\n\t\t<div  class=\"block-7283b13f-23d8-44b1-8ce3-d853403b7230 card align-text-bottom image\">\n\t\t\t\n\n<figure class=\"wp-block-image size-full card-img-top img-thumbnail img-fluid\"><img loading=\"lazy\" decoding=\"async\" width=\"2000\" height=\"301\" src=\"https:\/\/bada.de\/app\/uploads\/link-contact.jpg\" alt=\"\" class=\"img-fluid wp-image-3503\" srcset=\"https:\/\/bada.de\/app\/uploads\/link-contact.jpg 2000w, https:\/\/bada.de\/app\/uploads\/link-contact-300x45.jpg 300w, https:\/\/bada.de\/app\/uploads\/link-contact-1024x154.jpg 1024w, https:\/\/bada.de\/app\/uploads\/link-contact-768x116.jpg 768w, https:\/\/bada.de\/app\/uploads\/link-contact-1536x231.jpg 1536w\" sizes=\"auto, (max-width: 2000px) 100vw, 2000px\">\n<\/figure>\n\n\n\n\t\t<div  class=\"block-4a9336e9-91d1-4e5c-87a1-3904134adca9 card-body card-img-overlay d-flex align-items-end\">\n\t\t\t\n\n<h2 class=\"wp-block-heading card-title image-caption\"><a href=\"https:\/\/bada.de\/kontakt\" data-type=\"page\" data-id=\"10\" target=\"_blank\" rel=\"noopener noreferrer nofollow\">Hier finden Sie den richtigen Ansprechpartner!<\/a><\/h2>\n\n \n\t\t<\/div>\n\t\n \n\t\t<\/div>\n\t\n \n\t\t\t\n\t\t<\/div>\n\t\n \n\t\t<\/div>\n\t\n \n\t\t<\/div>\n\t\n\t\t<div  class=\"block-f524da72-5fb2-4910-ae64-258c8e4aa77e areoi-element container m-0 p-0\">\n\t\t\t\n\t\t\t\n\n<hr class=\"wp-block-separator has-alpha-channel-opacity style1\"\/>\n\n \n\t\t<\/div>\n\t\n\t\t<div  class=\"block-8f7ff78b-e2b5-49ba-9b61-a2a8175e5d44 areoi-element container\">\n\t\t\t\n\t\t\t\n\n\t\t<div  class=\"block-715cd00e-37fc-47fd-803f-8e0650b5af18 row areoi-element\">\n\t\t\t\n\n\t\t\t\n\n\t\t<div  class=\"block-fb2e937f-98f0-425c-9e77-24e7c1bec170 col areoi-element border-right-light col-lg-6\">\n\t\t\t\n\t\t\t\n\n\t\t<div  class=\"block-0bcbdf4a-f223-47f5-9527-e38d4425ac5a areoi-element certificate-box\">\n\t\t\t\n\t\t\t\n\n\t\t<div  class=\"block-d17d2a8b-6a67-4ecd-94b5-ec51ca0814d8 row areoi-element\">\n\t\t\t\n\n\t\t\t\n\n\t\t<div  class=\"block-73e09e74-4ce9-4ada-8262-451b9267a978 col areoi-element col-12\">\n\t\t\t\n\t\t\t\n\n<h2 class=\"wp-block-heading\">Nous sommes certifi\u00e9s<\/h2>\n\n\n\n\t\t<div  class=\"block-49f19c81-bb48-494d-ab5a-bf8653287ccb row areoi-element\">\n\t\t\t\n\n\t\t\t\n\n\t\t<div  class=\"block-d38e6cdf-2aeb-4411-b616-9ad19f527a2a col areoi-element certificate-left col-sm-6\">\n\t\t\t\n\t\t\t\n\n<figure class=\"wp-block-image size-full is-style-default\"><img loading=\"lazy\" decoding=\"async\" width=\"189\" height=\"95\" src=\"https:\/\/bada.de\/app\/uploads\/certificates\/tuev.png\" alt=\"\" class=\"img-fluid wp-image-788\" style=\"object-fit:cover\">\n<\/figure>\n\n \n\t\t\t\n\t\t<\/div>\n\t\n\n\n\t\t<div  class=\"block-b7fcb93b-dc6b-4865-abe9-ec503079a405 col areoi-element certificate-middle col-sm-3\">\n\t\t\t\n\t\t\t\n\n<figure class=\"wp-block-image size-full\"><img loading=\"lazy\" decoding=\"async\" width=\"58\" height=\"96\" src=\"https:\/\/bada.de\/app\/uploads\/certificates\/emas.png\" alt=\"\" class=\"img-fluid wp-image-789\">\n<\/figure>\n\n \n\t\t\t\n\t\t<\/div>\n\t\n\n\n\t\t<div  class=\"block-938ac91a-13b5-4f51-aa96-acd329ac4ab4 col areoi-element certificate-right col-sm-3\">\n\t\t\t\n\t\t\t\n\n<figure class=\"wp-block-image size-full\"><img loading=\"lazy\" decoding=\"async\" width=\"105\" height=\"106\" src=\"https:\/\/bada.de\/app\/uploads\/certificates\/iso.png\" alt=\"\" class=\"img-fluid wp-image-787\">\n<\/figure>\n\n \n\t\t\t\n\t\t<\/div>\n\t\n \n\t\t<\/div>\n\t\n \n\t\t\t\n\t\t<\/div>\n\t\n \n\t\t<\/div>\n\t\n \n\t\t<\/div>\n\t\n \n\t\t\t\n\t\t<\/div>\n\t\n \n\t\t<\/div>\n\t\n \n\t\t<\/div>\n\t","protected":false},"excerpt":{"rendered":"","protected":false},"author":2,"featured_media":0,"parent":3381,"menu_order":0,"comment_status":"closed","ping_status":"closed","template":"","meta":{"_acf_changed":false,"footnotes":""},"class_list":["post-3454","page","type-page","status-publish","hentry"],"acf":[],"_links":{"self":[{"href":"https:\/\/bada.de\/fr\/wp-json\/wp\/v2\/pages\/3454","targetHints":{"allow":["GET"]}}],"collection":[{"href":"https:\/\/bada.de\/fr\/wp-json\/wp\/v2\/pages"}],"about":[{"href":"https:\/\/bada.de\/fr\/wp-json\/wp\/v2\/types\/page"}],"author":[{"embeddable":true,"href":"https:\/\/bada.de\/fr\/wp-json\/wp\/v2\/users\/2"}],"replies":[{"embeddable":true,"href":"https:\/\/bada.de\/fr\/wp-json\/wp\/v2\/comments?post=3454"}],"version-history":[{"count":0,"href":"https:\/\/bada.de\/fr\/wp-json\/wp\/v2\/pages\/3454\/revisions"}],"up":[{"embeddable":true,"href":"https:\/\/bada.de\/fr\/wp-json\/wp\/v2\/pages\/3381"}],"wp:attachment":[{"href":"https:\/\/bada.de\/fr\/wp-json\/wp\/v2\/media?parent=3454"}],"curies":[{"name":"wp","href":"https:\/\/api.w.org\/{rel}","templated":true}]}}