{"id":3601,"date":"2023-07-15T11:38:38","date_gmt":"2023-07-15T09:38:38","guid":{"rendered":"https:\/\/bada.de\/certificats"},"modified":"2024-08-08T16:55:32","modified_gmt":"2024-08-08T14:55:32","slug":"certificats","status":"publish","type":"page","link":"https:\/\/bada.de\/fr\/certificats","title":{"rendered":"CERTIFICATS"},"content":{"rendered":"\n\t\t<div  class=\"block-f9d0d384-48d1-45ca-80da-a7f2d7dd4b2e areoi-element container\">\n\t\t\t\n\t\t\t\n\n\t\t<div  class=\"block-e23a330a-87a1-4fa7-b7fd-95f2565318b1 row areoi-element\">\n\t\t\t\n\n\t\t\t\n\n\t\t<div  class=\"block-955c45f8-5df2-4f78-a0a7-55095bb5af70 col areoi-element\">\n\t\t\t\n\t\t\t\n\n<p>Nos certificats sont la preuve ind\u00e9pendante de notre qualit\u00e9, de notre fiabilit\u00e9 et de notre gestion durable. Dans ce cadre, notre syst\u00e8me de gestion int\u00e9gr\u00e9e est contr\u00f4l\u00e9 chaque ann\u00e9e non seulement par des auditeurs internes, mais aussi par plusieurs auditeurs externes ind\u00e9pendants. Avant de pouvoir certifier un syst\u00e8me de gestion, il faut d&rsquo;abord le mettre en place et le faire vivre. Nous nous effor\u00e7ons de nous d\u00e9velopper en permanence \u00e0 partir de processus stables afin de garantir un succ\u00e8s durable pour nous et nos clients. Sur cette base, Bada reste un partenaire fiable et flexible pour les exigences les plus \u00e9lev\u00e9es.<\/p>\n\n \n\t\t\t\n\t\t<\/div>\n\t\n \n\t\t<\/div>\n\t\n \n\t\t<\/div>\n\t\n\t\t<div  class=\"block-f524da72-5fb2-4910-ae64-258c8e4aa77e areoi-element container m-0 p-0\">\n\t\t\t\n\t\t\t\n\n<hr class=\"wp-block-separator has-alpha-channel-opacity style1\"\/>\n\n \n\t\t<\/div>\n\t\n\t\t<div  class=\"block-f9d0d384-48d1-45ca-80da-a7f2d7dd4b2e areoi-element container\">\n\t\t\t\n\t\t\t\n\n\t\t<div  class=\"block-e23a330a-87a1-4fa7-b7fd-95f2565318b1 row areoi-element row-cols-1 row-cols-md-2\">\n\t\t\t\n\n\t\t\t\n\n\t\t<div  class=\"block-955c45f8-5df2-4f78-a0a7-55095bb5af70 col areoi-element\">\n\t\t\t\n\t\t\t\n\n<h2 class=\"wp-block-heading\">GESTION QUALIT\u00c9 ISO\/TS ET\/OU IATF 16949<\/h2>\n\n\n\n<p>D\u00e9j\u00e0 depuis 2004, Bada d\u00e9tient la certification selon le standard du syst\u00e8me de gestion de la qualit\u00e9 de l&rsquo;industrie automobile, aux exigences nettement plus rigoureuses. Ainsi, Bada accompagne non seulement le perfectionnement permanent, depuis la premi\u00e8re \u00e9dition jusqu&rsquo;\u00e0 la version revue et corrig\u00e9e sous forme du nouveau standard IATF 16949, mais l&rsquo;am\u00e9lioration constante de nos processus et le perfectionnement de notre personnel constituent, \u00e0 nos yeux, une \u00e9vidence fondamentale. Cela fournit, non seulement une base solide pour notre qualit\u00e9 fiable, mais nous permet \u00e9galement de r\u00e9pondre avec souplesse aux souhaits de nos clients et de trouver ensemble le meilleur compound pour chaque application respective.<\/p>\n\n\n\n\t\t\t\t\n\t\t<a \n\t\t\t\n\t\t\tclass=\"block-c5a71521-ae72-459d-bb73-ffa11b0c90f7 btn areoi-has-url position-relative float-end btn-primary btn-lg\"\n\t href=\"https:\/\/bada.de\/app\/uploads\/IATF_16949_Bada_AG_deutsch.pdf\" rel=\"noreferrer noopener\" target=\"_blank\" >\n\t\t\t\t\t\n\t\t\t\t\tPDF \n\t\t\t\t\t\n\t\t\t\t\t \n\t\t\t\t<\/a>\n\t\t\t\n \n\t\t\t\n\t\t<\/div>\n\t\n\n\n\t\t<div  class=\"block-fd7b5ade-62ea-4aaf-a61b-b4a45edaa033 col areoi-element\">\n\t\t\t\n\t\t\t\n\n<figure class=\"wp-block-image size-full\"><img loading=\"lazy\" decoding=\"async\" width=\"700\" height=\"350\" src=\"https:\/\/bada.de\/app\/uploads\/s001.png\" alt=\"\" class=\"img-fluid wp-image-111\" srcset=\"https:\/\/bada.de\/app\/uploads\/s001.png 700w, https:\/\/bada.de\/app\/uploads\/s001-300x150.png 300w\" sizes=\"auto, (max-width: 700px) 100vw, 700px\">\n<\/figure>\n\n \n\t\t\t\n\t\t<\/div>\n\t\n \n\t\t<\/div>\n\t\n \n\t\t<\/div>\n\t\n\t\t<div  class=\"block-f524da72-5fb2-4910-ae64-258c8e4aa77e areoi-element container m-0 p-0\">\n\t\t\t\n\t\t\t\n\n<hr class=\"wp-block-separator has-alpha-channel-opacity style1\"\/>\n\n \n\t\t<\/div>\n\t\n\t\t<div  class=\"block-f9d0d384-48d1-45ca-80da-a7f2d7dd4b2e areoi-element container\">\n\t\t\t\n\t\t\t\n\n\t\t<div  class=\"block-e23a330a-87a1-4fa7-b7fd-95f2565318b1 row areoi-element row-cols-1 row-cols-md-2\">\n\t\t\t\n\n\t\t\t\n\n\t\t<div  class=\"block-955c45f8-5df2-4f78-a0a7-55095bb5af70 col areoi-element\">\n\t\t\t\n\t\t\t\n\n<figure class=\"wp-block-image size-full\"><img loading=\"lazy\" decoding=\"async\" width=\"700\" height=\"400\" src=\"https:\/\/bada.de\/app\/uploads\/s002.png\" alt=\"\" class=\"img-fluid wp-image-118\" srcset=\"https:\/\/bada.de\/app\/uploads\/s002.png 700w, https:\/\/bada.de\/app\/uploads\/s002-300x171.png 300w\" sizes=\"auto, (max-width: 700px) 100vw, 700px\">\n<\/figure>\n\n \n\t\t\t\n\t\t<\/div>\n\t\n\n\n\t\t<div  class=\"block-fd7b5ade-62ea-4aaf-a61b-b4a45edaa033 col areoi-element\">\n\t\t\t\n\t\t\t\n\n<h2 class=\"wp-block-heading\">GESTION ENVIRONNEMENTALE ISO 14001<\/h2>\n\n\n\n<p><\/p>\n\n\n\n<p>La croissance permanente et la prosp\u00e9rit\u00e9 de l&rsquo;entreprise Bada font cro\u00eetre simultan\u00e9ment notre responsabilit\u00e9 \u00e0 l&rsquo;\u00e9gard de nos collaborateurs, de nos voisins et de la soci\u00e9t\u00e9. Nous assumons cette responsabilit\u00e9 avec plaisir, car nous n&rsquo;ignorons pas que le succ\u00e8s \u00e9conomique de notre entreprise d\u00e9pend, dans une large mesure, de notre capacit\u00e9 \u00e0 employer les ressources disponibles de mani\u00e8re durable. Une entreprise ax\u00e9e sur le p\u00e9rennit\u00e9 qui int\u00e8gre dans ses valeurs fondamentales, non seulement des standards de qualit\u00e9, mais aussi des standards \u00e9cologiques et sociaux, sera en mesure, \u00e0 nos yeux, de g\u00e9n\u00e9rer \u00e9galement \u00e0 l&rsquo;avenir le succ\u00e8s \u00e9conomique sur le march\u00e9. C&rsquo;est la raison pour laquelle nous avons d\u00e9cid\u00e9 d&rsquo;ancrer la protection de l&rsquo;environnement dans notre politique, \u00e0 titre d&rsquo;objectif de l&rsquo;entreprise, en plus de la qualit\u00e9 de nos produits. Afin de pouvoir mettre en \u0153uvre cet objectif de mani\u00e8re durable au sein de l&rsquo;entreprise, il est n\u00e9cessaire d&rsquo;\u00e9laborer des directives permettant de r\u00e9aliser la protection de l&rsquo;environnement \u00e0 long terme. La norme environnementale ISO 14001, couronn\u00e9e de succ\u00e8s et \u00e9prouv\u00e9e dans la pratique de l&rsquo;entreprise, repr\u00e9sente, pour nous, une base solide pour r\u00e9aliser cet objectif de l&rsquo;entreprise.<\/p>\n\n\n\n\t\t\t\t\n\t\t<a \n\t\t\t\n\t\t\tclass=\"block-c5a71521-ae72-459d-bb73-ffa11b0c90f7 btn areoi-has-url position-relative float-end btn-primary btn-lg\"\n\t href=\"https:\/\/bada.de\/app\/uploads\/Zertifikat-BADA-14001-2023.pdf\" rel=\"noreferrer noopener\" target=\"_blank\" >\n\t\t\t\t\t\n\t\t\t\t\tPDF \n\t\t\t\t\t\n\t\t\t\t\t \n\t\t\t\t<\/a>\n\t\t\t\n \n\t\t\t\n\t\t<\/div>\n\t\n \n\t\t<\/div>\n\t\n \n\t\t<\/div>\n\t\n\t\t<div  class=\"block-f524da72-5fb2-4910-ae64-258c8e4aa77e areoi-element container m-0 p-0\">\n\t\t\t\n\t\t\t\n\n<hr class=\"wp-block-separator has-alpha-channel-opacity style1\"\/>\n\n \n\t\t<\/div>\n\t\n\t\t<div  class=\"block-f9d0d384-48d1-45ca-80da-a7f2d7dd4b2e areoi-element container\">\n\t\t\t\n\t\t\t\n\n\t\t<div  class=\"block-e23a330a-87a1-4fa7-b7fd-95f2565318b1 row areoi-element row-cols-1 row-cols-md-2\">\n\t\t\t\n\n\t\t\t\n\n\t\t<div  class=\"block-955c45f8-5df2-4f78-a0a7-55095bb5af70 col areoi-element\">\n\t\t\t\n\t\t\t\n\n<h2 class=\"wp-block-heading\">EMAS<\/h2>\n\n\n\n<p>Fond\u00e9e sur la norme ISO 14001, relative \u00e0 la gestion internationale de l&rsquo;environnement, l&rsquo;ordonnance EMAS (Eco-Management and Audit Scheme) d\u00e9passe largement la valeur juridiquement exig\u00e9e en faveur d&rsquo;une protection op\u00e9rationelle et syst\u00e9matique de l&rsquo;environnement. Elle incarne, par cons\u00e9quent, l&rsquo;un des syst\u00e8mes les plus stricts \u00e0 l&rsquo;\u00e9chelle du globe pour une protection environnementale durable. Il s&rsquo;av\u00e8re, en l&rsquo;occurrence, qu&rsquo;une am\u00e9lioration permanente de la performance \u00e9cologique, qu&rsquo;un franc dialogue regroupant tous les milieux int\u00e9ress\u00e9s et que la participation active de l&rsquo;ensemble du personnel ne sont pas seulement judicieux en termes \u00e9cologiques. Chez Bada AG, les actions \u00e9conomiques et \u00e9cologiques vont de pair, ce qui assure une prosp\u00e9rit\u00e9 durable \u00e0 nous-m\u00eames et \u00e0 tous nos partenaires &#8211; tant par le pass\u00e9 qu&rsquo;\u00e0 l&rsquo;avenir.<\/p>\n\n\n\n\t\t\t\t\n\t\t<a \n\t\t\t\n\t\t\tclass=\"block-c5a71521-ae72-459d-bb73-ffa11b0c90f7 btn areoi-has-url position-relative float-end btn-primary btn-lg\"\n\t href=\"https:\/\/bada.de\/app\/uploads\/EMAS_Urkunde_Bada_AG_2024_DE.pdf\" rel=\"noreferrer noopener\" target=\"_blank\" >\n\t\t\t\t\t\n\t\t\t\t\tPDF \n\t\t\t\t\t\n\t\t\t\t\t \n\t\t\t\t<\/a>\n\t\t\t\n \n\t\t\t\n\t\t<\/div>\n\t\n\n\n\t\t<div  class=\"block-fd7b5ade-62ea-4aaf-a61b-b4a45edaa033 col areoi-element\">\n\t\t\t\n\t\t\t\n\n<figure class=\"wp-block-image size-full\"><img loading=\"lazy\" decoding=\"async\" width=\"700\" height=\"350\" src=\"https:\/\/bada.de\/app\/uploads\/s003.png\" alt=\"\" class=\"img-fluid wp-image-124\" srcset=\"https:\/\/bada.de\/app\/uploads\/s003.png 700w, https:\/\/bada.de\/app\/uploads\/s003-300x150.png 300w\" sizes=\"auto, (max-width: 700px) 100vw, 700px\">\n<\/figure>\n\n \n\t\t\t\n\t\t<\/div>\n\t\n \n\t\t<\/div>\n\t\n \n\t\t<\/div>\n\t\n\t\t<div  class=\"block-f524da72-5fb2-4910-ae64-258c8e4aa77e areoi-element container m-0 p-0\">\n\t\t\t\n\t\t\t\n\n<hr class=\"wp-block-separator has-alpha-channel-opacity style1\"\/>\n\n \n\t\t<\/div>\n\t\n\t\t<div  class=\"block-bb13f6f3-e8f6-49e1-9dae-18cb19813940 row areoi-element row-cols-1 row-cols-md-2\">\n\t\t\t\n\n\t\t\t\n\n\t\t<div  class=\"block-3ca20586-2c25-46d2-9228-9f11bb2ae645 col areoi-element\">\n\t\t\t\n\t\t\t\n<div class=\"wp-block-image\">\n<figure class=\"aligncenter size-full is-resized\"><img loading=\"lazy\" decoding=\"async\" width=\"1145\" height=\"715\" src=\"https:\/\/bada.de\/app\/uploads\/ISO-45001_Z.png\" alt=\"\" class=\"img-fluid wp-image-6941\" style=\"width:681px;height:auto\" srcset=\"https:\/\/bada.de\/app\/uploads\/ISO-45001_Z.png 1145w, https:\/\/bada.de\/app\/uploads\/ISO-45001_Z-300x187.png 300w, https:\/\/bada.de\/app\/uploads\/ISO-45001_Z-1024x639.png 1024w, https:\/\/bada.de\/app\/uploads\/ISO-45001_Z-768x480.png 768w\" sizes=\"auto, (max-width: 1145px) 100vw, 1145px\">\n<\/figure>\n<\/div>\n \n\t\t\t\n\t\t<\/div>\n\t\n\n\n\t\t<div  class=\"block-ab79631b-73c2-4231-b11f-91651a57a76b col areoi-element\">\n\t\t\t\n\t\t\t\n\n<h2 class=\"wp-block-heading\"><strong>Gestion de la sant\u00e9 et de la s\u00e9curit\u00e9 au travail<\/strong><\/h2>\n\n\n\n<p><\/p>\n\n\n\n<p>Nos collaborateurs sont l&rsquo;\u00e9pine dorsale du succ\u00e8s de notre entreprise. Ils font la diff\u00e9rence dans leur travail quotidien et leur engagement \u00e9lev\u00e9 et durable est essentiel pour atteindre ensemble les multiples exigences auxquelles notre entreprise est confront\u00e9e. Ce n&rsquo;est que gr\u00e2ce \u00e0 des collaborateurs sains et motiv\u00e9s que nous pouvons atteindre nos objectifs ambitieux jour apr\u00e8s jour et mettre pleinement en \u0153uvre notre philosophie d&rsquo;entreprise. Il a donc toujours \u00e9t\u00e9 important d&rsquo;identifier les risques potentiels de mani\u00e8re structur\u00e9e et de les minimiser ou de les \u00e9liminer de mani\u00e8re proactive. L&rsquo;int\u00e9gration d&rsquo;un syst\u00e8me de gestion de la sant\u00e9 et de la s\u00e9curit\u00e9 au travail conforme \u00e0 la norme ISO 45001 nous a permis d&rsquo;int\u00e9grer cette approche de mani\u00e8re structur\u00e9e dans notre syst\u00e8me de gestion existant, garantissant ainsi la s\u00e9curit\u00e9 et le bien-\u00eatre de nos employ\u00e9s sur le lieu de travail \u00e0 long terme.<\/p>\n\n\n\n\t\t\t\t\n\t\t<a \n\t\t\t\n\t\t\tclass=\"block-c5a71521-ae72-459d-bb73-ffa11b0c90f7 btn areoi-has-url position-relative float-end btn-primary btn-lg\"\n\t href=\"https:\/\/bada.de\/app\/uploads\/Zertifikat-Bada-45001-2024.pdf\" rel=\"noreferrer noopener\" target=\"_blank\" >\n\t\t\t\t\t\n\t\t\t\t\tPDF \n\t\t\t\t\t\n\t\t\t\t\t \n\t\t\t\t<\/a>\n\t\t\t\n \n\t\t\t\n\t\t<\/div>\n\t\n \n\t\t<\/div>\n\t\n\t\t<div  class=\"block-f524da72-5fb2-4910-ae64-258c8e4aa77e areoi-element container m-0 p-0\">\n\t\t\t\n\t\t\t\n\n<hr class=\"wp-block-separator has-alpha-channel-opacity style1\"\/>\n\n \n\t\t<\/div>\n\t\n\t\t<div  class=\"block-420c1f31-48dc-41a7-8d75-5d2abb825daa row areoi-element row-cols-1 row-cols-md-2\">\n\t\t\t\n\n\t\t\t\n\n\t\t<div  class=\"block-27006c76-b608-4ee4-a49b-7ce23e25166f col areoi-element\">\n\t\t\t\n\t\t\t\n\n<h2 class=\"wp-block-heading\">Gestion de l&rsquo;\u00e9nergie<\/h2>\n\n\n\n<p>Bien que l&rsquo;EMAS (Eco-Management and Audit Scheme) et la norme internationale de gestion de l&rsquo;environnement ISO 14001 nous permettent d\u00e9j\u00e0 de r\u00e9pondre \u00e0 toutes les exigences, bien au-del\u00e0 de ce qui est requis par la loi, il est important pour nous d&rsquo;utiliser tous les \u00e9l\u00e9ments pour am\u00e9liorer notre impact environnemental. Un syst\u00e8me int\u00e9gr\u00e9 de gestion de l&rsquo;\u00e9nergie joue un r\u00f4le important \u00e0 cet \u00e9gard. Seule cette approche globale permet d&rsquo;exploiter au mieux tous les potentiels d&rsquo;une action durable et \u00e9conomique en mati\u00e8re de gestion environnementale. La gestion de l&rsquo;\u00e9nergie contribue \u00e0 l&rsquo;am\u00e9lioration continue de notre efficacit\u00e9 \u00e9nerg\u00e9tique et donc de notre performance environnementale, ce qui nous assure des avantages non seulement \u00e9cologiques mais aussi \u00e9conomiques \u00e0 long terme. Une v\u00e9ritable situation gagnant-gagnant pour toutes les parties concern\u00e9es !<\/p>\n\n\n\n\t\t\t\t\n\t\t<a \n\t\t\t\n\t\t\tclass=\"block-c5a71521-ae72-459d-bb73-ffa11b0c90f7 btn areoi-has-url position-relative float-end btn-primary btn-lg\"\n\t href=\"https:\/\/bada.de\/app\/uploads\/Zertifikat-Bada-50001-2024.pdf\" rel=\"noreferrer noopener\" target=\"_blank\" >\n\t\t\t\t\t\n\t\t\t\t\tPDF \n\t\t\t\t\t\n\t\t\t\t\t \n\t\t\t\t<\/a>\n\t\t\t\n \n\t\t\t\n\t\t<\/div>\n\t\n\n\n\t\t<div  class=\"block-5ef9e5f6-63c3-4b28-bb51-6f137d5a0123 col areoi-element\">\n\t\t\t\n\t\t\t\n\n<figure class=\"wp-block-image size-full is-resized\"><img loading=\"lazy\" decoding=\"async\" width=\"1123\" height=\"669\" src=\"https:\/\/bada.de\/app\/uploads\/ISO-50001_Z.png\" alt=\"\" class=\"img-fluid wp-image-6942\" style=\"width:641px;height:auto\" srcset=\"https:\/\/bada.de\/app\/uploads\/ISO-50001_Z.png 1123w, https:\/\/bada.de\/app\/uploads\/ISO-50001_Z-300x179.png 300w, https:\/\/bada.de\/app\/uploads\/ISO-50001_Z-1024x610.png 1024w, https:\/\/bada.de\/app\/uploads\/ISO-50001_Z-768x458.png 768w\" sizes=\"auto, (max-width: 1123px) 100vw, 1123px\">\n<\/figure>\n\n \n\t\t\t\n\t\t<\/div>\n\t\n \n\t\t<\/div>\n\t\n\t\t<div  class=\"block-8f7ff78b-e2b5-49ba-9b61-a2a8175e5d44 areoi-element container\">\n\t\t\t\n\t\t\t\n\n\t\t<div  class=\"block-715cd00e-37fc-47fd-803f-8e0650b5af18 row areoi-element\">\n\t\t\t\n\n\t\t\t\n\n\t\t<div  class=\"block-fb2e937f-98f0-425c-9e77-24e7c1bec170 col areoi-element border-right-light col-lg-6\">\n\t\t\t\n\t\t\t\n\n\t\t<div  class=\"block-0bcbdf4a-f223-47f5-9527-e38d4425ac5a areoi-element certificate-box\">\n\t\t\t\n\t\t\t\n\n\t\t<div  class=\"block-d17d2a8b-6a67-4ecd-94b5-ec51ca0814d8 row areoi-element\">\n\t\t\t\n\n\t\t\t\n\n\t\t<div  class=\"block-73e09e74-4ce9-4ada-8262-451b9267a978 col areoi-element col-12\">\n\t\t\t\n\t\t\t\n\n<h2 class=\"wp-block-heading\">Nous sommes certifi\u00e9s<\/h2>\n\n\n\n\t\t<div  class=\"block-49f19c81-bb48-494d-ab5a-bf8653287ccb row areoi-element\">\n\t\t\t\n\n\t\t\t\n\n\t\t<div  class=\"block-d38e6cdf-2aeb-4411-b616-9ad19f527a2a col areoi-element certificate-left col-sm-6\">\n\t\t\t\n\t\t\t\n\n<figure class=\"wp-block-image size-full is-style-default\"><img loading=\"lazy\" decoding=\"async\" width=\"189\" height=\"95\" src=\"https:\/\/bada.de\/app\/uploads\/certificates\/tuev.png\" alt=\"\" class=\"img-fluid wp-image-788\" style=\"object-fit:cover\">\n<\/figure>\n\n \n\t\t\t\n\t\t<\/div>\n\t\n\n\n\t\t<div  class=\"block-b7fcb93b-dc6b-4865-abe9-ec503079a405 col areoi-element certificate-middle col-sm-3\">\n\t\t\t\n\t\t\t\n\n<figure class=\"wp-block-image size-full\"><img loading=\"lazy\" decoding=\"async\" width=\"58\" height=\"96\" src=\"https:\/\/bada.de\/app\/uploads\/certificates\/emas.png\" alt=\"\" class=\"img-fluid wp-image-789\">\n<\/figure>\n\n \n\t\t\t\n\t\t<\/div>\n\t\n\n\n\t\t<div  class=\"block-938ac91a-13b5-4f51-aa96-acd329ac4ab4 col areoi-element certificate-right col-sm-3\">\n\t\t\t\n\t\t\t\n\n<figure class=\"wp-block-image size-full\"><img loading=\"lazy\" decoding=\"async\" width=\"105\" height=\"106\" src=\"https:\/\/bada.de\/app\/uploads\/certificates\/iso.png\" alt=\"\" class=\"img-fluid wp-image-787\">\n<\/figure>\n\n \n\t\t\t\n\t\t<\/div>\n\t\n \n\t\t<\/div>\n\t\n \n\t\t\t\n\t\t<\/div>\n\t\n \n\t\t<\/div>\n\t\n \n\t\t<\/div>\n\t\n \n\t\t\t\n\t\t<\/div>\n\t\n \n\t\t<\/div>\n\t\n \n\t\t<\/div>\n\t","protected":false},"excerpt":{"rendered":"","protected":false},"author":2,"featured_media":0,"parent":0,"menu_order":0,"comment_status":"closed","ping_status":"closed","template":"","meta":{"_acf_changed":false,"footnotes":""},"class_list":["post-3601","page","type-page","status-publish","hentry"],"acf":[],"_links":{"self":[{"href":"https:\/\/bada.de\/fr\/wp-json\/wp\/v2\/pages\/3601","targetHints":{"allow":["GET"]}}],"collection":[{"href":"https:\/\/bada.de\/fr\/wp-json\/wp\/v2\/pages"}],"about":[{"href":"https:\/\/bada.de\/fr\/wp-json\/wp\/v2\/types\/page"}],"author":[{"embeddable":true,"href":"https:\/\/bada.de\/fr\/wp-json\/wp\/v2\/users\/2"}],"replies":[{"embeddable":true,"href":"https:\/\/bada.de\/fr\/wp-json\/wp\/v2\/comments?post=3601"}],"version-history":[{"count":0,"href":"https:\/\/bada.de\/fr\/wp-json\/wp\/v2\/pages\/3601\/revisions"}],"wp:attachment":[{"href":"https:\/\/bada.de\/fr\/wp-json\/wp\/v2\/media?parent=3601"}],"curies":[{"name":"wp","href":"https:\/\/api.w.org\/{rel}","templated":true}]}}