{"id":418,"date":"2023-07-09T17:28:55","date_gmt":"2023-07-09T15:28:55","guid":{"rendered":"https:\/\/bada.de\/nous-sommes-les-specialistes-des-thermoplastiques-et-elastomeres-techniques"},"modified":"2023-10-07T15:42:29","modified_gmt":"2023-10-07T13:42:29","slug":"nous-sommes-les-specialistes-des-thermoplastiques-et-elastomeres-techniques","status":"publish","type":"page","link":"https:\/\/bada.de\/fr\/nous-sommes-les-specialistes-des-thermoplastiques-et-elastomeres-techniques","title":{"rendered":"Nous sommes les sp\u00e9cialistes des thermoplastiques et \u00e9lastom\u00e8res techniques"},"content":{"rendered":"\n\t\t<div  class=\"block-f09607cb-b2d2-4bcb-a010-761ac4292151 areoi-element container\">\n\t\t\t\n\t\t\t\n\n\t\t<div  class=\"block-c095d0f2-82ca-4bac-9949-12361b7c8286 row areoi-element\">\n\t\t\t\n\n\t\t\t\n\n\t\t<div  class=\"block-fb782a5b-6bc5-4d99-8224-93d983f61f00 col areoi-element col-12\">\n\t\t\t\n\t\t\t\n\n<p>La soci\u00e9t\u00e9 Bada AG fabrique depuis 1998 des thermoplastes techniques et \u00e9lastom\u00e8res thermoplastiques de qualit\u00e9 sup\u00e9rieure pour des secteurs aussi vari\u00e9s que l\u2019automobile, l\u2019\u00e9lectronique, le sport, les loisirs, le b\u00e2timent, la construction de meubles, la technique m\u00e9dicale et l\u2019\u00e9lectrom\u00e9nager. <\/p>\n\n\n\n<p>Nos services de compoundeur sp\u00e9cial novateur et la flexibilit\u00e9 de nos prestations nous ont permis de conqu\u00e9rir une client\u00e8le internationale. Notre \u00e9quipe dynamique hautement qualifi\u00e9e utilise des techniques de production hautement modernes et efficaces pour mettre au point des compounds pr\u00e9sentant exactement les caract\u00e9ristiques requises pour l\u2019application du client et essentielles \u00e0 son bon fonctionnement. <\/p>\n\n\n\n<p>Nos solutions sur mesure t\u00e9moignent d\u2019une qualit\u00e9 \u00e9gale \u00e0 un haut niveau et elles sont, gr\u00e2ce \u00e0 notre r\u00e9seau de distribution \u00e9tendu, disponibles dans le monde entier de la mani\u00e8re la plus rapide possible.<\/p>\n\n \n\t\t\t\n\t\t<\/div>\n\t\n \n\t\t<\/div>\n\t\n \n\t\t<\/div>\n\t\n\t\t<div  class=\"block-f524da72-5fb2-4910-ae64-258c8e4aa77e areoi-element container m-0 p-0\">\n\t\t\t\n\t\t\t\n\n<hr class=\"wp-block-separator has-alpha-channel-opacity style1\"\/>\n\n \n\t\t<\/div>\n\t\n\t\t<div  class=\"block-97bc28bb-7208-4fe4-8e0e-e3c353cb06e5 areoi-element container\">\n\t\t\t\n\t\t\t\n\n\t\t<div  class=\"block-06eb97a5-de3b-4110-9d62-5a68af4585ed row areoi-element row-cols-1 row-cols-md-3\">\n\t\t\t\n\n\t\t\t\n\n\t\t<div  class=\"block-fb782a5b-6bc5-4d99-8224-93d983f61f00 col areoi-element\">\n\t\t\t\n\t\t\t\n\n\t\t<div  class=\"block-7283b13f-23d8-44b1-8ce3-d853403b7230 card align-text-bottom image\">\n\t\t\t\n\n<figure class=\"wp-block-image size-full card-img-top img-thumbnail img-fluid\"><img loading=\"lazy\" decoding=\"async\" width=\"450\" height=\"416\" src=\"https:\/\/bada.de\/app\/uploads\/about-cont-1.jpeg\" alt=\"\" class=\"img-fluid wp-image-614\" style=\"aspect-ratio:1;object-fit:cover\" srcset=\"https:\/\/bada.de\/app\/uploads\/about-cont-1.jpeg 450w, https:\/\/bada.de\/app\/uploads\/about-cont-1-300x277.jpeg 300w\" sizes=\"auto, (max-width: 450px) 100vw, 450px\">\n<\/figure>\n\n\n\n\t\t<div  class=\"block-4a9336e9-91d1-4e5c-87a1-3904134adca9 card-body card-img-overlay d-flex align-items-end\">\n\t\t\t\n\n<h2 class=\"wp-block-heading card-title image-caption\"><a href=\"https:\/\/bada.de\/fr\/nous-repondons-aux-attentes-de-tous-les-clients-de-maniere-novatrice-et\" data-type=\"page\" data-id=\"27\" target=\"_blank\" rel=\"noopener noreferrer nofollow\">Philosophie<\/a><\/h2>\n\n \n\t\t<\/div>\n\t\n \n\t\t<\/div>\n\t\n \n\t\t\t\n\t\t<\/div>\n\t\n\n\n\t\t<div  class=\"block-97a90919-28b6-4bea-97ac-949fb127aa4d col areoi-element\">\n\t\t\t\n\t\t\t\n\n\t\t<div  class=\"block-fb0b7655-6f4d-48aa-b1ef-9aa29e8e58de card align-text-bottom image\">\n\t\t\t\n\n<figure class=\"wp-block-image size-full card-img-top img-thumbnail img-fluid\"><img loading=\"lazy\" decoding=\"async\" width=\"450\" height=\"416\" src=\"https:\/\/bada.de\/app\/uploads\/about-cont-2.jpeg\" alt=\"\" class=\"img-fluid wp-image-615\" style=\"aspect-ratio:1;object-fit:cover\" srcset=\"https:\/\/bada.de\/app\/uploads\/about-cont-2.jpeg 450w, https:\/\/bada.de\/app\/uploads\/about-cont-2-300x277.jpeg 300w\" sizes=\"auto, (max-width: 450px) 100vw, 450px\">\n<\/figure>\n\n\n\n\t\t<div  class=\"block-4a9336e9-91d1-4e5c-87a1-3904134adca9 card-body card-img-overlay d-flex align-items-end\">\n\t\t\t\n\n<h2 class=\"wp-block-heading card-title image-caption\"><a href=\"https:\/\/bada.de\/fr\/une-implantation-europeenne-une-presence-dans-le-monde-entier\" data-type=\"page\" data-id=\"34\" target=\"_blank\" rel=\"noopener noreferrer nofollow\">Historique &amp; localisation<\/a><\/h2>\n\n \n\t\t<\/div>\n\t\n \n\t\t<\/div>\n\t\n \n\t\t\t\n\t\t<\/div>\n\t\n\n\n\t\t<div  class=\"block-887590e4-8656-4933-978b-2113dbc69045 col areoi-element\">\n\t\t\t\n\t\t\t\n\n\t\t<div  class=\"block-f67a8674-1571-4d34-a3d8-9d0bdd749254 card align-text-bottom image\">\n\t\t\t\n\n<figure class=\"wp-block-image size-full card-img-top img-thumbnail img-fluid\"><img loading=\"lazy\" decoding=\"async\" width=\"450\" height=\"416\" src=\"https:\/\/bada.de\/app\/uploads\/about-cont-3.jpeg\" alt=\"\" class=\"img-fluid wp-image-616\" style=\"aspect-ratio:1;object-fit:cover\" srcset=\"https:\/\/bada.de\/app\/uploads\/about-cont-3.jpeg 450w, https:\/\/bada.de\/app\/uploads\/about-cont-3-300x277.jpeg 300w\" sizes=\"auto, (max-width: 450px) 100vw, 450px\">\n<\/figure>\n\n\n\n\t\t<div  class=\"block-4a9336e9-91d1-4e5c-87a1-3904134adca9 card-body card-img-overlay d-flex align-items-end\">\n\t\t\t\n\n<h2 class=\"wp-block-heading card-title image-caption\"><a href=\"https:\/\/bada.de\/fr\/une-technologie-de-pointe-pour-des-processus-sur-mesure\" data-type=\"page\" data-id=\"46\" target=\"_blank\" rel=\"noopener noreferrer nofollow\">Technologie<\/a><\/h2>\n\n \n\t\t<\/div>\n\t\n \n\t\t<\/div>\n\t\n \n\t\t\t\n\t\t<\/div>\n\t\n\n\n\t\t<div  class=\"block-fb782a5b-6bc5-4d99-8224-93d983f61f00 col areoi-element\">\n\t\t\t\n\t\t\t\n\n\t\t<div  class=\"block-7283b13f-23d8-44b1-8ce3-d853403b7230 card align-text-bottom image\">\n\t\t\t\n\n<figure class=\"wp-block-image size-full card-img-top img-thumbnail img-fluid\"><img loading=\"lazy\" decoding=\"async\" width=\"450\" height=\"416\" src=\"https:\/\/bada.de\/app\/uploads\/about-cont-4.jpeg\" alt=\"\" class=\"img-fluid wp-image-617\" style=\"aspect-ratio:1;object-fit:cover\" srcset=\"https:\/\/bada.de\/app\/uploads\/about-cont-4.jpeg 450w, https:\/\/bada.de\/app\/uploads\/about-cont-4-300x277.jpeg 300w\" sizes=\"auto, (max-width: 450px) 100vw, 450px\">\n<\/figure>\n\n\n\n\t\t<div  class=\"block-4a9336e9-91d1-4e5c-87a1-3904134adca9 card-body card-img-overlay d-flex align-items-end\">\n\t\t\t\n\n<h2 class=\"wp-block-heading card-title image-caption\"><a href=\"https:\/\/bada.de\/fr\/bada-notre-nom-est-synonyme-dune-qualite-sans-concession\" data-type=\"page\" data-id=\"53\" target=\"_blank\" rel=\"noopener noreferrer nofollow\">Gestion de la qualit\u00e9.<\/a><\/h2>\n\n \n\t\t<\/div>\n\t\n \n\t\t<\/div>\n\t\n \n\t\t\t\n\t\t<\/div>\n\t\n\n\n\t\t<div  class=\"block-97a90919-28b6-4bea-97ac-949fb127aa4d col areoi-element\">\n\t\t\t\n\t\t\t\n\n\t\t<div  class=\"block-fb0b7655-6f4d-48aa-b1ef-9aa29e8e58de card align-text-bottom image\">\n\t\t\t\n\n<figure class=\"wp-block-image size-full card-img-top img-thumbnail img-fluid\"><img loading=\"lazy\" decoding=\"async\" width=\"450\" height=\"416\" src=\"https:\/\/bada.de\/app\/uploads\/about-cont-5.jpeg\" alt=\"\" class=\"img-fluid wp-image-618\" style=\"aspect-ratio:1;object-fit:cover\" srcset=\"https:\/\/bada.de\/app\/uploads\/about-cont-5.jpeg 450w, https:\/\/bada.de\/app\/uploads\/about-cont-5-300x277.jpeg 300w\" sizes=\"auto, (max-width: 450px) 100vw, 450px\">\n<\/figure>\n\n\n\n\t\t<div  class=\"block-4a9336e9-91d1-4e5c-87a1-3904134adca9 card-body card-img-overlay d-flex align-items-end\">\n\t\t\t\n\n<h2 class=\"wp-block-heading card-title image-caption\"><a href=\"https:\/\/bada.de\/fr\/notre-logistique-presente-de-nombreux-visages-mais-revendique-une-seule-chose-best-in-class\" data-type=\"page\" data-id=\"65\" target=\"_blank\" rel=\"noopener noreferrer nofollow\">Exportation et logistique<\/a><\/h2>\n\n \n\t\t<\/div>\n\t\n \n\t\t<\/div>\n\t\n \n\t\t\t\n\t\t<\/div>\n\t\n\n\n\t\t<div  class=\"block-887590e4-8656-4933-978b-2113dbc69045 col areoi-element\">\n\t\t\t\n\t\t\t\n\n\t\t<div  class=\"block-f67a8674-1571-4d34-a3d8-9d0bdd749254 card align-text-bottom image\">\n\t\t\t\n\n<figure class=\"wp-block-image size-full card-img-top img-thumbnail img-fluid\"><img loading=\"lazy\" decoding=\"async\" width=\"450\" height=\"416\" src=\"https:\/\/bada.de\/app\/uploads\/about-cont-6.jpeg\" alt=\"\" class=\"img-fluid wp-image-619\" style=\"aspect-ratio:1;object-fit:cover\" srcset=\"https:\/\/bada.de\/app\/uploads\/about-cont-6.jpeg 450w, https:\/\/bada.de\/app\/uploads\/about-cont-6-300x277.jpeg 300w\" sizes=\"auto, (max-width: 450px) 100vw, 450px\">\n<\/figure>\n\n\n\n\t\t<div  class=\"block-4a9336e9-91d1-4e5c-87a1-3904134adca9 card-body card-img-overlay d-flex align-items-end\">\n\t\t\t\n\n<h2 class=\"wp-block-heading card-title image-caption\"><a href=\"https:\/\/bada.de\/fr\/travailler-chez-bada\" data-type=\"page\" data-id=\"79\" target=\"_blank\" rel=\"noopener noreferrer nofollow\">Travailler chez BADA.<\/a><\/h2>\n\n \n\t\t<\/div>\n\t\n \n\t\t<\/div>\n\t\n \n\t\t\t\n\t\t<\/div>\n\t\n \n\t\t<\/div>\n\t\n \n\t\t<\/div>\n\t\n\t\t<div  class=\"block-f524da72-5fb2-4910-ae64-258c8e4aa77e areoi-element container m-0 p-0\">\n\t\t\t\n\t\t\t\n\n<hr class=\"wp-block-separator has-alpha-channel-opacity style1\"\/>\n\n \n\t\t<\/div>\n\t\n\t\t<div  class=\"block-97bc28bb-7208-4fe4-8e0e-e3c353cb06e5 areoi-element container\">\n\t\t\t\n\t\t\t\n\n\t\t<div  class=\"block-623d8a50-f623-41a3-9f44-ca34d2924989 row areoi-element row-cols-1 row-cols-md-2\">\n\t\t\t\n\n\t\t\t\n\n\t\t<div  class=\"block-fb782a5b-6bc5-4d99-8224-93d983f61f00 col areoi-element\">\n\t\t\t\n\t\t\t\n\n<h2 class=\"wp-block-heading\">Actualit\u00e9s<\/h2>\n\n\n<div class=\"container m-0 p-0 badatron-news-container\">\n            <div class=\"row m-0 p-0 align-self-stretch\">\n            \n                <div class=\"col col-12 col-md-6 m-0 p-0 news-left pe-md-2 pb-3 pb-md-2\">\n\n                    <div id=\"badatron-news-11080\" class=\"news\">\n                        <div class=\"news-header\">\n\n                                                            <a href=\"https:\/\/bada.de\/fr\/news-fr\/obtenez-la-difference\" class=\"news-link\">\n                                    <div class=\"news-image\">\n                                        <img loading=\"lazy\" decoding=\"async\" width=\"370\" height=\"180\" src=\"https:\/\/bada.de\/app\/uploads\/GetTheDifference-370x180.jpg\" class=\"img-fluid news-image image-fluid img-thumbnail wp-post-image\" alt=\"\">\n                                    <\/div>\n                                    <!-- \/.news-image -->\n\n                                    <span class=\"news-date\">30.01.2026<\/span>\n                                    <!-- \/.news-date -->\n                                <\/a>\n                                <!-- \/.news-link -->\n\n                                <h2 class=\"news-headline text-break\">\n                                    \u00ab\u00a0Obtenez la diff\u00e9rence\u00a0\u00bb                                <\/h2>\n                                <!-- \/.news-headline text-break -->\n                                                    <\/div>\n                        <!-- \/.news-header -->\n\n\n                        <div class=\"news-body\">\n                            Pour nous, chez Bada, \u00ab\u00a0Get the Difference\u00a0\u00bb est bien plus qu&rsquo;un slogan. Il d\u00e9crit notre fa\u00e7on de travailler. Nous \u00e9coutons avant de conseiller. Nous d\u00e9veloppons des solutions avant de vendre. Nous accompagnons les clients sur                        <\/div>\n                        <!-- \/.news-body -->\n\n                        <div class=\"news-footer\">\n                            <a class=\"float-end\" href=\"<https:\/\/bada.de\/fr\/news-fr\/obtenez-la-difference\">\n                                <button class=\"btn btn-info news-more\" type=\"button\">\n                                    Lire la suite                                <\/button>\n                            <\/a>\n                        <\/div>\n                        <!-- \/.news-footer -->\n\n                    <\/div>\n                    <!-- \/#badatron-news-11080.news -->\n\n                <\/div>\n                <!-- \/.col col-12 col-md-6 -->\n                \n                <div class=\"col col-12 col-md-6 m-0 p-0 news-right ps-md-2 pb-3 pb-md-2\">\n\n                    <div id=\"badatron-news-11089\" class=\"news\">\n                        <div class=\"news-header\">\n\n                                                            <a href=\"https:\/\/bada.de\/fr\/news-fr\/la-protection-durable-de-lenvironnement-fait-partie-integrante-de-la-strategie-dentreprise-de-bada\" class=\"news-link\">\n                                    <div class=\"news-image\">\n                                        <img loading=\"lazy\" decoding=\"async\" width=\"370\" height=\"180\" src=\"https:\/\/bada.de\/app\/uploads\/EMAS-370x180.jpg\" class=\"img-fluid news-image image-fluid img-thumbnail wp-post-image\" alt=\"\">\n                                    <\/div>\n                                    <!-- \/.news-image -->\n\n                                    <span class=\"news-date\">20.01.2026<\/span>\n                                    <!-- \/.news-date -->\n                                <\/a>\n                                <!-- \/.news-link -->\n\n                                <h2 class=\"news-headline text-break\">\n                                    La protection durable de l&rsquo;environnement fait partie int\u00e9grante de la strat\u00e9gie d&rsquo;entreprise de Bada.                                <\/h2>\n                                <!-- \/.news-headline text-break -->\n                                                    <\/div>\n                        <!-- \/.news-header -->\n\n\n                        <div class=\"news-body\">\n                            En participant \u00e0 l&rsquo;EMAS (Eco Management and Audit Scheme), nous nous conformons \u00e0 l&rsquo;un des syst\u00e8mes les plus exigeants au monde en mati\u00e8re de gestion environnementale durable. Bas\u00e9 sur la norme internationale ISO 14001, l&rsquo;EMAS                        <\/div>\n                        <!-- \/.news-body -->\n\n                        <div class=\"news-footer\">\n                            <a class=\"float-end\" href=\"<https:\/\/bada.de\/fr\/news-fr\/la-protection-durable-de-lenvironnement-fait-partie-integrante-de-la-strategie-dentreprise-de-bada\">\n                                <button class=\"btn btn-info news-more\" type=\"button\">\n                                    Lire la suite                                <\/button>\n                            <\/a>\n                        <\/div>\n                        <!-- \/.news-footer -->\n\n                    <\/div>\n                    <!-- \/#badatron-news-11089.news -->\n\n                <\/div>\n                <!-- \/.col col-12 col-md-6 -->\n                \n                <div class=\"col col-12 col-md-6 m-0 p-0 news-left pe-md-2 pb-3 pb-md-0\">\n\n                    <div id=\"badatron-news-11098\" class=\"news\">\n                        <div class=\"news-header\">\n\n                                                            <a href=\"https:\/\/bada.de\/fr\/news-fr\/le-marche-est-en-constante-evolution-et-bada-y-repond-par-une-attitude-claire\" class=\"news-link\">\n                                    <div class=\"news-image\">\n                                        <img loading=\"lazy\" decoding=\"async\" width=\"370\" height=\"180\" src=\"https:\/\/bada.de\/app\/uploads\/Flexibilitaet-370x180.jpg\" class=\"img-fluid news-image image-fluid img-thumbnail wp-post-image\" alt=\"\">\n                                    <\/div>\n                                    <!-- \/.news-image -->\n\n                                    <span class=\"news-date\">15.01.2026<\/span>\n                                    <!-- \/.news-date -->\n                                <\/a>\n                                <!-- \/.news-link -->\n\n                                <h2 class=\"news-headline text-break\">\n                                    Le march\u00e9 est en constante \u00e9volution et Bada y r\u00e9pond par une attitude claire                                <\/h2>\n                                <!-- \/.news-headline text-break -->\n                                                    <\/div>\n                        <!-- \/.news-header -->\n\n\n                        <div class=\"news-body\">\n                            La flexibilit\u00e9 est au c\u0153ur de notre m\u00e9thode de travail. Gr\u00e2ce \u00e0 notre large couverture sectorielle dans l&rsquo;automobile, l&rsquo;industrie \u00e9lectrique, la m\u00e9decine, le sport et bien d&rsquo;autres domaines, nous restons ind\u00e9pendants et pouvons r\u00e9agir rapidement                        <\/div>\n                        <!-- \/.news-body -->\n\n                        <div class=\"news-footer\">\n                            <a class=\"float-end\" href=\"<https:\/\/bada.de\/fr\/news-fr\/le-marche-est-en-constante-evolution-et-bada-y-repond-par-une-attitude-claire\">\n                                <button class=\"btn btn-info news-more\" type=\"button\">\n                                    Lire la suite                                <\/button>\n                            <\/a>\n                        <\/div>\n                        <!-- \/.news-footer -->\n\n                    <\/div>\n                    <!-- \/#badatron-news-11098.news -->\n\n                <\/div>\n                <!-- \/.col col-12 col-md-6 -->\n                \n                <div class=\"col col-12 col-md-6 m-0 p-0 news-right ps-md-2 pb-3 pb-md-0\">\n\n                    <div id=\"badatron-news-11107\" class=\"news\">\n                        <div class=\"news-header\">\n\n                                                            <a href=\"https:\/\/bada.de\/fr\/news-fr\/une-nouvelle-annee-commence-et-apporte-avec-elle-de-nouveaux-objectifs-idees-et-resolutions\" class=\"news-link\">\n                                    <div class=\"news-image\">\n                                        <img loading=\"lazy\" decoding=\"async\" width=\"370\" height=\"180\" src=\"https:\/\/bada.de\/app\/uploads\/2026-370x180.jpg\" class=\"img-fluid news-image image-fluid img-thumbnail wp-post-image\" alt=\"\">\n                                    <\/div>\n                                    <!-- \/.news-image -->\n\n                                    <span class=\"news-date\">07.01.2026<\/span>\n                                    <!-- \/.news-date -->\n                                <\/a>\n                                <!-- \/.news-link -->\n\n                                <h2 class=\"news-headline text-break\">\n                                    Une nouvelle ann\u00e9e commence et apporte avec elle de nouveaux objectifs, id\u00e9es et r\u00e9solutions                                <\/h2>\n                                <!-- \/.news-headline text-break -->\n                                                    <\/div>\n                        <!-- \/.news-header -->\n\n\n                        <div class=\"news-body\">\n                            2026 offre de nombreuses possibilit\u00e9s de faire \u00e9voluer les choses, d&rsquo;optimiser les processus et d&#8217;emprunter ensemble de nouvelles voies. Chez Bada aussi, nous entamons la nouvelle ann\u00e9e avec des objectifs clairs. Nous souhaitons d\u00e9velopper nos                        <\/div>\n                        <!-- \/.news-body -->\n\n                        <div class=\"news-footer\">\n                            <a class=\"float-end\" href=\"<https:\/\/bada.de\/fr\/news-fr\/une-nouvelle-annee-commence-et-apporte-avec-elle-de-nouveaux-objectifs-idees-et-resolutions\">\n                                <button class=\"btn btn-info news-more\" type=\"button\">\n                                    Lire la suite                                <\/button>\n                            <\/a>\n                        <\/div>\n                        <!-- \/.news-footer -->\n\n                    <\/div>\n                    <!-- \/#badatron-news-11107.news -->\n\n                <\/div>\n                <!-- \/.col col-12 col-md-6 -->\n                        <\/div>\n        <!-- \/.row -->\n    <\/div>\n<!-- \/.container badatron-recent-posts-container -->\n\n<!-- INFO: resources\/templates\/shortcodes\/badatron-recent-posts\/mini-4-cols.tpl.php rendered in 0.014180 seconds. Memory usage: 96 Ko -->\n\n\n \n\t\t\t\n\t\t<\/div>\n\t\n\n\n\t\t<div  class=\"block-97a90919-28b6-4bea-97ac-949fb127aa4d col areoi-element\">\n\t\t\t\n\t\t\t\n\n<h2 class=\"wp-block-heading\">Questions fr\u00e9quemment pos\u00e9es<\/h2>\n\n\n\n\t\t<div  class=\"block-9403f121-1daf-4d43-88af-02187d6bc58a list-group questions\">\n\t\t\t\n\n\t\t\t<a \n\t\t\t\thref=\"https:\/\/bada.de\/haeufige-fragen-und-antworten#faq1\" \n\t\t\t\trel=\"\" \n\t\t\t\ttarget=\"\" \n\t\t\t\tid=\"block-e6a39832-2775-427a-bbde-fd4515dc4a46\" \n\t\t\t\tclass=\"list-group-item\"\n\t\t\t target=\"_blank\">\n\t\t\t\tO\u00f9 puis-je trouver de la litt\u00e9rature technique sur mon compound ? \n\t\t\t<\/a>\n\t\t\n\n\n\t\t\t<a \n\t\t\t\thref=\"https:\/\/bada.de\/haeufige-fragen-und-antworten#faq2\" \n\t\t\t\trel=\"\" \n\t\t\t\ttarget=\"\" \n\t\t\t\tid=\"block-1cab6716-2dc4-49bf-a943-f1d1149baf1c\" \n\t\t\t\tclass=\"list-group-item\"\n\t\t\t target=\"_blank\">\n\t\t\t\tLa production de mon article n&rsquo;a pas lieu en Europe. Bada peut-il livrer dans le monde entier ? \n\t\t\t<\/a>\n\t\t\n\n\n\t\t\t<a \n\t\t\t\thref=\"https:\/\/bada.de\/haeufige-fragen-und-antworten#faq3\" \n\t\t\t\trel=\"\" \n\t\t\t\ttarget=\"\" \n\t\t\t\tid=\"block-1107ed96-6de1-4beb-b5c7-19c0cac57daa\" \n\t\t\t\tclass=\"list-group-item\"\n\t\t\t target=\"_blank\">\n\t\t\t\tJe ne trouve pas le compound que je souhaite dans la liste des produits. Bada fabrique-t-il \u00e9galement des produits sp\u00e9cifiques aux clients ? \n\t\t\t<\/a>\n\t\t\n\n\n\t\t\t<a \n\t\t\t\thref=\"https:\/\/bada.de\/haeufige-fragen-und-antworten#faq4\" \n\t\t\t\trel=\"\" \n\t\t\t\ttarget=\"\" \n\t\t\t\tid=\"block-1489896f-516f-4f01-b5c8-92accbb66495\" \n\t\t\t\tclass=\"list-group-item\"\n\t\t\t target=\"_blank\">\n\t\t\t\tNous souhaitons fabriquer un article en plastique \u00e0 l&rsquo;avenir, mais nous ne connaissons pas ce mat\u00e9riau. Pouvez-vous nous aider dans le d\u00e9veloppement ? \n\t\t\t<\/a>\n\t\t\n\n\n\t\t\t<a \n\t\t\t\thref=\"https:\/\/bada.de\/haeufige-fragen-und-antworten#faq5\" \n\t\t\t\trel=\"\" \n\t\t\t\ttarget=\"\" \n\t\t\t\tid=\"block-412ddaf6-5604-4c0c-8f84-51ee9b573a8d\" \n\t\t\t\tclass=\"list-group-item\"\n\t\t\t target=\"_blank\">\n\t\t\t\tO\u00f9 puis-je trouver des informations sur le retrait de mon compound ? \n\t\t\t<\/a>\n\t\t\n \n\t\t<\/div>\n\t\n\n\n\t\t\t\t\n\t\t<a \n\t\t\t\n\t\t\tclass=\"block-c5a71521-ae72-459d-bb73-ffa11b0c90f7 btn areoi-has-url position-relative float-end btn-primary btn-lg\"\n\t href=\"https:\/\/bada.de\/haeufige-fragen-und-antworten\"  target=\"_blank\" rel=\"noopener noreferrer nofollow\">\n\t\t\t\t\t\n\t\t\t\t\tVoir toutes les questions \n\t\t\t\t\t\n\t\t\t\t\t \n\t\t\t\t<\/a>\n\t\t\t\n \n\t\t\t\n\t\t<\/div>\n\t\n \n\t\t<\/div>\n\t\n \n\t\t<\/div>\n\t\n\t\t<div  class=\"block-fa3c19cc-49e8-4e98-9d81-64a88d577790 areoi-element container\">\n\t\t\t\n\t\t\t\n\n\t\t<div  class=\"block-33a6347b-ff7b-4436-be81-3c00d907e2f8 row areoi-element\">\n\t\t\t\n\n\t\t\t\n\n\t\t<div  class=\"block-a1b15a1b-ad6b-4dbd-a6db-7d532f826ae4 col areoi-element\">\n\t\t\t\n\t\t\t \n\t\t\t\n\t\t<\/div>\n\t\n \n\t\t<\/div>\n\t\n \n\t\t<\/div>\n\t\n\t\t<div  class=\"block-f524da72-5fb2-4910-ae64-258c8e4aa77e areoi-element container m-0 p-0\">\n\t\t\t\n\t\t\t\n\n<hr class=\"wp-block-separator has-alpha-channel-opacity style1\"\/>\n\n \n\t\t<\/div>\n\t\n\t\t<div  class=\"block-8f7ff78b-e2b5-49ba-9b61-a2a8175e5d44 areoi-element container\">\n\t\t\t\n\t\t\t\n\n\t\t<div  class=\"block-715cd00e-37fc-47fd-803f-8e0650b5af18 row areoi-element\">\n\t\t\t\n\n\t\t\t\n\n\t\t<div  class=\"block-fb2e937f-98f0-425c-9e77-24e7c1bec170 col areoi-element border-right-light col-lg-6\">\n\t\t\t\n\t\t\t\n\n\t\t<div  class=\"block-0bcbdf4a-f223-47f5-9527-e38d4425ac5a areoi-element certificate-box\">\n\t\t\t\n\t\t\t\n\n\t\t<div  class=\"block-d17d2a8b-6a67-4ecd-94b5-ec51ca0814d8 row areoi-element\">\n\t\t\t\n\n\t\t\t\n\n\t\t<div  class=\"block-73e09e74-4ce9-4ada-8262-451b9267a978 col areoi-element col-12\">\n\t\t\t\n\t\t\t\n\n<h2 class=\"wp-block-heading\">Nous sommes certifi\u00e9s<\/h2>\n\n\n\n\t\t<div  class=\"block-49f19c81-bb48-494d-ab5a-bf8653287ccb row areoi-element\">\n\t\t\t\n\n\t\t\t\n\n\t\t<div  class=\"block-d38e6cdf-2aeb-4411-b616-9ad19f527a2a col areoi-element certificate-left col-sm-6\">\n\t\t\t\n\t\t\t\n\n<figure class=\"wp-block-image size-full is-style-default\"><img loading=\"lazy\" decoding=\"async\" width=\"189\" height=\"95\" src=\"https:\/\/bada.de\/app\/uploads\/certificates\/tuev.png\" alt=\"\" class=\"img-fluid wp-image-788\" style=\"object-fit:cover\">\n<\/figure>\n\n \n\t\t\t\n\t\t<\/div>\n\t\n\n\n\t\t<div  class=\"block-b7fcb93b-dc6b-4865-abe9-ec503079a405 col areoi-element certificate-middle col-sm-3\">\n\t\t\t\n\t\t\t\n\n<figure class=\"wp-block-image size-full\"><img loading=\"lazy\" decoding=\"async\" width=\"58\" height=\"96\" src=\"https:\/\/bada.de\/app\/uploads\/certificates\/emas.png\" alt=\"\" class=\"img-fluid wp-image-789\">\n<\/figure>\n\n \n\t\t\t\n\t\t<\/div>\n\t\n\n\n\t\t<div  class=\"block-938ac91a-13b5-4f51-aa96-acd329ac4ab4 col areoi-element certificate-right col-sm-3\">\n\t\t\t\n\t\t\t\n\n<figure class=\"wp-block-image size-full\"><img loading=\"lazy\" decoding=\"async\" width=\"105\" height=\"106\" src=\"https:\/\/bada.de\/app\/uploads\/certificates\/iso.png\" alt=\"\" class=\"img-fluid wp-image-787\">\n<\/figure>\n\n \n\t\t\t\n\t\t<\/div>\n\t\n \n\t\t<\/div>\n\t\n \n\t\t\t\n\t\t<\/div>\n\t\n \n\t\t<\/div>\n\t\n \n\t\t<\/div>\n\t\n \n\t\t\t\n\t\t<\/div>\n\t\n \n\t\t<\/div>\n\t\n \n\t\t<\/div>\n\t","protected":false},"excerpt":{"rendered":"","protected":false},"author":2,"featured_media":0,"parent":0,"menu_order":0,"comment_status":"closed","ping_status":"closed","template":"","meta":{"_acf_changed":false,"footnotes":""},"class_list":["post-418","page","type-page","status-publish","hentry"],"acf":[],"_links":{"self":[{"href":"https:\/\/bada.de\/fr\/wp-json\/wp\/v2\/pages\/418","targetHints":{"allow":["GET"]}}],"collection":[{"href":"https:\/\/bada.de\/fr\/wp-json\/wp\/v2\/pages"}],"about":[{"href":"https:\/\/bada.de\/fr\/wp-json\/wp\/v2\/types\/page"}],"author":[{"embeddable":true,"href":"https:\/\/bada.de\/fr\/wp-json\/wp\/v2\/users\/2"}],"replies":[{"embeddable":true,"href":"https:\/\/bada.de\/fr\/wp-json\/wp\/v2\/comments?post=418"}],"version-history":[{"count":0,"href":"https:\/\/bada.de\/fr\/wp-json\/wp\/v2\/pages\/418\/revisions"}],"wp:attachment":[{"href":"https:\/\/bada.de\/fr\/wp-json\/wp\/v2\/media?parent=418"}],"curies":[{"name":"wp","href":"https:\/\/api.w.org\/{rel}","templated":true}]}}