{"id":429,"date":"2023-07-15T13:13:06","date_gmt":"2023-07-15T11:13:06","guid":{"rendered":"https:\/\/bada.de\/questions-frequemment-posees"},"modified":"2023-10-07T17:00:59","modified_gmt":"2023-10-07T15:00:59","slug":"questions-frequemment-posees","status":"publish","type":"page","link":"https:\/\/bada.de\/fr\/questions-frequemment-posees","title":{"rendered":"Questions fr\u00e9quemment pos\u00e9es"},"content":{"rendered":"\n\t\t<div  class=\"block-d2e5adce-3d04-4ca5-919d-5343df35f6bd areoi-element container m-0 p-0\">\n\t\t\t\n\t\t\t\n\n\t\t<div id=\"faq1\" class=\"block-e8e07d5d-3946-4061-8509-24bb11bc6e79 areoi-element section dropdown-section collapsible hoverable\">\n\t\t\t\n\t\t\t\n\n\t\t<div  class=\"block-f8a145ec-e5a3-40b9-91ea-c7bb10ad9820 areoi-element section-header\">\n\t\t\t\n\t\t\t\n\n\t\t<div  class=\"block-1608754f-9768-4812-8373-7d8a7e0242c6 row areoi-element\">\n\t\t\t\n\n\t\t\t\n\n\t\t<div  class=\"block-51c00f09-7ad0-4121-80d8-40e18c3f94c7 col areoi-element\">\n\t\t\t\n\t\t\t\n\n<h2 class=\"wp-block-heading section-title\">O\u00f9 puis-je trouver de la litt\u00e9rature technique sur mon compound ?<\/h2>\n\n \n\t\t\t\n\t\t<\/div>\n\t\n \n\t\t<\/div>\n\t\n \n\t\t<\/div>\n\t\n\n\n\t\t<div  class=\"block-ea839ae2-29e3-4ce5-9a2e-ad7de5688021 areoi-element section-aside\">\n\t\t\t\n\t\t\t\n\n<i class=\"fa-solid fa-angles-down\"><\/i>\n\n \n\t\t<\/div>\n\t\n\n\n\t\t<div  class=\"block-9a3a2a98-34ee-46d2-ab3e-37000ded22f9 areoi-element section-body section-divide\">\n\t\t\t\n\t\t\t\n\n\t\t<div  class=\"block-cacff272-c4ad-44d2-bf78-f7d523fb8db4 areoi-element section-content\">\n\t\t\t\n\t\t\t\n\n\t\t<div  class=\"block-f3554b8b-0fd3-409e-8640-c9ad4a4cdadf row areoi-element\">\n\t\t\t\n\n\t\t\t\n\n\t\t<div  class=\"block-f05dfcc0-2b71-4aa4-ae30-cb0b181cd46e col areoi-element section-content-left\">\n\t\t\t\n\t\t\t\n\n<p>On trouve la fiche technique pour de nombreux produits dans la rubrique \u00ab\u00a0Produits\u00a0\u00bb. Si vous ne trouvez pas votre compound ici, veuillez contacter notre service d&rsquo;application qui vous fournira les documents souhait\u00e9s.<\/p>\n\n \n\t\t\t\n\t\t<\/div>\n\t\n \n\t\t<\/div>\n\t\n \n\t\t<\/div>\n\t\n \n\t\t<\/div>\n\t\n \n\t\t<\/div>\n\t\n \n\t\t<\/div>\n\t\n\t\t<div  class=\"block-db8063b6-012f-406b-931a-836fd35f2fcd areoi-element container m-0 p-0\">\n\t\t\t\n\t\t\t\n\n\t\t<div id=\"faq2\" class=\"block-3c9a7401-c9de-4697-9973-524ec09e879a areoi-element section dropdown-section collapsible hoverable\">\n\t\t\t\n\t\t\t\n\n\t\t<div  class=\"block-f8a145ec-e5a3-40b9-91ea-c7bb10ad9820 areoi-element section-header\">\n\t\t\t\n\t\t\t\n\n\t\t<div  class=\"block-1608754f-9768-4812-8373-7d8a7e0242c6 row areoi-element\">\n\t\t\t\n\n\t\t\t\n\n\t\t<div  class=\"block-51c00f09-7ad0-4121-80d8-40e18c3f94c7 col areoi-element\">\n\t\t\t\n\t\t\t\n\n<h2 class=\"wp-block-heading section-title\">La production de mon article n&rsquo;a pas lieu en Europe. Bada peut-il livrer dans le monde entier ?<\/h2>\n\n \n\t\t\t\n\t\t<\/div>\n\t\n \n\t\t<\/div>\n\t\n \n\t\t<\/div>\n\t\n\n\n\t\t<div  class=\"block-ea839ae2-29e3-4ce5-9a2e-ad7de5688021 areoi-element section-aside\">\n\t\t\t\n\t\t\t\n\n<i class=\"fa-solid fa-angles-down\"><\/i>\n\n \n\t\t<\/div>\n\t\n\n\n\t\t<div  class=\"block-9a3a2a98-34ee-46d2-ab3e-37000ded22f9 areoi-element section-body section-divide\">\n\t\t\t\n\t\t\t\n\n\t\t<div  class=\"block-cacff272-c4ad-44d2-bf78-f7d523fb8db4 areoi-element section-content\">\n\t\t\t\n\t\t\t\n\n\t\t<div  class=\"block-f3554b8b-0fd3-409e-8640-c9ad4a4cdadf row areoi-element\">\n\t\t\t\n\n\t\t\t\n\n\t\t<div  class=\"block-f05dfcc0-2b71-4aa4-ae30-cb0b181cd46e col areoi-element section-content-left\">\n\t\t\t\n\t\t\t\n\n<p>D\u00e9j\u00e0 aujourd&rsquo;hui, Bada AG livre aux quatre coins du monde et ses exportations repr\u00e9sentent plus d&rsquo;un tiers du chiffre d&rsquo;affaires. Nous nous ferons un plaisir de vous aider dans la planification et la mise en \u0153uvre. Pour cela, n&rsquo;h\u00e9sitez pas \u00e0 nous consulter.<\/p>\n\n \n\t\t\t\n\t\t<\/div>\n\t\n \n\t\t<\/div>\n\t\n \n\t\t<\/div>\n\t\n \n\t\t<\/div>\n\t\n \n\t\t<\/div>\n\t\n \n\t\t<\/div>\n\t\n\t\t<div  class=\"block-96823d6c-e31a-4031-8592-7b167ada1d04 areoi-element container m-0 p-0\">\n\t\t\t\n\t\t\t\n\n\t\t<div id=\"faq3\" class=\"block-158cdf67-86e3-4d7c-a193-f7a58e7d7ec2 areoi-element section dropdown-section collapsible hoverable\">\n\t\t\t\n\t\t\t\n\n\t\t<div  class=\"block-f8a145ec-e5a3-40b9-91ea-c7bb10ad9820 areoi-element section-header\">\n\t\t\t\n\t\t\t\n\n\t\t<div  class=\"block-1608754f-9768-4812-8373-7d8a7e0242c6 row areoi-element\">\n\t\t\t\n\n\t\t\t\n\n\t\t<div  class=\"block-51c00f09-7ad0-4121-80d8-40e18c3f94c7 col areoi-element\">\n\t\t\t\n\t\t\t\n\n<h2 class=\"wp-block-heading section-title\">Je ne trouve pas le compound que je souhaite dans la liste des produits. Bada fabrique-t-il \u00e9galement des produits sp\u00e9cifiques aux clients ?<\/h2>\n\n \n\t\t\t\n\t\t<\/div>\n\t\n \n\t\t<\/div>\n\t\n \n\t\t<\/div>\n\t\n\n\n\t\t<div  class=\"block-ea839ae2-29e3-4ce5-9a2e-ad7de5688021 areoi-element section-aside\">\n\t\t\t\n\t\t\t\n\n<i class=\"fa-solid fa-angles-down\"><\/i>\n\n \n\t\t<\/div>\n\t\n\n\n\t\t<div  class=\"block-9a3a2a98-34ee-46d2-ab3e-37000ded22f9 areoi-element section-body section-divide\">\n\t\t\t\n\t\t\t\n\n\t\t<div  class=\"block-cacff272-c4ad-44d2-bf78-f7d523fb8db4 areoi-element section-content\">\n\t\t\t\n\t\t\t\n\n\t\t<div  class=\"block-f3554b8b-0fd3-409e-8640-c9ad4a4cdadf row areoi-element\">\n\t\t\t\n\n\t\t\t\n\n\t\t<div  class=\"block-f05dfcc0-2b71-4aa4-ae30-cb0b181cd46e col areoi-element section-content-left\">\n\t\t\t\n\t\t\t\n\n<p>L&rsquo;\u00e9laboration et la modification de recettes conform\u00e9ment aux souhaits du client font partie des comp\u00e9tences-cl\u00e9s de Bada. Il est pratiquement possible de proc\u00e9der \u00e0 des modifications et des ajustements de l&rsquo;ensemble de notre portefeuille, conform\u00e9ment aux souhaits du client. Contactez nos services de technique d&rsquo;application pour la r\u00e9alisation de votre compound sur mesure.<\/p>\n\n \n\t\t\t\n\t\t<\/div>\n\t\n \n\t\t<\/div>\n\t\n \n\t\t<\/div>\n\t\n \n\t\t<\/div>\n\t\n \n\t\t<\/div>\n\t\n \n\t\t<\/div>\n\t\n\t\t<div  class=\"block-b60c634c-43fb-4e5a-9eaa-e04728e1a26c areoi-element container m-0 p-0\">\n\t\t\t\n\t\t\t\n\n\t\t<div id=\"faq4\" class=\"block-a09c27a6-25e1-41f6-b9a7-6ad851f80a10 areoi-element section dropdown-section collapsible hoverable\">\n\t\t\t\n\t\t\t\n\n\t\t<div  class=\"block-f8a145ec-e5a3-40b9-91ea-c7bb10ad9820 areoi-element section-header\">\n\t\t\t\n\t\t\t\n\n\t\t<div  class=\"block-1608754f-9768-4812-8373-7d8a7e0242c6 row areoi-element\">\n\t\t\t\n\n\t\t\t\n\n\t\t<div  class=\"block-51c00f09-7ad0-4121-80d8-40e18c3f94c7 col areoi-element\">\n\t\t\t\n\t\t\t\n\n<h2 class=\"wp-block-heading section-title\">Nous souhaitons fabriquer un article en plastique \u00e0 l&rsquo;avenir, mais nous ne connaissons pas ce mat\u00e9riau. Pouvez-vous nous aider dans le d\u00e9veloppement ?<\/h2>\n\n \n\t\t\t\n\t\t<\/div>\n\t\n \n\t\t<\/div>\n\t\n \n\t\t<\/div>\n\t\n\n\n\t\t<div  class=\"block-ea839ae2-29e3-4ce5-9a2e-ad7de5688021 areoi-element section-aside\">\n\t\t\t\n\t\t\t\n\n<i class=\"fa-solid fa-angles-down\"><\/i>\n\n \n\t\t<\/div>\n\t\n\n\n\t\t<div  class=\"block-9a3a2a98-34ee-46d2-ab3e-37000ded22f9 areoi-element section-body section-divide\">\n\t\t\t\n\t\t\t\n\n\t\t<div  class=\"block-cacff272-c4ad-44d2-bf78-f7d523fb8db4 areoi-element section-content\">\n\t\t\t\n\t\t\t\n\n\t\t<div  class=\"block-f3554b8b-0fd3-409e-8640-c9ad4a4cdadf row areoi-element\">\n\t\t\t\n\n\t\t\t\n\n\t\t<div  class=\"block-f05dfcc0-2b71-4aa4-ae30-cb0b181cd46e col areoi-element section-content-left\">\n\t\t\t\n\t\t\t\n\n<p>Bada AG a cr\u00e9\u00e9, \u00e0 cet effet, le Service D\u00e9veloppement du March\u00e9 pour la Technique d&rsquo;Application qui collaborera \u00e9troitement avec votre Service Construction, d\u00e8s le lancement du projet. Consultez-nous!<\/p>\n\n \n\t\t\t\n\t\t<\/div>\n\t\n \n\t\t<\/div>\n\t\n \n\t\t<\/div>\n\t\n \n\t\t<\/div>\n\t\n \n\t\t<\/div>\n\t\n \n\t\t<\/div>\n\t\n\t\t<div  class=\"block-a8db0b68-c159-4472-9d40-717f112d4563 areoi-element container m-0 p-0\">\n\t\t\t\n\t\t\t\n\n\t\t<div id=\"faq5\" class=\"block-7463f2c6-fae8-48b9-afb3-fc2476191ca3 areoi-element section dropdown-section collapsible hoverable\">\n\t\t\t\n\t\t\t\n\n\t\t<div  class=\"block-f8a145ec-e5a3-40b9-91ea-c7bb10ad9820 areoi-element section-header\">\n\t\t\t\n\t\t\t\n\n\t\t<div  class=\"block-1608754f-9768-4812-8373-7d8a7e0242c6 row areoi-element\">\n\t\t\t\n\n\t\t\t\n\n\t\t<div  class=\"block-51c00f09-7ad0-4121-80d8-40e18c3f94c7 col areoi-element\">\n\t\t\t\n\t\t\t\n\n<h2 class=\"wp-block-heading section-title\">O\u00f9 puis-je trouver des informations sur le retrait de mon compound ?<\/h2>\n\n \n\t\t\t\n\t\t<\/div>\n\t\n \n\t\t<\/div>\n\t\n \n\t\t<\/div>\n\t\n\n\n\t\t<div  class=\"block-ea839ae2-29e3-4ce5-9a2e-ad7de5688021 areoi-element section-aside\">\n\t\t\t\n\t\t\t\n\n<i class=\"fa-solid fa-angles-down\"><\/i>\n\n \n\t\t<\/div>\n\t\n\n\n\t\t<div  class=\"block-9a3a2a98-34ee-46d2-ab3e-37000ded22f9 areoi-element section-body section-divide\">\n\t\t\t\n\t\t\t\n\n\t\t<div  class=\"block-cacff272-c4ad-44d2-bf78-f7d523fb8db4 areoi-element section-content\">\n\t\t\t\n\t\t\t\n\n\t\t<div  class=\"block-f3554b8b-0fd3-409e-8640-c9ad4a4cdadf row areoi-element\">\n\t\t\t\n\n\t\t\t\n\n\t\t<div  class=\"block-f05dfcc0-2b71-4aa4-ae30-cb0b181cd46e col areoi-element section-content-left\">\n\t\t\t\n\t\t\t\n\n<p>Veuillez nous contacter directement. Notre service d&rsquo;Application Technique se fera un plaisir de vous aider.<\/p>\n\n\n\n<p>Le d\u00e9p\u00e9rissement du mat\u00e9riau ne constitue pas une propri\u00e9t\u00e9 pure et simple du mat\u00e9riau, mais il d\u00e9pend \u00e9galement de la g\u00e9om\u00e9trie du composant, de la forme et de la position du moule ainsi que des param\u00e8tres de transformation. C&rsquo;est aussi la raison pour laquelle nous nous sommes gard\u00e9s de fournir des informations g\u00e9n\u00e9rales sur le d\u00e9p\u00e9rissement dans nos fiches techniques.<\/p>\n\n\n\n<p>Pour vous donner une id\u00e9e, nous pouvons vous indiquer un champ de valeurs que nous avons d\u00e9termin\u00e9 sur des plaquettes-\u00e9chantillons (60x45x2 mm) \u00e0 nos conditions de moulage par injection. Ces valeurs ne repr\u00e9sentent aucune garantie d&rsquo;un comportement sp\u00e9cifique au d\u00e9p\u00e9rissement. Nous vous conseillons de proc\u00e9der \u00e0 vos propres essais, afin que vous puissiez v\u00e9rifier le d\u00e9p\u00e9rissement \u00e0 vos conditions d&rsquo;application.<\/p>\n\n \n\t\t\t\n\t\t<\/div>\n\t\n \n\t\t<\/div>\n\t\n \n\t\t<\/div>\n\t\n \n\t\t<\/div>\n\t\n \n\t\t<\/div>\n\t\n \n\t\t<\/div>\n\t\n\t\t<div  class=\"block-e89a363b-91e2-40f5-8ca8-794dae78ea7a areoi-element container mt-5\">\n\t\t\t\n\t\t\t\n\n\t\t<div  class=\"block-b9a6320c-bff3-401c-b1d1-63915e6ca820 row areoi-element\">\n\t\t\t\n\n\t\t\t\n\n\t\t<div  class=\"block-1a256a05-a4dc-47a0-93d6-7e122920de6d col areoi-element\">\n\t\t\t\n\t\t\t\n\n<h1 class=\"wp-block-heading\">Votre question manquait dans la liste ?<\/h1>\n\n\n\n\t\t<div  class=\"block-7283b13f-23d8-44b1-8ce3-d853403b7230 card align-text-bottom image\">\n\t\t\t\n\n<figure class=\"wp-block-image size-full card-img-top img-thumbnail img-fluid\"><img loading=\"lazy\" decoding=\"async\" width=\"1600\" height=\"400\" src=\"https:\/\/bada.de\/app\/uploads\/header-about-bada.jpg\" alt=\"\" class=\"img-fluid wp-image-2944\" srcset=\"https:\/\/bada.de\/app\/uploads\/header-about-bada.jpg 1600w, https:\/\/bada.de\/app\/uploads\/header-about-bada-300x75.jpg 300w, https:\/\/bada.de\/app\/uploads\/header-about-bada-1024x256.jpg 1024w, https:\/\/bada.de\/app\/uploads\/header-about-bada-768x192.jpg 768w, https:\/\/bada.de\/app\/uploads\/header-about-bada-1536x384.jpg 1536w\" sizes=\"auto, (max-width: 1600px) 100vw, 1600px\">\n<\/figure>\n\n\n\n\t\t<div  class=\"block-4a9336e9-91d1-4e5c-87a1-3904134adca9 card-body card-img-overlay d-flex align-items-end\">\n\t\t\t\n\n<h2 class=\"wp-block-heading card-title image-caption\"><a href=\"https:\/\/bada.de\/fr\/interlocuteurs-internationaux\" data-type=\"page\" data-id=\"10\" target=\"_blank\" rel=\"noopener noreferrer nofollow\">Vous trouverez ici le bon interlocuteur !<\/a><\/h2>\n\n \n\t\t<\/div>\n\t\n \n\t\t<\/div>\n\t\n \n\t\t\t\n\t\t<\/div>\n\t\n \n\t\t<\/div>\n\t\n \n\t\t<\/div>\n\t","protected":false},"excerpt":{"rendered":"","protected":false},"author":1,"featured_media":0,"parent":0,"menu_order":0,"comment_status":"closed","ping_status":"closed","template":"","meta":{"_acf_changed":false,"footnotes":""},"class_list":["post-429","page","type-page","status-publish","hentry"],"acf":[],"_links":{"self":[{"href":"https:\/\/bada.de\/fr\/wp-json\/wp\/v2\/pages\/429","targetHints":{"allow":["GET"]}}],"collection":[{"href":"https:\/\/bada.de\/fr\/wp-json\/wp\/v2\/pages"}],"about":[{"href":"https:\/\/bada.de\/fr\/wp-json\/wp\/v2\/types\/page"}],"author":[{"embeddable":true,"href":"https:\/\/bada.de\/fr\/wp-json\/wp\/v2\/users\/1"}],"replies":[{"embeddable":true,"href":"https:\/\/bada.de\/fr\/wp-json\/wp\/v2\/comments?post=429"}],"version-history":[{"count":0,"href":"https:\/\/bada.de\/fr\/wp-json\/wp\/v2\/pages\/429\/revisions"}],"wp:attachment":[{"href":"https:\/\/bada.de\/fr\/wp-json\/wp\/v2\/media?parent=429"}],"curies":[{"name":"wp","href":"https:\/\/api.w.org\/{rel}","templated":true}]}}