{"id":445,"date":"2023-07-15T09:57:10","date_gmt":"2023-07-15T07:57:10","guid":{"rendered":"https:\/\/bada.de\/notre-logistique-presente-de-nombreux-visages-mais-revendique-une-seule-chose-best-in-class"},"modified":"2023-10-07T16:50:38","modified_gmt":"2023-10-07T14:50:38","slug":"notre-logistique-presente-de-nombreux-visages-mais-revendique-une-seule-chose-best-in-class","status":"publish","type":"page","link":"https:\/\/bada.de\/fr\/notre-logistique-presente-de-nombreux-visages-mais-revendique-une-seule-chose-best-in-class","title":{"rendered":"Notre logistique pr\u00e9sente de nombreux visages &#8211; mais revendique une seule chose : Best in Class !"},"content":{"rendered":"\n\t\t<div  class=\"block-f9d0d384-48d1-45ca-80da-a7f2d7dd4b2e areoi-element container\">\n\t\t\t\n\t\t\t\n\n\t\t<div  class=\"block-e23a330a-87a1-4fa7-b7fd-95f2565318b1 row areoi-element row-cols-1 row-cols-md-2\">\n\t\t\t\n\n\t\t\t\n\n\t\t<div  class=\"block-955c45f8-5df2-4f78-a0a7-55095bb5af70 col areoi-element\">\n\t\t\t\n\t\t\t\n\n<p>Gr\u00e2ce \u00e0 notre logistique de stockage sophistiqu\u00e9e ainsi qu&rsquo;\u00e0 notre flux de mat\u00e9riaux interne efficace et \u00e0 notre processus de traitement des commandes, r\u00e9ducteur d&rsquo;interfaces, les dur\u00e9es de cycle sont r\u00e9duites \u00e0 un minimum. Ainsi, nous obtenons les p\u00e9riodes de r\u00e9action les plus courtes pour nos clients.<\/p>\n\n\n\n<p>L&rsquo;exigence que nous nous imposons de nouveau \u00e0 nous-m\u00eames chaque jour : c&rsquo;est la faisabilit\u00e9 !<\/p>\n\n\n\n<p>Une extr\u00eame flexibilit\u00e9 tout au long de la cha\u00eene d&rsquo;approvisionnements nous permet de refl\u00e9ter tous les concepts logistiques : qu&rsquo;il s&rsquo;agisse d&rsquo;une livraison classique dans les temps souhait\u00e9s, d&rsquo;une livraison s\u00e9quenc\u00e9e jusqu&rsquo;\u00e0 des variantes Pearl Chain, de la gestion d&rsquo;articles en consignation ou d&rsquo;un stockage classique &#8211; nous pr\u00e9conisons des concepts sur mesure, conformes aux souhaits du client.<\/p>\n\n\n\n<p>Le choix de nos partenaires joue, en l&rsquo;occurrence, un r\u00f4le primordial dans notre force logistique : une collaboration de longue date et empreinte de confiance, d&rsquo;\u00e9gal \u00e0 \u00e9gal, nous permet d&rsquo;obtenir une performance de distribution maximale \u00e0 des co\u00fbts optimis\u00e9s. Un r\u00e9seau de partenaires logistiques, dignes de confiance, nous assure les p\u00e9riodes de transport les plus courtes, accompagn\u00e9es d&rsquo;une transparence et d&rsquo;une tra\u00e7abilit\u00e9 maximales.<\/p>\n\n \n\t\t\t\n\t\t<\/div>\n\t\n\n\n\t\t<div  class=\"block-fd7b5ade-62ea-4aaf-a61b-b4a45edaa033 col areoi-element\">\n\t\t\t\n\t\t\t\n\n<figure class=\"wp-block-image size-full img-thumbnail\"><img loading=\"lazy\" decoding=\"async\" width=\"640\" height=\"427\" src=\"https:\/\/bada.de\/app\/uploads\/006.jpg\" alt=\"\" class=\"img-fluid wp-image-66\" srcset=\"https:\/\/bada.de\/app\/uploads\/006.jpg 640w, https:\/\/bada.de\/app\/uploads\/006-300x200.jpg 300w\" sizes=\"auto, (max-width: 640px) 100vw, 640px\">\n<\/figure>\n\n \n\t\t\t\n\t\t<\/div>\n\t\n \n\t\t<\/div>\n\t\n \n\t\t<\/div>\n\t\n\t\t<div  class=\"block-f9d0d384-48d1-45ca-80da-a7f2d7dd4b2e areoi-element container\">\n\t\t\t\n\t\t\t\n\n\t\t<div  class=\"block-e23a330a-87a1-4fa7-b7fd-95f2565318b1 row areoi-element\">\n\t\t\t\n\n\t\t\t\n\n\t\t<div  class=\"block-91e3ca79-b74e-4dca-b37d-f40bc961eb5a col areoi-element col-12\">\n\t\t\t\n\t\t\t\n\n<figure class=\"wp-block-image size-large img-thumbnail\"><img loading=\"lazy\" decoding=\"async\" width=\"1024\" height=\"520\" src=\"https:\/\/bada.de\/app\/uploads\/007-1024x520.png\" alt=\"\" class=\"img-fluid wp-image-71\" srcset=\"https:\/\/bada.de\/app\/uploads\/007-1024x520.png 1024w, https:\/\/bada.de\/app\/uploads\/007-300x152.png 300w, https:\/\/bada.de\/app\/uploads\/007-768x390.png 768w, https:\/\/bada.de\/app\/uploads\/007-1536x780.png 1536w, https:\/\/bada.de\/app\/uploads\/007.png 1670w\" sizes=\"auto, (max-width: 1024px) 100vw, 1024px\">\n<\/figure>\n\n \n\t\t\t\n\t\t<\/div>\n\t\n \n\t\t<\/div>\n\t\n \n\t\t<\/div>\n\t\n\t\t<div  class=\"block-f524da72-5fb2-4910-ae64-258c8e4aa77e areoi-element container m-0 p-0\">\n\t\t\t\n\t\t\t\n\n<hr class=\"wp-block-separator has-alpha-channel-opacity style1\"\/>\n\n \n\t\t<\/div>\n\t\n\t\t<div  class=\"block-8f7ff78b-e2b5-49ba-9b61-a2a8175e5d44 areoi-element container\">\n\t\t\t\n\t\t\t\n\n\t\t<div  class=\"block-715cd00e-37fc-47fd-803f-8e0650b5af18 row areoi-element\">\n\t\t\t\n\n\t\t\t\n\n\t\t<div  class=\"block-fb2e937f-98f0-425c-9e77-24e7c1bec170 col areoi-element border-right-light col-lg-6\">\n\t\t\t\n\t\t\t\n\n\t\t<div  class=\"block-0bcbdf4a-f223-47f5-9527-e38d4425ac5a areoi-element certificate-box\">\n\t\t\t\n\t\t\t\n\n\t\t<div  class=\"block-d17d2a8b-6a67-4ecd-94b5-ec51ca0814d8 row areoi-element\">\n\t\t\t\n\n\t\t\t\n\n\t\t<div  class=\"block-73e09e74-4ce9-4ada-8262-451b9267a978 col areoi-element col-12\">\n\t\t\t\n\t\t\t\n\n<h2 class=\"wp-block-heading\">Nous sommes certifi\u00e9s<\/h2>\n\n\n\n\t\t<div  class=\"block-49f19c81-bb48-494d-ab5a-bf8653287ccb row areoi-element\">\n\t\t\t\n\n\t\t\t\n\n\t\t<div  class=\"block-d38e6cdf-2aeb-4411-b616-9ad19f527a2a col areoi-element certificate-left col-sm-6\">\n\t\t\t\n\t\t\t\n\n<figure class=\"wp-block-image size-full is-style-default\"><img loading=\"lazy\" decoding=\"async\" width=\"189\" height=\"95\" src=\"https:\/\/bada.de\/app\/uploads\/certificates\/tuev.png\" alt=\"\" class=\"img-fluid wp-image-788\" style=\"object-fit:cover\">\n<\/figure>\n\n \n\t\t\t\n\t\t<\/div>\n\t\n\n\n\t\t<div  class=\"block-b7fcb93b-dc6b-4865-abe9-ec503079a405 col areoi-element certificate-middle col-sm-3\">\n\t\t\t\n\t\t\t\n\n<figure class=\"wp-block-image size-full\"><img loading=\"lazy\" decoding=\"async\" width=\"58\" height=\"96\" src=\"https:\/\/bada.de\/app\/uploads\/certificates\/emas.png\" alt=\"\" class=\"img-fluid wp-image-789\">\n<\/figure>\n\n \n\t\t\t\n\t\t<\/div>\n\t\n\n\n\t\t<div  class=\"block-938ac91a-13b5-4f51-aa96-acd329ac4ab4 col areoi-element certificate-right col-sm-3\">\n\t\t\t\n\t\t\t\n\n<figure class=\"wp-block-image size-full\"><img loading=\"lazy\" decoding=\"async\" width=\"105\" height=\"106\" src=\"https:\/\/bada.de\/app\/uploads\/certificates\/iso.png\" alt=\"\" class=\"img-fluid wp-image-787\">\n<\/figure>\n\n \n\t\t\t\n\t\t<\/div>\n\t\n \n\t\t<\/div>\n\t\n \n\t\t\t\n\t\t<\/div>\n\t\n \n\t\t<\/div>\n\t\n \n\t\t<\/div>\n\t\n \n\t\t\t\n\t\t<\/div>\n\t\n \n\t\t<\/div>\n\t\n \n\t\t<\/div>\n\t","protected":false},"excerpt":{"rendered":"","protected":false},"author":1,"featured_media":0,"parent":0,"menu_order":0,"comment_status":"closed","ping_status":"closed","template":"","meta":{"_acf_changed":false,"footnotes":""},"class_list":["post-445","page","type-page","status-publish","hentry"],"acf":[],"_links":{"self":[{"href":"https:\/\/bada.de\/fr\/wp-json\/wp\/v2\/pages\/445","targetHints":{"allow":["GET"]}}],"collection":[{"href":"https:\/\/bada.de\/fr\/wp-json\/wp\/v2\/pages"}],"about":[{"href":"https:\/\/bada.de\/fr\/wp-json\/wp\/v2\/types\/page"}],"author":[{"embeddable":true,"href":"https:\/\/bada.de\/fr\/wp-json\/wp\/v2\/users\/1"}],"replies":[{"embeddable":true,"href":"https:\/\/bada.de\/fr\/wp-json\/wp\/v2\/comments?post=445"}],"version-history":[{"count":0,"href":"https:\/\/bada.de\/fr\/wp-json\/wp\/v2\/pages\/445\/revisions"}],"wp:attachment":[{"href":"https:\/\/bada.de\/fr\/wp-json\/wp\/v2\/media?parent=445"}],"curies":[{"name":"wp","href":"https:\/\/api.w.org\/{rel}","templated":true}]}}