{"id":449,"date":"2023-07-15T09:34:05","date_gmt":"2023-07-15T07:34:05","guid":{"rendered":"https:\/\/bada.de\/bada-notre-nom-est-synonyme-dune-qualite-sans-concession"},"modified":"2024-04-23T09:31:05","modified_gmt":"2024-04-23T07:31:05","slug":"bada-notre-nom-est-synonyme-dune-qualite-sans-concession","status":"publish","type":"page","link":"https:\/\/bada.de\/fr\/bada-notre-nom-est-synonyme-dune-qualite-sans-concession","title":{"rendered":"BADA \u2013 Notre nom est synonyme d&rsquo;une qualit\u00e9 sans concession"},"content":{"rendered":"\n<hr class=\"wp-block-separator has-alpha-channel-opacity\"\/>\n\n\n\n\t\t<div  class=\"block-f9d0d384-48d1-45ca-80da-a7f2d7dd4b2e areoi-element container\">\n\t\t\t\n\t\t\t\n\n\t\t<div  class=\"block-e23a330a-87a1-4fa7-b7fd-95f2565318b1 row areoi-element\">\n\t\t\t\n\n\t\t\t\n\n\t\t<div  class=\"block-955c45f8-5df2-4f78-a0a7-55095bb5af70 col areoi-element\">\n\t\t\t\n\t\t\t\n\n<p>Nous nous imposons \u00e0 nous-m\u00eames des crit\u00e8res de qualit\u00e9 intransigeants, non seulement par rapport \u00e0 nos produits, mais pour chacune de nos \u00e9tapes de travail. Cette politique de qualit\u00e9 rigoureuse a d\u00e9bouch\u00e9 fort logiquement sur la certification selon la norme ISO\/TS 16949:2009. Cette certification pour l\u2019industrie automobile va, par certains aspects, bien au-del\u00e0 de la norme ISO 9001 (qui est la norme de base dans le secteur de la qualit\u00e9) dans la mesure o\u00f9 elle porte sur la totalit\u00e9 des proc\u00e9dures conjointes de notre entreprise. Gr\u00e2ce \u00e0 cette gestion qualit\u00e9 efficace, nous sommes capables non seulement d\u2019\u00e9liminer les erreurs survenant lors de la production, mais de les \u00e9viter d\u2019embl\u00e9e. Cela accro\u00eet notre exigence de qualit\u00e9 sans concession par rapport \u00e0 nos deux principaux objectifs : r\u00e9aliser toutes les attentes sp\u00e9cifiques des clients et accro\u00eetre \u00e0 long terme leur satisfaction.<\/p>\n\n \n\t\t\t\n\t\t<\/div>\n\t\n \n\t\t<\/div>\n\t\n \n\t\t<\/div>\n\t\n\n\n\t\t<div  class=\"block-f524da72-5fb2-4910-ae64-258c8e4aa77e areoi-element container m-0 p-0\">\n\t\t\t\n\t\t\t\n\n<hr class=\"wp-block-separator has-alpha-channel-opacity style1\"\/>\n\n \n\t\t<\/div>\n\t\n\n\n\t\t<div  class=\"block-f9d0d384-48d1-45ca-80da-a7f2d7dd4b2e areoi-element container\">\n\t\t\t\n\t\t\t\n\n\t\t<div  class=\"block-e23a330a-87a1-4fa7-b7fd-95f2565318b1 row areoi-element row-cols-1 row-cols-md-2\">\n\t\t\t\n\n\t\t\t\n\n\t\t<div  class=\"block-955c45f8-5df2-4f78-a0a7-55095bb5af70 col areoi-element\">\n\t\t\t\n\t\t\t\n\n<h2 class=\"wp-block-heading\">Des processus efficaces m\u00e9nagent de pr\u00e9cieuses ressources, prot\u00e8gent l&rsquo;environnement et garantissent la prosp\u00e9rit\u00e9<\/h2>\n\n\n\n<p>En tant qu\u2019entreprise pr\u00e9sente sur le plan mondial, nous consid\u00e9rons de notre responsabilit\u00e9 de m\u00e9nager les ressources et de les pr\u00e9server durablement dans l\u2019int\u00e9r\u00eat des g\u00e9n\u00e9rations futures. Nous assumons volontiers cette responsabilit\u00e9 en allant bien au-del\u00e0 de la norme standard ISO 14001 valable au niveau international : conform\u00e9ment aux exigences de l\u2019EMAS (Eco Management and Audit Scheme) de l\u2019Union europ\u00e9enne, nous avons \u00e9tabli une d\u00e9claration environnementale qui documente dans le d\u00e9tail nos activit\u00e9s relatives \u00e0 l\u2019environnement comme la consommation d\u2019\u00e9nergie, les \u00e9missions, les d\u00e9chets, etc. et les pr\u00e9sente publiquement de mani\u00e8re transparente. Cette d\u00e9claration environnementale est v\u00e9rifi\u00e9e chaque ann\u00e9e par des experts environnementaux ind\u00e9pendants et mise en \u0153uvre activement au quotidien par tous les membres de la soci\u00e9t\u00e9 Bada AG dans l\u2019ensemble de la production. La d\u00e9couverte de nouvelles possibilit\u00e9s globales toujours plus efficaces pour pr\u00e9server l\u2019environnement, leur application et l\u2019am\u00e9lioration syst\u00e9matique de notre action en faveur de l\u2019environnement font partie int\u00e9grante de notre philosophie concr\u00e8te qui s\u2019inscrit toujours dans une perspective d\u2019avenir et de qualit\u00e9. Cette affirmation se trouve aussi prouv\u00e9e r\u00e9guli\u00e8rement par les bons r\u00e9sultats obtenus dans le cadre du Responsible Care.<\/p>\n\n\n\n<p>N\u00e9anmoins, la durabilit\u00e9 rev\u00eat une importance suppl\u00e9mentaire \u00e0 nos yeux. Au-del\u00e0 d&rsquo;une conception intransigeante de la qualit\u00e9 et de notre engagement environnemental de longue date, nous reconnaissons notre responsabilit\u00e9 \u00e0 l&rsquo;\u00e9gard de nos collaborateurs, de nos partenaires et de notre environnement. Nous encourageons et d\u00e9veloppons notre personnel, tout en imposant les imp\u00e9ratifs les plus rigoureux en termes de protection du travail et de la sant\u00e9 ainsi que de s\u00e9curit\u00e9. Nous apportons notre soutien \u00e0 nos fournisseurs dans le cadre de leur d\u00e9veloppement, en mettant simultan\u00e9ment \u00e0 profit leur exp\u00e9rience afin de nous am\u00e9liorer en permamence. De m\u00eame, nous nous engageons dans la r\u00e9gion en apportant notre soutien \u00e0 des projets et \u00e9v\u00e9nements sociaux, culturels et sportifs.<\/p>\n\n\n\n<p>Et pour finir, nous nous effor\u00e7ons de nous am\u00e9liorer un peu plus chaque jour. Cette \u00e9vidence et cet engagement quotidien ont un objectif et, en m\u00eame temps, un r\u00e9sultat. Nous aidons nos clients le mieux possible et nous sauvegardons ainsi le succ\u00e8s \u00e0 long terme pour tous &#8211; nos collaborateurs, nos fournisseurs, notre entreprise, notre site et surtout la prosp\u00e9rit\u00e9 \u00e0 long terme pour nos clients.<\/p>\n\n\n\n<p>Vous trouverez ici notre certificat environnemental actuel et notre certification EMAS.<\/p>\n\n\n\n\t\t\t\t\n\t\t<a \n\t\t\t\n\t\t\tclass=\"block-c5a71521-ae72-459d-bb73-ffa11b0c90f7 btn areoi-has-url position-relative float-end btn-primary btn-lg\"\n\t href=\"https:\/\/bada.de\/fr\/certificats\"  target=\"_blank\" rel=\"noopener noreferrer nofollow\">\n\t\t\t\t\t\n\t\t\t\t\tCertificats \n\t\t\t\t\t\n\t\t\t\t\t \n\t\t\t\t<\/a>\n\t\t\t\n \n\t\t\t\n\t\t<\/div>\n\t\n\n\n\t\t<div  class=\"block-fd7b5ade-62ea-4aaf-a61b-b4a45edaa033 col areoi-element\">\n\t\t\t\n\t\t\t\n\n<figure class=\"wp-block-image size-full img-thumbnail mb-3\"><img loading=\"lazy\" decoding=\"async\" width=\"640\" height=\"378\" src=\"https:\/\/bada.de\/app\/uploads\/004.jpg\" alt=\"\" class=\"img-fluid wp-image-54\" srcset=\"https:\/\/bada.de\/app\/uploads\/004.jpg 640w, https:\/\/bada.de\/app\/uploads\/004-300x177.jpg 300w\" sizes=\"auto, (max-width: 640px) 100vw, 640px\">\n<\/figure>\n\n\n\n<figure class=\"wp-block-image size-full img-thumbnail\"><img loading=\"lazy\" decoding=\"async\" width=\"640\" height=\"361\" src=\"https:\/\/bada.de\/app\/uploads\/005.jpg\" alt=\"\" class=\"img-fluid wp-image-59\" srcset=\"https:\/\/bada.de\/app\/uploads\/005.jpg 640w, https:\/\/bada.de\/app\/uploads\/005-300x169.jpg 300w\" sizes=\"auto, (max-width: 640px) 100vw, 640px\">\n<\/figure>\n\n \n\t\t\t\n\t\t<\/div>\n\t\n \n\t\t<\/div>\n\t\n \n\t\t<\/div>\n\t\n\n\n\t\t<div  class=\"block-f524da72-5fb2-4910-ae64-258c8e4aa77e areoi-element container m-0 p-0\">\n\t\t\t\n\t\t\t\n\n<hr class=\"wp-block-separator has-alpha-channel-opacity style1\"\/>\n\n \n\t\t<\/div>\n\t\n\n\n\t\t<div  class=\"block-373e7820-5ec1-4e95-8798-b68428b5183b areoi-element container\">\n\t\t\t\n\t\t\t\n\n\t\t<div  class=\"block-01ca55d6-daed-4ebb-a488-8655e6f1ffef row areoi-element row-cols-1 row-cols-md-2\">\n\t\t\t\n\n\t\t\t\n\n\t\t<div  class=\"block-fd7b5ade-62ea-4aaf-a61b-b4a45edaa033 col areoi-element\">\n\t\t\t\n\t\t\t\n\n<figure class=\"wp-block-image size-full img-thumbnail\"><img loading=\"lazy\" decoding=\"async\" width=\"640\" height=\"543\" src=\"https:\/\/bada.de\/app\/uploads\/b004.jpg\" alt=\"\" class=\"img-fluid wp-image-432\" srcset=\"https:\/\/bada.de\/app\/uploads\/b004.jpg 640w, https:\/\/bada.de\/app\/uploads\/b004-300x255.jpg 300w\" sizes=\"auto, (max-width: 640px) 100vw, 640px\">\n<\/figure>\n\n \n\t\t\t\n\t\t<\/div>\n\t\n\n\n\t\t<div  class=\"block-955c45f8-5df2-4f78-a0a7-55095bb5af70 col areoi-element\">\n\t\t\t\n\t\t\t\n\n<h2 class=\"wp-block-heading\">Possibilit\u00e9s de contr\u00f4le et d&rsquo;analyse de BADA<\/h2>\n\n\n\n<p>Notre laboratoire offre un large \u00e9ventail de possibilit\u00e9s de contr\u00f4le et d&rsquo;analyse pour garantir notre qualit\u00e9 &#8211; pour votre succ\u00e8s. Contactez-nous :<\/p>\n\n\n\n<ul class=\"wp-block-list\">\n<li>R\u00e9sistance \u00e0 la traction et \u00e0 la flexion &#8211; \u00e9galement pour des micro-\u00e9chantillons<\/li>\n\n\n\n<li>R\u00e9sistance aux chocs<\/li>\n\n\n\n<li>HDT\/Vicat<\/li>\n\n\n\n<li>Rh\u00e9om\u00e9trie<\/li>\n\n\n\n<li>TGA\/DSC<\/li>\n\n\n\n<li>FTIR (spectroscopie infrarouge)<\/li>\n\n\n\n<li>VDE (test au filament incandescent) <\/li>\n\n\n\n<li>R\u00e9sistance de contact et r\u00e9sistance OF<\/li>\n\n\n\n<li>Essai UL \u00e0 la flamme<\/li>\n\n\n\n<li>Densit\u00e9<\/li>\n\n\n\n<li>Humidit\u00e9<\/li>\n\n\n\n<li>R\u00e9sidus de calcination<\/li>\n\n\n\n<li>Compression r\u00e9manente<\/li>\n\n\n\n<li>COLOUR SHADES<\/li>\n\n\n\n<li>Duret\u00e9 Shore (A+D)<\/li>\n\n\n\n<li>R\u00e9sistance au fluage (CTI)<\/li>\n<\/ul>\n\n\n\n<p>Compl\u00e9t\u00e9 par :<\/p>\n\n\n\n<ul class=\"wp-block-list\">\n<li>Organismes de contr\u00f4le\/\u00e9coles sup\u00e9rieures techniques<\/li>\n\n\n\n<li>Laboratoires affili\u00e9s et autres fabricants de polym\u00e8res<\/li>\n<\/ul>\n\n \n\t\t\t\n\t\t<\/div>\n\t\n \n\t\t<\/div>\n\t\n \n\t\t<\/div>\n\t\n\n\n\t\t<div  class=\"block-f524da72-5fb2-4910-ae64-258c8e4aa77e areoi-element container m-0 p-0\">\n\t\t\t\n\t\t\t\n\n<hr class=\"wp-block-separator has-alpha-channel-opacity style1\"\/>\n\n \n\t\t<\/div>\n\t\n\n\n\t\t<div  class=\"block-8f7ff78b-e2b5-49ba-9b61-a2a8175e5d44 areoi-element container\">\n\t\t\t\n\t\t\t\n\n\t\t<div  class=\"block-715cd00e-37fc-47fd-803f-8e0650b5af18 row areoi-element\">\n\t\t\t\n\n\t\t\t\n\n\t\t<div  class=\"block-fb2e937f-98f0-425c-9e77-24e7c1bec170 col areoi-element border-right-light col-lg-6\">\n\t\t\t\n\t\t\t\n\n\t\t<div  class=\"block-0bcbdf4a-f223-47f5-9527-e38d4425ac5a areoi-element certificate-box\">\n\t\t\t\n\t\t\t\n\n\t\t<div  class=\"block-d17d2a8b-6a67-4ecd-94b5-ec51ca0814d8 row areoi-element\">\n\t\t\t\n\n\t\t\t\n\n\t\t<div  class=\"block-73e09e74-4ce9-4ada-8262-451b9267a978 col areoi-element col-12\">\n\t\t\t\n\t\t\t\n\n<h2 class=\"wp-block-heading\">Nous sommes certifi\u00e9s<\/h2>\n\n\n\n\t\t<div  class=\"block-49f19c81-bb48-494d-ab5a-bf8653287ccb row areoi-element\">\n\t\t\t\n\n\t\t\t\n\n\t\t<div  class=\"block-d38e6cdf-2aeb-4411-b616-9ad19f527a2a col areoi-element certificate-left col-sm-6\">\n\t\t\t\n\t\t\t\n\n<figure class=\"wp-block-image size-full is-style-default\"><img loading=\"lazy\" decoding=\"async\" width=\"189\" height=\"95\" src=\"https:\/\/bada.de\/app\/uploads\/certificates\/tuev.png\" alt=\"\" class=\"img-fluid wp-image-788\" style=\"object-fit:cover\">\n<\/figure>\n\n \n\t\t\t\n\t\t<\/div>\n\t\n\n\n\t\t<div  class=\"block-b7fcb93b-dc6b-4865-abe9-ec503079a405 col areoi-element certificate-middle col-sm-3\">\n\t\t\t\n\t\t\t\n\n<figure class=\"wp-block-image size-full\"><img loading=\"lazy\" decoding=\"async\" width=\"58\" height=\"96\" src=\"https:\/\/bada.de\/app\/uploads\/certificates\/emas.png\" alt=\"\" class=\"img-fluid wp-image-789\">\n<\/figure>\n\n \n\t\t\t\n\t\t<\/div>\n\t\n\n\n\t\t<div  class=\"block-938ac91a-13b5-4f51-aa96-acd329ac4ab4 col areoi-element certificate-right col-sm-3\">\n\t\t\t\n\t\t\t\n\n<figure class=\"wp-block-image size-full\"><img loading=\"lazy\" decoding=\"async\" width=\"105\" height=\"106\" src=\"https:\/\/bada.de\/app\/uploads\/certificates\/iso.png\" alt=\"\" class=\"img-fluid wp-image-787\">\n<\/figure>\n\n \n\t\t\t\n\t\t<\/div>\n\t\n \n\t\t<\/div>\n\t\n \n\t\t\t\n\t\t<\/div>\n\t\n \n\t\t<\/div>\n\t\n \n\t\t<\/div>\n\t\n \n\t\t\t\n\t\t<\/div>\n\t\n \n\t\t<\/div>\n\t\n \n\t\t<\/div>\n\t","protected":false},"excerpt":{"rendered":"","protected":false},"author":1,"featured_media":0,"parent":0,"menu_order":0,"comment_status":"closed","ping_status":"closed","template":"","meta":{"_acf_changed":false,"footnotes":""},"class_list":["post-449","page","type-page","status-publish","hentry"],"acf":[],"_links":{"self":[{"href":"https:\/\/bada.de\/fr\/wp-json\/wp\/v2\/pages\/449","targetHints":{"allow":["GET"]}}],"collection":[{"href":"https:\/\/bada.de\/fr\/wp-json\/wp\/v2\/pages"}],"about":[{"href":"https:\/\/bada.de\/fr\/wp-json\/wp\/v2\/types\/page"}],"author":[{"embeddable":true,"href":"https:\/\/bada.de\/fr\/wp-json\/wp\/v2\/users\/1"}],"replies":[{"embeddable":true,"href":"https:\/\/bada.de\/fr\/wp-json\/wp\/v2\/comments?post=449"}],"version-history":[{"count":0,"href":"https:\/\/bada.de\/fr\/wp-json\/wp\/v2\/pages\/449\/revisions"}],"wp:attachment":[{"href":"https:\/\/bada.de\/fr\/wp-json\/wp\/v2\/media?parent=449"}],"curies":[{"name":"wp","href":"https:\/\/api.w.org\/{rel}","templated":true}]}}