{"id":577,"date":"2023-07-15T10:41:25","date_gmt":"2023-07-15T08:41:25","guid":{"rendered":"https:\/\/bada.de\/travailler-chez-bada"},"modified":"2024-11-11T14:58:41","modified_gmt":"2024-11-11T13:58:41","slug":"travailler-chez-bada","status":"publish","type":"page","link":"https:\/\/bada.de\/fr\/travailler-chez-bada","title":{"rendered":"Travailler chez Bada"},"content":{"rendered":"\n<div class=\"wp-block-group container\"><div class=\"wp-block-group__inner-container is-layout-constrained wp-block-group-is-layout-constrained\">\n<div class=\"wp-block-group row is-nowrap is-layout-flex wp-container-core-group-is-layout-ad2f72ca wp-block-group-is-layout-flex\">\n<div class=\"wp-block-group col-md-6\"><div class=\"wp-block-group__inner-container is-layout-constrained wp-block-group-is-layout-constrained\">\n<h2 class=\"wp-block-heading\">NOUS SOMMES SANS CESSE \u00c0 LA RECHERCHE DE COLLABORATEURS MOTIV\u00c9S, NOURRIS D&rsquo;ID\u00c9ES ET DE PASSION<\/h2>\n\n\n\n<p>A titre d&rsquo;entreprise moyenne, Bada AG s&rsquo;est fait un nom, gr\u00e2ce \u00e0 des produits de haute qualit\u00e9 et \u00e0 des id\u00e9es innovantes dans la fabrication et la distribution de thermoplastiques et d&rsquo;\u00e9lastom\u00e8res techniques, destin\u00e9s \u00e0 l&rsquo;industrie du moulage de plastiques par injection.<\/p>\n\n\n\n<p>Le service, la souplesse et l&rsquo;\u00e9coute du client vivent gr\u00e2ce \u00e0 nos collaborateurs et \u00e0 leurs id\u00e9es. Chaque jour, la satisfaction du client constitue l&rsquo;objectif supr\u00eame. Nos collaborateurs r\u00e9alisent des solutions efficaces dans un contexte empreint de la libert\u00e9 de conception et de l&rsquo;esprit d&rsquo;\u00e9quipe qu&rsquo;elles n\u00e9cessitent. Nos collaborateurs r\u00e9alisent des solutions efficaces dans un contexte empreint de la libert\u00e9 de conception et de l&rsquo;esprit d&rsquo;\u00e9quipe qu&rsquo;elles n\u00e9cessitent.<br>Nous, chez Bada, disposons du savoir-faire requis, de l&rsquo;enthousiasme et de la pers\u00e9v\u00e9radnce que r\u00e9clame la solution appropri\u00e9e.<\/p>\n\n\n\n<p>Des circuits de d\u00e9cision courts et des possibilit\u00e9s de d\u00e9veloppement, d\u00e9nu\u00e9es de contraintes, constituent une \u00e9vidence \u00e0 nos yeux. En qualit\u00e9 d&rsquo;entreprise dynamique et souple, \u00e0 la croissance stable, qui con\u00e7oit l&rsquo;avenir comme la chance ultime de r\u00e9aliser des innovations et la croissance, nous sommes sans cesse \u00e0 la recherche de collaborateurs motiv\u00e9s.<\/p>\n\n\n\n<p>Si vous souhaitez nous apporter votre appui dans le cadre de nos multiples t\u00e2ches, nous serons heureux de recevoir votre candidature &#8211; <a href=\"javascript:;\">info@bada.com.es<\/a>.<\/p>\n<\/div><\/div>\n\n\n\n<div class=\"wp-block-group col-md-6\"><div class=\"wp-block-group__inner-container is-layout-constrained wp-block-group-is-layout-constrained\">\n<figure class=\"wp-block-image size-full\"><img loading=\"lazy\" decoding=\"async\" width=\"640\" height=\"391\" src=\"https:\/\/bada.de\/app\/uploads\/008.jpeg\" alt=\"\" class=\"img-fluid wp-image-80\" srcset=\"https:\/\/bada.de\/app\/uploads\/008.jpeg 640w, https:\/\/bada.de\/app\/uploads\/008-300x183.jpeg 300w\" sizes=\"auto, (max-width: 640px) 100vw, 640px\">\n<\/figure>\n<\/div><\/div>\n<\/div>\n<\/div><\/div>\n","protected":false},"excerpt":{"rendered":"<p>NOUS SOMMES SANS CESSE \u00c0 LA RECHERCHE DE COLLABORATEURS MOTIV\u00c9S, NOURRIS D&rsquo;ID\u00c9ES ET DE PASSION A titre d&rsquo;entreprise moyenne, Bada AG s&rsquo;est fait un nom, gr\u00e2ce \u00e0 des produits de haute qualit\u00e9 et \u00e0 des id\u00e9es innovantes dans la fabrication et la distribution de thermoplastiques et d&rsquo;\u00e9lastom\u00e8res techniques, destin\u00e9s \u00e0 l&rsquo;industrie du moulage de plastiques par injection. Le service, la [&hellip;]<\/p>\n","protected":false},"author":2,"featured_media":0,"parent":0,"menu_order":0,"comment_status":"closed","ping_status":"closed","template":"","meta":{"_acf_changed":false,"footnotes":""},"class_list":["post-577","page","type-page","status-publish","hentry"],"acf":[],"_links":{"self":[{"href":"https:\/\/bada.de\/fr\/wp-json\/wp\/v2\/pages\/577","targetHints":{"allow":["GET"]}}],"collection":[{"href":"https:\/\/bada.de\/fr\/wp-json\/wp\/v2\/pages"}],"about":[{"href":"https:\/\/bada.de\/fr\/wp-json\/wp\/v2\/types\/page"}],"author":[{"embeddable":true,"href":"https:\/\/bada.de\/fr\/wp-json\/wp\/v2\/users\/2"}],"replies":[{"embeddable":true,"href":"https:\/\/bada.de\/fr\/wp-json\/wp\/v2\/comments?post=577"}],"version-history":[{"count":1,"href":"https:\/\/bada.de\/fr\/wp-json\/wp\/v2\/pages\/577\/revisions"}],"predecessor-version":[{"id":7788,"href":"https:\/\/bada.de\/fr\/wp-json\/wp\/v2\/pages\/577\/revisions\/7788"}],"wp:attachment":[{"href":"https:\/\/bada.de\/fr\/wp-json\/wp\/v2\/media?parent=577"}],"curies":[{"name":"wp","href":"https:\/\/api.w.org\/{rel}","templated":true}]}}