{"id":583,"date":"2023-09-18T18:20:09","date_gmt":"2023-09-18T16:20:09","guid":{"rendered":"https:\/\/bada.de\/votre-produit-a-des-exigences-elevees-nous-avons-la-solution"},"modified":"2024-06-20T10:52:11","modified_gmt":"2024-06-20T08:52:11","slug":"imperatifs","status":"publish","type":"page","link":"https:\/\/bada.de\/fr\/imperatifs","title":{"rendered":"Imp\u00e9ratifs"},"content":{"rendered":"\n<h2 class=\"wp-block-heading\">VOTRE PRODUIT EST-IL TR\u00c8S EXIGEANT? NOUS AVONS LA SOLUTION!<\/h2>\n\n<p>Qu&rsquo;il s&rsquo;agisse de compounds de faible densit\u00e9, de t\u00e9nacit\u00e9 et de r\u00e9sistance \u00e9lev\u00e9es \u00e0 tr\u00e8s \u00e9lev\u00e9es, color\u00e9s, conducteurs d&rsquo;\u00e9lectricit\u00e9 ou de chaleur, ou encore optimis\u00e9s pour le frottement et\/ou l&rsquo;usure, Bada AG met \u00e9galement en \u0153uvre, au niveau de la recette et de la fabrication, des compounds r\u00e9pondant \u00e0 des exigences r\u00e9glementaires telles que l&rsquo;ignifugation selon UL, la conformit\u00e9 \u00e0 l&rsquo;eau potable et aux produits alimentaires selon KTW et FDA.<\/p>\n\n<p><a href=\"https:\/\/www.bada.de\/metallsubstitution\" target=\"_blank\" rel=\"noopener noreferrer nofollow\"><\/a><\/p>\n\n<p><a href=\"https:\/\/www.bada.de\/metallsubstitution\" target=\"_blank\" rel=\"noopener noreferrer nofollow\">SUBSTITUTION DES M\u00c9TAUX<\/a><\/p>\n\n<p><a href=\"https:\/\/www.bada.de\/tribologie\" target=\"_blank\" rel=\"noopener noreferrer nofollow\"><\/a><\/p>\n\n<p><a href=\"https:\/\/www.bada.de\/tribologie\" target=\"_blank\" rel=\"noopener noreferrer nofollow\">TRIBOLOGIE<\/a><\/p>\n\n<p><a href=\"https:\/\/www.bada.de\/leichtbau\" target=\"_blank\" rel=\"noopener noreferrer nofollow\"><\/a><\/p>\n","protected":false},"excerpt":{"rendered":"<p>VOTRE PRODUIT EST-IL TR\u00c8S EXIGEANT? NOUS AVONS LA SOLUTION! Qu&rsquo;il s&rsquo;agisse de compounds de faible densit\u00e9, de t\u00e9nacit\u00e9 et de r\u00e9sistance \u00e9lev\u00e9es \u00e0 tr\u00e8s \u00e9lev\u00e9es, color\u00e9s, conducteurs d&rsquo;\u00e9lectricit\u00e9 ou de chaleur, ou encore optimis\u00e9s pour le frottement et\/ou l&rsquo;usure, Bada AG met \u00e9galement en \u0153uvre, au niveau de la recette et de la fabrication, des compounds r\u00e9pondant \u00e0 des exigences [&hellip;]<\/p>\n","protected":false},"author":2,"featured_media":0,"parent":0,"menu_order":0,"comment_status":"closed","ping_status":"closed","template":"requirements.php","meta":{"_acf_changed":false,"footnotes":""},"class_list":["post-583","page","type-page","status-publish","hentry"],"acf":[],"_links":{"self":[{"href":"https:\/\/bada.de\/fr\/wp-json\/wp\/v2\/pages\/583","targetHints":{"allow":["GET"]}}],"collection":[{"href":"https:\/\/bada.de\/fr\/wp-json\/wp\/v2\/pages"}],"about":[{"href":"https:\/\/bada.de\/fr\/wp-json\/wp\/v2\/types\/page"}],"author":[{"embeddable":true,"href":"https:\/\/bada.de\/fr\/wp-json\/wp\/v2\/users\/2"}],"replies":[{"embeddable":true,"href":"https:\/\/bada.de\/fr\/wp-json\/wp\/v2\/comments?post=583"}],"version-history":[{"count":0,"href":"https:\/\/bada.de\/fr\/wp-json\/wp\/v2\/pages\/583\/revisions"}],"wp:attachment":[{"href":"https:\/\/bada.de\/fr\/wp-json\/wp\/v2\/media?parent=583"}],"curies":[{"name":"wp","href":"https:\/\/api.w.org\/{rel}","templated":true}]}}