{"id":587,"date":"2023-07-09T21:44:01","date_gmt":"2023-07-09T19:44:01","guid":{"rendered":"https:\/\/bada.de\/mentions-legales"},"modified":"2025-08-28T12:25:31","modified_gmt":"2025-08-28T10:25:31","slug":"mentions-legales","status":"publish","type":"page","link":"https:\/\/bada.de\/fr\/mentions-legales","title":{"rendered":"Mentions l\u00e9gales"},"content":{"rendered":"\n<p><strong>Responsable du contenu<\/strong><\/p>\n\n\n\n<div class=\"wp-block-group container\"><div class=\"wp-block-group__inner-container is-layout-constrained wp-block-group-is-layout-constrained\">\n<div class=\"wp-block-group row is-nowrap is-layout-flex wp-container-core-group-is-layout-ad2f72ca wp-block-group-is-layout-flex\">\n<div class=\"wp-block-group col-md-6\"><div class=\"wp-block-group__inner-container is-layout-constrained wp-block-group-is-layout-constrained\">\n<div class=\"wp-block-group address\"><div class=\"wp-block-group__inner-container is-layout-constrained wp-block-group-is-layout-constrained\">\n<p>\n\n\n\n        <strong>Bada AG<\/strong><br>\n Untere Strut 1<br>\n 77815 B\u00fchl (Baden)<br><br><br>\n        <i class=\"fa-solid fa-phone\"><\/i>  +49 (0)7223-94077-0<br>\n        <i class=\"fa-solid fa-fax\"><\/i>  +49 (0)7223-94077-77<br>\n        <i class=\"fa-solid fa-envelope\"><\/i> info@bada.de<br>\n        <i class=\"fa-solid fa-truck-fast\"><\/i> bestellung@bada.de\n\n\n<\/p>\n<\/div><\/div>\n<\/div><\/div>\n\n\n\n<div class=\"wp-block-group col-md-6\"><div class=\"wp-block-group__inner-container is-layout-constrained wp-block-group-is-layout-constrained\">\n<div class=\"wp-block-group address\"><div class=\"wp-block-group__inner-container is-layout-constrained wp-block-group-is-layout-constrained\">\n<p>\n\n\n\n        <strong>Bada Hispanaplast S.A.<\/strong><br>\n Poligono Industrial SEPES<br>\n Ronda de la Industria,<sup>no153<\/sup><br>\n 22006 Huesca<br><br>\n        <i class=\"fa-solid fa-phone\"><\/i>  +34 974-239774<br>\n        <i class=\"fa-solid fa-fax\"><\/i>  +34 974-243969<br>\n        <i class=\"fa-solid fa-envelope\"><\/i> info@bada.com.es\n\n\n<\/p>\n<\/div><\/div>\n<\/div><\/div>\n<\/div>\n<\/div><\/div>\n\n\n\n<p><strong>Registre du commerce :<\/strong> Tribunal d&rsquo;instance de Mannheim HRB 211325<br><strong>Pr\u00e9sident du conseil de surveillance :<\/strong> Friedrich Sporys, dipl\u00f4m\u00e9 de l\u2019\u00c9cole sup\u00e9rieure en gestion d\u2019entreprise<br><strong>Directeur g\u00e9n\u00e9ral:<\/strong> Andreas Schettler, dipl\u00f4m\u00e9 de l\u2019\u00c9cole sup\u00e9rieure en gestion d\u2019entreprise<br><strong>TVA intracommunautaire:<\/strong> DE812280937<\/p>\n\n\n\n<p>Conception, design et r\u00e9alisation :<\/p>\n\n\n\n<p>HEADFIRST MSP GmbH<\/p>\n\n\n\n<p>Chorstra\u00dfe 16a<br>77815 B\u00fchl<br>T\u00e9l. +49 (0) 7223-300-97-30 +49 7223 3009730<br><a href=\"https:\/\/headfirst.de\" target=\"_blank\" rel=\"noopener noreferrer nofollow\">headfirst.de<\/a><\/p>\n\n\n\n<p><\/p>\n\n\n\n<p>Musique d&rsquo;attente de <strong>Ronald Kah<\/strong>, Web <a href=\"https:\/\/eu-central-1.protection.sophos.com\/?d=ronaldkah.de&amp;u=aHR0cHM6Ly9yb25hbGRrYWguZGUv&amp;i=NjEzOGIzZGE3M2Y4YjcwZWMwYmJmMTAw&amp;t=SVF5ZE4xTTZvQW83N0lGVCsvOFJkM0pQeDhGOHU1eE1BanduRDdINXpIZz0=&amp;h=7aeabdfff5b94d3dad1cea597cf604da\" target=\"_blank\" rel=\"noopener noreferrer nofollow\">: https:\/\/ronaldkah.de\/<\/a><\/p>\n\n\n\n<p>Les contributions de personnes express\u00e9ment nomm\u00e9es ne refl\u00e8tent pas n\u00e9cessairement les positions de la soci\u00e9t\u00e9 Bada AG.<br> <\/p>\n\n\n\n<p>Copyrights, droits d\u2019auteur :<\/p>\n\n\n\n<p>Tous les textes, illustrations et graphiques sont prot\u00e9g\u00e9s par des droits d\u2019auteur d\u00e9tenus par : \u00a9 2008 Bada AG<br><br>L\u2019exploitant n\u2019a malheureusement aucune influence sur le transport de donn\u00e9es sur Internet ou sur le WWW. Ind\u00e9pendamment des mesures de s\u00e9curit\u00e9 fondamentales, l\u2019exploitant ne peut garantir que les messages envoy\u00e9s soient re\u00e7us de mani\u00e8re correcte ou s\u00fbre par le destinataire ou affich\u00e9s correctement si une erreur survient lors de la transmission des messages hors du serveur utilis\u00e9 par l\u2019exploitant.<br><br><strong>Mention de responsabilit\u00e9 :<\/strong><br>En d\u00e9pit d\u2019un contr\u00f4le attentif, nous d\u00e9clinons toute responsabilit\u00e9 quant au contenu des liens externes. Les exploitants des sites auxquels renvoient nos pages sont seuls responsables de leur contenu.<br><\/p>\n","protected":false},"excerpt":{"rendered":"<p>Responsable du contenu Bada AG Untere Strut 1 77815 B\u00fchl (Baden) +49 (0)7223-94077-0 +49 (0)7223-94077-77 info@bada.de bestellung@bada.de Bada Hispanaplast S.A. Poligono Industrial SEPES Ronda de la Industria,no153 22006 Huesca +34 974-239774 +34 974-243969 info@bada.com.es Registre du commerce : Tribunal d&rsquo;instance de Mannheim HRB 211325Pr\u00e9sident du conseil de surveillance : Friedrich Sporys, dipl\u00f4m\u00e9 de l\u2019\u00c9cole sup\u00e9rieure en gestion d\u2019entrepriseDirecteur g\u00e9n\u00e9ral: Andreas [&hellip;]<\/p>\n","protected":false},"author":1,"featured_media":0,"parent":0,"menu_order":0,"comment_status":"closed","ping_status":"closed","template":"","meta":{"_acf_changed":false,"footnotes":""},"class_list":["post-587","page","type-page","status-publish","hentry"],"acf":[],"_links":{"self":[{"href":"https:\/\/bada.de\/fr\/wp-json\/wp\/v2\/pages\/587","targetHints":{"allow":["GET"]}}],"collection":[{"href":"https:\/\/bada.de\/fr\/wp-json\/wp\/v2\/pages"}],"about":[{"href":"https:\/\/bada.de\/fr\/wp-json\/wp\/v2\/types\/page"}],"author":[{"embeddable":true,"href":"https:\/\/bada.de\/fr\/wp-json\/wp\/v2\/users\/1"}],"replies":[{"embeddable":true,"href":"https:\/\/bada.de\/fr\/wp-json\/wp\/v2\/comments?post=587"}],"version-history":[{"count":3,"href":"https:\/\/bada.de\/fr\/wp-json\/wp\/v2\/pages\/587\/revisions"}],"predecessor-version":[{"id":10731,"href":"https:\/\/bada.de\/fr\/wp-json\/wp\/v2\/pages\/587\/revisions\/10731"}],"wp:attachment":[{"href":"https:\/\/bada.de\/fr\/wp-json\/wp\/v2\/media?parent=587"}],"curies":[{"name":"wp","href":"https:\/\/api.w.org\/{rel}","templated":true}]}}