{"id":8714,"date":"2025-01-28T10:20:32","date_gmt":"2025-01-28T09:20:32","guid":{"rendered":"https:\/\/bada.de\/exigences-environnementales-liees-aux-produits"},"modified":"2025-07-07T09:59:43","modified_gmt":"2025-07-07T07:59:43","slug":"exigences-environnementales-liees-aux-produits","status":"publish","type":"page","link":"https:\/\/bada.de\/fr\/exigences-environnementales-liees-aux-produits","title":{"rendered":"Exigences environnementales li\u00e9es aux produits"},"content":{"rendered":"\n\t\t<div  class=\"block-14fb7402-8e1c-4310-a384-adb8225415ed areoi-element container\">\n\t\t\t\n\t\t\t\n\n\t\t<div  class=\"block-6c864bc6-1037-4e5f-8ab6-85b3ba0e1e39 row areoi-element\">\n\t\t\t\n\n\t\t\t\n\n\t\t<div  class=\"block-cec44c05-8dc4-4bba-8144-b890f0fbed0d col areoi-element\">\n\t\t\t\n\t\t\t\n\n<p><strong>La protection durable de l&rsquo;environnement chez BADA AG<\/strong><\/p>\n\n\n\n<p>La protection de l&rsquo;environnement li\u00e9e aux produits est un \u00e9l\u00e9ment central de notre gestion durable de l&rsquo;environnement. Il s&rsquo;agit notamment d&rsquo;\u00e9viter syst\u00e9matiquement la pr\u00e9sence de substances dangereuses dans nos produits &#8211; sans faire de compromis sur la qualit\u00e9 et la fonctionnalit\u00e9.<br\/>Le respect des interdictions et des restrictions concernant les substances dans le monde entier, telles que le r\u00e8glement REACH, la directive RoHS, la California Proposition 65, le TSCA et d&rsquo;autres r\u00e9glementations, est pour nous une priorit\u00e9 absolue. <\/p>\n\n\n\n<p>Vous trouverez ci-dessous notre position g\u00e9n\u00e9rale sur ce sujet. N&rsquo;h\u00e9sitez pas \u00e0 nous contacter pour toute information compl\u00e9mentaire ou demande sp\u00e9cifique. <\/p>\n\n\n\n<p>Contact :<br\/>Regulatory Affairs<br\/>Material Confirmation Documents<br\/>E-mail : <a href=\"mailto:mcd@bada.de\">mcd@bada.de<\/a><\/p>\n\n \n\t\t\t\n\t\t<\/div>\n\t\n \n\t\t<\/div>\n\t\n\n\n\t\t<div  class=\"block-f524da72-5fb2-4910-ae64-258c8e4aa77e areoi-element container m-0 p-0\">\n\t\t\t\n\t\t\t\n\n<hr class=\"wp-block-separator has-alpha-channel-opacity style1\"\/>\n\n \n\t\t<\/div>\n\t\n \n\t\t<\/div>\n\t\n\t\t<div  class=\"block-1f0eafee-33b9-4430-bc5e-b7fffb658b6c areoi-element container\">\n\t\t\t\n\t\t\t\n\n\t\t<div  class=\"block-d39e7ad6-03c4-433f-9af0-f1f95734c5b9 row areoi-element row-cols-1 row-cols-md-2\">\n\t\t\t\n\n\t\t\t\n\n\t\t<div  class=\"block-955c45f8-5df2-4f78-a0a7-55095bb5af70 col areoi-element\">\n\t\t\t\n\t\t\t\n\n<p><strong>Avis g\u00e9n\u00e9ral sur les exigences l\u00e9gales dans le domaine de la protection de l&rsquo;environnement li\u00e9e aux produits<\/strong><\/p>\n\n\n\n<p><\/p>\n\n\n\n<p><\/p>\n\n\n\n<p><\/p>\n\n\n\n\t\t\t\t\n\t\t<a \n\t\t\t\n\t\t\tclass=\"block-afc33862-9a25-40b4-a3d8-a5f244a0c882 btn areoi-has-url position-relative float-end btn-primary btn-lg\"\n\t href=\"https:\/\/bada.de\/app\/uploads\/Produktbezogene-Umweltanforderungen_DE-1.pdf\" rel=\"noreferrer noopener\" target=\"_blank\" >\n\t\t\t\t\t\n\t\t\t\t\tPDF \n\t\t\t\t\t\n\t\t\t\t\t \n\t\t\t\t<\/a>\n\t\t\t\n\n\n<p><\/p>\n\n\n\n<p><\/p>\n\n\n\n<p><\/p>\n\n\n\n<p><\/p>\n\n\n\n<p><\/p>\n\n\n\n<p><\/p>\n\n\n\n<p><\/p>\n\n\n\n<p><\/p>\n\n \n\t\t\t\n\t\t<\/div>\n\t\n\n\n\t\t<div  class=\"block-fd7b5ade-62ea-4aaf-a61b-b4a45edaa033 col areoi-element\">\n\t\t\t\n\t\t\t\n\n<div class=\"wp-block-group is-nowrap is-layout-flex wp-container-core-group-is-layout-ad2f72ca wp-block-group-is-layout-flex\"><div class=\"wp-block-image\">\n<figure class=\"aligncenter size-full is-resized\"><img loading=\"lazy\" decoding=\"async\" width=\"647\" height=\"909\" src=\"https:\/\/bada.de\/app\/uploads\/Produktbezogene-Umweltanforderungen-1.png\" alt=\"\" class=\"img-fluid wp-image-8784\" style=\"width:298px;height:auto\" srcset=\"https:\/\/bada.de\/app\/uploads\/Produktbezogene-Umweltanforderungen-1.png 647w, https:\/\/bada.de\/app\/uploads\/Produktbezogene-Umweltanforderungen-1-214x300.png 214w\" sizes=\"auto, (max-width: 647px) 100vw, 647px\">\n<\/figure>\n<\/div><\/div>\n\n \n\t\t\t\n\t\t<\/div>\n\t\n\n\n\t\t<div  class=\"block-7b273313-ab27-4d23-98f2-ed8d30afdbb3 col areoi-element\">\n\t\t\t\n\t\t\t\n\n<p><strong>Avis conform\u00e9ment au r\u00e8glement REACH (CE) 1907\/2006 concernant la <\/strong><br\/><strong>Liste des substances SVHC candidates<\/strong><\/p>\n\n\n\n\t\t\t\t\n\t\t<a \n\t\t\t\n\t\t\tclass=\"block-c5a71521-ae72-459d-bb73-ffa11b0c90f7 btn areoi-has-url position-relative float-end btn-primary btn-lg\"\n\t href=\"https:\/\/bada.de\/app\/uploads\/Produktbezogene-Umweltanforderungen_REACH_DE-1.pdf\" rel=\"noreferrer noopener\" target=\"_blank\" >\n\t\t\t\t\t\n\t\t\t\t\tPDF \n\t\t\t\t\t\n\t\t\t\t\t \n\t\t\t\t<\/a>\n\t\t\t\n\n\n<p><\/p>\n\n\n\n<p><\/p>\n\n\n\n<p><\/p>\n\n\n\n<p><\/p>\n\n\n\n<p><\/p>\n\n\n\n<p><\/p>\n\n \n\t\t\t\n\t\t<\/div>\n\t\n\n\n\t\t<div  class=\"block-10d348f2-216a-4ff1-b96f-ef573b0fb5bb col areoi-element\">\n\t\t\t\n\t\t\t\n\n<div class=\"wp-block-group is-nowrap is-layout-flex wp-container-core-group-is-layout-ad2f72ca wp-block-group-is-layout-flex\">\n<figure class=\"wp-block-image size-full is-resized\"><img loading=\"lazy\" decoding=\"async\" width=\"621\" height=\"873\" src=\"https:\/\/bada.de\/app\/uploads\/Umweltanforderungen_REACH-2.png\" alt=\"\" class=\"img-fluid wp-image-10527\" style=\"width:312px;height:auto\" srcset=\"https:\/\/bada.de\/app\/uploads\/Umweltanforderungen_REACH-2.png 621w, https:\/\/bada.de\/app\/uploads\/Umweltanforderungen_REACH-2-213x300.png 213w\" sizes=\"auto, (max-width: 621px) 100vw, 621px\">\n<\/figure>\n<\/div>\n\n \n\t\t\t\n\t\t<\/div>\n\t\n \n\t\t<\/div>\n\t\n \n\t\t<\/div>\n\t\n\t\t<div  class=\"block-f524da72-5fb2-4910-ae64-258c8e4aa77e areoi-element container m-0 p-0\">\n\t\t\t\n\t\t\t\n\n<hr class=\"wp-block-separator has-alpha-channel-opacity style1\"\/>\n\n \n\t\t<\/div>\n\t\n\t\t<div  class=\"block-8f7ff78b-e2b5-49ba-9b61-a2a8175e5d44 areoi-element container\">\n\t\t\t\n\t\t\t\n\n\t\t<div  class=\"block-715cd00e-37fc-47fd-803f-8e0650b5af18 row areoi-element\">\n\t\t\t\n\n\t\t\t\n\n\t\t<div  class=\"block-fb2e937f-98f0-425c-9e77-24e7c1bec170 col areoi-element border-right-light col-lg-6\">\n\t\t\t\n\t\t\t\n\n\t\t<div  class=\"block-0bcbdf4a-f223-47f5-9527-e38d4425ac5a areoi-element certificate-box\">\n\t\t\t\n\t\t\t\n\n\t\t<div  class=\"block-d17d2a8b-6a67-4ecd-94b5-ec51ca0814d8 row areoi-element\">\n\t\t\t\n\n\t\t\t\n\n\t\t<div  class=\"block-73e09e74-4ce9-4ada-8262-451b9267a978 col areoi-element col-12\">\n\t\t\t\n\t\t\t\n\n<h2 class=\"wp-block-heading\">Nous sommes certifi\u00e9s<\/h2>\n\n\n\n\t\t<div  class=\"block-49f19c81-bb48-494d-ab5a-bf8653287ccb row areoi-element\">\n\t\t\t\n\n\t\t\t\n\n\t\t<div  class=\"block-d38e6cdf-2aeb-4411-b616-9ad19f527a2a col areoi-element certificate-left col-sm-6\">\n\t\t\t\n\t\t\t\n\n<figure class=\"wp-block-image size-full is-style-default\"><img loading=\"lazy\" decoding=\"async\" width=\"189\" height=\"95\" src=\"https:\/\/bada.de\/app\/uploads\/certificates\/tuev.png\" alt=\"\" class=\"img-fluid wp-image-788\" style=\"object-fit:cover\">\n<\/figure>\n\n \n\t\t\t\n\t\t<\/div>\n\t\n\n\n\t\t<div  class=\"block-b7fcb93b-dc6b-4865-abe9-ec503079a405 col areoi-element certificate-middle col-sm-3\">\n\t\t\t\n\t\t\t\n\n<figure class=\"wp-block-image size-full\"><img loading=\"lazy\" decoding=\"async\" width=\"58\" height=\"96\" src=\"https:\/\/bada.de\/app\/uploads\/certificates\/emas.png\" alt=\"\" class=\"img-fluid wp-image-789\">\n<\/figure>\n\n \n\t\t\t\n\t\t<\/div>\n\t\n\n\n\t\t<div  class=\"block-938ac91a-13b5-4f51-aa96-acd329ac4ab4 col areoi-element certificate-right col-sm-3\">\n\t\t\t\n\t\t\t\n\n<figure class=\"wp-block-image size-full\"><img loading=\"lazy\" decoding=\"async\" width=\"105\" height=\"106\" src=\"https:\/\/bada.de\/app\/uploads\/certificates\/iso.png\" alt=\"\" class=\"img-fluid wp-image-787\">\n<\/figure>\n\n \n\t\t\t\n\t\t<\/div>\n\t\n \n\t\t<\/div>\n\t\n \n\t\t\t\n\t\t<\/div>\n\t\n \n\t\t<\/div>\n\t\n \n\t\t<\/div>\n\t\n \n\t\t\t\n\t\t<\/div>\n\t\n \n\t\t<\/div>\n\t\n \n\t\t<\/div>\n\t","protected":false},"excerpt":{"rendered":"","protected":false},"author":5,"featured_media":0,"parent":0,"menu_order":0,"comment_status":"closed","ping_status":"closed","template":"","meta":{"_acf_changed":false,"footnotes":""},"class_list":["post-8714","page","type-page","status-publish","hentry"],"acf":[],"_links":{"self":[{"href":"https:\/\/bada.de\/fr\/wp-json\/wp\/v2\/pages\/8714","targetHints":{"allow":["GET"]}}],"collection":[{"href":"https:\/\/bada.de\/fr\/wp-json\/wp\/v2\/pages"}],"about":[{"href":"https:\/\/bada.de\/fr\/wp-json\/wp\/v2\/types\/page"}],"author":[{"embeddable":true,"href":"https:\/\/bada.de\/fr\/wp-json\/wp\/v2\/users\/5"}],"replies":[{"embeddable":true,"href":"https:\/\/bada.de\/fr\/wp-json\/wp\/v2\/comments?post=8714"}],"version-history":[{"count":4,"href":"https:\/\/bada.de\/fr\/wp-json\/wp\/v2\/pages\/8714\/revisions"}],"predecessor-version":[{"id":10537,"href":"https:\/\/bada.de\/fr\/wp-json\/wp\/v2\/pages\/8714\/revisions\/10537"}],"wp:attachment":[{"href":"https:\/\/bada.de\/fr\/wp-json\/wp\/v2\/media?parent=8714"}],"curies":[{"name":"wp","href":"https:\/\/api.w.org\/{rel}","templated":true}]}}